{"id":116,"date":"2013-12-30T17:12:32","date_gmt":"2013-12-30T17:12:32","guid":{"rendered":"\/?page_id=116"},"modified":"2022-01-31T08:46:04","modified_gmt":"2022-01-31T14:46:04","slug":"cataracts-presbyopic-lens-implants","status":"publish","type":"page","link":"https:\/\/premiermedicalgrp.com\/es\/services\/eye\/ophthalmology\/cataract-2\/cataracts-presbyopic-lens-implants\/","title":{"rendered":"Implantes de lentes correctores de presbicia"},"content":{"rendered":"<p>&nbsp;<\/p>\n<div class=\"rgg-container\" data-rgg-id=\"1\">    <div class=\"rgg-imagegrid captions-title captions-effect-none\" data-rgg-id=\"1\">\n                    <a href=\"https:\/\/premiermedicalgrp.com\/wp-content\/uploads\/2013\/12\/PRM-2020-Stuart-F-Ball.jpg\" data-rel=\"rgg\" rel=\"rgg\" title=\"Dr. Stuart F. Ball\" class=\"rgg-disabled size-medium rgg-img\" data-src=\"https:\/\/premiermedicalgrp.com\/wp-content\/uploads\/2013\/12\/PRM-2020-Stuart-F-Ball-214x300.jpg\" data-ratio=\"0.713333333333\" data-height=\"300\" data-width=\"214\" aria-label=\"Retrato del doctor Stuart F. Ball\">\n                            <\/a>\n                    <a href=\"https:\/\/premiermedicalgrp.com\/wp-content\/uploads\/2013\/12\/PRM-2020-Jay-A-Brown.jpg\" data-rel=\"rgg\" rel=\"rgg\" title=\"Dr. Jay A. Brown\" class=\"rgg-disabled size-medium rgg-img\" data-src=\"https:\/\/premiermedicalgrp.com\/wp-content\/uploads\/2013\/12\/PRM-2020-Jay-A-Brown-214x300.jpg\" data-ratio=\"0.713333333333\" data-height=\"300\" data-width=\"214\" aria-label=\"Retrato del doctor Jay A. Brown\">\n                            <\/a>\n                    <a href=\"https:\/\/premiermedicalgrp.com\/wp-content\/uploads\/2013\/12\/PRM-2020-Richard-J-Duffey.jpg\" data-rel=\"rgg\" rel=\"rgg\" title=\"Dr. Richard J. Duffey\" class=\"rgg-disabled size-medium rgg-img\" data-src=\"https:\/\/premiermedicalgrp.com\/wp-content\/uploads\/2013\/12\/PRM-2020-Richard-J-Duffey-214x300.jpg\" data-ratio=\"0.713333333333\" data-height=\"300\" data-width=\"214\" aria-label=\"Retrato del doctor Richard J. Duffey\">\n                            <\/a>\n                    <a href=\"https:\/\/premiermedicalgrp.com\/wp-content\/uploads\/2013\/12\/PRM-2020-Curtis-M-Graf-Jr.jpg\" data-rel=\"rgg\" rel=\"rgg\" title=\"Dr. Curtis M. Graf, Jr.\" class=\"rgg-disabled size-medium rgg-img\" data-src=\"https:\/\/premiermedicalgrp.com\/wp-content\/uploads\/2013\/12\/PRM-2020-Curtis-M-Graf-Jr-214x300.jpg\" data-ratio=\"0.713333333333\" data-height=\"300\" data-width=\"214\" aria-label=\"Curtis M. Graf, Jr, MD, retrato\">\n                            <\/a>\n                    <a href=\"https:\/\/premiermedicalgrp.com\/wp-content\/uploads\/2013\/12\/PRM-2020-Charles-F-Jones.jpg\" data-rel=\"rgg\" rel=\"rgg\" title=\"Dr. Charles F. Jones\" class=\"rgg-disabled size-medium rgg-img\" data-src=\"https:\/\/premiermedicalgrp.com\/wp-content\/uploads\/2013\/12\/PRM-2020-Charles-F-Jones-214x300.jpg\" data-ratio=\"0.713333333333\" data-height=\"300\" data-width=\"214\" aria-label=\"Retrato del doctor Charles F. Jones\">\n                            <\/a>\n                    <a href=\"https:\/\/premiermedicalgrp.com\/wp-content\/uploads\/2013\/12\/PRM-2020-Charles-S-Mosteller.jpg\" data-rel=\"rgg\" rel=\"rgg\" title=\"Dr. Charles S. Mosteller\" class=\"rgg-disabled size-medium rgg-img\" data-src=\"https:\/\/premiermedicalgrp.com\/wp-content\/uploads\/2013\/12\/PRM-2020-Charles-S-Mosteller-214x300.jpg\" data-ratio=\"0.713333333333\" data-height=\"300\" data-width=\"214\" aria-label=\"Retrato del Dr. Charles S. Mosteller\">\n                            <\/a>\n                    <a href=\"https:\/\/premiermedicalgrp.com\/wp-content\/uploads\/2019\/09\/PRM-2020-C-Drew-Salisbury-1.jpg\" data-rel=\"rgg\" rel=\"rgg\" title=\"Dr. C. Drew Salisbury\" class=\"rgg-disabled size-medium rgg-img\" data-src=\"https:\/\/premiermedicalgrp.com\/wp-content\/uploads\/2019\/09\/PRM-2020-C-Drew-Salisbury-1-214x300.jpg\" data-ratio=\"0.713333333333\" data-height=\"300\" data-width=\"214\" aria-label=\"C. Drew Salisbury, MD, retrato\">\n                            <\/a>\n                    <a href=\"https:\/\/premiermedicalgrp.com\/wp-content\/uploads\/2013\/12\/PRM-2020-Christopher-James-Walton.jpg\" data-rel=\"rgg\" rel=\"rgg\" title=\"Dr. Christopher James Walton\" class=\"rgg-disabled size-medium rgg-img\" data-src=\"https:\/\/premiermedicalgrp.com\/wp-content\/uploads\/2013\/12\/PRM-2020-Christopher-James-Walton-214x300.jpg\" data-ratio=\"0.713333333333\" data-height=\"300\" data-width=\"214\" aria-label=\"Christo[her James Walton, MD foto de rostro\">\n                            <\/a>\n            <\/div>\n<\/div>\n<p><span style=\"color: #000000;\">Las cataratas son una opacidad del cristalino, que normalmente es normal, causada por el proceso de envejecimiento, aunque a veces las lesiones o los medicamentos son factores que contribuyen. Esta opacidad impide que los rayos de luz pasen a trav\u00e9s del cristalino y se enfoquen en la retina, el tejido sensible a la luz que recubre la parte posterior del ojo.<\/span><\/p>\n<p><span style=\"color: #000000;\">Si bien los cambios tempranos de lente pueden no afectar la visi\u00f3n, a medida que la afecci\u00f3n progresa, suele provocar una reducci\u00f3n significativa de la visi\u00f3n. Pueden aparecer s\u00edntomas que incluyen visi\u00f3n borrosa o nublada, sensibilidad a la luz y al resplandor, aumento de la miop\u00eda o im\u00e1genes distorsionadas en cualquiera de los ojos.<\/span><\/p>\n<p><span style=\"color: #000000;\">Afortunadamente, estos problemas se pueden solucionar mediante cirug\u00eda de cataratas. Se realiza de forma ambulatoria y el procedimiento suele durar solo entre 10 y 20 minutos. Se extrae el cristalino natural opaco del ojo y, en la mayor\u00eda de los casos, se reemplaza por una lente intraocular (LIO).<\/span><\/p>\n<p><span style=\"color: #000000;\">Una lente intraocular es un disco de pl\u00e1stico transparente, peque\u00f1o, liviano y plegable. Existen lentes intraoculares est\u00e1ndar e implantes de lentes especiales que pueden corregir problemas de visi\u00f3n como la presbicia y el astigmatismo y limitar o eliminar la necesidad de usar anteojos.<\/span><\/p>\n<p><span style=\"color: #000000;\">Los avances en las t\u00e9cnicas quir\u00fargicas han eliminado los puntos de sutura en el ojo o la necesidad de usar parches. La ecograf\u00eda (facoemulsificaci\u00f3n) puede romper la catarata en miles de millones de pedazos a medida que se aspira fuera del ojo. La cirug\u00eda de cataratas asistida por l\u00e1ser de femtosegundo permite al cirujano realizar muchas de las partes manuales del procedimiento con un l\u00e1ser infrarrojo de alta velocidad.<\/span><\/p>\n<p><span style=\"color: #000000;\">Su oftalm\u00f3logo le ayudar\u00e1 a decidir qu\u00e9 procedimiento de cataratas es adecuado para usted y le aconsejar\u00e1 sobre las opciones de lentes intraoculares.<\/span><\/p>\n<h3>M\u00e9dicos especialistas en cirug\u00eda de cataratas<\/h3>\n<ul>\n<li><a href=\"https:\/\/premiermedicalgrp.com\/es\/physicians\/stuart-ball-md\/\">Dr. Stuart F. Ball<\/a><\/li>\n<li><a href=\"https:\/\/premiermedicalgrp.com\/es\/physicians\/jay-brown-md\/\">Dr. Jay A. Brown<\/a><\/li>\n<li><a href=\"https:\/\/premiermedicalgrp.com\/es\/physicians\/richard-duffey-md\/\">Dr. Richard J. Duffey<\/a><\/li>\n<li><a href=\"https:\/\/premiermedicalgrp.com\/es\/physicians\/curtis-graf-md\/\">Dr. Curtis M. Graf, Jr.<\/a><\/li>\n<li><a href=\"https:\/\/premiermedicalgrp.com\/es\/physicians\/charles-jones-md\/\">Dr. Charles F. Jones<\/a><\/li>\n<li><a href=\"https:\/\/premiermedicalgrp.com\/es\/physicians\/charles-mosteller-md\/\">Dr. Charles S. Mosteller<\/a><\/li>\n<li><a href=\"https:\/\/premiermedicalgrp.com\/es\/physicians\/c-drew-salisbury-md\/\">Dr. C. Drew Salisbury<\/a><\/li>\n<li><a href=\"https:\/\/premiermedicalgrp.com\/es\/physicians\/christopher-walton-md\/\">Dr. Christopher James Walton<\/a><\/li>\n<\/ul>","protected":false},"excerpt":{"rendered":"<p>&nbsp; Cataracts are a clouding of the otherwise normal crystalline lens caused typically by the aging process, although sometimes injuries or drugs are contributing factors. This cloudiness prevents light rays from passing through the lens and focusing on the retina, the light sensitive tissue lining the back of the eye. While early lens changes may [&hellip;]<\/p>\n","protected":false},"author":1,"featured_media":0,"parent":1731,"menu_order":30,"comment_status":"closed","ping_status":"closed","template":"","meta":{"_acf_changed":false,"footnotes":""},"class_list":["post-116","page","type-page","status-publish","hentry"],"acf":[],"yoast_head":"<!-- This site is optimized with the Yoast SEO plugin v27.4 - https:\/\/yoast.com\/product\/yoast-seo-wordpress\/ -->\n<title>Presbyopia Correcting Lens Implants - Premier Medical Group<\/title>\n<meta name=\"description\" content=\"Premier Medical Group&#039;s ophthalmologist can help you decide what cataract procedure is right for you as well as advise you on intraocular lens options.\" \/>\n<meta name=\"robots\" content=\"index, follow, max-snippet:-1, max-image-preview:large, max-video-preview:-1\" \/>\n<link rel=\"canonical\" href=\"https:\/\/premiermedicalgrp.com\/es\/services\/eye\/ophthalmology\/cataract-2\/cataracts-presbyopic-lens-implants\/\" \/>\n<meta property=\"og:locale\" content=\"es_MX\" \/>\n<meta property=\"og:type\" content=\"article\" \/>\n<meta property=\"og:title\" content=\"Presbyopia Correcting Lens Implants - Premier Medical Group\" \/>\n<meta property=\"og:description\" content=\"Premier Medical Group&#039;s ophthalmologist can help you decide what cataract procedure is right for you as well as advise you on intraocular lens options.\" \/>\n<meta property=\"og:url\" content=\"https:\/\/premiermedicalgrp.com\/es\/services\/eye\/ophthalmology\/cataract-2\/cataracts-presbyopic-lens-implants\/\" \/>\n<meta property=\"og:site_name\" content=\"Premier Medical Group | Eye &amp; ENT Specialists\" \/>\n<meta property=\"article:modified_time\" content=\"2022-01-31T14:46:04+00:00\" \/>\n<meta property=\"og:image\" content=\"https:\/\/premiermedicalgrp.com\/wp-content\/uploads\/2013\/12\/PRM-2020-Stuart-F-Ball-214x300.jpg\" \/>\n<meta name=\"twitter:label1\" content=\"Est. reading time\" \/>\n\t<meta name=\"twitter:data1\" content=\"2 minutos\" \/>\n<script type=\"application\/ld+json\" class=\"yoast-schema-graph\">{\"@context\":\"https:\\\/\\\/schema.org\",\"@graph\":[{\"@type\":\"WebPage\",\"@id\":\"https:\\\/\\\/premiermedicalgrp.com\\\/services\\\/eye\\\/ophthalmology\\\/cataract-2\\\/cataracts-presbyopic-lens-implants\\\/\",\"url\":\"https:\\\/\\\/premiermedicalgrp.com\\\/services\\\/eye\\\/ophthalmology\\\/cataract-2\\\/cataracts-presbyopic-lens-implants\\\/\",\"name\":\"Presbyopia Correcting Lens Implants - Premier Medical Group\",\"isPartOf\":{\"@id\":\"https:\\\/\\\/pmg2024.wpenginepowered.com\\\/#website\"},\"datePublished\":\"2013-12-30T17:12:32+00:00\",\"dateModified\":\"2022-01-31T14:46:04+00:00\",\"description\":\"Premier Medical Group's ophthalmologist can help you decide what cataract procedure is right for you as well as advise you on intraocular lens options.\",\"breadcrumb\":{\"@id\":\"https:\\\/\\\/premiermedicalgrp.com\\\/services\\\/eye\\\/ophthalmology\\\/cataract-2\\\/cataracts-presbyopic-lens-implants\\\/#breadcrumb\"},\"inLanguage\":\"es\",\"potentialAction\":[{\"@type\":\"ReadAction\",\"target\":[\"https:\\\/\\\/premiermedicalgrp.com\\\/services\\\/eye\\\/ophthalmology\\\/cataract-2\\\/cataracts-presbyopic-lens-implants\\\/\"]}]},{\"@type\":\"BreadcrumbList\",\"@id\":\"https:\\\/\\\/premiermedicalgrp.com\\\/services\\\/eye\\\/ophthalmology\\\/cataract-2\\\/cataracts-presbyopic-lens-implants\\\/#breadcrumb\",\"itemListElement\":[{\"@type\":\"ListItem\",\"position\":1,\"name\":\"Home\",\"item\":\"https:\\\/\\\/premiermedicalgrp.com\\\/\"},{\"@type\":\"ListItem\",\"position\":2,\"name\":\"Our Services\",\"item\":\"https:\\\/\\\/premiermedicalgrp.com\\\/services\\\/\"},{\"@type\":\"ListItem\",\"position\":3,\"name\":\"Eye Services\",\"item\":\"https:\\\/\\\/premiermedicalgrp.com\\\/services\\\/eye\\\/\"},{\"@type\":\"ListItem\",\"position\":4,\"name\":\"Ophthalmology\",\"item\":\"https:\\\/\\\/premiermedicalgrp.com\\\/services\\\/eye\\\/ophthalmology\\\/\"},{\"@type\":\"ListItem\",\"position\":5,\"name\":\"Cataract\",\"item\":\"https:\\\/\\\/premiermedicalgrp.com\\\/services\\\/eye\\\/ophthalmology\\\/cataract-2\\\/\"},{\"@type\":\"ListItem\",\"position\":6,\"name\":\"Presbyopia Correcting Lens Implants\"}]},{\"@type\":\"WebSite\",\"@id\":\"https:\\\/\\\/pmg2024.wpenginepowered.com\\\/#website\",\"url\":\"https:\\\/\\\/pmg2024.wpenginepowered.com\\\/\",\"name\":\"Premier Medical Group | Eye &amp; ENT Specialists\",\"description\":\"Premier Medical Group | Eye &amp; ENT Specialists\",\"potentialAction\":[{\"@type\":\"SearchAction\",\"target\":{\"@type\":\"EntryPoint\",\"urlTemplate\":\"https:\\\/\\\/pmg2024.wpenginepowered.com\\\/?s={search_term_string}\"},\"query-input\":{\"@type\":\"PropertyValueSpecification\",\"valueRequired\":true,\"valueName\":\"search_term_string\"}}],\"inLanguage\":\"es\"}]}<\/script>\n<!-- \/ Yoast SEO plugin. -->","yoast_head_json":{"title":"Presbyopia Correcting Lens Implants - Premier Medical Group","description":"Premier Medical Group's ophthalmologist can help you decide what cataract procedure is right for you as well as advise you on intraocular lens options.","robots":{"index":"index","follow":"follow","max-snippet":"max-snippet:-1","max-image-preview":"max-image-preview:large","max-video-preview":"max-video-preview:-1"},"canonical":"https:\/\/premiermedicalgrp.com\/es\/services\/eye\/ophthalmology\/cataract-2\/cataracts-presbyopic-lens-implants\/","og_locale":"es_MX","og_type":"article","og_title":"Presbyopia Correcting Lens Implants - Premier Medical Group","og_description":"Premier Medical Group's ophthalmologist can help you decide what cataract procedure is right for you as well as advise you on intraocular lens options.","og_url":"https:\/\/premiermedicalgrp.com\/es\/services\/eye\/ophthalmology\/cataract-2\/cataracts-presbyopic-lens-implants\/","og_site_name":"Premier Medical Group | Eye &amp; ENT Specialists","article_modified_time":"2022-01-31T14:46:04+00:00","og_image":[{"url":"https:\/\/premiermedicalgrp.com\/wp-content\/uploads\/2013\/12\/PRM-2020-Stuart-F-Ball-214x300.jpg","type":"","width":"","height":""}],"twitter_misc":{"Est. reading time":"2 minutos"},"schema":{"@context":"https:\/\/schema.org","@graph":[{"@type":"WebPage","@id":"https:\/\/premiermedicalgrp.com\/services\/eye\/ophthalmology\/cataract-2\/cataracts-presbyopic-lens-implants\/","url":"https:\/\/premiermedicalgrp.com\/services\/eye\/ophthalmology\/cataract-2\/cataracts-presbyopic-lens-implants\/","name":"Presbyopia Correcting Lens Implants - Premier Medical Group","isPartOf":{"@id":"https:\/\/pmg2024.wpenginepowered.com\/#website"},"datePublished":"2013-12-30T17:12:32+00:00","dateModified":"2022-01-31T14:46:04+00:00","description":"Premier Medical Group's ophthalmologist can help you decide what cataract procedure is right for you as well as advise you on intraocular lens options.","breadcrumb":{"@id":"https:\/\/premiermedicalgrp.com\/services\/eye\/ophthalmology\/cataract-2\/cataracts-presbyopic-lens-implants\/#breadcrumb"},"inLanguage":"es","potentialAction":[{"@type":"ReadAction","target":["https:\/\/premiermedicalgrp.com\/services\/eye\/ophthalmology\/cataract-2\/cataracts-presbyopic-lens-implants\/"]}]},{"@type":"BreadcrumbList","@id":"https:\/\/premiermedicalgrp.com\/services\/eye\/ophthalmology\/cataract-2\/cataracts-presbyopic-lens-implants\/#breadcrumb","itemListElement":[{"@type":"ListItem","position":1,"name":"Home","item":"https:\/\/premiermedicalgrp.com\/"},{"@type":"ListItem","position":2,"name":"Our Services","item":"https:\/\/premiermedicalgrp.com\/services\/"},{"@type":"ListItem","position":3,"name":"Eye Services","item":"https:\/\/premiermedicalgrp.com\/services\/eye\/"},{"@type":"ListItem","position":4,"name":"Ophthalmology","item":"https:\/\/premiermedicalgrp.com\/services\/eye\/ophthalmology\/"},{"@type":"ListItem","position":5,"name":"Cataract","item":"https:\/\/premiermedicalgrp.com\/services\/eye\/ophthalmology\/cataract-2\/"},{"@type":"ListItem","position":6,"name":"Presbyopia Correcting Lens Implants"}]},{"@type":"WebSite","@id":"https:\/\/pmg2024.wpenginepowered.com\/#website","url":"https:\/\/pmg2024.wpenginepowered.com\/","name":"Premier Medical Group | Especialistas en otorrinolaringolog\u00eda y oftalmolog\u00eda","description":"Premier Medical Group | Especialistas en otorrinolaringolog\u00eda y oftalmolog\u00eda","potentialAction":[{"@type":"SearchAction","target":{"@type":"EntryPoint","urlTemplate":"https:\/\/pmg2024.wpenginepowered.com\/?s={search_term_string}"},"query-input":{"@type":"PropertyValueSpecification","valueRequired":true,"valueName":"search_term_string"}}],"inLanguage":"es"}]}},"_links":{"self":[{"href":"https:\/\/premiermedicalgrp.com\/es\/wp-json\/wp\/v2\/pages\/116","targetHints":{"allow":["GET"]}}],"collection":[{"href":"https:\/\/premiermedicalgrp.com\/es\/wp-json\/wp\/v2\/pages"}],"about":[{"href":"https:\/\/premiermedicalgrp.com\/es\/wp-json\/wp\/v2\/types\/page"}],"author":[{"embeddable":true,"href":"https:\/\/premiermedicalgrp.com\/es\/wp-json\/wp\/v2\/users\/1"}],"replies":[{"embeddable":true,"href":"https:\/\/premiermedicalgrp.com\/es\/wp-json\/wp\/v2\/comments?post=116"}],"version-history":[{"count":0,"href":"https:\/\/premiermedicalgrp.com\/es\/wp-json\/wp\/v2\/pages\/116\/revisions"}],"up":[{"embeddable":true,"href":"https:\/\/premiermedicalgrp.com\/es\/wp-json\/wp\/v2\/pages\/1731"}],"wp:attachment":[{"href":"https:\/\/premiermedicalgrp.com\/es\/wp-json\/wp\/v2\/media?parent=116"}],"curies":[{"name":"wp","href":"https:\/\/api.w.org\/{rel}","templated":true}]}}