{"id":122,"date":"2013-12-30T17:14:36","date_gmt":"2013-12-30T17:14:36","guid":{"rendered":"\/?page_id=122"},"modified":"2021-02-12T15:59:39","modified_gmt":"2021-02-12T21:59:39","slug":"macular-degeneration","status":"publish","type":"page","link":"https:\/\/premiermedicalgrp.com\/es\/services\/eye\/ophthalmology\/retina-diseases-surgery\/macular-degeneration\/","title":{"rendered":"Degeneraci\u00f3n macular"},"content":{"rendered":"<p>&nbsp;<\/p>\n<div class=\"rgg-container\" data-rgg-id=\"1\">    <div class=\"rgg-imagegrid captions-title captions-effect-none\" data-rgg-id=\"1\">\n                    <a href=\"https:\/\/premiermedicalgrp.com\/wp-content\/uploads\/2020\/08\/SBJ00021wBKG-1-650x910.jpg\" data-rel=\"rgg\" rel=\"rgg\" title=\"Dr. Stuart R. Ball\" class=\"rgg-disabled size-medium rgg-img\" data-src=\"https:\/\/premiermedicalgrp.com\/wp-content\/uploads\/2020\/08\/SBJ00021wBKG-1-214x300.jpg\" data-ratio=\"0.713333333333\" data-height=\"300\" data-width=\"214\" aria-label=\"Dr. Stuart R. Ball, retrato\">\n                            <\/a>\n                    <a href=\"https:\/\/premiermedicalgrp.com\/wp-content\/uploads\/2013\/12\/PRM-2020-Mark-J-Douglas.jpg\" data-rel=\"rgg\" rel=\"rgg\" title=\"Dr. Mark J. Douglas\" class=\"rgg-disabled size-medium rgg-img\" data-src=\"https:\/\/premiermedicalgrp.com\/wp-content\/uploads\/2013\/12\/PRM-2020-Mark-J-Douglas-214x300.jpg\" data-ratio=\"0.713333333333\" data-height=\"300\" data-width=\"214\" aria-label=\"Foto de rostro del Dr. Mark J. Douglas\">\n                            <\/a>\n                    <a href=\"https:\/\/premiermedicalgrp.com\/wp-content\/uploads\/2013\/12\/PRM-2020-H-Christopher-Semple.jpg\" data-rel=\"rgg\" rel=\"rgg\" title=\"Dr. H. Christopher Semple\" class=\"rgg-disabled size-medium rgg-img\" data-src=\"https:\/\/premiermedicalgrp.com\/wp-content\/uploads\/2013\/12\/PRM-2020-H-Christopher-Semple-214x300.jpg\" data-ratio=\"0.713333333333\" data-height=\"300\" data-width=\"214\" aria-label=\"Retrato del Dr. H. Christopher Semple\">\n                            <\/a>\n            <\/div>\n<\/div>\n<p><span style=\"color: #000000;\">La degeneraci\u00f3n macular, o degeneraci\u00f3n macular relacionada con la edad (DMRE), es una de las principales causas de p\u00e9rdida de visi\u00f3n en los estadounidenses mayores de 60 a\u00f1os. La enfermedad provoca un deterioro de la m\u00e1cula, una peque\u00f1a zona de la retina que permite ver los detalles finos con claridad. Este deterioro afecta la visi\u00f3n central, que se utiliza para tareas como leer y conducir, y puede provocar visi\u00f3n borrosa, zonas oscuras o distorsi\u00f3n.<\/span><\/p>\n<p><span style=\"color: #000000;\">Los dos tipos m\u00e1s comunes de DMAE son la \u201cseca\u201d y la \u201ch\u00fameda\u201d. La mayor\u00eda de las personas padecen la forma seca, que es causada por el envejecimiento y el adelgazamiento de los tejidos de la m\u00e1cula. La p\u00e9rdida de visi\u00f3n suele ser gradual. Un s\u00edntoma temprano com\u00fan es que las l\u00edneas rectas se ven torcidas.<\/span><\/p>\n<p><span style=\"color: #000000;\">La forma h\u00fameda representa aproximadamente el 10% de todos los casos de DMAE. Se produce cuando se forman vasos sangu\u00edneos anormales debajo de la retina en la parte posterior del ojo y dejan escapar l\u00edquido o sangre. La p\u00e9rdida de visi\u00f3n puede ser r\u00e1pida y grave. La visi\u00f3n borrosa es un s\u00edntoma temprano com\u00fan.<\/span><\/p>\n<p><span style=\"color: #000000;\">Ciertos tipos de degeneraci\u00f3n macular h\u00fameda pueden tratarse con cirug\u00eda l\u00e1ser o con medicamentos que bloquean el crecimiento de vasos sangu\u00edneos anormales y retardan sus filtraciones. Si bien el tratamiento puede impedir la p\u00e9rdida de visi\u00f3n, no la restaurar\u00e1.<\/span><\/p>\n<p><span style=\"color: #000000;\">Los ex\u00e1menes oculares completos y regulares en Premier Medical pueden detectar la degeneraci\u00f3n macular antes de que la enfermedad cause da\u00f1os irreversibles.<\/span><\/p>\n<h3>M\u00e9dicos especialistas en degeneraci\u00f3n macular<\/h3>\n<ul>\n<li><a href=\"https:\/\/premiermedicalgrp.com\/es\/physicians\/stuart-r-ball-md\/\">Dr. Stuart R. Ball<\/a><\/li>\n<li><a href=\"https:\/\/premiermedicalgrp.com\/es\/physicians\/mark-douglas-md\/\">Dr. Mark J. Douglas<\/a><\/li>\n<li><a href=\"https:\/\/premiermedicalgrp.com\/es\/physicians\/christopher-semple-md\/\">Dr. H. Christopher Semple<\/a><\/li>\n<\/ul>","protected":false},"excerpt":{"rendered":"<p>&nbsp; Macular degeneration, or age-related macular degeneration (AMD), is a leading cause of vision loss in Americans 60 and older. The disease causes a breakdown of the macula, a small area in the retina that allows you to see fine details clearly. This breakdown affects your central vision, used for such tasks as reading and [&hellip;]<\/p>\n","protected":false},"author":1,"featured_media":0,"parent":1501,"menu_order":40,"comment_status":"closed","ping_status":"closed","template":"","meta":{"_acf_changed":false,"footnotes":""},"class_list":["post-122","page","type-page","status-publish","hentry"],"acf":[],"yoast_head":"<!-- This site is optimized with the Yoast SEO plugin v27.4 - https:\/\/yoast.com\/product\/yoast-seo-wordpress\/ -->\n<title>Before You Visit - Premier Medical Group - Eye, Macular Degeneration<\/title>\n<meta name=\"description\" content=\"Find out about macular degeneration, and how regular comprehensive exams through Premier Medical Group can detect macular degeneration before its too late.\" \/>\n<meta name=\"robots\" content=\"index, follow, max-snippet:-1, max-image-preview:large, max-video-preview:-1\" \/>\n<link rel=\"canonical\" href=\"https:\/\/premiermedicalgrp.com\/es\/services\/eye\/ophthalmology\/retina-diseases-surgery\/macular-degeneration\/\" \/>\n<meta property=\"og:locale\" content=\"es_MX\" \/>\n<meta property=\"og:type\" content=\"article\" \/>\n<meta property=\"og:title\" content=\"Before You Visit - Premier Medical Group - Eye, Macular Degeneration\" \/>\n<meta property=\"og:description\" content=\"Find out about macular degeneration, and how regular comprehensive exams through Premier Medical Group can detect macular degeneration before its too late.\" \/>\n<meta property=\"og:url\" content=\"https:\/\/premiermedicalgrp.com\/es\/services\/eye\/ophthalmology\/retina-diseases-surgery\/macular-degeneration\/\" \/>\n<meta property=\"og:site_name\" content=\"Premier Medical Group | Eye &amp; ENT Specialists\" \/>\n<meta property=\"article:modified_time\" content=\"2021-02-12T21:59:39+00:00\" \/>\n<meta property=\"og:image\" content=\"https:\/\/premiermedicalgrp.com\/wp-content\/uploads\/2020\/08\/SBJ00021wBKG-1-214x300.jpg\" \/>\n<meta name=\"twitter:label1\" content=\"Est. reading time\" \/>\n\t<meta name=\"twitter:data1\" content=\"1 minuto\" \/>\n<script type=\"application\/ld+json\" class=\"yoast-schema-graph\">{\"@context\":\"https:\\\/\\\/schema.org\",\"@graph\":[{\"@type\":\"WebPage\",\"@id\":\"https:\\\/\\\/premiermedicalgrp.com\\\/services\\\/eye\\\/ophthalmology\\\/retina-diseases-surgery\\\/macular-degeneration\\\/\",\"url\":\"https:\\\/\\\/premiermedicalgrp.com\\\/services\\\/eye\\\/ophthalmology\\\/retina-diseases-surgery\\\/macular-degeneration\\\/\",\"name\":\"Before You Visit - Premier Medical Group - Eye, Macular Degeneration\",\"isPartOf\":{\"@id\":\"https:\\\/\\\/pmg2024.wpenginepowered.com\\\/#website\"},\"datePublished\":\"2013-12-30T17:14:36+00:00\",\"dateModified\":\"2021-02-12T21:59:39+00:00\",\"description\":\"Find out about macular degeneration, and how regular comprehensive exams through Premier Medical Group can detect macular degeneration before its too late.\",\"breadcrumb\":{\"@id\":\"https:\\\/\\\/premiermedicalgrp.com\\\/services\\\/eye\\\/ophthalmology\\\/retina-diseases-surgery\\\/macular-degeneration\\\/#breadcrumb\"},\"inLanguage\":\"es\",\"potentialAction\":[{\"@type\":\"ReadAction\",\"target\":[\"https:\\\/\\\/premiermedicalgrp.com\\\/services\\\/eye\\\/ophthalmology\\\/retina-diseases-surgery\\\/macular-degeneration\\\/\"]}]},{\"@type\":\"BreadcrumbList\",\"@id\":\"https:\\\/\\\/premiermedicalgrp.com\\\/services\\\/eye\\\/ophthalmology\\\/retina-diseases-surgery\\\/macular-degeneration\\\/#breadcrumb\",\"itemListElement\":[{\"@type\":\"ListItem\",\"position\":1,\"name\":\"Home\",\"item\":\"https:\\\/\\\/premiermedicalgrp.com\\\/\"},{\"@type\":\"ListItem\",\"position\":2,\"name\":\"Our Services\",\"item\":\"https:\\\/\\\/premiermedicalgrp.com\\\/services\\\/\"},{\"@type\":\"ListItem\",\"position\":3,\"name\":\"Eye Services\",\"item\":\"https:\\\/\\\/premiermedicalgrp.com\\\/services\\\/eye\\\/\"},{\"@type\":\"ListItem\",\"position\":4,\"name\":\"Ophthalmology\",\"item\":\"https:\\\/\\\/premiermedicalgrp.com\\\/services\\\/eye\\\/ophthalmology\\\/\"},{\"@type\":\"ListItem\",\"position\":5,\"name\":\"Retina Diseases &#038; Surgery\",\"item\":\"https:\\\/\\\/premiermedicalgrp.com\\\/services\\\/eye\\\/ophthalmology\\\/retina-diseases-surgery\\\/\"},{\"@type\":\"ListItem\",\"position\":6,\"name\":\"Macular Degeneration\"}]},{\"@type\":\"WebSite\",\"@id\":\"https:\\\/\\\/pmg2024.wpenginepowered.com\\\/#website\",\"url\":\"https:\\\/\\\/pmg2024.wpenginepowered.com\\\/\",\"name\":\"Premier Medical Group | Eye &amp; ENT Specialists\",\"description\":\"Premier Medical Group | Eye &amp; ENT Specialists\",\"potentialAction\":[{\"@type\":\"SearchAction\",\"target\":{\"@type\":\"EntryPoint\",\"urlTemplate\":\"https:\\\/\\\/pmg2024.wpenginepowered.com\\\/?s={search_term_string}\"},\"query-input\":{\"@type\":\"PropertyValueSpecification\",\"valueRequired\":true,\"valueName\":\"search_term_string\"}}],\"inLanguage\":\"es\"}]}<\/script>\n<!-- \/ Yoast SEO plugin. -->","yoast_head_json":{"title":"Before You Visit - Premier Medical Group - Eye, Macular Degeneration","description":"Find out about macular degeneration, and how regular comprehensive exams through Premier Medical Group can detect macular degeneration before its too late.","robots":{"index":"index","follow":"follow","max-snippet":"max-snippet:-1","max-image-preview":"max-image-preview:large","max-video-preview":"max-video-preview:-1"},"canonical":"https:\/\/premiermedicalgrp.com\/es\/services\/eye\/ophthalmology\/retina-diseases-surgery\/macular-degeneration\/","og_locale":"es_MX","og_type":"article","og_title":"Before You Visit - Premier Medical Group - Eye, Macular Degeneration","og_description":"Find out about macular degeneration, and how regular comprehensive exams through Premier Medical Group can detect macular degeneration before its too late.","og_url":"https:\/\/premiermedicalgrp.com\/es\/services\/eye\/ophthalmology\/retina-diseases-surgery\/macular-degeneration\/","og_site_name":"Premier Medical Group | Eye &amp; ENT Specialists","article_modified_time":"2021-02-12T21:59:39+00:00","og_image":[{"url":"https:\/\/premiermedicalgrp.com\/wp-content\/uploads\/2020\/08\/SBJ00021wBKG-1-214x300.jpg","type":"","width":"","height":""}],"twitter_misc":{"Est. reading time":"1 minuto"},"schema":{"@context":"https:\/\/schema.org","@graph":[{"@type":"WebPage","@id":"https:\/\/premiermedicalgrp.com\/services\/eye\/ophthalmology\/retina-diseases-surgery\/macular-degeneration\/","url":"https:\/\/premiermedicalgrp.com\/services\/eye\/ophthalmology\/retina-diseases-surgery\/macular-degeneration\/","name":"Before You Visit - Premier Medical Group - Eye, Macular Degeneration","isPartOf":{"@id":"https:\/\/pmg2024.wpenginepowered.com\/#website"},"datePublished":"2013-12-30T17:14:36+00:00","dateModified":"2021-02-12T21:59:39+00:00","description":"Find out about macular degeneration, and how regular comprehensive exams through Premier Medical Group can detect macular degeneration before its too late.","breadcrumb":{"@id":"https:\/\/premiermedicalgrp.com\/services\/eye\/ophthalmology\/retina-diseases-surgery\/macular-degeneration\/#breadcrumb"},"inLanguage":"es","potentialAction":[{"@type":"ReadAction","target":["https:\/\/premiermedicalgrp.com\/services\/eye\/ophthalmology\/retina-diseases-surgery\/macular-degeneration\/"]}]},{"@type":"BreadcrumbList","@id":"https:\/\/premiermedicalgrp.com\/services\/eye\/ophthalmology\/retina-diseases-surgery\/macular-degeneration\/#breadcrumb","itemListElement":[{"@type":"ListItem","position":1,"name":"Home","item":"https:\/\/premiermedicalgrp.com\/"},{"@type":"ListItem","position":2,"name":"Our Services","item":"https:\/\/premiermedicalgrp.com\/services\/"},{"@type":"ListItem","position":3,"name":"Eye Services","item":"https:\/\/premiermedicalgrp.com\/services\/eye\/"},{"@type":"ListItem","position":4,"name":"Ophthalmology","item":"https:\/\/premiermedicalgrp.com\/services\/eye\/ophthalmology\/"},{"@type":"ListItem","position":5,"name":"Retina Diseases &#038; Surgery","item":"https:\/\/premiermedicalgrp.com\/services\/eye\/ophthalmology\/retina-diseases-surgery\/"},{"@type":"ListItem","position":6,"name":"Macular Degeneration"}]},{"@type":"WebSite","@id":"https:\/\/pmg2024.wpenginepowered.com\/#website","url":"https:\/\/pmg2024.wpenginepowered.com\/","name":"Premier Medical Group | Especialistas en otorrinolaringolog\u00eda y oftalmolog\u00eda","description":"Premier Medical Group | Especialistas en otorrinolaringolog\u00eda y oftalmolog\u00eda","potentialAction":[{"@type":"SearchAction","target":{"@type":"EntryPoint","urlTemplate":"https:\/\/pmg2024.wpenginepowered.com\/?s={search_term_string}"},"query-input":{"@type":"PropertyValueSpecification","valueRequired":true,"valueName":"search_term_string"}}],"inLanguage":"es"}]}},"_links":{"self":[{"href":"https:\/\/premiermedicalgrp.com\/es\/wp-json\/wp\/v2\/pages\/122","targetHints":{"allow":["GET"]}}],"collection":[{"href":"https:\/\/premiermedicalgrp.com\/es\/wp-json\/wp\/v2\/pages"}],"about":[{"href":"https:\/\/premiermedicalgrp.com\/es\/wp-json\/wp\/v2\/types\/page"}],"author":[{"embeddable":true,"href":"https:\/\/premiermedicalgrp.com\/es\/wp-json\/wp\/v2\/users\/1"}],"replies":[{"embeddable":true,"href":"https:\/\/premiermedicalgrp.com\/es\/wp-json\/wp\/v2\/comments?post=122"}],"version-history":[{"count":0,"href":"https:\/\/premiermedicalgrp.com\/es\/wp-json\/wp\/v2\/pages\/122\/revisions"}],"up":[{"embeddable":true,"href":"https:\/\/premiermedicalgrp.com\/es\/wp-json\/wp\/v2\/pages\/1501"}],"wp:attachment":[{"href":"https:\/\/premiermedicalgrp.com\/es\/wp-json\/wp\/v2\/media?parent=122"}],"curies":[{"name":"wp","href":"https:\/\/api.w.org\/{rel}","templated":true}]}}