{"id":146,"date":"2013-12-30T17:24:54","date_gmt":"2013-12-30T17:24:54","guid":{"rendered":"\/?page_id=146"},"modified":"2022-01-04T14:17:32","modified_gmt":"2022-01-04T20:17:32","slug":"adult-pediatric-eye-exams","status":"publish","type":"page","link":"https:\/\/premiermedicalgrp.com\/es\/services\/eye\/optometry\/adult-pediatric-eye-exams\/","title":{"rendered":"Ex\u00e1menes oculares para adultos y ni\u00f1os"},"content":{"rendered":"<h3><span style=\"color: #000000;\">Ex\u00e1menes oculares pedi\u00e1tricos<\/span><\/h3>\n<p><span style=\"color: #000000;\">Las c\u00e9lulas cerebrales que controlan nuestra visi\u00f3n no est\u00e1n completamente desarrolladas cuando nacemos y contin\u00faan desarroll\u00e1ndose durante la primera d\u00e9cada de vida. Algunos expertos estiman que aproximadamente entre el 5 y el 101 TP3T de los ni\u00f1os en edad preescolar y el 251 TP3T de los ni\u00f1os en edad escolar tienen problemas de visi\u00f3n. Por lo tanto, el primer examen de la vista de su hijo debe realizarse a la edad de tres a\u00f1os o antes si observa signos de un problema. Los ni\u00f1os con problemas de visi\u00f3n o factores de riesgo deben hacerse examinar los ojos con m\u00e1s frecuencia. Los factores de riesgo comunes para los problemas de visi\u00f3n incluyen: nacimiento prematuro, retrasos en el desarrollo, ojos bizcos, antecedentes familiares de enfermedades oculares, antecedentes de lesiones oculares, otras enfermedades o dolencias f\u00edsicas. La identificaci\u00f3n temprana del problema de visi\u00f3n de un ni\u00f1o es crucial porque, si no se tratan, algunos problemas de visi\u00f3n infantiles pueden causar p\u00e9rdida permanente de la visi\u00f3n.<br \/>\n<\/span><\/p>\n<p><span style=\"color: #000000;\">Los ex\u00e1menes oculares tempranos son importantes porque los ni\u00f1os necesitan las siguientes habilidades visuales b\u00e1sicas para aprender: visi\u00f3n de cerca, visi\u00f3n de lejos, habilidades para trabajar en equipo con los ojos (binocularidad), habilidades de movimiento de los ojos, habilidades de enfoque, habilidades de enfoque, conciencia perif\u00e9rica, coordinaci\u00f3n ojo\/mano.<\/span><\/p>\n<p><span style=\"color: #000000;\">Los profesionales del cuidado de los ojos de Premier Medical se especializan en el desarrollo visual, el cuidado, el diagn\u00f3stico y el tratamiento de trastornos oculares en ni\u00f1os. Tambi\u00e9n brindan atenci\u00f3n para lesiones oculares, que ocurren con mayor frecuencia en ni\u00f1os y adolescentes que en cualquier otro grupo de edad.<\/span><\/p>\n<p><span style=\"color: #000000;\">Para garantizar que los ojos de su hijo se mantengan saludables, haga que un profesional de la vista de Premier Medical le revise los ojos cada uno o dos a\u00f1os o durante los controles pedi\u00e1tricos regulares.<\/span><\/p>\n<h3><span style=\"color: #000000;\">Ex\u00e1menes de la vista para adultos<\/span><\/h3>\n<p><span style=\"color: #000000;\">Se recomienda que los adultos, independientemente de su salud o capacidad visual, se realicen un examen de detecci\u00f3n de enfermedades oculares de referencia a partir de los 40 a\u00f1os. Este es el momento en el que pueden comenzar a aparecer los primeros signos de enfermedad o cambios en la visi\u00f3n.<\/span><\/p>\n<p><span style=\"color: #000000;\">Una evaluaci\u00f3n inicial puede detectar enfermedades oculares que son mucho m\u00e1s comunes en personas mayores de 40 a\u00f1os, como cataratas, glaucoma y enfermedades de la retina. Casi todo el mundo acabar\u00e1 padeciendo presbicia, que es la incapacidad de leer a corta distancia.<\/span><\/p>\n<p><span style=\"color: #000000;\">Una evaluaci\u00f3n oftalmol\u00f3gica exhaustiva puede revelar anomal\u00edas comunes del sistema visual y de las estructuras relacionadas, as\u00ed como otras menos comunes pero extremadamente graves, como los tumores oculares. Tambi\u00e9n puede descubrir evidencia de formas subyacentes de enfermedades sist\u00e9micas que afectan los ojos, como la hipertensi\u00f3n y la diabetes.<\/span><\/p>\n<p><span style=\"color: #000000;\">Si estos problemas se detectan a tiempo, el tratamiento y la recuperaci\u00f3n son mucho m\u00e1s prometedores. Premier Medical est\u00e1 equipado para controlar los numerosos efectos oculares del envejecimiento.<\/span><\/p>\n<h4>Doctores en Optometr\u00eda<\/h4>\n<ul>\n<li><a href=\"http:\/\/premiermedicalgrp.com\/es\/physicians\/joseph-c-harrell-od\/\">Doctor en Odontolog\u00eda Joseph C. Harrell<\/a><\/li>\n<li><a href=\"https:\/\/premiermedicalgrp.com\/es\/physicians\/gregory-jackson-od\/\">Gregory R. Jackson, oste\u00f3pata<\/a><\/li>\n<li><a href=\"https:\/\/premiermedicalgrp.com\/es\/physicians\/ben-king-od\/\">Ben F. King, IV, OD<\/a><\/li>\n<li><a title=\"Jeffery A. Morrow, oste\u00f3pata\" href=\"http:\/\/premiermedicalgrp.com\/es\/physicians\/jeffery-morrow-od\/\" target=\"_blank\" rel=\"noopener noreferrer\">Jeffery A. Morrow, oste\u00f3pata<\/a><\/li>\n<li><a href=\"https:\/\/premiermedicalgrp.com\/es\/physicians\/william-f-stringer-jr-od\/\">William F. Stringer, Jr., otorrinolaring\u00f3logo<\/a><\/li>\n<\/ul>","protected":false},"excerpt":{"rendered":"<p>Pediatric Eye Exams The brain cells that control our vision are not fully developed when we are born and continue to develop throughout the first decade of life.\u00a0 Some experts estimate that approximately 5-10% of pre-schoolers and 25% of school-aged children have vision problems.\u00a0 Therefore, your child&#8217;s first eye exam should be at the age [&hellip;]<\/p>\n","protected":false},"author":1,"featured_media":0,"parent":111,"menu_order":65,"comment_status":"closed","ping_status":"closed","template":"","meta":{"_acf_changed":false,"footnotes":""},"class_list":["post-146","page","type-page","status-publish","hentry"],"acf":[],"yoast_head":"<!-- This site is optimized with the Yoast SEO plugin v27.3 - https:\/\/yoast.com\/product\/yoast-seo-wordpress\/ -->\n<title>Eye Exams | Premier Medical Group<\/title>\n<meta name=\"description\" content=\"Your vision is important to our optometrists in Mobile AL. So schedule your next eye exam in Mobile AL for kids and adults alike. Call today!\" \/>\n<meta name=\"robots\" content=\"index, follow, max-snippet:-1, max-image-preview:large, max-video-preview:-1\" \/>\n<link rel=\"canonical\" href=\"https:\/\/premiermedicalgrp.com\/es\/services\/eye\/optometry\/adult-pediatric-eye-exams\/\" \/>\n<meta property=\"og:locale\" content=\"es_MX\" \/>\n<meta property=\"og:type\" content=\"article\" \/>\n<meta property=\"og:title\" content=\"Eye Exams | Premier Medical Group\" \/>\n<meta property=\"og:description\" content=\"Your vision is important to our optometrists in Mobile AL. So schedule your next eye exam in Mobile AL for kids and adults alike. Call today!\" \/>\n<meta property=\"og:url\" content=\"https:\/\/premiermedicalgrp.com\/es\/services\/eye\/optometry\/adult-pediatric-eye-exams\/\" \/>\n<meta property=\"og:site_name\" content=\"Premier Medical Group | Eye &amp; ENT Specialists\" \/>\n<meta property=\"article:modified_time\" content=\"2022-01-04T20:17:32+00:00\" \/>\n<meta name=\"twitter:label1\" content=\"Est. reading time\" \/>\n\t<meta name=\"twitter:data1\" content=\"2 minutos\" \/>\n<script type=\"application\/ld+json\" class=\"yoast-schema-graph\">{\"@context\":\"https:\\\/\\\/schema.org\",\"@graph\":[{\"@type\":\"WebPage\",\"@id\":\"https:\\\/\\\/premiermedicalgrp.com\\\/services\\\/eye\\\/optometry\\\/adult-pediatric-eye-exams\\\/\",\"url\":\"https:\\\/\\\/premiermedicalgrp.com\\\/services\\\/eye\\\/optometry\\\/adult-pediatric-eye-exams\\\/\",\"name\":\"Eye Exams | Premier Medical Group\",\"isPartOf\":{\"@id\":\"https:\\\/\\\/pmg2024.wpenginepowered.com\\\/#website\"},\"datePublished\":\"2013-12-30T17:24:54+00:00\",\"dateModified\":\"2022-01-04T20:17:32+00:00\",\"description\":\"Your vision is important to our optometrists in Mobile AL. So schedule your next eye exam in Mobile AL for kids and adults alike. Call today!\",\"breadcrumb\":{\"@id\":\"https:\\\/\\\/premiermedicalgrp.com\\\/services\\\/eye\\\/optometry\\\/adult-pediatric-eye-exams\\\/#breadcrumb\"},\"inLanguage\":\"es\",\"potentialAction\":[{\"@type\":\"ReadAction\",\"target\":[\"https:\\\/\\\/premiermedicalgrp.com\\\/services\\\/eye\\\/optometry\\\/adult-pediatric-eye-exams\\\/\"]}]},{\"@type\":\"BreadcrumbList\",\"@id\":\"https:\\\/\\\/premiermedicalgrp.com\\\/services\\\/eye\\\/optometry\\\/adult-pediatric-eye-exams\\\/#breadcrumb\",\"itemListElement\":[{\"@type\":\"ListItem\",\"position\":1,\"name\":\"Home\",\"item\":\"https:\\\/\\\/premiermedicalgrp.com\\\/\"},{\"@type\":\"ListItem\",\"position\":2,\"name\":\"Our Services\",\"item\":\"https:\\\/\\\/premiermedicalgrp.com\\\/services\\\/\"},{\"@type\":\"ListItem\",\"position\":3,\"name\":\"Eye Services\",\"item\":\"https:\\\/\\\/premiermedicalgrp.com\\\/services\\\/eye\\\/\"},{\"@type\":\"ListItem\",\"position\":4,\"name\":\"Optometry\",\"item\":\"https:\\\/\\\/premiermedicalgrp.com\\\/services\\\/eye\\\/optometry\\\/\"},{\"@type\":\"ListItem\",\"position\":5,\"name\":\"Adult \\\/ Pediatric Eye Exams\"}]},{\"@type\":\"WebSite\",\"@id\":\"https:\\\/\\\/pmg2024.wpenginepowered.com\\\/#website\",\"url\":\"https:\\\/\\\/pmg2024.wpenginepowered.com\\\/\",\"name\":\"Premier Medical Group | Eye &amp; ENT Specialists\",\"description\":\"Premier Medical Group | Eye &amp; ENT Specialists\",\"potentialAction\":[{\"@type\":\"SearchAction\",\"target\":{\"@type\":\"EntryPoint\",\"urlTemplate\":\"https:\\\/\\\/pmg2024.wpenginepowered.com\\\/?s={search_term_string}\"},\"query-input\":{\"@type\":\"PropertyValueSpecification\",\"valueRequired\":true,\"valueName\":\"search_term_string\"}}],\"inLanguage\":\"es\"}]}<\/script>\n<!-- \/ Yoast SEO plugin. -->","yoast_head_json":{"title":"Eye Exams | Premier Medical Group","description":"Your vision is important to our optometrists in Mobile AL. So schedule your next eye exam in Mobile AL for kids and adults alike. Call today!","robots":{"index":"index","follow":"follow","max-snippet":"max-snippet:-1","max-image-preview":"max-image-preview:large","max-video-preview":"max-video-preview:-1"},"canonical":"https:\/\/premiermedicalgrp.com\/es\/services\/eye\/optometry\/adult-pediatric-eye-exams\/","og_locale":"es_MX","og_type":"article","og_title":"Eye Exams | Premier Medical Group","og_description":"Your vision is important to our optometrists in Mobile AL. So schedule your next eye exam in Mobile AL for kids and adults alike. Call today!","og_url":"https:\/\/premiermedicalgrp.com\/es\/services\/eye\/optometry\/adult-pediatric-eye-exams\/","og_site_name":"Premier Medical Group | Eye &amp; ENT Specialists","article_modified_time":"2022-01-04T20:17:32+00:00","twitter_misc":{"Est. reading time":"2 minutos"},"schema":{"@context":"https:\/\/schema.org","@graph":[{"@type":"WebPage","@id":"https:\/\/premiermedicalgrp.com\/services\/eye\/optometry\/adult-pediatric-eye-exams\/","url":"https:\/\/premiermedicalgrp.com\/services\/eye\/optometry\/adult-pediatric-eye-exams\/","name":"Eye Exams | Premier Medical Group","isPartOf":{"@id":"https:\/\/pmg2024.wpenginepowered.com\/#website"},"datePublished":"2013-12-30T17:24:54+00:00","dateModified":"2022-01-04T20:17:32+00:00","description":"Your vision is important to our optometrists in Mobile AL. So schedule your next eye exam in Mobile AL for kids and adults alike. Call today!","breadcrumb":{"@id":"https:\/\/premiermedicalgrp.com\/services\/eye\/optometry\/adult-pediatric-eye-exams\/#breadcrumb"},"inLanguage":"es","potentialAction":[{"@type":"ReadAction","target":["https:\/\/premiermedicalgrp.com\/services\/eye\/optometry\/adult-pediatric-eye-exams\/"]}]},{"@type":"BreadcrumbList","@id":"https:\/\/premiermedicalgrp.com\/services\/eye\/optometry\/adult-pediatric-eye-exams\/#breadcrumb","itemListElement":[{"@type":"ListItem","position":1,"name":"Home","item":"https:\/\/premiermedicalgrp.com\/"},{"@type":"ListItem","position":2,"name":"Our Services","item":"https:\/\/premiermedicalgrp.com\/services\/"},{"@type":"ListItem","position":3,"name":"Eye Services","item":"https:\/\/premiermedicalgrp.com\/services\/eye\/"},{"@type":"ListItem","position":4,"name":"Optometry","item":"https:\/\/premiermedicalgrp.com\/services\/eye\/optometry\/"},{"@type":"ListItem","position":5,"name":"Adult \/ Pediatric Eye Exams"}]},{"@type":"WebSite","@id":"https:\/\/pmg2024.wpenginepowered.com\/#website","url":"https:\/\/pmg2024.wpenginepowered.com\/","name":"Premier Medical Group | Especialistas en otorrinolaringolog\u00eda y oftalmolog\u00eda","description":"Premier Medical Group | Especialistas en otorrinolaringolog\u00eda y oftalmolog\u00eda","potentialAction":[{"@type":"SearchAction","target":{"@type":"EntryPoint","urlTemplate":"https:\/\/pmg2024.wpenginepowered.com\/?s={search_term_string}"},"query-input":{"@type":"PropertyValueSpecification","valueRequired":true,"valueName":"search_term_string"}}],"inLanguage":"es"}]}},"_links":{"self":[{"href":"https:\/\/premiermedicalgrp.com\/es\/wp-json\/wp\/v2\/pages\/146","targetHints":{"allow":["GET"]}}],"collection":[{"href":"https:\/\/premiermedicalgrp.com\/es\/wp-json\/wp\/v2\/pages"}],"about":[{"href":"https:\/\/premiermedicalgrp.com\/es\/wp-json\/wp\/v2\/types\/page"}],"author":[{"embeddable":true,"href":"https:\/\/premiermedicalgrp.com\/es\/wp-json\/wp\/v2\/users\/1"}],"replies":[{"embeddable":true,"href":"https:\/\/premiermedicalgrp.com\/es\/wp-json\/wp\/v2\/comments?post=146"}],"version-history":[{"count":0,"href":"https:\/\/premiermedicalgrp.com\/es\/wp-json\/wp\/v2\/pages\/146\/revisions"}],"up":[{"embeddable":true,"href":"https:\/\/premiermedicalgrp.com\/es\/wp-json\/wp\/v2\/pages\/111"}],"wp:attachment":[{"href":"https:\/\/premiermedicalgrp.com\/es\/wp-json\/wp\/v2\/media?parent=146"}],"curies":[{"name":"wp","href":"https:\/\/api.w.org\/{rel}","templated":true}]}}