{"id":163,"date":"2013-12-30T17:32:28","date_gmt":"2013-12-30T17:32:28","guid":{"rendered":"\/?page_id=163"},"modified":"2021-02-12T16:48:11","modified_gmt":"2021-02-12T22:48:11","slug":"eyeglass-brands","status":"publish","type":"page","link":"https:\/\/premiermedicalgrp.com\/es\/services\/eye\/optical\/eyeglass-brands\/","title":{"rendered":"Marcas de gafas"},"content":{"rendered":"<h2 style=\"text-align: center;\">Ahora llevamos gafas de sol de Tory Burch, Ann Taylor y Rio Ray<\/h2>\n<h3 style=\"text-align: center;\">La tienda de \u00f3ptica Premier Medical ofrece el mejor estilo, un ajuste superior y cuenta con una variedad de las \u00faltimas marcas de anteojos l\u00edderes, que incluyen:<\/h3>\n<p><img loading=\"lazy\" decoding=\"async\" class=\"alignnone wp-image-978 size-full\" src=\"https:\/\/premiermedicalgrp.com\/wp-content\/uploads\/2013\/12\/Bebe-logo-woreg.jpg\" alt=\"Bebe-logo\" width=\"200\" height=\"150\" \/> <img loading=\"lazy\" decoding=\"async\" class=\"alignnone wp-image-979 size-full\" src=\"https:\/\/premiermedicalgrp.com\/wp-content\/uploads\/2013\/12\/bill-blass-logo.jpg\" alt=\"bill blass logo\" width=\"200\" height=\"150\" \/> <img loading=\"lazy\" decoding=\"async\" class=\"alignnone wp-image-980 size-thumbnail\" src=\"https:\/\/premiermedicalgrp.com\/wp-content\/uploads\/2013\/12\/Coach_logo1-150x150.jpg\" alt=\"Coach New York Logo\" width=\"150\" height=\"150\" \/> <img loading=\"lazy\" decoding=\"async\" class=\"alignnone wp-image-981 size-thumbnail\" src=\"https:\/\/premiermedicalgrp.com\/wp-content\/uploads\/2013\/12\/columbia-logo_no-words-blue-150x150.jpg\" alt=\"columbia logo\" width=\"150\" height=\"150\" \/> <img loading=\"lazy\" decoding=\"async\" class=\"alignnone wp-image-982 size-thumbnail\" src=\"https:\/\/premiermedicalgrp.com\/wp-content\/uploads\/2013\/12\/costa-150x150.jpg\" alt=\"costa logo\" width=\"150\" height=\"150\" \/> <img loading=\"lazy\" decoding=\"async\" class=\"alignnone wp-image-983 size-thumbnail\" src=\"https:\/\/premiermedicalgrp.com\/wp-content\/uploads\/2013\/12\/dg-150x150.jpg\" alt=\"Dolce &amp; Gabbana Logo\" width=\"150\" height=\"150\" \/> <img loading=\"lazy\" decoding=\"async\" class=\"alignnone wp-image-984 size-thumbnail\" src=\"https:\/\/premiermedicalgrp.com\/wp-content\/uploads\/2013\/12\/easy_spirit_logo-150x150.jpg\" alt=\"easy spirit logo\" width=\"150\" height=\"150\" \/> <img loading=\"lazy\" decoding=\"async\" class=\"alignnone wp-image-985 size-thumbnail\" src=\"https:\/\/premiermedicalgrp.com\/wp-content\/uploads\/2013\/12\/Elizabeth-Arden-Logo-150x150.jpg\" alt=\"Elizabeth Arden Logo\" width=\"150\" height=\"150\" \/> <img loading=\"lazy\" decoding=\"async\" class=\"alignnone wp-image-986 size-thumbnail\" src=\"https:\/\/premiermedicalgrp.com\/wp-content\/uploads\/2013\/12\/geoffrey-beene-logo-150x150.jpg\" alt=\"geoffrey beene logo\" width=\"150\" height=\"150\" \/> <img loading=\"lazy\" decoding=\"async\" class=\"alignnone wp-image-987 size-thumbnail\" src=\"https:\/\/premiermedicalgrp.com\/wp-content\/uploads\/2013\/12\/Guess-Logo-Wallpaper-150x150.jpg\" alt=\"Guess Logo\" width=\"150\" height=\"150\" \/> <img loading=\"lazy\" decoding=\"async\" class=\"alignnone wp-image-988 size-thumbnail\" src=\"https:\/\/premiermedicalgrp.com\/wp-content\/uploads\/2013\/12\/jillstuart_logo-150x150.jpg\" alt=\"jill stuart new york logo\" width=\"150\" height=\"150\" \/> <img loading=\"lazy\" decoding=\"async\" class=\"alignnone wp-image-989 size-thumbnail\" src=\"https:\/\/premiermedicalgrp.com\/wp-content\/uploads\/2013\/12\/kate-spade-amp-150x150.jpg\" alt=\"kate spade new york logo\" width=\"150\" height=\"150\" \/> <img loading=\"lazy\" decoding=\"async\" class=\"alignnone wp-image-990 size-thumbnail\" src=\"https:\/\/premiermedicalgrp.com\/wp-content\/uploads\/2013\/12\/Kenneth-Cole-Company-Logo-150x150.jpg\" alt=\"Kenneth Cole Company Logo\" width=\"150\" height=\"150\" \/> <img loading=\"lazy\" decoding=\"async\" class=\"alignnone wp-image-991 size-thumbnail\" src=\"https:\/\/premiermedicalgrp.com\/wp-content\/uploads\/2013\/12\/lizclaiborne-150x150.jpg\" alt=\"liz claiborne new york\" width=\"150\" height=\"150\" \/><img loading=\"lazy\" decoding=\"async\" class=\"alignnone wp-image-1007 size-full\" src=\"https:\/\/premiermedicalgrp.com\/wp-content\/uploads\/2013\/12\/LuluGuinness.jpg\" alt=\"Lulu Guinness logo\" width=\"200\" height=\"150\" \/> <img loading=\"lazy\" decoding=\"async\" class=\"alignnone wp-image-992 size-thumbnail\" src=\"https:\/\/premiermedicalgrp.com\/wp-content\/uploads\/2013\/12\/marchon-150x150.jpg\" alt=\"marchon logo\" width=\"150\" height=\"150\" \/> <img loading=\"lazy\" decoding=\"async\" class=\"alignnone wp-image-993 size-thumbnail\" src=\"https:\/\/premiermedicalgrp.com\/wp-content\/uploads\/2013\/12\/mauijim_logo-150x150.jpg\" alt=\"maui jim sunglasses logo\" width=\"150\" height=\"150\" \/> <img loading=\"lazy\" decoding=\"async\" class=\"alignnone wp-image-994 size-thumbnail\" src=\"https:\/\/premiermedicalgrp.com\/wp-content\/uploads\/2013\/12\/michael-kors-logo-150x150.jpg\" alt=\"michael kors logo\" width=\"150\" height=\"150\" \/> <img loading=\"lazy\" decoding=\"async\" class=\"alignnone wp-image-995 size-thumbnail\" src=\"https:\/\/premiermedicalgrp.com\/wp-content\/uploads\/2013\/12\/nautica-122-logo-150x150.jpg\" alt=\"nautica logo\" width=\"150\" height=\"150\" \/> <img loading=\"lazy\" decoding=\"async\" class=\"alignnone wp-image-996 size-thumbnail\" src=\"https:\/\/premiermedicalgrp.com\/wp-content\/uploads\/2013\/12\/nike_logo11-150x150.jpg\" alt=\"nike logo\" width=\"150\" height=\"150\" \/> <img loading=\"lazy\" decoding=\"async\" class=\"alignnone wp-image-997 size-thumbnail\" src=\"https:\/\/premiermedicalgrp.com\/wp-content\/uploads\/2013\/12\/nine_west_leesburg_img-150x150.jpg\" alt=\"nine west logo\" width=\"150\" height=\"150\" \/> <img loading=\"lazy\" decoding=\"async\" class=\"alignnone wp-image-998 size-thumbnail\" src=\"https:\/\/premiermedicalgrp.com\/wp-content\/uploads\/2013\/12\/Perry-Ellis-150x150.jpg\" alt=\"Perry Ellis Logo\" width=\"150\" height=\"150\" \/> <img loading=\"lazy\" decoding=\"async\" class=\"alignnone wp-image-999 size-thumbnail\" src=\"https:\/\/premiermedicalgrp.com\/wp-content\/uploads\/2013\/12\/prada-logo1-150x150.jpg\" alt=\"prada milano logo\" width=\"150\" height=\"150\" \/> <img loading=\"lazy\" decoding=\"async\" class=\"alignnone wp-image-1000 size-thumbnail\" src=\"https:\/\/premiermedicalgrp.com\/wp-content\/uploads\/2013\/12\/ray-ban-logo-150x150.jpg\" alt=\"ray ban logo\" width=\"150\" height=\"150\" \/> <img loading=\"lazy\" decoding=\"async\" class=\"alignnone wp-image-1001 size-thumbnail\" src=\"https:\/\/premiermedicalgrp.com\/wp-content\/uploads\/2013\/12\/reeboklogo-150x150.jpg\" alt=\"reebok logo\" width=\"150\" height=\"150\" \/><img loading=\"lazy\" decoding=\"async\" class=\"alignnone wp-image-1008 size-full\" src=\"https:\/\/premiermedicalgrp.com\/wp-content\/uploads\/2013\/12\/Ted-Baker.jpg\" alt=\"Ted Baker London Logo\" width=\"200\" height=\"150\" \/> <img loading=\"lazy\" decoding=\"async\" class=\"alignnone size-medium wp-image-1002\" src=\"\/~prm\/wp-content\/uploads\/2013\/12\/VanHeusenLogoBLACK.jpg\" alt=\"VanHeusenLogoBLACK\" width=\"200\" height=\"150\" \/> <img loading=\"lazy\" decoding=\"async\" class=\"alignnone size-medium wp-image-1003\" src=\"\/~prm\/wp-content\/uploads\/2013\/12\/vera-bradley-logo-blog-post1.jpg\" alt=\"vera-bradley-logo-blog-post1\" width=\"200\" height=\"150\" \/> <img loading=\"lazy\" decoding=\"async\" class=\"alignnone size-full wp-image-1004\" src=\"\/~prm\/wp-content\/uploads\/2013\/12\/vera-wang-logo.jpg\" alt=\"vera-wang-logo\" width=\"200\" height=\"150\" \/> <img loading=\"lazy\" decoding=\"async\" class=\"alignnone size-medium\" src=\"https:\/\/upload.wikimedia.org\/wikipedia\/en\/d\/d3\/Tory_Burch_logo.jpg\" alt=\"\" width=\"200\" height=\"150\" \/><\/p>\n<p>Tambi\u00e9n contamos con estas incre\u00edbles marcas: <strong>Jimmy Choo, Juicy Couture, Ellen Tracy, Ann Taylor, Rio Ray, Elle, Adidas, Max Mara, Kay Unger, BCBGMAXAZRIA, Fossil, Versace, Cafe, Lightec, Crinne McCormack, Camelot, Tres Jolie, Jessica McClintock, Izod, Clear Vision, Humphrey, Pure T, Randolph Sunglasses, Fendi, Armani, Greg Norman, Lacoste, RealTree y Silhouette. Consulta la disponibilidad en nuestras diferentes sucursales.\u00a0<\/strong><\/p>","protected":false},"excerpt":{"rendered":"<p>Now carrying Tory Burch, Ann Taylor and Rio Ray sunglasses Premier Medical\u2019s optical shop offers top style, a superior fit and carries a variety of the latest leading eyeglass brands including: We also carry these incredible brands: Jimmy Choo, Juicy Couture, Ellen Tracy, Ann Taylor, Rio Ray, Elle, Adidas, Max Mara, Kay Unger, BCBGMAXAZRIA, Fossil, [&hellip;]<\/p>\n","protected":false},"author":1,"featured_media":0,"parent":112,"menu_order":79,"comment_status":"closed","ping_status":"closed","template":"","meta":{"_acf_changed":false,"footnotes":""},"class_list":["post-163","page","type-page","status-publish","hentry"],"acf":[],"yoast_head":"<!-- This site is optimized with the Yoast SEO plugin v27.3 - https:\/\/yoast.com\/product\/yoast-seo-wordpress\/ -->\n<title>Eyeglass Lenses | Premier Medical Group<\/title>\n<meta name=\"description\" content=\"Premier Medical Group has the latest trends in eyeglass lenses and frames so you can see clearly in style. Contact our eye doctors in Mobile AL today!\" \/>\n<meta name=\"robots\" content=\"index, follow, max-snippet:-1, max-image-preview:large, max-video-preview:-1\" \/>\n<link rel=\"canonical\" href=\"https:\/\/premiermedicalgrp.com\/es\/services\/eye\/optical\/eyeglass-brands\/\" \/>\n<meta property=\"og:locale\" content=\"es_MX\" \/>\n<meta property=\"og:type\" content=\"article\" \/>\n<meta property=\"og:title\" content=\"Eyeglass Lenses | Premier Medical Group\" \/>\n<meta property=\"og:description\" content=\"Premier Medical Group has the latest trends in eyeglass lenses and frames so you can see clearly in style. Contact our eye doctors in Mobile AL today!\" \/>\n<meta property=\"og:url\" content=\"https:\/\/premiermedicalgrp.com\/es\/services\/eye\/optical\/eyeglass-brands\/\" \/>\n<meta property=\"og:site_name\" content=\"Premier Medical Group | Eye &amp; ENT Specialists\" \/>\n<meta property=\"article:modified_time\" content=\"2021-02-12T22:48:11+00:00\" \/>\n<meta property=\"og:image\" content=\"https:\/\/premiermedicalgrp.com\/wp-content\/uploads\/2013\/12\/Bebe-logo-woreg.jpg\" \/>\n<script type=\"application\/ld+json\" class=\"yoast-schema-graph\">{\"@context\":\"https:\\\/\\\/schema.org\",\"@graph\":[{\"@type\":\"WebPage\",\"@id\":\"https:\\\/\\\/premiermedicalgrp.com\\\/services\\\/eye\\\/optical\\\/eyeglass-brands\\\/\",\"url\":\"https:\\\/\\\/premiermedicalgrp.com\\\/services\\\/eye\\\/optical\\\/eyeglass-brands\\\/\",\"name\":\"Eyeglass Lenses | Premier Medical Group\",\"isPartOf\":{\"@id\":\"https:\\\/\\\/pmg2024.wpenginepowered.com\\\/#website\"},\"primaryImageOfPage\":{\"@id\":\"https:\\\/\\\/premiermedicalgrp.com\\\/services\\\/eye\\\/optical\\\/eyeglass-brands\\\/#primaryimage\"},\"image\":{\"@id\":\"https:\\\/\\\/premiermedicalgrp.com\\\/services\\\/eye\\\/optical\\\/eyeglass-brands\\\/#primaryimage\"},\"thumbnailUrl\":\"https:\\\/\\\/premiermedicalgrp.com\\\/wp-content\\\/uploads\\\/2013\\\/12\\\/Bebe-logo-woreg.jpg\",\"datePublished\":\"2013-12-30T17:32:28+00:00\",\"dateModified\":\"2021-02-12T22:48:11+00:00\",\"description\":\"Premier Medical Group has the latest trends in eyeglass lenses and frames so you can see clearly in style. Contact our eye doctors in Mobile AL today!\",\"breadcrumb\":{\"@id\":\"https:\\\/\\\/premiermedicalgrp.com\\\/services\\\/eye\\\/optical\\\/eyeglass-brands\\\/#breadcrumb\"},\"inLanguage\":\"es\",\"potentialAction\":[{\"@type\":\"ReadAction\",\"target\":[\"https:\\\/\\\/premiermedicalgrp.com\\\/services\\\/eye\\\/optical\\\/eyeglass-brands\\\/\"]}]},{\"@type\":\"ImageObject\",\"inLanguage\":\"es\",\"@id\":\"https:\\\/\\\/premiermedicalgrp.com\\\/services\\\/eye\\\/optical\\\/eyeglass-brands\\\/#primaryimage\",\"url\":\"https:\\\/\\\/premiermedicalgrp.com\\\/wp-content\\\/uploads\\\/2013\\\/12\\\/Bebe-logo-woreg.jpg\",\"contentUrl\":\"https:\\\/\\\/premiermedicalgrp.com\\\/wp-content\\\/uploads\\\/2013\\\/12\\\/Bebe-logo-woreg.jpg\"},{\"@type\":\"BreadcrumbList\",\"@id\":\"https:\\\/\\\/premiermedicalgrp.com\\\/services\\\/eye\\\/optical\\\/eyeglass-brands\\\/#breadcrumb\",\"itemListElement\":[{\"@type\":\"ListItem\",\"position\":1,\"name\":\"Home\",\"item\":\"https:\\\/\\\/premiermedicalgrp.com\\\/\"},{\"@type\":\"ListItem\",\"position\":2,\"name\":\"Our Services\",\"item\":\"https:\\\/\\\/premiermedicalgrp.com\\\/services\\\/\"},{\"@type\":\"ListItem\",\"position\":3,\"name\":\"Eye Services\",\"item\":\"https:\\\/\\\/premiermedicalgrp.com\\\/services\\\/eye\\\/\"},{\"@type\":\"ListItem\",\"position\":4,\"name\":\"Optical\",\"item\":\"https:\\\/\\\/premiermedicalgrp.com\\\/services\\\/eye\\\/optical\\\/\"},{\"@type\":\"ListItem\",\"position\":5,\"name\":\"Eyeglass Brands\"}]},{\"@type\":\"WebSite\",\"@id\":\"https:\\\/\\\/pmg2024.wpenginepowered.com\\\/#website\",\"url\":\"https:\\\/\\\/pmg2024.wpenginepowered.com\\\/\",\"name\":\"Premier Medical Group | Eye &amp; ENT Specialists\",\"description\":\"Premier Medical Group | Eye &amp; ENT Specialists\",\"potentialAction\":[{\"@type\":\"SearchAction\",\"target\":{\"@type\":\"EntryPoint\",\"urlTemplate\":\"https:\\\/\\\/pmg2024.wpenginepowered.com\\\/?s={search_term_string}\"},\"query-input\":{\"@type\":\"PropertyValueSpecification\",\"valueRequired\":true,\"valueName\":\"search_term_string\"}}],\"inLanguage\":\"es\"}]}<\/script>\n<!-- \/ Yoast SEO plugin. -->","yoast_head_json":{"title":"Eyeglass Lenses | Premier Medical Group","description":"Premier Medical Group has the latest trends in eyeglass lenses and frames so you can see clearly in style. Contact our eye doctors in Mobile AL today!","robots":{"index":"index","follow":"follow","max-snippet":"max-snippet:-1","max-image-preview":"max-image-preview:large","max-video-preview":"max-video-preview:-1"},"canonical":"https:\/\/premiermedicalgrp.com\/es\/services\/eye\/optical\/eyeglass-brands\/","og_locale":"es_MX","og_type":"article","og_title":"Eyeglass Lenses | Premier Medical Group","og_description":"Premier Medical Group has the latest trends in eyeglass lenses and frames so you can see clearly in style. Contact our eye doctors in Mobile AL today!","og_url":"https:\/\/premiermedicalgrp.com\/es\/services\/eye\/optical\/eyeglass-brands\/","og_site_name":"Premier Medical Group | Eye &amp; ENT Specialists","article_modified_time":"2021-02-12T22:48:11+00:00","og_image":[{"url":"https:\/\/premiermedicalgrp.com\/wp-content\/uploads\/2013\/12\/Bebe-logo-woreg.jpg","type":"","width":"","height":""}],"schema":{"@context":"https:\/\/schema.org","@graph":[{"@type":"WebPage","@id":"https:\/\/premiermedicalgrp.com\/services\/eye\/optical\/eyeglass-brands\/","url":"https:\/\/premiermedicalgrp.com\/services\/eye\/optical\/eyeglass-brands\/","name":"Eyeglass Lenses | Premier Medical Group","isPartOf":{"@id":"https:\/\/pmg2024.wpenginepowered.com\/#website"},"primaryImageOfPage":{"@id":"https:\/\/premiermedicalgrp.com\/services\/eye\/optical\/eyeglass-brands\/#primaryimage"},"image":{"@id":"https:\/\/premiermedicalgrp.com\/services\/eye\/optical\/eyeglass-brands\/#primaryimage"},"thumbnailUrl":"https:\/\/premiermedicalgrp.com\/wp-content\/uploads\/2013\/12\/Bebe-logo-woreg.jpg","datePublished":"2013-12-30T17:32:28+00:00","dateModified":"2021-02-12T22:48:11+00:00","description":"Premier Medical Group has the latest trends in eyeglass lenses and frames so you can see clearly in style. Contact our eye doctors in Mobile AL today!","breadcrumb":{"@id":"https:\/\/premiermedicalgrp.com\/services\/eye\/optical\/eyeglass-brands\/#breadcrumb"},"inLanguage":"es","potentialAction":[{"@type":"ReadAction","target":["https:\/\/premiermedicalgrp.com\/services\/eye\/optical\/eyeglass-brands\/"]}]},{"@type":"ImageObject","inLanguage":"es","@id":"https:\/\/premiermedicalgrp.com\/services\/eye\/optical\/eyeglass-brands\/#primaryimage","url":"https:\/\/premiermedicalgrp.com\/wp-content\/uploads\/2013\/12\/Bebe-logo-woreg.jpg","contentUrl":"https:\/\/premiermedicalgrp.com\/wp-content\/uploads\/2013\/12\/Bebe-logo-woreg.jpg"},{"@type":"BreadcrumbList","@id":"https:\/\/premiermedicalgrp.com\/services\/eye\/optical\/eyeglass-brands\/#breadcrumb","itemListElement":[{"@type":"ListItem","position":1,"name":"Home","item":"https:\/\/premiermedicalgrp.com\/"},{"@type":"ListItem","position":2,"name":"Our Services","item":"https:\/\/premiermedicalgrp.com\/services\/"},{"@type":"ListItem","position":3,"name":"Eye Services","item":"https:\/\/premiermedicalgrp.com\/services\/eye\/"},{"@type":"ListItem","position":4,"name":"Optical","item":"https:\/\/premiermedicalgrp.com\/services\/eye\/optical\/"},{"@type":"ListItem","position":5,"name":"Eyeglass Brands"}]},{"@type":"WebSite","@id":"https:\/\/pmg2024.wpenginepowered.com\/#website","url":"https:\/\/pmg2024.wpenginepowered.com\/","name":"Premier Medical Group | Especialistas en otorrinolaringolog\u00eda y oftalmolog\u00eda","description":"Premier Medical Group | Especialistas en otorrinolaringolog\u00eda y oftalmolog\u00eda","potentialAction":[{"@type":"SearchAction","target":{"@type":"EntryPoint","urlTemplate":"https:\/\/pmg2024.wpenginepowered.com\/?s={search_term_string}"},"query-input":{"@type":"PropertyValueSpecification","valueRequired":true,"valueName":"search_term_string"}}],"inLanguage":"es"}]}},"_links":{"self":[{"href":"https:\/\/premiermedicalgrp.com\/es\/wp-json\/wp\/v2\/pages\/163","targetHints":{"allow":["GET"]}}],"collection":[{"href":"https:\/\/premiermedicalgrp.com\/es\/wp-json\/wp\/v2\/pages"}],"about":[{"href":"https:\/\/premiermedicalgrp.com\/es\/wp-json\/wp\/v2\/types\/page"}],"author":[{"embeddable":true,"href":"https:\/\/premiermedicalgrp.com\/es\/wp-json\/wp\/v2\/users\/1"}],"replies":[{"embeddable":true,"href":"https:\/\/premiermedicalgrp.com\/es\/wp-json\/wp\/v2\/comments?post=163"}],"version-history":[{"count":0,"href":"https:\/\/premiermedicalgrp.com\/es\/wp-json\/wp\/v2\/pages\/163\/revisions"}],"up":[{"embeddable":true,"href":"https:\/\/premiermedicalgrp.com\/es\/wp-json\/wp\/v2\/pages\/112"}],"wp:attachment":[{"href":"https:\/\/premiermedicalgrp.com\/es\/wp-json\/wp\/v2\/media?parent=163"}],"curies":[{"name":"wp","href":"https:\/\/api.w.org\/{rel}","templated":true}]}}