{"id":171,"date":"2013-12-30T17:36:22","date_gmt":"2013-12-30T17:36:22","guid":{"rendered":"\/?page_id=171"},"modified":"2021-02-12T16:27:46","modified_gmt":"2021-02-12T22:27:46","slug":"eyelid-eyebrow-surgery","status":"publish","type":"page","link":"https:\/\/premiermedicalgrp.com\/es\/services\/eye\/ophthalmology\/occulo-plastics\/eyelid-eyebrow-surgery\/","title":{"rendered":"Cirug\u00eda de p\u00e1rpados y cejas"},"content":{"rendered":"<h4><\/h4>\n<div class=\"rgg-container\" data-rgg-id=\"1\">    <div class=\"rgg-imagegrid captions-title captions-effect-none\" data-rgg-id=\"1\">\n                    <a href=\"https:\/\/premiermedicalgrp.com\/wp-content\/uploads\/2013\/12\/PRM-2020-Charles-F-Jones.jpg\" data-rel=\"rgg\" rel=\"rgg\" title=\"Dr. Charles F. Jones\" class=\"rgg-disabled size-medium rgg-img\" data-src=\"https:\/\/premiermedicalgrp.com\/wp-content\/uploads\/2013\/12\/PRM-2020-Charles-F-Jones-214x300.jpg\" data-ratio=\"0.713333333333\" data-height=\"300\" data-width=\"214\" aria-label=\"Retrato del doctor Charles F. Jones\">\n                            <\/a>\n                    <a href=\"https:\/\/premiermedicalgrp.com\/wp-content\/uploads\/2013\/12\/PRM-2020-Charles-S-Mosteller.jpg\" data-rel=\"rgg\" rel=\"rgg\" title=\"Dr. Charles S. Mosteller\" class=\"rgg-disabled size-medium rgg-img\" data-src=\"https:\/\/premiermedicalgrp.com\/wp-content\/uploads\/2013\/12\/PRM-2020-Charles-S-Mosteller-214x300.jpg\" data-ratio=\"0.713333333333\" data-height=\"300\" data-width=\"214\" aria-label=\"Retrato del Dr. Charles S. Mosteller\">\n                            <\/a>\n                    <a href=\"https:\/\/premiermedicalgrp.com\/wp-content\/uploads\/2013\/12\/PRM-2020-Valerie-L-Vick.jpg\" data-rel=\"rgg\" rel=\"rgg\" title=\"Dra. Valerie L. Vick, FACS\" class=\"rgg-disabled size-medium rgg-img\" data-src=\"https:\/\/premiermedicalgrp.com\/wp-content\/uploads\/2013\/12\/PRM-2020-Valerie-L-Vick-214x300.jpg\" data-ratio=\"0.713333333333\" data-height=\"300\" data-width=\"214\" aria-label=\"Valerie L. Vick, MD, FACS, retrato\">\n                            <\/a>\n            <\/div>\n<\/div>\n<h3><span style=\"color: #000000;\">Cirug\u00eda de p\u00e1rpados<\/span><\/h3>\n<p><span style=\"line-height: 1.5em; color: #000000;\">Los m\u00e9dicos de Premier Medical realizan una variedad de procedimientos dise\u00f1ados para mejorar la apariencia del p\u00e1rpado superior y la funcionalidad de los p\u00e1rpados superior e inferior. \u00a0\u00a0<\/span><\/p>\n<h3><span style=\"color: #000000;\">Dermatocalasia<\/span><\/h3>\n<p><span style=\"color: #000000;\">La dermatocalasia puede ser un problema funcional cuando la piel ca\u00edda obstruye el campo visual superior. Desde el punto de vista est\u00e9tico, se observa una sensaci\u00f3n de plenitud o pesadez en los p\u00e1rpados superiores, \u201cbolsas\u201d y arrugas en los p\u00e1rpados inferiores.<\/span><\/p>\n<h3><span style=\"color: #000000;\">Entropi\u00f3n<\/span><\/h3>\n<p><span style=\"color: #000000;\">El entropi\u00f3n es una afecci\u00f3n en la que el p\u00e1rpado se gira hacia adentro, lo que hace que las pesta\u00f1as rocen constantemente la c\u00f3rnea. El entropi\u00f3n se puede reparar tensando el p\u00e1rpado inferior.<\/span><\/p>\n<h3><span style=\"color: #000000;\">Ectropi\u00f3n<\/span><\/h3>\n<p><span style=\"color: #000000;\">El ectopi\u00f3n es una desviaci\u00f3n del p\u00e1rpado hacia afuera. Esto provoca una exposici\u00f3n cr\u00f3nica del ojo que puede provocar problemas graves en la c\u00f3rnea. Si bien los casos leves se pueden tratar con lubricaci\u00f3n artificial del ojo, se recomienda la cirug\u00eda para los casos m\u00e1s graves.<\/span><\/p>\n<h3><span style=\"color: #000000;\">\u00a0Cirug\u00eda de cejas<\/span><\/h3>\n<p><span style=\"color: #000000;\">El estiramiento de frente o \u201clevantamiento de cejas\u201d es un procedimiento que devuelve un aspecto m\u00e1s juvenil y fresco a la zona situada por encima de los ojos. Corrige las cejas ca\u00eddas y mejora los pliegues y surcos horizontales de la frente que pueden hacer que una persona parezca enojada, triste o cansada.<\/span><\/p>\n<p><span style=\"color: #000000;\">El procedimiento se realiza con mayor frecuencia para alisar la frente, levantar las cejas y minimizar los efectos visibles del envejecimiento. Las personas con afecciones hereditarias, como cejas bajas y pobladas o arrugas sobre la nariz, pueden lograr una apariencia m\u00e1s alerta y fresca con este procedimiento. A veces, los pacientes que creen que necesitan una cirug\u00eda de p\u00e1rpados superiores descubren que un estiramiento de frente se adapta mejor a sus objetivos.<\/span><\/p>\n<p><span style=\"color: #000000;\">Los pacientes calvos, con entradas en la l\u00ednea del cabello o que se han sometido previamente a una cirug\u00eda del p\u00e1rpado superior a\u00fan pueden ser buenos candidatos para el levantamiento de frente.<\/span><\/p>\n<p><span style=\"color: #000000;\">Consulte a su m\u00e9dico Premier Medical para decidir si usted es candidato para un levantamiento de cejas y qu\u00e9 opci\u00f3n quir\u00fargica es adecuada para usted.<\/span><\/p>\n<p><span style=\"color: #000000;\">\u00a0<\/span><\/p>\n<h4>M\u00e9dicos Oculopl\u00e1sticos que realizan Cirug\u00eda de P\u00e1rpados:<\/h4>\n<ul>\n<li><a href=\"https:\/\/premiermedicalgrp.com\/es\/physicians\/charles-jones-md\/\">Dr. Charles F. Jones<\/a><\/li>\n<li><a href=\"https:\/\/premiermedicalgrp.com\/es\/physicians\/charles-mosteller-md\/\">Dr. Charles S. Mosteller<\/a><\/li>\n<li><a href=\"https:\/\/premiermedicalgrp.com\/es\/physicians\/valerie-vick-md\/\">Dra. Valerie L. Vick<\/a><\/li>\n<\/ul>\n<h4>M\u00e9dico Oculopl\u00e1stico que realiza cirug\u00eda lagrimal y orbitaria:<\/h4>\n<ul>\n<li><a href=\"https:\/\/premiermedicalgrp.com\/es\/physicians\/valerie-vick-md\/\">Dra. Valerie L. Vick<\/a><\/li>\n<\/ul>\n<p>&nbsp;<\/p>","protected":false},"excerpt":{"rendered":"<p>Eyelid Surgery The physicians at Premier Medical perform a variety of procedures designed to improve the upper eyelid appearance and functionality of the upper and lower eyelids. \u00a0\u00a0 Dermatochalasis Dermatochalasis can be a functional problem when drooping skin obstructs the superior visual field.\u00a0 From a cosmetic standpoint, a fullness or heaviness of the upper eyelids, [&hellip;]<\/p>\n","protected":false},"author":1,"featured_media":0,"parent":175,"menu_order":58,"comment_status":"closed","ping_status":"closed","template":"","meta":{"_acf_changed":false,"footnotes":""},"class_list":["post-171","page","type-page","status-publish","hentry"],"acf":[],"yoast_head":"<!-- This site is optimized with the Yoast SEO plugin v27.4 - https:\/\/yoast.com\/product\/yoast-seo-wordpress\/ -->\n<title>Eyelid and Eyebrow Surgery - Premier Medical Group - Procedures<\/title>\n<meta name=\"description\" content=\"The physicians at Premier Medical perform a variety of procedures designed to improve the eyelid and eyebrow appearance. Also functionality of the eyelids.\" \/>\n<meta name=\"robots\" content=\"index, follow, max-snippet:-1, max-image-preview:large, max-video-preview:-1\" \/>\n<link rel=\"canonical\" href=\"https:\/\/premiermedicalgrp.com\/es\/services\/eye\/ophthalmology\/occulo-plastics\/eyelid-eyebrow-surgery\/\" \/>\n<meta property=\"og:locale\" content=\"es_MX\" \/>\n<meta property=\"og:type\" content=\"article\" \/>\n<meta property=\"og:title\" content=\"Eyelid and Eyebrow Surgery - Premier Medical Group - Procedures\" \/>\n<meta property=\"og:description\" content=\"The physicians at Premier Medical perform a variety of procedures designed to improve the eyelid and eyebrow appearance. Also functionality of the eyelids.\" \/>\n<meta property=\"og:url\" content=\"https:\/\/premiermedicalgrp.com\/es\/services\/eye\/ophthalmology\/occulo-plastics\/eyelid-eyebrow-surgery\/\" \/>\n<meta property=\"og:site_name\" content=\"Premier Medical Group | Eye &amp; ENT Specialists\" \/>\n<meta property=\"article:modified_time\" content=\"2021-02-12T22:27:46+00:00\" \/>\n<meta property=\"og:image\" content=\"https:\/\/premiermedicalgrp.com\/wp-content\/uploads\/2013\/12\/PRM-2020-Charles-F-Jones-214x300.jpg\" \/>\n<meta name=\"twitter:label1\" content=\"Est. reading time\" \/>\n\t<meta name=\"twitter:data1\" content=\"2 minutos\" \/>\n<script type=\"application\/ld+json\" class=\"yoast-schema-graph\">{\"@context\":\"https:\\\/\\\/schema.org\",\"@graph\":[{\"@type\":\"WebPage\",\"@id\":\"https:\\\/\\\/premiermedicalgrp.com\\\/services\\\/eye\\\/ophthalmology\\\/occulo-plastics\\\/eyelid-eyebrow-surgery\\\/\",\"url\":\"https:\\\/\\\/premiermedicalgrp.com\\\/services\\\/eye\\\/ophthalmology\\\/occulo-plastics\\\/eyelid-eyebrow-surgery\\\/\",\"name\":\"Eyelid and Eyebrow Surgery - Premier Medical Group - Procedures\",\"isPartOf\":{\"@id\":\"https:\\\/\\\/pmg2024.wpenginepowered.com\\\/#website\"},\"datePublished\":\"2013-12-30T17:36:22+00:00\",\"dateModified\":\"2021-02-12T22:27:46+00:00\",\"description\":\"The physicians at Premier Medical perform a variety of procedures designed to improve the eyelid and eyebrow appearance. Also functionality of the eyelids.\",\"breadcrumb\":{\"@id\":\"https:\\\/\\\/premiermedicalgrp.com\\\/services\\\/eye\\\/ophthalmology\\\/occulo-plastics\\\/eyelid-eyebrow-surgery\\\/#breadcrumb\"},\"inLanguage\":\"es\",\"potentialAction\":[{\"@type\":\"ReadAction\",\"target\":[\"https:\\\/\\\/premiermedicalgrp.com\\\/services\\\/eye\\\/ophthalmology\\\/occulo-plastics\\\/eyelid-eyebrow-surgery\\\/\"]}]},{\"@type\":\"BreadcrumbList\",\"@id\":\"https:\\\/\\\/premiermedicalgrp.com\\\/services\\\/eye\\\/ophthalmology\\\/occulo-plastics\\\/eyelid-eyebrow-surgery\\\/#breadcrumb\",\"itemListElement\":[{\"@type\":\"ListItem\",\"position\":1,\"name\":\"Home\",\"item\":\"https:\\\/\\\/premiermedicalgrp.com\\\/\"},{\"@type\":\"ListItem\",\"position\":2,\"name\":\"Our Services\",\"item\":\"https:\\\/\\\/premiermedicalgrp.com\\\/services\\\/\"},{\"@type\":\"ListItem\",\"position\":3,\"name\":\"Eye Services\",\"item\":\"https:\\\/\\\/premiermedicalgrp.com\\\/services\\\/eye\\\/\"},{\"@type\":\"ListItem\",\"position\":4,\"name\":\"Ophthalmology\",\"item\":\"https:\\\/\\\/premiermedicalgrp.com\\\/services\\\/eye\\\/ophthalmology\\\/\"},{\"@type\":\"ListItem\",\"position\":5,\"name\":\"Oculoplastics\\\/Eyelid Surgery\",\"item\":\"https:\\\/\\\/premiermedicalgrp.com\\\/services\\\/eye\\\/ophthalmology\\\/occulo-plastics\\\/\"},{\"@type\":\"ListItem\",\"position\":6,\"name\":\"Eyelid and Eyebrow Surgery\"}]},{\"@type\":\"WebSite\",\"@id\":\"https:\\\/\\\/pmg2024.wpenginepowered.com\\\/#website\",\"url\":\"https:\\\/\\\/pmg2024.wpenginepowered.com\\\/\",\"name\":\"Premier Medical Group | Eye &amp; ENT Specialists\",\"description\":\"Premier Medical Group | Eye &amp; ENT Specialists\",\"potentialAction\":[{\"@type\":\"SearchAction\",\"target\":{\"@type\":\"EntryPoint\",\"urlTemplate\":\"https:\\\/\\\/pmg2024.wpenginepowered.com\\\/?s={search_term_string}\"},\"query-input\":{\"@type\":\"PropertyValueSpecification\",\"valueRequired\":true,\"valueName\":\"search_term_string\"}}],\"inLanguage\":\"es\"}]}<\/script>\n<!-- \/ Yoast SEO plugin. -->","yoast_head_json":{"title":"Eyelid and Eyebrow Surgery - Premier Medical Group - Procedures","description":"The physicians at Premier Medical perform a variety of procedures designed to improve the eyelid and eyebrow appearance. Also functionality of the eyelids.","robots":{"index":"index","follow":"follow","max-snippet":"max-snippet:-1","max-image-preview":"max-image-preview:large","max-video-preview":"max-video-preview:-1"},"canonical":"https:\/\/premiermedicalgrp.com\/es\/services\/eye\/ophthalmology\/occulo-plastics\/eyelid-eyebrow-surgery\/","og_locale":"es_MX","og_type":"article","og_title":"Eyelid and Eyebrow Surgery - Premier Medical Group - Procedures","og_description":"The physicians at Premier Medical perform a variety of procedures designed to improve the eyelid and eyebrow appearance. Also functionality of the eyelids.","og_url":"https:\/\/premiermedicalgrp.com\/es\/services\/eye\/ophthalmology\/occulo-plastics\/eyelid-eyebrow-surgery\/","og_site_name":"Premier Medical Group | Eye &amp; ENT Specialists","article_modified_time":"2021-02-12T22:27:46+00:00","og_image":[{"url":"https:\/\/premiermedicalgrp.com\/wp-content\/uploads\/2013\/12\/PRM-2020-Charles-F-Jones-214x300.jpg","type":"","width":"","height":""}],"twitter_misc":{"Est. reading time":"2 minutos"},"schema":{"@context":"https:\/\/schema.org","@graph":[{"@type":"WebPage","@id":"https:\/\/premiermedicalgrp.com\/services\/eye\/ophthalmology\/occulo-plastics\/eyelid-eyebrow-surgery\/","url":"https:\/\/premiermedicalgrp.com\/services\/eye\/ophthalmology\/occulo-plastics\/eyelid-eyebrow-surgery\/","name":"Eyelid and Eyebrow Surgery - Premier Medical Group - Procedures","isPartOf":{"@id":"https:\/\/pmg2024.wpenginepowered.com\/#website"},"datePublished":"2013-12-30T17:36:22+00:00","dateModified":"2021-02-12T22:27:46+00:00","description":"The physicians at Premier Medical perform a variety of procedures designed to improve the eyelid and eyebrow appearance. Also functionality of the eyelids.","breadcrumb":{"@id":"https:\/\/premiermedicalgrp.com\/services\/eye\/ophthalmology\/occulo-plastics\/eyelid-eyebrow-surgery\/#breadcrumb"},"inLanguage":"es","potentialAction":[{"@type":"ReadAction","target":["https:\/\/premiermedicalgrp.com\/services\/eye\/ophthalmology\/occulo-plastics\/eyelid-eyebrow-surgery\/"]}]},{"@type":"BreadcrumbList","@id":"https:\/\/premiermedicalgrp.com\/services\/eye\/ophthalmology\/occulo-plastics\/eyelid-eyebrow-surgery\/#breadcrumb","itemListElement":[{"@type":"ListItem","position":1,"name":"Home","item":"https:\/\/premiermedicalgrp.com\/"},{"@type":"ListItem","position":2,"name":"Our Services","item":"https:\/\/premiermedicalgrp.com\/services\/"},{"@type":"ListItem","position":3,"name":"Eye Services","item":"https:\/\/premiermedicalgrp.com\/services\/eye\/"},{"@type":"ListItem","position":4,"name":"Ophthalmology","item":"https:\/\/premiermedicalgrp.com\/services\/eye\/ophthalmology\/"},{"@type":"ListItem","position":5,"name":"Oculoplastics\/Eyelid Surgery","item":"https:\/\/premiermedicalgrp.com\/services\/eye\/ophthalmology\/occulo-plastics\/"},{"@type":"ListItem","position":6,"name":"Eyelid and Eyebrow Surgery"}]},{"@type":"WebSite","@id":"https:\/\/pmg2024.wpenginepowered.com\/#website","url":"https:\/\/pmg2024.wpenginepowered.com\/","name":"Premier Medical Group | Especialistas en otorrinolaringolog\u00eda y oftalmolog\u00eda","description":"Premier Medical Group | Especialistas en otorrinolaringolog\u00eda y oftalmolog\u00eda","potentialAction":[{"@type":"SearchAction","target":{"@type":"EntryPoint","urlTemplate":"https:\/\/pmg2024.wpenginepowered.com\/?s={search_term_string}"},"query-input":{"@type":"PropertyValueSpecification","valueRequired":true,"valueName":"search_term_string"}}],"inLanguage":"es"}]}},"_links":{"self":[{"href":"https:\/\/premiermedicalgrp.com\/es\/wp-json\/wp\/v2\/pages\/171","targetHints":{"allow":["GET"]}}],"collection":[{"href":"https:\/\/premiermedicalgrp.com\/es\/wp-json\/wp\/v2\/pages"}],"about":[{"href":"https:\/\/premiermedicalgrp.com\/es\/wp-json\/wp\/v2\/types\/page"}],"author":[{"embeddable":true,"href":"https:\/\/premiermedicalgrp.com\/es\/wp-json\/wp\/v2\/users\/1"}],"replies":[{"embeddable":true,"href":"https:\/\/premiermedicalgrp.com\/es\/wp-json\/wp\/v2\/comments?post=171"}],"version-history":[{"count":0,"href":"https:\/\/premiermedicalgrp.com\/es\/wp-json\/wp\/v2\/pages\/171\/revisions"}],"up":[{"embeddable":true,"href":"https:\/\/premiermedicalgrp.com\/es\/wp-json\/wp\/v2\/pages\/175"}],"wp:attachment":[{"href":"https:\/\/premiermedicalgrp.com\/es\/wp-json\/wp\/v2\/media?parent=171"}],"curies":[{"name":"wp","href":"https:\/\/api.w.org\/{rel}","templated":true}]}}