{"id":1741,"date":"2014-06-06T13:17:49","date_gmt":"2014-06-06T18:17:49","guid":{"rendered":"http:\/\/pmg2024.wpenginepowered.com\/?page_id=1741"},"modified":"2019-09-04T13:57:18","modified_gmt":"2019-09-04T18:57:18","slug":"prk","status":"publish","type":"page","link":"https:\/\/premiermedicalgrp.com\/es\/services\/eye\/ophthalmology\/laser-vision\/prk\/","title":{"rendered":"PRK"},"content":{"rendered":"<p><span style=\"color: #000000;\">La queratectom\u00eda fotorrefractiva (PRK) fue la forma original de correcci\u00f3n de la visi\u00f3n con l\u00e1ser excimer para corregir la miop\u00eda, el astigmatismo y, ahora, la hipermetrop\u00eda. Implica un l\u00e1ser excimer de longitud de onda ultravioleta no t\u00e9rmica para remodelar la superficie de la c\u00f3rnea para corregir estos errores refractivos. Esta cirug\u00eda suele tardar menos de cinco minutos por ojo y tiene un per\u00edodo de curaci\u00f3n prolongado que requiere una lente de contacto con vendaje durante tres a cinco d\u00edas despu\u00e9s de la cirug\u00eda, un tratamiento prolongado con esteroides t\u00f3picos durante uno a dos meses y una mejora lenta de la funci\u00f3n visual a lo largo de varios d\u00edas a varias semanas.<\/span><\/p>","protected":false},"excerpt":{"rendered":"<p>Photo-Refractive Keratectomy (PRK) was the original form of excimer laser vision correction to correct nearsightedness, astigmatism, and now farsightedness. It involves a non-thermal ultraviolet wave length excimer laser to reshape the surface of the cornea for correction of these refractive errors. This surgery typically takes less than five minutes per eye and has a prolonged [&hellip;]<\/p>\n","protected":false},"author":1,"featured_media":0,"parent":1492,"menu_order":34,"comment_status":"closed","ping_status":"closed","template":"","meta":{"_acf_changed":false,"footnotes":""},"class_list":["post-1741","page","type-page","status-publish","hentry"],"acf":[],"yoast_head":"<!-- This site is optimized with the Yoast SEO plugin v27.3 - https:\/\/yoast.com\/product\/yoast-seo-wordpress\/ -->\n<title>LASIK for PRK | Premier Medical Group<\/title>\n<meta name=\"description\" content=\"If you suffer from PRK, then Premier Medical Group&#039;s LASIK eye surgery solutions just might be the kind of care you need to help correct your vision. Call us today!\" \/>\n<meta name=\"robots\" content=\"index, follow, max-snippet:-1, max-image-preview:large, max-video-preview:-1\" \/>\n<link rel=\"canonical\" href=\"https:\/\/premiermedicalgrp.com\/es\/services\/eye\/ophthalmology\/laser-vision\/prk\/\" \/>\n<meta property=\"og:locale\" content=\"es_MX\" \/>\n<meta property=\"og:type\" content=\"article\" \/>\n<meta property=\"og:title\" content=\"LASIK for PRK | Premier Medical Group\" \/>\n<meta property=\"og:description\" content=\"If you suffer from PRK, then Premier Medical Group&#039;s LASIK eye surgery solutions just might be the kind of care you need to help correct your vision. Call us today!\" \/>\n<meta property=\"og:url\" content=\"https:\/\/premiermedicalgrp.com\/es\/services\/eye\/ophthalmology\/laser-vision\/prk\/\" \/>\n<meta property=\"og:site_name\" content=\"Premier Medical Group | Eye &amp; ENT Specialists\" \/>\n<meta property=\"article:modified_time\" content=\"2019-09-04T18:57:18+00:00\" \/>\n<script type=\"application\/ld+json\" class=\"yoast-schema-graph\">{\"@context\":\"https:\\\/\\\/schema.org\",\"@graph\":[{\"@type\":\"WebPage\",\"@id\":\"https:\\\/\\\/premiermedicalgrp.com\\\/services\\\/eye\\\/ophthalmology\\\/laser-vision\\\/prk\\\/\",\"url\":\"https:\\\/\\\/premiermedicalgrp.com\\\/services\\\/eye\\\/ophthalmology\\\/laser-vision\\\/prk\\\/\",\"name\":\"LASIK for PRK | Premier Medical Group\",\"isPartOf\":{\"@id\":\"https:\\\/\\\/pmg2024.wpenginepowered.com\\\/#website\"},\"datePublished\":\"2014-06-06T18:17:49+00:00\",\"dateModified\":\"2019-09-04T18:57:18+00:00\",\"description\":\"If you suffer from PRK, then Premier Medical Group's LASIK eye surgery solutions just might be the kind of care you need to help correct your vision. Call us today!\",\"breadcrumb\":{\"@id\":\"https:\\\/\\\/premiermedicalgrp.com\\\/services\\\/eye\\\/ophthalmology\\\/laser-vision\\\/prk\\\/#breadcrumb\"},\"inLanguage\":\"es\",\"potentialAction\":[{\"@type\":\"ReadAction\",\"target\":[\"https:\\\/\\\/premiermedicalgrp.com\\\/services\\\/eye\\\/ophthalmology\\\/laser-vision\\\/prk\\\/\"]}]},{\"@type\":\"BreadcrumbList\",\"@id\":\"https:\\\/\\\/premiermedicalgrp.com\\\/services\\\/eye\\\/ophthalmology\\\/laser-vision\\\/prk\\\/#breadcrumb\",\"itemListElement\":[{\"@type\":\"ListItem\",\"position\":1,\"name\":\"Home\",\"item\":\"https:\\\/\\\/premiermedicalgrp.com\\\/\"},{\"@type\":\"ListItem\",\"position\":2,\"name\":\"Our Services\",\"item\":\"https:\\\/\\\/premiermedicalgrp.com\\\/services\\\/\"},{\"@type\":\"ListItem\",\"position\":3,\"name\":\"Eye Services\",\"item\":\"https:\\\/\\\/premiermedicalgrp.com\\\/services\\\/eye\\\/\"},{\"@type\":\"ListItem\",\"position\":4,\"name\":\"Ophthalmology\",\"item\":\"https:\\\/\\\/premiermedicalgrp.com\\\/services\\\/eye\\\/ophthalmology\\\/\"},{\"@type\":\"ListItem\",\"position\":5,\"name\":\"Refractive Surgery\",\"item\":\"https:\\\/\\\/premiermedicalgrp.com\\\/services\\\/eye\\\/ophthalmology\\\/laser-vision\\\/\"},{\"@type\":\"ListItem\",\"position\":6,\"name\":\"PRK\"}]},{\"@type\":\"WebSite\",\"@id\":\"https:\\\/\\\/pmg2024.wpenginepowered.com\\\/#website\",\"url\":\"https:\\\/\\\/pmg2024.wpenginepowered.com\\\/\",\"name\":\"Premier Medical Group | Eye &amp; ENT Specialists\",\"description\":\"Premier Medical Group | Eye &amp; ENT Specialists\",\"potentialAction\":[{\"@type\":\"SearchAction\",\"target\":{\"@type\":\"EntryPoint\",\"urlTemplate\":\"https:\\\/\\\/pmg2024.wpenginepowered.com\\\/?s={search_term_string}\"},\"query-input\":{\"@type\":\"PropertyValueSpecification\",\"valueRequired\":true,\"valueName\":\"search_term_string\"}}],\"inLanguage\":\"es\"}]}<\/script>\n<!-- \/ Yoast SEO plugin. -->","yoast_head_json":{"title":"LASIK for PRK | Premier Medical Group","description":"If you suffer from PRK, then Premier Medical Group's LASIK eye surgery solutions just might be the kind of care you need to help correct your vision. Call us today!","robots":{"index":"index","follow":"follow","max-snippet":"max-snippet:-1","max-image-preview":"max-image-preview:large","max-video-preview":"max-video-preview:-1"},"canonical":"https:\/\/premiermedicalgrp.com\/es\/services\/eye\/ophthalmology\/laser-vision\/prk\/","og_locale":"es_MX","og_type":"article","og_title":"LASIK for PRK | Premier Medical Group","og_description":"If you suffer from PRK, then Premier Medical Group's LASIK eye surgery solutions just might be the kind of care you need to help correct your vision. Call us today!","og_url":"https:\/\/premiermedicalgrp.com\/es\/services\/eye\/ophthalmology\/laser-vision\/prk\/","og_site_name":"Premier Medical Group | Eye &amp; ENT Specialists","article_modified_time":"2019-09-04T18:57:18+00:00","schema":{"@context":"https:\/\/schema.org","@graph":[{"@type":"WebPage","@id":"https:\/\/premiermedicalgrp.com\/services\/eye\/ophthalmology\/laser-vision\/prk\/","url":"https:\/\/premiermedicalgrp.com\/services\/eye\/ophthalmology\/laser-vision\/prk\/","name":"LASIK for PRK | Premier Medical Group","isPartOf":{"@id":"https:\/\/pmg2024.wpenginepowered.com\/#website"},"datePublished":"2014-06-06T18:17:49+00:00","dateModified":"2019-09-04T18:57:18+00:00","description":"If you suffer from PRK, then Premier Medical Group's LASIK eye surgery solutions just might be the kind of care you need to help correct your vision. Call us today!","breadcrumb":{"@id":"https:\/\/premiermedicalgrp.com\/services\/eye\/ophthalmology\/laser-vision\/prk\/#breadcrumb"},"inLanguage":"es","potentialAction":[{"@type":"ReadAction","target":["https:\/\/premiermedicalgrp.com\/services\/eye\/ophthalmology\/laser-vision\/prk\/"]}]},{"@type":"BreadcrumbList","@id":"https:\/\/premiermedicalgrp.com\/services\/eye\/ophthalmology\/laser-vision\/prk\/#breadcrumb","itemListElement":[{"@type":"ListItem","position":1,"name":"Home","item":"https:\/\/premiermedicalgrp.com\/"},{"@type":"ListItem","position":2,"name":"Our Services","item":"https:\/\/premiermedicalgrp.com\/services\/"},{"@type":"ListItem","position":3,"name":"Eye Services","item":"https:\/\/premiermedicalgrp.com\/services\/eye\/"},{"@type":"ListItem","position":4,"name":"Ophthalmology","item":"https:\/\/premiermedicalgrp.com\/services\/eye\/ophthalmology\/"},{"@type":"ListItem","position":5,"name":"Refractive Surgery","item":"https:\/\/premiermedicalgrp.com\/services\/eye\/ophthalmology\/laser-vision\/"},{"@type":"ListItem","position":6,"name":"PRK"}]},{"@type":"WebSite","@id":"https:\/\/pmg2024.wpenginepowered.com\/#website","url":"https:\/\/pmg2024.wpenginepowered.com\/","name":"Premier Medical Group | Especialistas en otorrinolaringolog\u00eda y oftalmolog\u00eda","description":"Premier Medical Group | Especialistas en otorrinolaringolog\u00eda y oftalmolog\u00eda","potentialAction":[{"@type":"SearchAction","target":{"@type":"EntryPoint","urlTemplate":"https:\/\/pmg2024.wpenginepowered.com\/?s={search_term_string}"},"query-input":{"@type":"PropertyValueSpecification","valueRequired":true,"valueName":"search_term_string"}}],"inLanguage":"es"}]}},"_links":{"self":[{"href":"https:\/\/premiermedicalgrp.com\/es\/wp-json\/wp\/v2\/pages\/1741","targetHints":{"allow":["GET"]}}],"collection":[{"href":"https:\/\/premiermedicalgrp.com\/es\/wp-json\/wp\/v2\/pages"}],"about":[{"href":"https:\/\/premiermedicalgrp.com\/es\/wp-json\/wp\/v2\/types\/page"}],"author":[{"embeddable":true,"href":"https:\/\/premiermedicalgrp.com\/es\/wp-json\/wp\/v2\/users\/1"}],"replies":[{"embeddable":true,"href":"https:\/\/premiermedicalgrp.com\/es\/wp-json\/wp\/v2\/comments?post=1741"}],"version-history":[{"count":0,"href":"https:\/\/premiermedicalgrp.com\/es\/wp-json\/wp\/v2\/pages\/1741\/revisions"}],"up":[{"embeddable":true,"href":"https:\/\/premiermedicalgrp.com\/es\/wp-json\/wp\/v2\/pages\/1492"}],"wp:attachment":[{"href":"https:\/\/premiermedicalgrp.com\/es\/wp-json\/wp\/v2\/media?parent=1741"}],"curies":[{"name":"wp","href":"https:\/\/api.w.org\/{rel}","templated":true}]}}