{"id":184,"date":"2013-12-30T17:42:05","date_gmt":"2013-12-30T17:42:05","guid":{"rendered":"\/?page_id=184"},"modified":"2014-06-26T11:12:44","modified_gmt":"2014-06-26T16:12:44","slug":"nose","status":"publish","type":"page","link":"https:\/\/premiermedicalgrp.com\/es\/services\/ent\/otorhinolaryngology\/nose\/","title":{"rendered":"La nariz"},"content":{"rendered":"<p><span style=\"color: #000000;\">El cuidado de la cavidad nasal y los senos paranasales es una de las principales competencias de los otorrinolaring\u00f3logos. Su experiencia en el \u00e1rea nasal incluye el tratamiento de las alergias, el sentido del olfato, los problemas sinusales, la respiraci\u00f3n e incluso la apariencia de la nariz.<\/span><\/p>\n<p><span style=\"color: #000000;\">La sinusitis cr\u00f3nica es una de las dolencias m\u00e1s comunes en Estados Unidos. Otros problemas en la zona nasal pueden manifestarse como p\u00e9rdida del olfato, dificultad para respirar, p\u00f3lipos, fractura de nariz y obstrucciones nasales debido a una desviaci\u00f3n del tabique nasal.<\/span><\/p>\n<p><span style=\"color: #000000;\">Estas afecciones suelen tratarse con esteroides, gotas nasales y medicamentos, pero a veces es necesaria una cirug\u00eda. Los m\u00e9dicos de Premier Medical est\u00e1n capacitados en una variedad de procedimientos quir\u00fargicos, como cirug\u00eda de los senos nasales, rinoplastia para corregir la apariencia y la funci\u00f3n de la nariz y septoplastia para corregir un tabique nasal desviado.<\/span><\/p>","protected":false},"excerpt":{"rendered":"<p>Care of the nasal cavity and sinuses is one of the primary skills of otolaryngologists. Their expertise in the nasal area includes management of allergies, sense of smell, sinus issues, breathing and even the appearance of the nose. Chronic sinusitis is one of the most common health complaints in America. Other problems in the nasal [&hellip;]<\/p>\n","protected":false},"author":1,"featured_media":0,"parent":179,"menu_order":83,"comment_status":"closed","ping_status":"closed","template":"","meta":{"_acf_changed":false,"footnotes":""},"class_list":["post-184","page","type-page","status-publish","hentry"],"acf":[],"yoast_head":"<!-- This site is optimized with the Yoast SEO plugin v27.3 - https:\/\/yoast.com\/product\/yoast-seo-wordpress\/ -->\n<title>The Nose - Premier Medical Group - Breathing, Sinus, Smell, Appearance<\/title>\n<meta name=\"description\" content=\"Searching for the cure for your noses allergies, sense of smell, sinus issues, breathing and appearance? Contact Premier Medical &#039;s nose specialists.\" \/>\n<meta name=\"robots\" content=\"index, follow, max-snippet:-1, max-image-preview:large, max-video-preview:-1\" \/>\n<link rel=\"canonical\" href=\"https:\/\/premiermedicalgrp.com\/es\/services\/ent\/otorhinolaryngology\/nose\/\" \/>\n<meta property=\"og:locale\" content=\"es_MX\" \/>\n<meta property=\"og:type\" content=\"article\" \/>\n<meta property=\"og:title\" content=\"The Nose - Premier Medical Group - Breathing, Sinus, Smell, Appearance\" \/>\n<meta property=\"og:description\" content=\"Searching for the cure for your noses allergies, sense of smell, sinus issues, breathing and appearance? Contact Premier Medical &#039;s nose specialists.\" \/>\n<meta property=\"og:url\" content=\"https:\/\/premiermedicalgrp.com\/es\/services\/ent\/otorhinolaryngology\/nose\/\" \/>\n<meta property=\"og:site_name\" content=\"Premier Medical Group | Eye &amp; ENT Specialists\" \/>\n<meta property=\"article:modified_time\" content=\"2014-06-26T16:12:44+00:00\" \/>\n<meta name=\"twitter:label1\" content=\"Est. reading time\" \/>\n\t<meta name=\"twitter:data1\" content=\"1 minuto\" \/>\n<script type=\"application\/ld+json\" class=\"yoast-schema-graph\">{\"@context\":\"https:\\\/\\\/schema.org\",\"@graph\":[{\"@type\":\"WebPage\",\"@id\":\"https:\\\/\\\/premiermedicalgrp.com\\\/services\\\/ent\\\/otorhinolaryngology\\\/nose\\\/\",\"url\":\"https:\\\/\\\/premiermedicalgrp.com\\\/services\\\/ent\\\/otorhinolaryngology\\\/nose\\\/\",\"name\":\"The Nose - Premier Medical Group - Breathing, Sinus, Smell, Appearance\",\"isPartOf\":{\"@id\":\"https:\\\/\\\/pmg2024.wpenginepowered.com\\\/#website\"},\"datePublished\":\"2013-12-30T17:42:05+00:00\",\"dateModified\":\"2014-06-26T16:12:44+00:00\",\"description\":\"Searching for the cure for your noses allergies, sense of smell, sinus issues, breathing and appearance? Contact Premier Medical 's nose specialists.\",\"breadcrumb\":{\"@id\":\"https:\\\/\\\/premiermedicalgrp.com\\\/services\\\/ent\\\/otorhinolaryngology\\\/nose\\\/#breadcrumb\"},\"inLanguage\":\"es\",\"potentialAction\":[{\"@type\":\"ReadAction\",\"target\":[\"https:\\\/\\\/premiermedicalgrp.com\\\/services\\\/ent\\\/otorhinolaryngology\\\/nose\\\/\"]}]},{\"@type\":\"BreadcrumbList\",\"@id\":\"https:\\\/\\\/premiermedicalgrp.com\\\/services\\\/ent\\\/otorhinolaryngology\\\/nose\\\/#breadcrumb\",\"itemListElement\":[{\"@type\":\"ListItem\",\"position\":1,\"name\":\"Home\",\"item\":\"https:\\\/\\\/premiermedicalgrp.com\\\/\"},{\"@type\":\"ListItem\",\"position\":2,\"name\":\"Our Services\",\"item\":\"https:\\\/\\\/premiermedicalgrp.com\\\/services\\\/\"},{\"@type\":\"ListItem\",\"position\":3,\"name\":\"ENT Services\",\"item\":\"https:\\\/\\\/premiermedicalgrp.com\\\/services\\\/ent\\\/\"},{\"@type\":\"ListItem\",\"position\":4,\"name\":\"Otolaryngology\",\"item\":\"https:\\\/\\\/premiermedicalgrp.com\\\/services\\\/ent\\\/otorhinolaryngology\\\/\"},{\"@type\":\"ListItem\",\"position\":5,\"name\":\"The Nose\"}]},{\"@type\":\"WebSite\",\"@id\":\"https:\\\/\\\/pmg2024.wpenginepowered.com\\\/#website\",\"url\":\"https:\\\/\\\/pmg2024.wpenginepowered.com\\\/\",\"name\":\"Premier Medical Group | Eye &amp; ENT Specialists\",\"description\":\"Premier Medical Group | Eye &amp; ENT Specialists\",\"potentialAction\":[{\"@type\":\"SearchAction\",\"target\":{\"@type\":\"EntryPoint\",\"urlTemplate\":\"https:\\\/\\\/pmg2024.wpenginepowered.com\\\/?s={search_term_string}\"},\"query-input\":{\"@type\":\"PropertyValueSpecification\",\"valueRequired\":true,\"valueName\":\"search_term_string\"}}],\"inLanguage\":\"es\"}]}<\/script>\n<!-- \/ Yoast SEO plugin. -->","yoast_head_json":{"title":"The Nose - Premier Medical Group - Breathing, Sinus, Smell, Appearance","description":"Searching for the cure for your noses allergies, sense of smell, sinus issues, breathing and appearance? Contact Premier Medical 's nose specialists.","robots":{"index":"index","follow":"follow","max-snippet":"max-snippet:-1","max-image-preview":"max-image-preview:large","max-video-preview":"max-video-preview:-1"},"canonical":"https:\/\/premiermedicalgrp.com\/es\/services\/ent\/otorhinolaryngology\/nose\/","og_locale":"es_MX","og_type":"article","og_title":"The Nose - Premier Medical Group - Breathing, Sinus, Smell, Appearance","og_description":"Searching for the cure for your noses allergies, sense of smell, sinus issues, breathing and appearance? Contact Premier Medical 's nose specialists.","og_url":"https:\/\/premiermedicalgrp.com\/es\/services\/ent\/otorhinolaryngology\/nose\/","og_site_name":"Premier Medical Group | Eye &amp; ENT Specialists","article_modified_time":"2014-06-26T16:12:44+00:00","twitter_misc":{"Est. reading time":"1 minuto"},"schema":{"@context":"https:\/\/schema.org","@graph":[{"@type":"WebPage","@id":"https:\/\/premiermedicalgrp.com\/services\/ent\/otorhinolaryngology\/nose\/","url":"https:\/\/premiermedicalgrp.com\/services\/ent\/otorhinolaryngology\/nose\/","name":"The Nose - Premier Medical Group - Breathing, Sinus, Smell, Appearance","isPartOf":{"@id":"https:\/\/pmg2024.wpenginepowered.com\/#website"},"datePublished":"2013-12-30T17:42:05+00:00","dateModified":"2014-06-26T16:12:44+00:00","description":"Searching for the cure for your noses allergies, sense of smell, sinus issues, breathing and appearance? Contact Premier Medical 's nose specialists.","breadcrumb":{"@id":"https:\/\/premiermedicalgrp.com\/services\/ent\/otorhinolaryngology\/nose\/#breadcrumb"},"inLanguage":"es","potentialAction":[{"@type":"ReadAction","target":["https:\/\/premiermedicalgrp.com\/services\/ent\/otorhinolaryngology\/nose\/"]}]},{"@type":"BreadcrumbList","@id":"https:\/\/premiermedicalgrp.com\/services\/ent\/otorhinolaryngology\/nose\/#breadcrumb","itemListElement":[{"@type":"ListItem","position":1,"name":"Home","item":"https:\/\/premiermedicalgrp.com\/"},{"@type":"ListItem","position":2,"name":"Our Services","item":"https:\/\/premiermedicalgrp.com\/services\/"},{"@type":"ListItem","position":3,"name":"ENT Services","item":"https:\/\/premiermedicalgrp.com\/services\/ent\/"},{"@type":"ListItem","position":4,"name":"Otolaryngology","item":"https:\/\/premiermedicalgrp.com\/services\/ent\/otorhinolaryngology\/"},{"@type":"ListItem","position":5,"name":"The Nose"}]},{"@type":"WebSite","@id":"https:\/\/pmg2024.wpenginepowered.com\/#website","url":"https:\/\/pmg2024.wpenginepowered.com\/","name":"Premier Medical Group | Especialistas en otorrinolaringolog\u00eda y oftalmolog\u00eda","description":"Premier Medical Group | Especialistas en otorrinolaringolog\u00eda y oftalmolog\u00eda","potentialAction":[{"@type":"SearchAction","target":{"@type":"EntryPoint","urlTemplate":"https:\/\/pmg2024.wpenginepowered.com\/?s={search_term_string}"},"query-input":{"@type":"PropertyValueSpecification","valueRequired":true,"valueName":"search_term_string"}}],"inLanguage":"es"}]}},"_links":{"self":[{"href":"https:\/\/premiermedicalgrp.com\/es\/wp-json\/wp\/v2\/pages\/184","targetHints":{"allow":["GET"]}}],"collection":[{"href":"https:\/\/premiermedicalgrp.com\/es\/wp-json\/wp\/v2\/pages"}],"about":[{"href":"https:\/\/premiermedicalgrp.com\/es\/wp-json\/wp\/v2\/types\/page"}],"author":[{"embeddable":true,"href":"https:\/\/premiermedicalgrp.com\/es\/wp-json\/wp\/v2\/users\/1"}],"replies":[{"embeddable":true,"href":"https:\/\/premiermedicalgrp.com\/es\/wp-json\/wp\/v2\/comments?post=184"}],"version-history":[{"count":0,"href":"https:\/\/premiermedicalgrp.com\/es\/wp-json\/wp\/v2\/pages\/184\/revisions"}],"up":[{"embeddable":true,"href":"https:\/\/premiermedicalgrp.com\/es\/wp-json\/wp\/v2\/pages\/179"}],"wp:attachment":[{"href":"https:\/\/premiermedicalgrp.com\/es\/wp-json\/wp\/v2\/media?parent=184"}],"curies":[{"name":"wp","href":"https:\/\/api.w.org\/{rel}","templated":true}]}}