{"id":1992,"date":"2014-07-25T15:11:41","date_gmt":"2014-07-25T20:11:41","guid":{"rendered":"http:\/\/pmg2024.wpenginepowered.com\/?page_id=1992"},"modified":"2015-03-11T16:23:02","modified_gmt":"2015-03-11T21:23:02","slug":"eye-conditions","status":"publish","type":"page","link":"https:\/\/premiermedicalgrp.com\/es\/services\/eye\/optometry\/eye-conditions\/","title":{"rendered":"Afecciones oculares"},"content":{"rendered":"<p><span style=\"color: #000000;\">La siguiente es una lista de afecciones oculares comunes:<\/span><\/p>\n<p><span style=\"color: #000000;\">Conjuntivitis: esta forma aguda y contagiosa de conjuntivitis es particularmente com\u00fan entre ni\u00f1os en edad preescolar y escolar.<\/span><\/p>\n<p><span style=\"color: #000000;\">Orzuelos: un orzuelo (u orzuelo) se desarrolla cuando una gl\u00e1ndula del p\u00e1rpado, ubicada en la base de una pesta\u00f1a, se infecta. El orzuelo, que se parece a un grano en el p\u00e1rpado, puede crecer en el interior o el exterior del p\u00e1rpado. Los orzuelos no son perjudiciales para la visi\u00f3n y pueden aparecer a cualquier edad.<\/span><\/p>\n<p><span style=\"color: #000000;\">Moscas volantes y manchas en los ojos: las \u201cmoscas volantes\u201d suelen ser normales e inofensivas. En realidad, son peque\u00f1os grumos de gel o c\u00e9lulas dentro del v\u00edtreo, el l\u00edquido transparente y gelatinoso que llena el interior del ojo. Las moscas volantes pueden parecer motas, hebras, redes u otras formas. En realidad, lo que est\u00e1 viendo son las sombras de las moscas volantes proyectadas sobre la retina, el revestimiento interno sensible a la luz de la parte posterior del ojo. Pero si nota un aumento repentino de moscas volantes o de moscas volantes acompa\u00f1adas de destellos de luz, consulte a su oftalm\u00f3logo de inmediato.<\/span><\/p>\n<p><span style=\"color: #000000;\">Uve\u00edtis: la uve\u00edtis es una inflamaci\u00f3n de la \u00favea del ojo, una zona que consta del iris, el cuerpo ciliar y la coroides. El iris es la parte coloreada del ojo que rodea la pupila. El cuerpo ciliar se encuentra detr\u00e1s del iris y produce el l\u00edquido que llena la parte anterior del ojo. La coroides es la capa de peque\u00f1os vasos sangu\u00edneos en la parte posterior del ojo que nutre la retina sensible a la luz.<\/span><\/p>\n<p><span style=\"color: #000000;\">Blefaritis: es una inflamaci\u00f3n de los p\u00e1rpados que se presenta especialmente en los m\u00e1rgenes. Es un trastorno com\u00fan y puede estar asociado con una infecci\u00f3n bacteriana leve o una afecci\u00f3n cut\u00e1nea generalizada.<\/span><\/p>\n<p><span style=\"color: #000000;\">Alergias oculares: de manera similar a los procesos que ocurren con otros tipos de respuestas al\u00e9rgicas, el ojo puede reaccionar de manera exagerada a una sustancia que se percibe como da\u00f1ina aunque no lo sea. Por ejemplo, el polvo que es inofensivo para la mayor\u00eda de las personas puede causar una producci\u00f3n excesiva de l\u00e1grimas y mucosidad en los ojos de las personas al\u00e9rgicas y demasiado sensibles. Las alergias pueden desencadenar otros problemas, como conjuntivitis y asma. La mayor\u00eda de los m\u00e1s de 22 millones de estadounidenses que sufren alergias tambi\u00e9n tienen conjuntivitis al\u00e9rgica, seg\u00fan la Academia Estadounidense de Oftalmolog\u00eda.<\/span><\/p>\n<p><span style=\"color: #000000;\">S\u00edndrome del ojo seco: la sequedad persistente, la picaz\u00f3n y la sensaci\u00f3n de ardor en los ojos son s\u00edntomas comunes del s\u00edndrome del ojo seco. Algunas personas con ojos secos tambi\u00e9n experimentan una \u201csensaci\u00f3n de cuerpo extra\u00f1o\u201d, es decir, la sensaci\u00f3n de tener algo en el ojo. Y puede parecer extra\u00f1o, pero a veces el s\u00edndrome del ojo seco puede causar ojos llorosos, porque la sequedad excesiva act\u00faa para sobreestimular la producci\u00f3n del componente acuoso de las l\u00e1grimas del ojo.<\/span><\/p>\n<p><span style=\"color: #000000;\">Pingu\u00e9culas y pterigi\u00f3n: son lesiones amarillentas, ligeramente elevadas, que se forman en el tejido superficial de la parte blanca del ojo (escler\u00f3tica), cerca del borde de la c\u00f3rnea. Por lo general, se encuentran en el espacio abierto entre los p\u00e1rpados, que tambi\u00e9n es el \u00e1rea expuesta al sol. Si bien es m\u00e1s com\u00fan en personas de mediana edad o mayores que pasan una cantidad significativa de tiempo al sol, tambi\u00e9n se pueden encontrar en personas m\u00e1s j\u00f3venes e incluso en ni\u00f1os, especialmente en aquellos que pasan mucho tiempo al sol sin protecci\u00f3n, como anteojos de sol o sombreros.<\/span><\/p>\n<p><span style=\"color: #000000;\">Astigmatismo: es uno de los problemas de visi\u00f3n m\u00e1s comunes, pero la mayor\u00eda de las personas no saben qu\u00e9 es. Adem\u00e1s de visi\u00f3n borrosa, el astigmatismo no corregido puede causar dolores de cabeza, fatiga visual y hacer que los objetos a cualquier distancia parezcan distorsionados.<\/span><\/p>\n<p><span style=\"color: #000000;\">Ambliop\u00eda (ojo vago): es la falta de desarrollo visual normal en un ojo, a pesar de que este se encuentre sano. Si no se trata, puede causar ceguera legal en el ojo afectado.<\/span><\/p>\n<p><span style=\"color: #000000;\">Queratocono: es una enfermedad ocular progresiva en la que la c\u00f3rnea, normalmente redonda, se adelgaza y comienza a abultarse hasta adoptar una forma c\u00f3nica. La forma c\u00f3nica desv\u00eda la luz que entra en el ojo y llega a la retina, sensible a la luz, lo que provoca una visi\u00f3n distorsionada. El queratocono puede aparecer en uno o ambos ojos y es relativamente poco frecuente.<\/span><\/p>\n<p><span style=\"color: #000000;\">Hipertensi\u00f3n ocular: significa que la presi\u00f3n en el ojo, o presi\u00f3n intraocular (PIO), es m\u00e1s alta que los niveles normales. La PIO elevada tambi\u00e9n se asocia con el glaucoma, que es una afecci\u00f3n m\u00e1s grave que causa p\u00e9rdida de la visi\u00f3n y da\u00f1o al nervio \u00f3ptico. Sin embargo, la hipertensi\u00f3n ocular por s\u00ed sola no da\u00f1a la visi\u00f3n ni los ojos.<\/span><\/p>\n<p><span style=\"color: #000000;\">Fotofobia: t\u00e9rmino que describe la sensibilidad del ojo a la luz. La luz del sol, la iluminaci\u00f3n interior y las luces de la calle pueden causar molestias o dolor en los ojos.<\/span><\/p>\n<p><span style=\"color: #000000;\">Informaci\u00f3n proporcionada por el art\u00edculo Retinitis Pigmentosa de AllAboutVision.com 2009 Access Media Group LLC. Todos los derechos reservados.<\/span><\/p>\n<p><span style=\"color: #000000;\">\u00a0<\/span><\/p>\n<p><span style=\"color: #000000;\">\u00a0<\/span><\/p>\n<p><span style=\"color: #000000;\">\u00a0<\/span><\/p>\n<p><span style=\"color: #000000;\">\u00a0<\/span><\/p>\n<p><span style=\"color: #000000;\">\u00a0<\/span><\/p>\n<p><span style=\"color: #000000;\">\u00a0<\/span><\/p>\n<p><span style=\"color: #000000;\">\u00a0<\/span><\/p>","protected":false},"excerpt":{"rendered":"<p>The following is a list of common eye conditions: Pink Eye &#8211; This acute and contagious form of conjunctivitis is particularly common among preschoolers and school-age children Styes &#8211; A stye (or hordeolum) develops when an eyelid gland at the base of an eyelash becomes infected.\u00a0 Resembling a pimple on the eyelid, a stye can [&hellip;]<\/p>\n","protected":false},"author":1,"featured_media":0,"parent":111,"menu_order":72,"comment_status":"closed","ping_status":"closed","template":"","meta":{"_acf_changed":false,"footnotes":""},"class_list":["post-1992","page","type-page","status-publish","hentry"],"acf":[],"yoast_head":"<!-- This site is optimized with the Yoast SEO plugin v27.3 - https:\/\/yoast.com\/product\/yoast-seo-wordpress\/ -->\n<title>Eye Conditions - Premier Medical Group | Eye &amp; ENT Specialists<\/title>\n<meta name=\"robots\" content=\"index, follow, max-snippet:-1, max-image-preview:large, max-video-preview:-1\" \/>\n<link rel=\"canonical\" href=\"https:\/\/premiermedicalgrp.com\/es\/services\/eye\/optometry\/eye-conditions\/\" \/>\n<meta property=\"og:locale\" content=\"es_MX\" \/>\n<meta property=\"og:type\" content=\"article\" \/>\n<meta property=\"og:title\" content=\"Eye Conditions - Premier Medical Group | Eye &amp; ENT Specialists\" \/>\n<meta property=\"og:description\" content=\"The following is a list of common eye conditions: Pink Eye &#8211; This acute and contagious form of conjunctivitis is particularly common among preschoolers and school-age children Styes &#8211; A stye (or hordeolum) develops when an eyelid gland at the base of an eyelash becomes infected.\u00a0 Resembling a pimple on the eyelid, a stye can [&hellip;]\" \/>\n<meta property=\"og:url\" content=\"https:\/\/premiermedicalgrp.com\/es\/services\/eye\/optometry\/eye-conditions\/\" \/>\n<meta property=\"og:site_name\" content=\"Premier Medical Group | Eye &amp; ENT Specialists\" \/>\n<meta property=\"article:modified_time\" content=\"2015-03-11T21:23:02+00:00\" \/>\n<meta name=\"twitter:label1\" content=\"Est. reading time\" \/>\n\t<meta name=\"twitter:data1\" content=\"4 minutos\" \/>\n<script type=\"application\/ld+json\" class=\"yoast-schema-graph\">{\"@context\":\"https:\\\/\\\/schema.org\",\"@graph\":[{\"@type\":\"WebPage\",\"@id\":\"https:\\\/\\\/premiermedicalgrp.com\\\/services\\\/eye\\\/optometry\\\/eye-conditions\\\/\",\"url\":\"https:\\\/\\\/premiermedicalgrp.com\\\/services\\\/eye\\\/optometry\\\/eye-conditions\\\/\",\"name\":\"Eye Conditions - Premier Medical Group | Eye &amp; ENT Specialists\",\"isPartOf\":{\"@id\":\"https:\\\/\\\/pmg2024.wpenginepowered.com\\\/#website\"},\"datePublished\":\"2014-07-25T20:11:41+00:00\",\"dateModified\":\"2015-03-11T21:23:02+00:00\",\"breadcrumb\":{\"@id\":\"https:\\\/\\\/premiermedicalgrp.com\\\/services\\\/eye\\\/optometry\\\/eye-conditions\\\/#breadcrumb\"},\"inLanguage\":\"es\",\"potentialAction\":[{\"@type\":\"ReadAction\",\"target\":[\"https:\\\/\\\/premiermedicalgrp.com\\\/services\\\/eye\\\/optometry\\\/eye-conditions\\\/\"]}]},{\"@type\":\"BreadcrumbList\",\"@id\":\"https:\\\/\\\/premiermedicalgrp.com\\\/services\\\/eye\\\/optometry\\\/eye-conditions\\\/#breadcrumb\",\"itemListElement\":[{\"@type\":\"ListItem\",\"position\":1,\"name\":\"Home\",\"item\":\"https:\\\/\\\/premiermedicalgrp.com\\\/\"},{\"@type\":\"ListItem\",\"position\":2,\"name\":\"Our Services\",\"item\":\"https:\\\/\\\/premiermedicalgrp.com\\\/services\\\/\"},{\"@type\":\"ListItem\",\"position\":3,\"name\":\"Eye Services\",\"item\":\"https:\\\/\\\/premiermedicalgrp.com\\\/services\\\/eye\\\/\"},{\"@type\":\"ListItem\",\"position\":4,\"name\":\"Optometry\",\"item\":\"https:\\\/\\\/premiermedicalgrp.com\\\/services\\\/eye\\\/optometry\\\/\"},{\"@type\":\"ListItem\",\"position\":5,\"name\":\"Eye Conditions\"}]},{\"@type\":\"WebSite\",\"@id\":\"https:\\\/\\\/pmg2024.wpenginepowered.com\\\/#website\",\"url\":\"https:\\\/\\\/pmg2024.wpenginepowered.com\\\/\",\"name\":\"Premier Medical Group | Eye &amp; ENT Specialists\",\"description\":\"Premier Medical Group | Eye &amp; ENT Specialists\",\"potentialAction\":[{\"@type\":\"SearchAction\",\"target\":{\"@type\":\"EntryPoint\",\"urlTemplate\":\"https:\\\/\\\/pmg2024.wpenginepowered.com\\\/?s={search_term_string}\"},\"query-input\":{\"@type\":\"PropertyValueSpecification\",\"valueRequired\":true,\"valueName\":\"search_term_string\"}}],\"inLanguage\":\"es\"}]}<\/script>\n<!-- \/ Yoast SEO plugin. -->","yoast_head_json":{"title":"Eye Conditions - Premier Medical Group | Eye &amp; ENT Specialists","robots":{"index":"index","follow":"follow","max-snippet":"max-snippet:-1","max-image-preview":"max-image-preview:large","max-video-preview":"max-video-preview:-1"},"canonical":"https:\/\/premiermedicalgrp.com\/es\/services\/eye\/optometry\/eye-conditions\/","og_locale":"es_MX","og_type":"article","og_title":"Eye Conditions - Premier Medical Group | Eye &amp; ENT Specialists","og_description":"The following is a list of common eye conditions: Pink Eye &#8211; This acute and contagious form of conjunctivitis is particularly common among preschoolers and school-age children Styes &#8211; A stye (or hordeolum) develops when an eyelid gland at the base of an eyelash becomes infected.\u00a0 Resembling a pimple on the eyelid, a stye can [&hellip;]","og_url":"https:\/\/premiermedicalgrp.com\/es\/services\/eye\/optometry\/eye-conditions\/","og_site_name":"Premier Medical Group | Eye &amp; ENT Specialists","article_modified_time":"2015-03-11T21:23:02+00:00","twitter_misc":{"Est. reading time":"4 minutos"},"schema":{"@context":"https:\/\/schema.org","@graph":[{"@type":"WebPage","@id":"https:\/\/premiermedicalgrp.com\/services\/eye\/optometry\/eye-conditions\/","url":"https:\/\/premiermedicalgrp.com\/services\/eye\/optometry\/eye-conditions\/","name":"Eye Conditions - Premier Medical Group | Eye &amp; ENT Specialists","isPartOf":{"@id":"https:\/\/pmg2024.wpenginepowered.com\/#website"},"datePublished":"2014-07-25T20:11:41+00:00","dateModified":"2015-03-11T21:23:02+00:00","breadcrumb":{"@id":"https:\/\/premiermedicalgrp.com\/services\/eye\/optometry\/eye-conditions\/#breadcrumb"},"inLanguage":"es","potentialAction":[{"@type":"ReadAction","target":["https:\/\/premiermedicalgrp.com\/services\/eye\/optometry\/eye-conditions\/"]}]},{"@type":"BreadcrumbList","@id":"https:\/\/premiermedicalgrp.com\/services\/eye\/optometry\/eye-conditions\/#breadcrumb","itemListElement":[{"@type":"ListItem","position":1,"name":"Home","item":"https:\/\/premiermedicalgrp.com\/"},{"@type":"ListItem","position":2,"name":"Our Services","item":"https:\/\/premiermedicalgrp.com\/services\/"},{"@type":"ListItem","position":3,"name":"Eye Services","item":"https:\/\/premiermedicalgrp.com\/services\/eye\/"},{"@type":"ListItem","position":4,"name":"Optometry","item":"https:\/\/premiermedicalgrp.com\/services\/eye\/optometry\/"},{"@type":"ListItem","position":5,"name":"Eye Conditions"}]},{"@type":"WebSite","@id":"https:\/\/pmg2024.wpenginepowered.com\/#website","url":"https:\/\/pmg2024.wpenginepowered.com\/","name":"Premier Medical Group | Especialistas en otorrinolaringolog\u00eda y oftalmolog\u00eda","description":"Premier Medical Group | Especialistas en otorrinolaringolog\u00eda y oftalmolog\u00eda","potentialAction":[{"@type":"SearchAction","target":{"@type":"EntryPoint","urlTemplate":"https:\/\/pmg2024.wpenginepowered.com\/?s={search_term_string}"},"query-input":{"@type":"PropertyValueSpecification","valueRequired":true,"valueName":"search_term_string"}}],"inLanguage":"es"}]}},"_links":{"self":[{"href":"https:\/\/premiermedicalgrp.com\/es\/wp-json\/wp\/v2\/pages\/1992","targetHints":{"allow":["GET"]}}],"collection":[{"href":"https:\/\/premiermedicalgrp.com\/es\/wp-json\/wp\/v2\/pages"}],"about":[{"href":"https:\/\/premiermedicalgrp.com\/es\/wp-json\/wp\/v2\/types\/page"}],"author":[{"embeddable":true,"href":"https:\/\/premiermedicalgrp.com\/es\/wp-json\/wp\/v2\/users\/1"}],"replies":[{"embeddable":true,"href":"https:\/\/premiermedicalgrp.com\/es\/wp-json\/wp\/v2\/comments?post=1992"}],"version-history":[{"count":0,"href":"https:\/\/premiermedicalgrp.com\/es\/wp-json\/wp\/v2\/pages\/1992\/revisions"}],"up":[{"embeddable":true,"href":"https:\/\/premiermedicalgrp.com\/es\/wp-json\/wp\/v2\/pages\/111"}],"wp:attachment":[{"href":"https:\/\/premiermedicalgrp.com\/es\/wp-json\/wp\/v2\/media?parent=1992"}],"curies":[{"name":"wp","href":"https:\/\/api.w.org\/{rel}","templated":true}]}}