{"id":79,"date":"2013-12-27T23:11:14","date_gmt":"2013-12-27T23:11:14","guid":{"rendered":"\/?page_id=79"},"modified":"2020-12-15T16:37:20","modified_gmt":"2020-12-15T22:37:20","slug":"about","status":"publish","type":"page","link":"https:\/\/premiermedicalgrp.com\/es\/about\/","title":{"rendered":"Acerca de Premier Medical Group"},"content":{"rendered":"<p><span style=\"color: #000000;\">Premier Medical Group es uno de los grupos multidisciplinarios de atenci\u00f3n a ojos, o\u00eddos, nariz y garganta m\u00e1s grandes del sudeste e incluso de los Estados Unidos desde hace m\u00e1s de 100 a\u00f1os.<\/span><\/p>\n<p><span style=\"color: #000000;\">Premier Medical se form\u00f3 en 1997 a trav\u00e9s de la fusi\u00f3n de Mobile Eye, Ear, Nose and Throat Center con Dauphin West Eye, Ear, Nose and Throat Specialists. Ambos consultorios m\u00e9dicos tienen su origen en el consultorio de Perdue &amp; Perdue, que se fund\u00f3 en 1915. Ambos grupos evolucionaron hasta convertirse en cl\u00ednicas de m\u00faltiples especialidades que ofrecen una l\u00ednea completa de servicios m\u00e9dicos para ojos, o\u00eddos, nariz y garganta. Durante a\u00f1os, los m\u00e9dicos de estas cl\u00ednicas han sido l\u00edderes en su campo. Nuestro compromiso de tratar a cada paciente como un individuo con el m\u00e1ximo cuidado y preocupaci\u00f3n se ha mantenido constante.<\/span><\/p>\n<p><span style=\"color: #000000;\">Ofrecemos una l\u00ednea completa de servicios especializados que incluyen atenci\u00f3n m\u00e9dica y quir\u00fargica de ojos, o\u00eddos, nariz y garganta, pruebas y tratamientos de alergias, lentes de contacto, cuidado de la piel del rostro, aud\u00edfonos y pruebas, correcci\u00f3n de la visi\u00f3n con l\u00e1ser y servicios \u00f3pticos.<\/span><\/p>\n<p><span style=\"color: #000000;\">Nuestra amplia alianza de oftalm\u00f3logos, optometristas y otorrinolaring\u00f3logos certificados y especialistas son l\u00edderes en sus campos de especializaci\u00f3n. A trav\u00e9s de su participaci\u00f3n en ensayos cl\u00ednicos, estudios de investigaci\u00f3n y educaci\u00f3n continua, Premier Medical contin\u00faa brindando la \u00faltima tecnolog\u00eda y opciones de tratamiento disponibles para nuestros pacientes.<\/span><\/p>\n<p><span style=\"color: #000000;\">Con sede en Mobile, contamos con oficinas sat\u00e9lite en todo el sur de Alabama y la costa del Golfo de Mississippi. Nos comprometemos a brindar atenci\u00f3n de la m\u00e1s alta calidad tanto a ni\u00f1os como a adultos en la regi\u00f3n.<\/span><\/p>\n<p><a title=\"Cont\u00e1ctenos\" href=\"\/es\/~prm\/contact\/\">Cont\u00e1ctenos<\/a> <span style=\"color: #000000;\">Para concertar una cita o no dude en enviarnos un correo electr\u00f3nico para informarnos c\u00f3mo podemos servirle mejor en\u00a0<a href=\"mailto:pmgcares@premiermedicalgrp.com\">pmgcares@premiermedicalgrp.com<\/a>.<br \/>\n<\/span><\/p>\n<ul>\n<li><a title=\"Especialidades de primera\" href=\"http:\/\/premiermedicalgrp.com\/es\/about\/premiers-specialties\/\">Especialidades de primera<\/a><\/li>\n<li><a title=\"Empleo\" href=\"http:\/\/premiermedicalgrp.com\/es\/about\/employment\/\">Empleo<\/a><\/li>\n<\/ul>","protected":false},"excerpt":{"rendered":"<p>Premier Medical Group is one of the largest multi-specialty eye, ear, nose and throat groups in the southeast and even in the United States for over 100 years. Premier Medical was formed in 1997 through a merger of Mobile Eye, Ear, Nose and Throat Center with Dauphin West Eye, Ear, Nose and Throat Specialists.\u00a0 Both [&hellip;]<\/p>\n","protected":false},"author":1,"featured_media":0,"parent":0,"menu_order":108,"comment_status":"closed","ping_status":"closed","template":"","meta":{"_acf_changed":false,"footnotes":""},"class_list":["post-79","page","type-page","status-publish","hentry"],"acf":[],"yoast_head":"<!-- This site is optimized with the Yoast SEO plugin v27.3 - https:\/\/yoast.com\/product\/yoast-seo-wordpress\/ -->\n<title>About Premier Medical Group | Eye &amp; ENT Specialists in Mobile AL<\/title>\n<meta name=\"description\" content=\"At Premier Medical, we specialize in audiology, ophthalmology, optometry, and more! Find out about how Premier Medical Group can assist you.\" \/>\n<meta name=\"robots\" content=\"index, follow, max-snippet:-1, max-image-preview:large, max-video-preview:-1\" \/>\n<link rel=\"canonical\" href=\"https:\/\/premiermedicalgrp.com\/es\/about\/\" \/>\n<meta property=\"og:locale\" content=\"es_MX\" \/>\n<meta property=\"og:type\" content=\"article\" \/>\n<meta property=\"og:title\" content=\"About Premier Medical Group | Eye &amp; ENT Specialists in Mobile AL\" \/>\n<meta property=\"og:description\" content=\"At Premier Medical, we specialize in audiology, ophthalmology, optometry, and more! Find out about how Premier Medical Group can assist you.\" \/>\n<meta property=\"og:url\" content=\"https:\/\/premiermedicalgrp.com\/es\/about\/\" \/>\n<meta property=\"og:site_name\" content=\"Premier Medical Group | Eye &amp; ENT Specialists\" \/>\n<meta property=\"article:modified_time\" content=\"2020-12-15T22:37:20+00:00\" \/>\n<meta name=\"twitter:label1\" content=\"Est. reading time\" \/>\n\t<meta name=\"twitter:data1\" content=\"1 minuto\" \/>\n<script type=\"application\/ld+json\" class=\"yoast-schema-graph\">{\"@context\":\"https:\\\/\\\/schema.org\",\"@graph\":[{\"@type\":\"WebPage\",\"@id\":\"https:\\\/\\\/premiermedicalgrp.com\\\/about\\\/\",\"url\":\"https:\\\/\\\/premiermedicalgrp.com\\\/about\\\/\",\"name\":\"About Premier Medical Group | Eye & ENT Specialists in Mobile AL\",\"isPartOf\":{\"@id\":\"https:\\\/\\\/pmg2024.wpenginepowered.com\\\/#website\"},\"datePublished\":\"2013-12-27T23:11:14+00:00\",\"dateModified\":\"2020-12-15T22:37:20+00:00\",\"description\":\"At Premier Medical, we specialize in audiology, ophthalmology, optometry, and more! Find out about how Premier Medical Group can assist you.\",\"breadcrumb\":{\"@id\":\"https:\\\/\\\/premiermedicalgrp.com\\\/about\\\/#breadcrumb\"},\"inLanguage\":\"es\",\"potentialAction\":[{\"@type\":\"ReadAction\",\"target\":[\"https:\\\/\\\/premiermedicalgrp.com\\\/about\\\/\"]}]},{\"@type\":\"BreadcrumbList\",\"@id\":\"https:\\\/\\\/premiermedicalgrp.com\\\/about\\\/#breadcrumb\",\"itemListElement\":[{\"@type\":\"ListItem\",\"position\":1,\"name\":\"Home\",\"item\":\"https:\\\/\\\/premiermedicalgrp.com\\\/\"},{\"@type\":\"ListItem\",\"position\":2,\"name\":\"About Premier Medical Group\"}]},{\"@type\":\"WebSite\",\"@id\":\"https:\\\/\\\/pmg2024.wpenginepowered.com\\\/#website\",\"url\":\"https:\\\/\\\/pmg2024.wpenginepowered.com\\\/\",\"name\":\"Premier Medical Group | Eye &amp; ENT Specialists\",\"description\":\"Premier Medical Group | Eye &amp; ENT Specialists\",\"potentialAction\":[{\"@type\":\"SearchAction\",\"target\":{\"@type\":\"EntryPoint\",\"urlTemplate\":\"https:\\\/\\\/pmg2024.wpenginepowered.com\\\/?s={search_term_string}\"},\"query-input\":{\"@type\":\"PropertyValueSpecification\",\"valueRequired\":true,\"valueName\":\"search_term_string\"}}],\"inLanguage\":\"es\"}]}<\/script>\n<!-- \/ Yoast SEO plugin. -->","yoast_head_json":{"title":"About Premier Medical Group | Eye & ENT Specialists in Mobile AL","description":"At Premier Medical, we specialize in audiology, ophthalmology, optometry, and more! Find out about how Premier Medical Group can assist you.","robots":{"index":"index","follow":"follow","max-snippet":"max-snippet:-1","max-image-preview":"max-image-preview:large","max-video-preview":"max-video-preview:-1"},"canonical":"https:\/\/premiermedicalgrp.com\/es\/about\/","og_locale":"es_MX","og_type":"article","og_title":"About Premier Medical Group | Eye & ENT Specialists in Mobile AL","og_description":"At Premier Medical, we specialize in audiology, ophthalmology, optometry, and more! Find out about how Premier Medical Group can assist you.","og_url":"https:\/\/premiermedicalgrp.com\/es\/about\/","og_site_name":"Premier Medical Group | Eye &amp; ENT Specialists","article_modified_time":"2020-12-15T22:37:20+00:00","twitter_misc":{"Est. reading time":"1 minuto"},"schema":{"@context":"https:\/\/schema.org","@graph":[{"@type":"WebPage","@id":"https:\/\/premiermedicalgrp.com\/about\/","url":"https:\/\/premiermedicalgrp.com\/about\/","name":"About Premier Medical Group | Eye & ENT Specialists in Mobile AL","isPartOf":{"@id":"https:\/\/pmg2024.wpenginepowered.com\/#website"},"datePublished":"2013-12-27T23:11:14+00:00","dateModified":"2020-12-15T22:37:20+00:00","description":"At Premier Medical, we specialize in audiology, ophthalmology, optometry, and more! Find out about how Premier Medical Group can assist you.","breadcrumb":{"@id":"https:\/\/premiermedicalgrp.com\/about\/#breadcrumb"},"inLanguage":"es","potentialAction":[{"@type":"ReadAction","target":["https:\/\/premiermedicalgrp.com\/about\/"]}]},{"@type":"BreadcrumbList","@id":"https:\/\/premiermedicalgrp.com\/about\/#breadcrumb","itemListElement":[{"@type":"ListItem","position":1,"name":"Home","item":"https:\/\/premiermedicalgrp.com\/"},{"@type":"ListItem","position":2,"name":"About Premier Medical Group"}]},{"@type":"WebSite","@id":"https:\/\/pmg2024.wpenginepowered.com\/#website","url":"https:\/\/pmg2024.wpenginepowered.com\/","name":"Premier Medical Group | Especialistas en otorrinolaringolog\u00eda y oftalmolog\u00eda","description":"Premier Medical Group | Especialistas en otorrinolaringolog\u00eda y oftalmolog\u00eda","potentialAction":[{"@type":"SearchAction","target":{"@type":"EntryPoint","urlTemplate":"https:\/\/pmg2024.wpenginepowered.com\/?s={search_term_string}"},"query-input":{"@type":"PropertyValueSpecification","valueRequired":true,"valueName":"search_term_string"}}],"inLanguage":"es"}]}},"_links":{"self":[{"href":"https:\/\/premiermedicalgrp.com\/es\/wp-json\/wp\/v2\/pages\/79","targetHints":{"allow":["GET"]}}],"collection":[{"href":"https:\/\/premiermedicalgrp.com\/es\/wp-json\/wp\/v2\/pages"}],"about":[{"href":"https:\/\/premiermedicalgrp.com\/es\/wp-json\/wp\/v2\/types\/page"}],"author":[{"embeddable":true,"href":"https:\/\/premiermedicalgrp.com\/es\/wp-json\/wp\/v2\/users\/1"}],"replies":[{"embeddable":true,"href":"https:\/\/premiermedicalgrp.com\/es\/wp-json\/wp\/v2\/comments?post=79"}],"version-history":[{"count":0,"href":"https:\/\/premiermedicalgrp.com\/es\/wp-json\/wp\/v2\/pages\/79\/revisions"}],"wp:attachment":[{"href":"https:\/\/premiermedicalgrp.com\/es\/wp-json\/wp\/v2\/media?parent=79"}],"curies":[{"name":"wp","href":"https:\/\/api.w.org\/{rel}","templated":true}]}}