{"id":81,"date":"2013-12-27T23:34:10","date_gmt":"2013-12-27T23:34:10","guid":{"rendered":"\/?page_id=81"},"modified":"2024-02-19T11:16:58","modified_gmt":"2024-02-19T17:16:58","slug":"contact","status":"publish","type":"page","link":"https:\/\/premiermedicalgrp.com\/es\/contact\/","title":{"rendered":"Ubicaciones"},"content":{"rendered":"<p><span style=\"color: #000000;\">Premier Medical Group brinda atenci\u00f3n m\u00e9dica de calidad a sus pacientes en tres sucursales de Mobile y en Daphne y Foley, Alabama. Adem\u00e1s, tambi\u00e9n contamos con oficinas sat\u00e9lite en todo el sudeste que atienden a Jackson, AL, Ocean Springs, MS y Pascagoula, MS.<\/span><\/p>\n<ul>\n<li><a href=\"http:\/\/premiermedicalgrp.com\/es\/contact\/west-office-location\/\">Calle Dauphin Oeste<\/a><\/li>\n<li><a href=\"http:\/\/premiermedicalgrp.com\/es\/contact\/east-office\/\">Calle Dauphin Este <\/a><\/li>\n<li><a href=\"http:\/\/premiermedicalgrp.com\/es\/contact\/providence\/\">Providencia<\/a><\/li>\n<li><a href=\"http:\/\/premiermedicalgrp.com\/es\/contact\/daphne\/\">Dafne<\/a><\/li>\n<li><a href=\"https:\/\/premiermedicalgrp.com\/es\/contact\/foley\/\">Efectos de sonido<\/a><\/li>\n<li><a href=\"http:\/\/premiermedicalgrp.com\/es\/contact\/satellite-locations\/\">Otras ubicaciones<\/a>\n<ul>\n<li><a href=\"https:\/\/premiermedicalgrp.com\/es\/contact\/satellite-locations\/pascagoula\/\">Pascagoula, Misisipi<\/a><\/li>\n<li><a href=\"https:\/\/premiermedicalgrp.com\/es\/contact\/jackson\/\">Jackson, Alabama<\/a><\/li>\n<li><a title=\"Manantiales oce\u00e1nicos\" href=\"http:\/\/premiermedicalgrp.com\/es\/contact\/ocean-springs\/\" target=\"_blank\" rel=\"noopener noreferrer\">Ocean Springs, Misisipi<\/a><\/li>\n<\/ul>\n<\/li>\n<\/ul>","protected":false},"excerpt":{"rendered":"<p>Premier Medical Group provides quality patient care at 3 Mobile locations, and in Daphne, and Foley, Alabama. In addition, we also have satellite offices throughout the southeast serving Jackson, AL, Ocean Springs, MS and Pascagoula, MS. Dauphin Street West Dauphin Street East Providence Daphne Foley Other Locations Pascagoula, MS Jackson, AL Ocean Springs, MS<\/p>","protected":false},"author":1,"featured_media":0,"parent":0,"menu_order":113,"comment_status":"closed","ping_status":"closed","template":"","meta":{"_acf_changed":false,"footnotes":""},"class_list":["post-81","page","type-page","status-publish","hentry"],"acf":[],"yoast_head":"<!-- This site is optimized with the Yoast SEO plugin v27.3 - https:\/\/yoast.com\/product\/yoast-seo-wordpress\/ -->\n<title>Contact Premier Medical Group | Eye &amp; ENT Specialists in Mobile AL<\/title>\n<meta name=\"description\" content=\"If you&#039;d like to see how Premier Medical Group&#039;s eye, nose, ear, and throat doctors can assist you, contact us today! Located across Alabama, call today!\" \/>\n<meta name=\"robots\" content=\"index, follow, max-snippet:-1, max-image-preview:large, max-video-preview:-1\" \/>\n<link rel=\"canonical\" href=\"https:\/\/premiermedicalgrp.com\/es\/contact\/\" \/>\n<meta property=\"og:locale\" content=\"es_MX\" \/>\n<meta property=\"og:type\" content=\"article\" \/>\n<meta property=\"og:title\" content=\"Contact Premier Medical Group | Eye &amp; ENT Specialists in Mobile AL\" \/>\n<meta property=\"og:description\" content=\"If you&#039;d like to see how Premier Medical Group&#039;s eye, nose, ear, and throat doctors can assist you, contact us today! Located across Alabama, call today!\" \/>\n<meta property=\"og:url\" content=\"https:\/\/premiermedicalgrp.com\/es\/contact\/\" \/>\n<meta property=\"og:site_name\" content=\"Premier Medical Group | Eye &amp; ENT Specialists\" \/>\n<meta property=\"article:modified_time\" content=\"2024-02-19T17:16:58+00:00\" \/>\n<meta name=\"twitter:label1\" content=\"Est. reading time\" \/>\n\t<meta name=\"twitter:data1\" content=\"1 minuto\" \/>\n<script type=\"application\/ld+json\" class=\"yoast-schema-graph\">{\"@context\":\"https:\\\/\\\/schema.org\",\"@graph\":[{\"@type\":\"WebPage\",\"@id\":\"https:\\\/\\\/premiermedicalgrp.com\\\/contact\\\/\",\"url\":\"https:\\\/\\\/premiermedicalgrp.com\\\/contact\\\/\",\"name\":\"Contact Premier Medical Group | Eye & ENT Specialists in Mobile AL\",\"isPartOf\":{\"@id\":\"https:\\\/\\\/pmg2024.wpenginepowered.com\\\/#website\"},\"datePublished\":\"2013-12-27T23:34:10+00:00\",\"dateModified\":\"2024-02-19T17:16:58+00:00\",\"description\":\"If you'd like to see how Premier Medical Group's eye, nose, ear, and throat doctors can assist you, contact us today! Located across Alabama, call today!\",\"breadcrumb\":{\"@id\":\"https:\\\/\\\/premiermedicalgrp.com\\\/contact\\\/#breadcrumb\"},\"inLanguage\":\"es\",\"potentialAction\":[{\"@type\":\"ReadAction\",\"target\":[\"https:\\\/\\\/premiermedicalgrp.com\\\/contact\\\/\"]}]},{\"@type\":\"BreadcrumbList\",\"@id\":\"https:\\\/\\\/premiermedicalgrp.com\\\/contact\\\/#breadcrumb\",\"itemListElement\":[{\"@type\":\"ListItem\",\"position\":1,\"name\":\"Home\",\"item\":\"https:\\\/\\\/premiermedicalgrp.com\\\/\"},{\"@type\":\"ListItem\",\"position\":2,\"name\":\"Locations\"}]},{\"@type\":\"WebSite\",\"@id\":\"https:\\\/\\\/pmg2024.wpenginepowered.com\\\/#website\",\"url\":\"https:\\\/\\\/pmg2024.wpenginepowered.com\\\/\",\"name\":\"Premier Medical Group | Eye &amp; ENT Specialists\",\"description\":\"Premier Medical Group | Eye &amp; ENT Specialists\",\"potentialAction\":[{\"@type\":\"SearchAction\",\"target\":{\"@type\":\"EntryPoint\",\"urlTemplate\":\"https:\\\/\\\/pmg2024.wpenginepowered.com\\\/?s={search_term_string}\"},\"query-input\":{\"@type\":\"PropertyValueSpecification\",\"valueRequired\":true,\"valueName\":\"search_term_string\"}}],\"inLanguage\":\"es\"}]}<\/script>\n<!-- \/ Yoast SEO plugin. -->","yoast_head_json":{"title":"Contact Premier Medical Group | Eye & ENT Specialists in Mobile AL","description":"If you'd like to see how Premier Medical Group's eye, nose, ear, and throat doctors can assist you, contact us today! Located across Alabama, call today!","robots":{"index":"index","follow":"follow","max-snippet":"max-snippet:-1","max-image-preview":"max-image-preview:large","max-video-preview":"max-video-preview:-1"},"canonical":"https:\/\/premiermedicalgrp.com\/es\/contact\/","og_locale":"es_MX","og_type":"article","og_title":"Contact Premier Medical Group | Eye & ENT Specialists in Mobile AL","og_description":"If you'd like to see how Premier Medical Group's eye, nose, ear, and throat doctors can assist you, contact us today! Located across Alabama, call today!","og_url":"https:\/\/premiermedicalgrp.com\/es\/contact\/","og_site_name":"Premier Medical Group | Eye &amp; ENT Specialists","article_modified_time":"2024-02-19T17:16:58+00:00","twitter_misc":{"Est. reading time":"1 minuto"},"schema":{"@context":"https:\/\/schema.org","@graph":[{"@type":"WebPage","@id":"https:\/\/premiermedicalgrp.com\/contact\/","url":"https:\/\/premiermedicalgrp.com\/contact\/","name":"Contact Premier Medical Group | Eye & ENT Specialists in Mobile AL","isPartOf":{"@id":"https:\/\/pmg2024.wpenginepowered.com\/#website"},"datePublished":"2013-12-27T23:34:10+00:00","dateModified":"2024-02-19T17:16:58+00:00","description":"If you'd like to see how Premier Medical Group's eye, nose, ear, and throat doctors can assist you, contact us today! Located across Alabama, call today!","breadcrumb":{"@id":"https:\/\/premiermedicalgrp.com\/contact\/#breadcrumb"},"inLanguage":"es","potentialAction":[{"@type":"ReadAction","target":["https:\/\/premiermedicalgrp.com\/contact\/"]}]},{"@type":"BreadcrumbList","@id":"https:\/\/premiermedicalgrp.com\/contact\/#breadcrumb","itemListElement":[{"@type":"ListItem","position":1,"name":"Home","item":"https:\/\/premiermedicalgrp.com\/"},{"@type":"ListItem","position":2,"name":"Locations"}]},{"@type":"WebSite","@id":"https:\/\/pmg2024.wpenginepowered.com\/#website","url":"https:\/\/pmg2024.wpenginepowered.com\/","name":"Premier Medical Group | Especialistas en otorrinolaringolog\u00eda y oftalmolog\u00eda","description":"Premier Medical Group | Especialistas en otorrinolaringolog\u00eda y oftalmolog\u00eda","potentialAction":[{"@type":"SearchAction","target":{"@type":"EntryPoint","urlTemplate":"https:\/\/pmg2024.wpenginepowered.com\/?s={search_term_string}"},"query-input":{"@type":"PropertyValueSpecification","valueRequired":true,"valueName":"search_term_string"}}],"inLanguage":"es"}]}},"_links":{"self":[{"href":"https:\/\/premiermedicalgrp.com\/es\/wp-json\/wp\/v2\/pages\/81","targetHints":{"allow":["GET"]}}],"collection":[{"href":"https:\/\/premiermedicalgrp.com\/es\/wp-json\/wp\/v2\/pages"}],"about":[{"href":"https:\/\/premiermedicalgrp.com\/es\/wp-json\/wp\/v2\/types\/page"}],"author":[{"embeddable":true,"href":"https:\/\/premiermedicalgrp.com\/es\/wp-json\/wp\/v2\/users\/1"}],"replies":[{"embeddable":true,"href":"https:\/\/premiermedicalgrp.com\/es\/wp-json\/wp\/v2\/comments?post=81"}],"version-history":[{"count":0,"href":"https:\/\/premiermedicalgrp.com\/es\/wp-json\/wp\/v2\/pages\/81\/revisions"}],"wp:attachment":[{"href":"https:\/\/premiermedicalgrp.com\/es\/wp-json\/wp\/v2\/media?parent=81"}],"curies":[{"name":"wp","href":"https:\/\/api.w.org\/{rel}","templated":true}]}}