{"id":100,"date":"2013-12-30T16:58:06","date_gmt":"2013-12-30T16:58:06","guid":{"rendered":"\/?page_id=100"},"modified":"2015-05-14T16:54:06","modified_gmt":"2015-05-14T21:54:06","slug":"premiers-specialties","status":"publish","type":"page","link":"https:\/\/premiermedicalgrp.com\/es\/about\/premiers-specialties\/","title":{"rendered":"Especialidades de primera"},"content":{"rendered":"<p><span style=\"color: #000000;\">Las especialidades de Premier Medical abarcan una amplia variedad de servicios para ojos, o\u00eddos, nariz y garganta, cirug\u00eda pl\u00e1stica facial y cuidado de la piel con l\u00e1ser.<\/span><\/p>\n<p><span style=\"color: #000000;\"><strong>OJO<\/strong><\/span><\/p>\n<p><span style=\"color: #000000;\">El grupo de oftalm\u00f3logos, optometristas y \u00f3pticos de Premier Medical se especializa en el cuidado de los ojos y la visi\u00f3n de pacientes de todas las edades. Realizan ex\u00e1menes oculares de rutina, diagnostican y tratan trastornos oculares, realizan cirug\u00edas y ayudan a preservar la salud ocular.<\/span><\/p>\n<p><span style=\"color: #000000;\">Muchos trastornos oculares pueden tratarse mediante procedimientos como la cirug\u00eda refractiva y la LASIK para corregir la visi\u00f3n. La cirug\u00eda de cataratas y de implante de lentes intraoculares y los procedimientos para enfermedades de la c\u00f3rnea y el glaucoma ayudan a mejorar la visi\u00f3n en ojos envejecidos.<\/span><\/p>\n<p><span style=\"color: #000000;\"><strong>Otorrinolaringolog\u00eda (ENT)<\/strong><\/span><\/p>\n<p><span style=\"color: #000000;\">Los otorrinolaring\u00f3logos de Premier Medical est\u00e1n capacitados para el tratamiento y la gesti\u00f3n m\u00e9dica y quir\u00fargica de pacientes con enfermedades y trastornos del o\u00eddo, la nariz, la garganta y las estructuras relacionadas de la cabeza y el cuello. Trabajan en estrecha colaboraci\u00f3n con nuestro personal de audiolog\u00eda certificado para detectar y tratar problemas de p\u00e9rdida auditiva.<\/span><\/p>\n<p><span style=\"color: #000000;\"><strong>Cirug\u00eda de p\u00e1rpados y oculoplastia y centro de est\u00e9tica ocular y facial<\/strong><\/span><\/p>\n<p><span style=\"color: #000000;\">Nuestro equipo est\u00e1 formado por un grupo de especialistas capacitados para realizar procedimientos en el rostro como rinoplastia, cirug\u00eda de p\u00e1rpados, levantamiento de cejas y oculoplastia. El b\u00f3tox y los \u00faltimos rellenos aprobados por la FDA tambi\u00e9n forman parte de su arsenal.<\/span><\/p>\n<p><span style=\"color: #000000;\">El Centro de Est\u00e9tica Facial y de Ojos utiliza tratamientos cut\u00e1neos con l\u00e1ser para eliminar el exceso de vello, tratar manchas marrones, venas de las piernas y otras afecciones.<\/span><\/p>\n<p><span style=\"color: #000000;\">\u00a0<\/span><\/p>","protected":false},"excerpt":{"rendered":"<p>Premier Medical\u2019s specialties encompass a wide variety of eye, ear, nose and throat services, facial plastics and laser skin care. EYE Premier Medical\u2019s Eye group of ophthalmologists, optometrists and opticians specialize in eye and vision care for patients of all ages.\u00a0 They perform routine eye exams, diagnose and treat disorders of the eye, perform surgery [&hellip;]<\/p>\n","protected":false},"author":1,"featured_media":0,"parent":79,"menu_order":110,"comment_status":"closed","ping_status":"closed","template":"","meta":{"_acf_changed":false,"footnotes":""},"class_list":["post-100","page","type-page","status-publish","hentry"],"acf":[],"yoast_head":"<!-- This site is optimized with the Yoast SEO plugin v27.3 - https:\/\/yoast.com\/product\/yoast-seo-wordpress\/ -->\n<title>Premier Medical Group Specialty Care | Mobile AL<\/title>\n<meta name=\"description\" content=\"At Premier Medical Group, we specialize in treating the eye, ENT, and aesthetics. Contact our doctors to see how we can help treat you today!\" \/>\n<meta name=\"robots\" content=\"index, follow, max-snippet:-1, max-image-preview:large, max-video-preview:-1\" \/>\n<link rel=\"canonical\" href=\"https:\/\/premiermedicalgrp.com\/es\/about\/premiers-specialties\/\" \/>\n<meta property=\"og:locale\" content=\"es_MX\" \/>\n<meta property=\"og:type\" content=\"article\" \/>\n<meta property=\"og:title\" content=\"Premier Medical Group Specialty Care | Mobile AL\" \/>\n<meta property=\"og:description\" content=\"At Premier Medical Group, we specialize in treating the eye, ENT, and aesthetics. Contact our doctors to see how we can help treat you today!\" \/>\n<meta property=\"og:url\" content=\"https:\/\/premiermedicalgrp.com\/es\/about\/premiers-specialties\/\" \/>\n<meta property=\"og:site_name\" content=\"Premier Medical Group | Eye &amp; ENT Specialists\" \/>\n<meta property=\"article:modified_time\" content=\"2015-05-14T21:54:06+00:00\" \/>\n<meta name=\"twitter:label1\" content=\"Est. reading time\" \/>\n\t<meta name=\"twitter:data1\" content=\"1 minuto\" \/>\n<script type=\"application\/ld+json\" class=\"yoast-schema-graph\">{\"@context\":\"https:\\\/\\\/schema.org\",\"@graph\":[{\"@type\":\"WebPage\",\"@id\":\"https:\\\/\\\/premiermedicalgrp.com\\\/about\\\/premiers-specialties\\\/\",\"url\":\"https:\\\/\\\/premiermedicalgrp.com\\\/about\\\/premiers-specialties\\\/\",\"name\":\"Premier Medical Group Specialty Care | Mobile AL\",\"isPartOf\":{\"@id\":\"https:\\\/\\\/pmg2024.wpenginepowered.com\\\/#website\"},\"datePublished\":\"2013-12-30T16:58:06+00:00\",\"dateModified\":\"2015-05-14T21:54:06+00:00\",\"description\":\"At Premier Medical Group, we specialize in treating the eye, ENT, and aesthetics. Contact our doctors to see how we can help treat you today!\",\"breadcrumb\":{\"@id\":\"https:\\\/\\\/premiermedicalgrp.com\\\/about\\\/premiers-specialties\\\/#breadcrumb\"},\"inLanguage\":\"es\",\"potentialAction\":[{\"@type\":\"ReadAction\",\"target\":[\"https:\\\/\\\/premiermedicalgrp.com\\\/about\\\/premiers-specialties\\\/\"]}]},{\"@type\":\"BreadcrumbList\",\"@id\":\"https:\\\/\\\/premiermedicalgrp.com\\\/about\\\/premiers-specialties\\\/#breadcrumb\",\"itemListElement\":[{\"@type\":\"ListItem\",\"position\":1,\"name\":\"Home\",\"item\":\"https:\\\/\\\/premiermedicalgrp.com\\\/\"},{\"@type\":\"ListItem\",\"position\":2,\"name\":\"About Premier Medical Group\",\"item\":\"https:\\\/\\\/premiermedicalgrp.com\\\/about\\\/\"},{\"@type\":\"ListItem\",\"position\":3,\"name\":\"Premier Specialties\"}]},{\"@type\":\"WebSite\",\"@id\":\"https:\\\/\\\/pmg2024.wpenginepowered.com\\\/#website\",\"url\":\"https:\\\/\\\/pmg2024.wpenginepowered.com\\\/\",\"name\":\"Premier Medical Group | Eye &amp; ENT Specialists\",\"description\":\"Premier Medical Group | Eye &amp; ENT Specialists\",\"potentialAction\":[{\"@type\":\"SearchAction\",\"target\":{\"@type\":\"EntryPoint\",\"urlTemplate\":\"https:\\\/\\\/pmg2024.wpenginepowered.com\\\/?s={search_term_string}\"},\"query-input\":{\"@type\":\"PropertyValueSpecification\",\"valueRequired\":true,\"valueName\":\"search_term_string\"}}],\"inLanguage\":\"es\"}]}<\/script>\n<!-- \/ Yoast SEO plugin. -->","yoast_head_json":{"title":"Premier Medical Group Specialty Care | Mobile AL","description":"At Premier Medical Group, we specialize in treating the eye, ENT, and aesthetics. Contact our doctors to see how we can help treat you today!","robots":{"index":"index","follow":"follow","max-snippet":"max-snippet:-1","max-image-preview":"max-image-preview:large","max-video-preview":"max-video-preview:-1"},"canonical":"https:\/\/premiermedicalgrp.com\/es\/about\/premiers-specialties\/","og_locale":"es_MX","og_type":"article","og_title":"Premier Medical Group Specialty Care | Mobile AL","og_description":"At Premier Medical Group, we specialize in treating the eye, ENT, and aesthetics. Contact our doctors to see how we can help treat you today!","og_url":"https:\/\/premiermedicalgrp.com\/es\/about\/premiers-specialties\/","og_site_name":"Premier Medical Group | Eye &amp; ENT Specialists","article_modified_time":"2015-05-14T21:54:06+00:00","twitter_misc":{"Est. reading time":"1 minuto"},"schema":{"@context":"https:\/\/schema.org","@graph":[{"@type":"WebPage","@id":"https:\/\/premiermedicalgrp.com\/about\/premiers-specialties\/","url":"https:\/\/premiermedicalgrp.com\/about\/premiers-specialties\/","name":"Premier Medical Group Specialty Care | Mobile AL","isPartOf":{"@id":"https:\/\/pmg2024.wpenginepowered.com\/#website"},"datePublished":"2013-12-30T16:58:06+00:00","dateModified":"2015-05-14T21:54:06+00:00","description":"At Premier Medical Group, we specialize in treating the eye, ENT, and aesthetics. Contact our doctors to see how we can help treat you today!","breadcrumb":{"@id":"https:\/\/premiermedicalgrp.com\/about\/premiers-specialties\/#breadcrumb"},"inLanguage":"es","potentialAction":[{"@type":"ReadAction","target":["https:\/\/premiermedicalgrp.com\/about\/premiers-specialties\/"]}]},{"@type":"BreadcrumbList","@id":"https:\/\/premiermedicalgrp.com\/about\/premiers-specialties\/#breadcrumb","itemListElement":[{"@type":"ListItem","position":1,"name":"Home","item":"https:\/\/premiermedicalgrp.com\/"},{"@type":"ListItem","position":2,"name":"About Premier Medical Group","item":"https:\/\/premiermedicalgrp.com\/about\/"},{"@type":"ListItem","position":3,"name":"Premier Specialties"}]},{"@type":"WebSite","@id":"https:\/\/pmg2024.wpenginepowered.com\/#website","url":"https:\/\/pmg2024.wpenginepowered.com\/","name":"Premier Medical Group | Especialistas en otorrinolaringolog\u00eda y oftalmolog\u00eda","description":"Premier Medical Group | Especialistas en otorrinolaringolog\u00eda y oftalmolog\u00eda","potentialAction":[{"@type":"SearchAction","target":{"@type":"EntryPoint","urlTemplate":"https:\/\/pmg2024.wpenginepowered.com\/?s={search_term_string}"},"query-input":{"@type":"PropertyValueSpecification","valueRequired":true,"valueName":"search_term_string"}}],"inLanguage":"es"}]}},"_links":{"self":[{"href":"https:\/\/premiermedicalgrp.com\/es\/wp-json\/wp\/v2\/pages\/100","targetHints":{"allow":["GET"]}}],"collection":[{"href":"https:\/\/premiermedicalgrp.com\/es\/wp-json\/wp\/v2\/pages"}],"about":[{"href":"https:\/\/premiermedicalgrp.com\/es\/wp-json\/wp\/v2\/types\/page"}],"author":[{"embeddable":true,"href":"https:\/\/premiermedicalgrp.com\/es\/wp-json\/wp\/v2\/users\/1"}],"replies":[{"embeddable":true,"href":"https:\/\/premiermedicalgrp.com\/es\/wp-json\/wp\/v2\/comments?post=100"}],"version-history":[{"count":0,"href":"https:\/\/premiermedicalgrp.com\/es\/wp-json\/wp\/v2\/pages\/100\/revisions"}],"up":[{"embeddable":true,"href":"https:\/\/premiermedicalgrp.com\/es\/wp-json\/wp\/v2\/pages\/79"}],"wp:attachment":[{"href":"https:\/\/premiermedicalgrp.com\/es\/wp-json\/wp\/v2\/media?parent=100"}],"curies":[{"name":"wp","href":"https:\/\/api.w.org\/{rel}","templated":true}]}}