{"id":102,"date":"2013-12-30T16:59:22","date_gmt":"2013-12-30T16:59:22","guid":{"rendered":"\/?page_id=102"},"modified":"2026-03-11T10:43:07","modified_gmt":"2026-03-11T15:43:07","slug":"employment","status":"publish","type":"page","link":"https:\/\/premiermedicalgrp.com\/es\/about\/employment\/","title":{"rendered":"Empleo"},"content":{"rendered":"<p><a class=\"btn btn-success\" href=\"https:\/\/www.indeed.com\/cmp\/Premier-Medical-Group-4\/jobs\" target=\"_blank\" rel=\"noopener\">Ver listados de trabajos<\/a><\/p>\n<p><span style=\"color: #000000;\">Premier Medical emplea a algunas de las mejores personas de Mobile y los condados aleda\u00f1os. Los candidatos calificados para los puestos vacantes actuales deben completar una Solicitud de empleo.<\/span><\/p>\n<style>.embed-container { position: relative; padding-bottom: 56.25%; height: 0; overflow: hidden; max-width: 100%; } .embed-container iframe, .embed-container object, .embed-container embed { position: absolute; top: 0; left: 0; width: 100%; height: 100%; }<\/style>\n<div class=\"embed-container\"><iframe src=\"https:\/\/www.youtube.com\/embed\/hx0MYG1XEho\" frameborder=\"0\" allowfullscreen=\"allowfullscreen\"><\/iframe><\/div>\n<p><strong><span style=\"color: #000000;\">Premier Medical es un empleador que ofrece igualdad de oportunidades.<\/span><\/strong><\/p>\n<p><span style=\"color: #000000;\"><strong>Beneficios para empleados a tiempo completo<\/strong><\/span><\/p>\n<ul>\n<li><span style=\"color: #000000;\">Blue Cross Blue Shield of Alabama: Seguro m\u00e9dico y dental<\/span><\/li>\n<li><span style=\"color: #000000;\">Plan de participaci\u00f3n en las ganancias 401-(k)<\/span><\/li>\n<li><span style=\"color: #000000;\">Tiempo libre remunerado acumulado<\/span><\/li>\n<li><span style=\"color: #000000;\">Siete d\u00edas festivos pagados<\/span><\/li>\n<li><span style=\"color: #000000;\">Beneficios de seguro voluntario que incluyen: seguro por discapacidad a corto y largo plazo, seguro de vida a t\u00e9rmino, seguro contra c\u00e1ncer y seguro contra accidentes.<\/span><\/li>\n<li><span style=\"color: #000000;\">Membres\u00edas para programas de acondicionamiento f\u00edsico<\/span><\/li>\n<li><span style=\"color: #000000;\">Descuentos m\u00e9dicos internos<\/span><\/li>\n<li><span style=\"color: #000000;\">Licencia m\u00e9dica y familiar<\/span><\/li>\n<li><span style=\"color: #000000;\">Licencia militar<\/span><\/li>\n<li><span style=\"color: #000000;\">Licencia por funeral<\/span><\/li>\n<\/ul>\n<p><span style=\"color: #000000;\">Los beneficios enumerados anteriormente son solo para informaci\u00f3n general. En todos los casos, las p\u00f3lizas de seguro o los documentos escritos del plan son los documentos legales que rigen y determinan la elegibilidad, los beneficios, las condiciones, las limitaciones y todos los dem\u00e1s detalles.<\/span><\/p>\n<p><span style=\"color: #000000;\">\u00a0<a href=\"https:\/\/premiermedicalgrp.com\/es\/employee-tax-info\/\">Important Health Coverage Tax Documents<\/a><\/span><\/p>\n<p><a href=\"https:\/\/premiermedicalgrp.com\/wp-content\/uploads\/2026\/03\/Notice-of-Privacy-Practices-for-HIPAA-Health-Plan-2026.pdf\"><b>Notice of Privacy Practices for HIPAA Health Plan<\/b><\/a><\/p>","protected":false},"excerpt":{"rendered":"<p>View Job Listings Premier Medical employs some of the best people in Mobile and surrounding counties. Qualified applicants for current open positions should complete an Application for Employment. Premier Medical is an Equal Opportunity Employer. Employee Benefits for Full-Time Employees Blue Cross Blue Shield of Alabama: Medical and dental insurance 401-(k) Profit Sharing Plan Accrued [&hellip;]<\/p>\n","protected":false},"author":1,"featured_media":0,"parent":79,"menu_order":111,"comment_status":"closed","ping_status":"closed","template":"","meta":{"_acf_changed":false,"footnotes":""},"class_list":["post-102","page","type-page","status-publish","hentry"],"acf":[],"yoast_head":"<!-- This site is optimized with the Yoast SEO plugin v27.4 - https:\/\/yoast.com\/product\/yoast-seo-wordpress\/ -->\n<title>Employment - Premier Medical Group - Application, Apply Online, Jobs<\/title>\n<meta name=\"description\" content=\"View our job listings to explore the many employment opportunities offered by Premier Medical Group. Qualified applicants apply online!\" \/>\n<meta name=\"robots\" content=\"index, follow, max-snippet:-1, max-image-preview:large, max-video-preview:-1\" \/>\n<link rel=\"canonical\" href=\"https:\/\/premiermedicalgrp.com\/es\/about\/employment\/\" \/>\n<meta property=\"og:locale\" content=\"es_MX\" \/>\n<meta property=\"og:type\" content=\"article\" \/>\n<meta property=\"og:title\" content=\"Employment - Premier Medical Group - Application, Apply Online, Jobs\" \/>\n<meta property=\"og:description\" content=\"View our job listings to explore the many employment opportunities offered by Premier Medical Group. Qualified applicants apply online!\" \/>\n<meta property=\"og:url\" content=\"https:\/\/premiermedicalgrp.com\/es\/about\/employment\/\" \/>\n<meta property=\"og:site_name\" content=\"Premier Medical Group | Eye &amp; ENT Specialists\" \/>\n<meta property=\"article:modified_time\" content=\"2026-03-11T15:43:07+00:00\" \/>\n<meta name=\"twitter:label1\" content=\"Est. reading time\" \/>\n\t<meta name=\"twitter:data1\" content=\"1 minuto\" \/>\n<script type=\"application\/ld+json\" class=\"yoast-schema-graph\">{\"@context\":\"https:\\\/\\\/schema.org\",\"@graph\":[{\"@type\":\"WebPage\",\"@id\":\"https:\\\/\\\/premiermedicalgrp.com\\\/about\\\/employment\\\/\",\"url\":\"https:\\\/\\\/premiermedicalgrp.com\\\/about\\\/employment\\\/\",\"name\":\"Employment - Premier Medical Group - Application, Apply Online, Jobs\",\"isPartOf\":{\"@id\":\"https:\\\/\\\/pmg2024.wpenginepowered.com\\\/#website\"},\"datePublished\":\"2013-12-30T16:59:22+00:00\",\"dateModified\":\"2026-03-11T15:43:07+00:00\",\"description\":\"View our job listings to explore the many employment opportunities offered by Premier Medical Group. Qualified applicants apply online!\",\"breadcrumb\":{\"@id\":\"https:\\\/\\\/premiermedicalgrp.com\\\/about\\\/employment\\\/#breadcrumb\"},\"inLanguage\":\"es\",\"potentialAction\":[{\"@type\":\"ReadAction\",\"target\":[\"https:\\\/\\\/premiermedicalgrp.com\\\/about\\\/employment\\\/\"]}]},{\"@type\":\"BreadcrumbList\",\"@id\":\"https:\\\/\\\/premiermedicalgrp.com\\\/about\\\/employment\\\/#breadcrumb\",\"itemListElement\":[{\"@type\":\"ListItem\",\"position\":1,\"name\":\"Home\",\"item\":\"https:\\\/\\\/premiermedicalgrp.com\\\/\"},{\"@type\":\"ListItem\",\"position\":2,\"name\":\"About Premier Medical Group\",\"item\":\"https:\\\/\\\/premiermedicalgrp.com\\\/about\\\/\"},{\"@type\":\"ListItem\",\"position\":3,\"name\":\"Employment\"}]},{\"@type\":\"WebSite\",\"@id\":\"https:\\\/\\\/pmg2024.wpenginepowered.com\\\/#website\",\"url\":\"https:\\\/\\\/pmg2024.wpenginepowered.com\\\/\",\"name\":\"Premier Medical Group | Eye &amp; ENT Specialists\",\"description\":\"Premier Medical Group | Eye &amp; ENT Specialists\",\"potentialAction\":[{\"@type\":\"SearchAction\",\"target\":{\"@type\":\"EntryPoint\",\"urlTemplate\":\"https:\\\/\\\/pmg2024.wpenginepowered.com\\\/?s={search_term_string}\"},\"query-input\":{\"@type\":\"PropertyValueSpecification\",\"valueRequired\":true,\"valueName\":\"search_term_string\"}}],\"inLanguage\":\"es\"}]}<\/script>\n<!-- \/ Yoast SEO plugin. -->","yoast_head_json":{"title":"Employment - Premier Medical Group - Application, Apply Online, Jobs","description":"View our job listings to explore the many employment opportunities offered by Premier Medical Group. Qualified applicants apply online!","robots":{"index":"index","follow":"follow","max-snippet":"max-snippet:-1","max-image-preview":"max-image-preview:large","max-video-preview":"max-video-preview:-1"},"canonical":"https:\/\/premiermedicalgrp.com\/es\/about\/employment\/","og_locale":"es_MX","og_type":"article","og_title":"Employment - Premier Medical Group - Application, Apply Online, Jobs","og_description":"View our job listings to explore the many employment opportunities offered by Premier Medical Group. Qualified applicants apply online!","og_url":"https:\/\/premiermedicalgrp.com\/es\/about\/employment\/","og_site_name":"Premier Medical Group | Eye &amp; ENT Specialists","article_modified_time":"2026-03-11T15:43:07+00:00","twitter_misc":{"Est. reading time":"1 minuto"},"schema":{"@context":"https:\/\/schema.org","@graph":[{"@type":"WebPage","@id":"https:\/\/premiermedicalgrp.com\/about\/employment\/","url":"https:\/\/premiermedicalgrp.com\/about\/employment\/","name":"Employment - Premier Medical Group - Application, Apply Online, Jobs","isPartOf":{"@id":"https:\/\/pmg2024.wpenginepowered.com\/#website"},"datePublished":"2013-12-30T16:59:22+00:00","dateModified":"2026-03-11T15:43:07+00:00","description":"View our job listings to explore the many employment opportunities offered by Premier Medical Group. Qualified applicants apply online!","breadcrumb":{"@id":"https:\/\/premiermedicalgrp.com\/about\/employment\/#breadcrumb"},"inLanguage":"es","potentialAction":[{"@type":"ReadAction","target":["https:\/\/premiermedicalgrp.com\/about\/employment\/"]}]},{"@type":"BreadcrumbList","@id":"https:\/\/premiermedicalgrp.com\/about\/employment\/#breadcrumb","itemListElement":[{"@type":"ListItem","position":1,"name":"Home","item":"https:\/\/premiermedicalgrp.com\/"},{"@type":"ListItem","position":2,"name":"About Premier Medical Group","item":"https:\/\/premiermedicalgrp.com\/about\/"},{"@type":"ListItem","position":3,"name":"Employment"}]},{"@type":"WebSite","@id":"https:\/\/pmg2024.wpenginepowered.com\/#website","url":"https:\/\/pmg2024.wpenginepowered.com\/","name":"Premier Medical Group | Especialistas en otorrinolaringolog\u00eda y oftalmolog\u00eda","description":"Premier Medical Group | Especialistas en otorrinolaringolog\u00eda y oftalmolog\u00eda","potentialAction":[{"@type":"SearchAction","target":{"@type":"EntryPoint","urlTemplate":"https:\/\/pmg2024.wpenginepowered.com\/?s={search_term_string}"},"query-input":{"@type":"PropertyValueSpecification","valueRequired":true,"valueName":"search_term_string"}}],"inLanguage":"es"}]}},"_links":{"self":[{"href":"https:\/\/premiermedicalgrp.com\/es\/wp-json\/wp\/v2\/pages\/102","targetHints":{"allow":["GET"]}}],"collection":[{"href":"https:\/\/premiermedicalgrp.com\/es\/wp-json\/wp\/v2\/pages"}],"about":[{"href":"https:\/\/premiermedicalgrp.com\/es\/wp-json\/wp\/v2\/types\/page"}],"author":[{"embeddable":true,"href":"https:\/\/premiermedicalgrp.com\/es\/wp-json\/wp\/v2\/users\/1"}],"replies":[{"embeddable":true,"href":"https:\/\/premiermedicalgrp.com\/es\/wp-json\/wp\/v2\/comments?post=102"}],"version-history":[{"count":0,"href":"https:\/\/premiermedicalgrp.com\/es\/wp-json\/wp\/v2\/pages\/102\/revisions"}],"up":[{"embeddable":true,"href":"https:\/\/premiermedicalgrp.com\/es\/wp-json\/wp\/v2\/pages\/79"}],"wp:attachment":[{"href":"https:\/\/premiermedicalgrp.com\/es\/wp-json\/wp\/v2\/media?parent=102"}],"curies":[{"name":"wp","href":"https:\/\/api.w.org\/{rel}","templated":true}]}}