{"id":105,"date":"2013-12-30T17:03:35","date_gmt":"2013-12-30T17:03:35","guid":{"rendered":"\/?page_id=105"},"modified":"2023-07-20T10:24:55","modified_gmt":"2023-07-20T15:24:55","slug":"ent","status":"publish","type":"page","link":"https:\/\/premiermedicalgrp.com\/es\/services\/ent\/","title":{"rendered":"Servicios de otorrinolaringolog\u00eda"},"content":{"rendered":"<p><span style=\"color: #000000;\">El grupo de otorrinolaringolog\u00eda de Premier Medical est\u00e1 compuesto por un equipo de otorrinolaring\u00f3logos (ENT), profesionales de audiolog\u00eda certificados y especialistas en alergias. Somos el grupo de otorrinolaringolog\u00eda m\u00e1s grande del sur de Alabama, compuesto por 11 m\u00e9dicos y personal profesional que ofrece servicios en Mobile, Daphne y Jackson.\u00a0<\/span><\/p>\n<p><span style=\"color: #000000;\">Los otorrinolaring\u00f3logos tratan trastornos que afectan el o\u00eddo, la nariz y la garganta, as\u00ed como las estructuras relacionadas de la cabeza y el cuello. Sus habilidades especiales incluyen el diagn\u00f3stico y el tratamiento de enfermedades de los senos paranasales, la laringe (caja de la voz), la cavidad oral, la faringe superior (boca y garganta), y el cuello y la cara.<\/span><\/p>\n<p><span style=\"color: #000000;\">El personal de audiolog\u00eda certificado del Centro de Audiolog\u00eda y Aud\u00edfonos de Premier Medical es experto en el diagn\u00f3stico, tratamiento y manejo de personas con p\u00e9rdida auditiva y problemas de equilibrio.<\/span><\/p>\n<p><span style=\"color: #000000;\">Nuestros profesionales en alergias se especializan en el tratamiento y manejo del asma, fiebre del heno, alergias oculares, alimentarias y cut\u00e1neas, y reacciones al\u00e9rgicas a picaduras de insectos.<\/span><\/p>\n<p>&nbsp;<\/p>\n<h3>Los servicios de otorrinolaringolog\u00eda incluyen:<\/h3>\n<ul>\n<li><a href=\"https:\/\/premiermedicalgrp.com\/es\/services\/ent\/otorhinolaryngology\/\">Otorrinolaringolog\u00eda<\/a><\/li>\n<li><a href=\"https:\/\/premiermedicalgrp.com\/es\/services\/ent\/audiology\/\">Audiolog\u00eda<\/a><\/li>\n<li><a href=\"https:\/\/premiermedicalgrp.com\/es\/services\/ent\/allergies\/\">Alergias<\/a><\/li>\n<\/ul>","protected":false},"excerpt":{"rendered":"<p>The ENT group at Premier Medical is composed of a team of otolaryngologists (ENTs), certified audiology professionals and allergy specialists. We are the largest ENT group in south Alabama, composed of 11 physicians and professional staff offering services in Mobile, Daphne and Jackson.\u00a0 Otorhinolaryngologists treat disorders involving the ear, nose and throat and related structures [&hellip;]<\/p>\n","protected":false},"author":1,"featured_media":0,"parent":77,"menu_order":80,"comment_status":"closed","ping_status":"closed","template":"","meta":{"_acf_changed":false,"footnotes":""},"class_list":["post-105","page","type-page","status-publish","hentry"],"acf":[],"yoast_head":"<!-- This site is optimized with the Yoast SEO plugin v27.3 - https:\/\/yoast.com\/product\/yoast-seo-wordpress\/ -->\n<title>ENT Services | Premier Medical Group<\/title>\n<meta name=\"description\" content=\"Our ENT doctors at Premier Medical Group can help you find the best cold and sinus treatment in Fairhope AL. See what our ENT doctors can do for you!\" \/>\n<meta name=\"robots\" content=\"index, follow, max-snippet:-1, max-image-preview:large, max-video-preview:-1\" \/>\n<link rel=\"canonical\" href=\"https:\/\/premiermedicalgrp.com\/es\/services\/ent\/\" \/>\n<meta property=\"og:locale\" content=\"es_MX\" \/>\n<meta property=\"og:type\" content=\"article\" \/>\n<meta property=\"og:title\" content=\"ENT Services | Premier Medical Group\" \/>\n<meta property=\"og:description\" content=\"Our ENT doctors at Premier Medical Group can help you find the best cold and sinus treatment in Fairhope AL. See what our ENT doctors can do for you!\" \/>\n<meta property=\"og:url\" content=\"https:\/\/premiermedicalgrp.com\/es\/services\/ent\/\" \/>\n<meta property=\"og:site_name\" content=\"Premier Medical Group | Eye &amp; ENT Specialists\" \/>\n<meta property=\"article:modified_time\" content=\"2023-07-20T15:24:55+00:00\" \/>\n<meta name=\"twitter:label1\" content=\"Est. reading time\" \/>\n\t<meta name=\"twitter:data1\" content=\"1 minuto\" \/>\n<script type=\"application\/ld+json\" class=\"yoast-schema-graph\">{\"@context\":\"https:\\\/\\\/schema.org\",\"@graph\":[{\"@type\":\"WebPage\",\"@id\":\"https:\\\/\\\/premiermedicalgrp.com\\\/services\\\/ent\\\/\",\"url\":\"https:\\\/\\\/premiermedicalgrp.com\\\/services\\\/ent\\\/\",\"name\":\"ENT Services | Premier Medical Group\",\"isPartOf\":{\"@id\":\"https:\\\/\\\/pmg2024.wpenginepowered.com\\\/#website\"},\"datePublished\":\"2013-12-30T17:03:35+00:00\",\"dateModified\":\"2023-07-20T15:24:55+00:00\",\"description\":\"Our ENT doctors at Premier Medical Group can help you find the best cold and sinus treatment in Fairhope AL. See what our ENT doctors can do for you!\",\"breadcrumb\":{\"@id\":\"https:\\\/\\\/premiermedicalgrp.com\\\/services\\\/ent\\\/#breadcrumb\"},\"inLanguage\":\"es\",\"potentialAction\":[{\"@type\":\"ReadAction\",\"target\":[\"https:\\\/\\\/premiermedicalgrp.com\\\/services\\\/ent\\\/\"]}]},{\"@type\":\"BreadcrumbList\",\"@id\":\"https:\\\/\\\/premiermedicalgrp.com\\\/services\\\/ent\\\/#breadcrumb\",\"itemListElement\":[{\"@type\":\"ListItem\",\"position\":1,\"name\":\"Home\",\"item\":\"https:\\\/\\\/premiermedicalgrp.com\\\/\"},{\"@type\":\"ListItem\",\"position\":2,\"name\":\"Our Services\",\"item\":\"https:\\\/\\\/premiermedicalgrp.com\\\/services\\\/\"},{\"@type\":\"ListItem\",\"position\":3,\"name\":\"ENT Services\"}]},{\"@type\":\"WebSite\",\"@id\":\"https:\\\/\\\/pmg2024.wpenginepowered.com\\\/#website\",\"url\":\"https:\\\/\\\/pmg2024.wpenginepowered.com\\\/\",\"name\":\"Premier Medical Group | Eye &amp; ENT Specialists\",\"description\":\"Premier Medical Group | Eye &amp; ENT Specialists\",\"potentialAction\":[{\"@type\":\"SearchAction\",\"target\":{\"@type\":\"EntryPoint\",\"urlTemplate\":\"https:\\\/\\\/pmg2024.wpenginepowered.com\\\/?s={search_term_string}\"},\"query-input\":{\"@type\":\"PropertyValueSpecification\",\"valueRequired\":true,\"valueName\":\"search_term_string\"}}],\"inLanguage\":\"es\"}]}<\/script>\n<!-- \/ Yoast SEO plugin. -->","yoast_head_json":{"title":"ENT Services | Premier Medical Group","description":"Our ENT doctors at Premier Medical Group can help you find the best cold and sinus treatment in Fairhope AL. See what our ENT doctors can do for you!","robots":{"index":"index","follow":"follow","max-snippet":"max-snippet:-1","max-image-preview":"max-image-preview:large","max-video-preview":"max-video-preview:-1"},"canonical":"https:\/\/premiermedicalgrp.com\/es\/services\/ent\/","og_locale":"es_MX","og_type":"article","og_title":"ENT Services | Premier Medical Group","og_description":"Our ENT doctors at Premier Medical Group can help you find the best cold and sinus treatment in Fairhope AL. See what our ENT doctors can do for you!","og_url":"https:\/\/premiermedicalgrp.com\/es\/services\/ent\/","og_site_name":"Premier Medical Group | Eye &amp; ENT Specialists","article_modified_time":"2023-07-20T15:24:55+00:00","twitter_misc":{"Est. reading time":"1 minuto"},"schema":{"@context":"https:\/\/schema.org","@graph":[{"@type":"WebPage","@id":"https:\/\/premiermedicalgrp.com\/services\/ent\/","url":"https:\/\/premiermedicalgrp.com\/services\/ent\/","name":"ENT Services | Premier Medical Group","isPartOf":{"@id":"https:\/\/pmg2024.wpenginepowered.com\/#website"},"datePublished":"2013-12-30T17:03:35+00:00","dateModified":"2023-07-20T15:24:55+00:00","description":"Our ENT doctors at Premier Medical Group can help you find the best cold and sinus treatment in Fairhope AL. See what our ENT doctors can do for you!","breadcrumb":{"@id":"https:\/\/premiermedicalgrp.com\/services\/ent\/#breadcrumb"},"inLanguage":"es","potentialAction":[{"@type":"ReadAction","target":["https:\/\/premiermedicalgrp.com\/services\/ent\/"]}]},{"@type":"BreadcrumbList","@id":"https:\/\/premiermedicalgrp.com\/services\/ent\/#breadcrumb","itemListElement":[{"@type":"ListItem","position":1,"name":"Home","item":"https:\/\/premiermedicalgrp.com\/"},{"@type":"ListItem","position":2,"name":"Our Services","item":"https:\/\/premiermedicalgrp.com\/services\/"},{"@type":"ListItem","position":3,"name":"ENT Services"}]},{"@type":"WebSite","@id":"https:\/\/pmg2024.wpenginepowered.com\/#website","url":"https:\/\/pmg2024.wpenginepowered.com\/","name":"Premier Medical Group | Especialistas en otorrinolaringolog\u00eda y oftalmolog\u00eda","description":"Premier Medical Group | Especialistas en otorrinolaringolog\u00eda y oftalmolog\u00eda","potentialAction":[{"@type":"SearchAction","target":{"@type":"EntryPoint","urlTemplate":"https:\/\/pmg2024.wpenginepowered.com\/?s={search_term_string}"},"query-input":{"@type":"PropertyValueSpecification","valueRequired":true,"valueName":"search_term_string"}}],"inLanguage":"es"}]}},"_links":{"self":[{"href":"https:\/\/premiermedicalgrp.com\/es\/wp-json\/wp\/v2\/pages\/105","targetHints":{"allow":["GET"]}}],"collection":[{"href":"https:\/\/premiermedicalgrp.com\/es\/wp-json\/wp\/v2\/pages"}],"about":[{"href":"https:\/\/premiermedicalgrp.com\/es\/wp-json\/wp\/v2\/types\/page"}],"author":[{"embeddable":true,"href":"https:\/\/premiermedicalgrp.com\/es\/wp-json\/wp\/v2\/users\/1"}],"replies":[{"embeddable":true,"href":"https:\/\/premiermedicalgrp.com\/es\/wp-json\/wp\/v2\/comments?post=105"}],"version-history":[{"count":0,"href":"https:\/\/premiermedicalgrp.com\/es\/wp-json\/wp\/v2\/pages\/105\/revisions"}],"up":[{"embeddable":true,"href":"https:\/\/premiermedicalgrp.com\/es\/wp-json\/wp\/v2\/pages\/77"}],"wp:attachment":[{"href":"https:\/\/premiermedicalgrp.com\/es\/wp-json\/wp\/v2\/media?parent=105"}],"curies":[{"name":"wp","href":"https:\/\/api.w.org\/{rel}","templated":true}]}}