{"id":107,"date":"2013-12-30T17:04:14","date_gmt":"2013-12-30T17:04:14","guid":{"rendered":"\/?page_id=107"},"modified":"2023-12-20T11:21:27","modified_gmt":"2023-12-20T17:21:27","slug":"eye","status":"publish","type":"page","link":"https:\/\/premiermedicalgrp.com\/es\/services\/eye\/","title":{"rendered":"Servicios para los ojos"},"content":{"rendered":"<p><span style=\"color: #000000;\">De los cinco sentidos, la vista es quiz\u00e1s el m\u00e1s esencial. Desde el funcionamiento del mundo cotidiano hasta la apreciaci\u00f3n de la belleza de una puesta de sol o de una sonrisa, la vista es una piedra angular de la salud y el bienestar.<\/span><\/p>\n<p><span style=\"color: #000000;\">Para proteger su vista y la de sus seres queridos, los ex\u00e1menes oculares de rutina son importantes, sin importar su edad o estado f\u00edsico. El cuidado ocular de los ni\u00f1os puede detectar signos de visi\u00f3n deficiente de manera temprana, que a veces resultan en dificultades de aprendizaje y de conducta. Muchas enfermedades sist\u00e9micas se descubren a trav\u00e9s de estos ex\u00e1menes y se pueden tratar para prevenir da\u00f1os mayores.<\/span><\/p>\n<p><span style=\"color: #000000;\">Los profesionales del cuidado de los ojos de Premier Medical pueden examinar, diagnosticar y tratar cualquier afecci\u00f3n ocular utilizando los instrumentos y las t\u00e9cnicas m\u00e1s avanzados. Nuestro equipo de 27 m\u00e9dicos y personal profesional ofrece servicios en Alabama y Mississippi, dedicados a proteger y preservar su preciada vista.<\/span><\/p>","protected":false},"excerpt":{"rendered":"<p>Of all the five senses, your sight may be the most essential.\u00a0 From functioning in the everyday world to appreciating the beauty of a sunset or a smile, your vision is a cornerstone of your health and wellbeing. To safeguard your sight and that of your loved ones, routine eye exams are important, no matter [&hellip;]<\/p>\n","protected":false},"author":1,"featured_media":281,"parent":77,"menu_order":24,"comment_status":"closed","ping_status":"closed","template":"","meta":{"_acf_changed":false,"footnotes":""},"class_list":["post-107","page","type-page","status-publish","has-post-thumbnail","hentry"],"acf":[],"yoast_head":"<!-- This site is optimized with the Yoast SEO plugin v27.3 - https:\/\/yoast.com\/product\/yoast-seo-wordpress\/ -->\n<title>Eye Services | Premier Medical Group<\/title>\n<meta name=\"description\" content=\"At Premier Medical, we offer only the best eye services to help you see as clear as possible with maximum comfort. See what Premier Medical can do for you!\" \/>\n<meta name=\"robots\" content=\"index, follow, max-snippet:-1, max-image-preview:large, max-video-preview:-1\" \/>\n<link rel=\"canonical\" href=\"https:\/\/premiermedicalgrp.com\/es\/services\/eye\/\" \/>\n<meta property=\"og:locale\" content=\"es_MX\" \/>\n<meta property=\"og:type\" content=\"article\" \/>\n<meta property=\"og:title\" content=\"Eye Services | Premier Medical Group\" \/>\n<meta property=\"og:description\" content=\"At Premier Medical, we offer only the best eye services to help you see as clear as possible with maximum comfort. See what Premier Medical can do for you!\" \/>\n<meta property=\"og:url\" content=\"https:\/\/premiermedicalgrp.com\/es\/services\/eye\/\" \/>\n<meta property=\"og:site_name\" content=\"Premier Medical Group | Eye &amp; ENT Specialists\" \/>\n<meta property=\"article:modified_time\" content=\"2023-12-20T17:21:27+00:00\" \/>\n<meta property=\"og:image\" content=\"https:\/\/premiermedicalgrp.com\/wp-content\/uploads\/2013\/12\/stock-photo-18552930-doctor.jpg\" \/>\n\t<meta property=\"og:image:width\" content=\"380\" \/>\n\t<meta property=\"og:image:height\" content=\"380\" \/>\n\t<meta property=\"og:image:type\" content=\"image\/jpeg\" \/>\n<meta name=\"twitter:label1\" content=\"Est. reading time\" \/>\n\t<meta name=\"twitter:data1\" content=\"1 minuto\" \/>\n<script type=\"application\/ld+json\" class=\"yoast-schema-graph\">{\"@context\":\"https:\\\/\\\/schema.org\",\"@graph\":[{\"@type\":\"WebPage\",\"@id\":\"https:\\\/\\\/premiermedicalgrp.com\\\/services\\\/eye\\\/\",\"url\":\"https:\\\/\\\/premiermedicalgrp.com\\\/services\\\/eye\\\/\",\"name\":\"Eye Services | Premier Medical Group\",\"isPartOf\":{\"@id\":\"https:\\\/\\\/pmg2024.wpenginepowered.com\\\/#website\"},\"primaryImageOfPage\":{\"@id\":\"https:\\\/\\\/premiermedicalgrp.com\\\/services\\\/eye\\\/#primaryimage\"},\"image\":{\"@id\":\"https:\\\/\\\/premiermedicalgrp.com\\\/services\\\/eye\\\/#primaryimage\"},\"thumbnailUrl\":\"https:\\\/\\\/premiermedicalgrp.com\\\/wp-content\\\/uploads\\\/2013\\\/12\\\/stock-photo-18552930-doctor.jpg\",\"datePublished\":\"2013-12-30T17:04:14+00:00\",\"dateModified\":\"2023-12-20T17:21:27+00:00\",\"description\":\"At Premier Medical, we offer only the best eye services to help you see as clear as possible with maximum comfort. See what Premier Medical can do for you!\",\"breadcrumb\":{\"@id\":\"https:\\\/\\\/premiermedicalgrp.com\\\/services\\\/eye\\\/#breadcrumb\"},\"inLanguage\":\"es\",\"potentialAction\":[{\"@type\":\"ReadAction\",\"target\":[\"https:\\\/\\\/premiermedicalgrp.com\\\/services\\\/eye\\\/\"]}]},{\"@type\":\"ImageObject\",\"inLanguage\":\"es\",\"@id\":\"https:\\\/\\\/premiermedicalgrp.com\\\/services\\\/eye\\\/#primaryimage\",\"url\":\"https:\\\/\\\/premiermedicalgrp.com\\\/wp-content\\\/uploads\\\/2013\\\/12\\\/stock-photo-18552930-doctor.jpg\",\"contentUrl\":\"https:\\\/\\\/premiermedicalgrp.com\\\/wp-content\\\/uploads\\\/2013\\\/12\\\/stock-photo-18552930-doctor.jpg\",\"width\":380,\"height\":380,\"caption\":\"stock photo woman with laptop\"},{\"@type\":\"BreadcrumbList\",\"@id\":\"https:\\\/\\\/premiermedicalgrp.com\\\/services\\\/eye\\\/#breadcrumb\",\"itemListElement\":[{\"@type\":\"ListItem\",\"position\":1,\"name\":\"Home\",\"item\":\"https:\\\/\\\/premiermedicalgrp.com\\\/\"},{\"@type\":\"ListItem\",\"position\":2,\"name\":\"Our Services\",\"item\":\"https:\\\/\\\/premiermedicalgrp.com\\\/services\\\/\"},{\"@type\":\"ListItem\",\"position\":3,\"name\":\"Eye Services\"}]},{\"@type\":\"WebSite\",\"@id\":\"https:\\\/\\\/pmg2024.wpenginepowered.com\\\/#website\",\"url\":\"https:\\\/\\\/pmg2024.wpenginepowered.com\\\/\",\"name\":\"Premier Medical Group | Eye &amp; ENT Specialists\",\"description\":\"Premier Medical Group | Eye &amp; ENT Specialists\",\"potentialAction\":[{\"@type\":\"SearchAction\",\"target\":{\"@type\":\"EntryPoint\",\"urlTemplate\":\"https:\\\/\\\/pmg2024.wpenginepowered.com\\\/?s={search_term_string}\"},\"query-input\":{\"@type\":\"PropertyValueSpecification\",\"valueRequired\":true,\"valueName\":\"search_term_string\"}}],\"inLanguage\":\"es\"}]}<\/script>\n<!-- \/ Yoast SEO plugin. -->","yoast_head_json":{"title":"Eye Services | Premier Medical Group","description":"At Premier Medical, we offer only the best eye services to help you see as clear as possible with maximum comfort. See what Premier Medical can do for you!","robots":{"index":"index","follow":"follow","max-snippet":"max-snippet:-1","max-image-preview":"max-image-preview:large","max-video-preview":"max-video-preview:-1"},"canonical":"https:\/\/premiermedicalgrp.com\/es\/services\/eye\/","og_locale":"es_MX","og_type":"article","og_title":"Eye Services | Premier Medical Group","og_description":"At Premier Medical, we offer only the best eye services to help you see as clear as possible with maximum comfort. See what Premier Medical can do for you!","og_url":"https:\/\/premiermedicalgrp.com\/es\/services\/eye\/","og_site_name":"Premier Medical Group | Eye &amp; ENT Specialists","article_modified_time":"2023-12-20T17:21:27+00:00","og_image":[{"width":380,"height":380,"url":"https:\/\/premiermedicalgrp.com\/wp-content\/uploads\/2013\/12\/stock-photo-18552930-doctor.jpg","type":"image\/jpeg"}],"twitter_misc":{"Est. reading time":"1 minuto"},"schema":{"@context":"https:\/\/schema.org","@graph":[{"@type":"WebPage","@id":"https:\/\/premiermedicalgrp.com\/services\/eye\/","url":"https:\/\/premiermedicalgrp.com\/services\/eye\/","name":"Eye Services | Premier Medical Group","isPartOf":{"@id":"https:\/\/pmg2024.wpenginepowered.com\/#website"},"primaryImageOfPage":{"@id":"https:\/\/premiermedicalgrp.com\/services\/eye\/#primaryimage"},"image":{"@id":"https:\/\/premiermedicalgrp.com\/services\/eye\/#primaryimage"},"thumbnailUrl":"https:\/\/premiermedicalgrp.com\/wp-content\/uploads\/2013\/12\/stock-photo-18552930-doctor.jpg","datePublished":"2013-12-30T17:04:14+00:00","dateModified":"2023-12-20T17:21:27+00:00","description":"At Premier Medical, we offer only the best eye services to help you see as clear as possible with maximum comfort. See what Premier Medical can do for you!","breadcrumb":{"@id":"https:\/\/premiermedicalgrp.com\/services\/eye\/#breadcrumb"},"inLanguage":"es","potentialAction":[{"@type":"ReadAction","target":["https:\/\/premiermedicalgrp.com\/services\/eye\/"]}]},{"@type":"ImageObject","inLanguage":"es","@id":"https:\/\/premiermedicalgrp.com\/services\/eye\/#primaryimage","url":"https:\/\/premiermedicalgrp.com\/wp-content\/uploads\/2013\/12\/stock-photo-18552930-doctor.jpg","contentUrl":"https:\/\/premiermedicalgrp.com\/wp-content\/uploads\/2013\/12\/stock-photo-18552930-doctor.jpg","width":380,"height":380,"caption":"stock photo woman with laptop"},{"@type":"BreadcrumbList","@id":"https:\/\/premiermedicalgrp.com\/services\/eye\/#breadcrumb","itemListElement":[{"@type":"ListItem","position":1,"name":"Home","item":"https:\/\/premiermedicalgrp.com\/"},{"@type":"ListItem","position":2,"name":"Our Services","item":"https:\/\/premiermedicalgrp.com\/services\/"},{"@type":"ListItem","position":3,"name":"Eye Services"}]},{"@type":"WebSite","@id":"https:\/\/pmg2024.wpenginepowered.com\/#website","url":"https:\/\/pmg2024.wpenginepowered.com\/","name":"Premier Medical Group | Especialistas en otorrinolaringolog\u00eda y oftalmolog\u00eda","description":"Premier Medical Group | Especialistas en otorrinolaringolog\u00eda y oftalmolog\u00eda","potentialAction":[{"@type":"SearchAction","target":{"@type":"EntryPoint","urlTemplate":"https:\/\/pmg2024.wpenginepowered.com\/?s={search_term_string}"},"query-input":{"@type":"PropertyValueSpecification","valueRequired":true,"valueName":"search_term_string"}}],"inLanguage":"es"}]}},"_links":{"self":[{"href":"https:\/\/premiermedicalgrp.com\/es\/wp-json\/wp\/v2\/pages\/107","targetHints":{"allow":["GET"]}}],"collection":[{"href":"https:\/\/premiermedicalgrp.com\/es\/wp-json\/wp\/v2\/pages"}],"about":[{"href":"https:\/\/premiermedicalgrp.com\/es\/wp-json\/wp\/v2\/types\/page"}],"author":[{"embeddable":true,"href":"https:\/\/premiermedicalgrp.com\/es\/wp-json\/wp\/v2\/users\/1"}],"replies":[{"embeddable":true,"href":"https:\/\/premiermedicalgrp.com\/es\/wp-json\/wp\/v2\/comments?post=107"}],"version-history":[{"count":0,"href":"https:\/\/premiermedicalgrp.com\/es\/wp-json\/wp\/v2\/pages\/107\/revisions"}],"up":[{"embeddable":true,"href":"https:\/\/premiermedicalgrp.com\/es\/wp-json\/wp\/v2\/pages\/77"}],"wp:featuredmedia":[{"embeddable":true,"href":"https:\/\/premiermedicalgrp.com\/es\/wp-json\/wp\/v2\/media\/281"}],"wp:attachment":[{"href":"https:\/\/premiermedicalgrp.com\/es\/wp-json\/wp\/v2\/media?parent=107"}],"curies":[{"name":"wp","href":"https:\/\/api.w.org\/{rel}","templated":true}]}}