{"id":111,"date":"2013-12-30T17:10:13","date_gmt":"2013-12-30T17:10:13","guid":{"rendered":"\/?page_id=111"},"modified":"2024-02-29T16:20:45","modified_gmt":"2024-02-29T22:20:45","slug":"optometry","status":"publish","type":"page","link":"https:\/\/premiermedicalgrp.com\/es\/services\/eye\/optometry\/","title":{"rendered":"Optometr\u00eda"},"content":{"rendered":"<div class=\"rgg-container\" data-rgg-id=\"1\">    <div class=\"rgg-imagegrid captions-title captions-effect-none\" data-rgg-id=\"1\">\n                    <a href=\"https:\/\/premiermedicalgrp.com\/wp-content\/uploads\/2023\/11\/FerrisMetzger_400x560.webp\" data-rel=\"rgg\" rel=\"rgg\" title=\"Ronni Ferris-Metzger, OD\" class=\"rgg-disabled size-medium rgg-img\" data-src=\"https:\/\/premiermedicalgrp.com\/wp-content\/uploads\/2023\/11\/FerrisMetzger_400x560-214x300.webp\" data-ratio=\"0.713333333333\" data-height=\"300\" data-width=\"214\" aria-label=\"Ronni Ferris-Metzger, OD\">\n                            <\/a>\n                    <a href=\"https:\/\/premiermedicalgrp.com\/wp-content\/uploads\/2017\/07\/PRM-2020-Joseph-C-Harrell-2.jpg\" data-rel=\"rgg\" rel=\"rgg\" title=\"Doctor en Odontolog\u00eda Joseph C. Harrell\" class=\"rgg-disabled size-medium rgg-img\" data-src=\"https:\/\/premiermedicalgrp.com\/wp-content\/uploads\/2017\/07\/PRM-2020-Joseph-C-Harrell-2-214x300.jpg\" data-ratio=\"0.713333333333\" data-height=\"300\" data-width=\"214\" aria-label=\"Joseph C. Harrell, OD, retrato\">\n                            <\/a>\n                    <a href=\"https:\/\/premiermedicalgrp.com\/wp-content\/uploads\/2013\/12\/PRM-2020-Gregory-R-Jackson.jpg\" data-rel=\"rgg\" rel=\"rgg\" title=\"Gregory R. Jackson, oste\u00f3pata\" class=\"rgg-disabled size-medium rgg-img\" data-src=\"https:\/\/premiermedicalgrp.com\/wp-content\/uploads\/2013\/12\/PRM-2020-Gregory-R-Jackson-214x300.jpg\" data-ratio=\"0.713333333333\" data-height=\"300\" data-width=\"214\" aria-label=\"Gregory R. Jackson, OD, retrato\">\n                            <\/a>\n                    <a href=\"https:\/\/premiermedicalgrp.com\/wp-content\/uploads\/2013\/12\/PRM-2020-Ben-F-King-IV.jpg\" data-rel=\"rgg\" rel=\"rgg\" title=\"Ben F. King IV, OD\" class=\"rgg-disabled size-medium rgg-img\" data-src=\"https:\/\/premiermedicalgrp.com\/wp-content\/uploads\/2013\/12\/PRM-2020-Ben-F-King-IV-214x300.jpg\" data-ratio=\"0.713333333333\" data-height=\"300\" data-width=\"214\" aria-label=\"Ben F. King IV, retrato de OD\">\n                            <\/a>\n                    <a href=\"https:\/\/premiermedicalgrp.com\/wp-content\/uploads\/2013\/12\/PRM-2020-Jeffery-A-Morrow.jpg\" data-rel=\"rgg\" rel=\"rgg\" title=\"Jeffery A. Morrow, oste\u00f3pata\" class=\"rgg-disabled size-medium rgg-img\" data-src=\"https:\/\/premiermedicalgrp.com\/wp-content\/uploads\/2013\/12\/PRM-2020-Jeffery-A-Morrow-214x300.jpg\" data-ratio=\"0.713333333333\" data-height=\"300\" data-width=\"214\" aria-label=\"Jeffery A. Morrow, OD, retrato\">\n                            <\/a>\n                    <a href=\"https:\/\/premiermedicalgrp.com\/wp-content\/uploads\/2020\/11\/PRM-2020-Dr-Stringer-HeadShot.jpg\" data-rel=\"rgg\" rel=\"rgg\" title=\"William F. Stringer, Jr., otorrinolaring\u00f3logo\" class=\"rgg-disabled size-medium rgg-img\" data-src=\"https:\/\/premiermedicalgrp.com\/wp-content\/uploads\/2020\/11\/PRM-2020-Dr-Stringer-HeadShot-214x300.jpg\" data-ratio=\"0.713333333333\" data-height=\"300\" data-width=\"214\" aria-label=\"Fotograf\u00eda de rostro del Dr. Stringer\">\n                            <\/a>\n                    <a href=\"https:\/\/premiermedicalgrp.com\/wp-content\/uploads\/2023\/10\/WhiteOD_-LabCoat2023_400x560.jpg\" data-rel=\"rgg\" rel=\"rgg\" title=\"Dr. Timothy B. White\" class=\"rgg-disabled size-medium rgg-img\" data-src=\"https:\/\/premiermedicalgrp.com\/wp-content\/uploads\/2023\/10\/WhiteOD_-LabCoat2023_400x560-214x300.jpg\" data-ratio=\"0.713333333333\" data-height=\"300\" data-width=\"214\" aria-label=\"Tim B. White, OD\">\n                            <\/a>\n            <\/div>\n<\/div>\n<p><span style=\"color: #000000;\">Los m\u00e9dicos optometristas son profesionales independientes de la atenci\u00f3n primaria de la salud ocular. Los optometristas examinan, diagnostican, tratan y controlan enfermedades, lesiones y trastornos del sistema visual, el ojo y las estructuras asociadas, as\u00ed como tambi\u00e9n identifican afecciones sist\u00e9micas relacionadas que afectan el ojo. Pueden recetar anteojos y lentes de contacto y tratar afecciones oculares con gotas y medicamentos orales. No est\u00e1n autorizados para realizar cirug\u00edas oculares.<\/span><\/p>\n<p><span style=\"color: #000000;\">Un optometrista ha completado una educaci\u00f3n universitaria preprofesional en una universidad y cuatro a\u00f1os de educaci\u00f3n profesional en una escuela de optometr\u00eda, lo que conduce al t\u00edtulo de Doctor en Optometr\u00eda (OD). Los optometristas reciben una educaci\u00f3n m\u00e9dica general con \u00e9nfasis en el ojo y el sistema visual. Adem\u00e1s, reciben una amplia capacitaci\u00f3n en \u00f3ptica, visi\u00f3n binocular y dise\u00f1o y funci\u00f3n de lentes de contacto. Algunos optometristas completan una residencia opcional en un \u00e1rea espec\u00edfica de pr\u00e1ctica.<\/span><\/p>\n<p><span style=\"color: #000000;\">Los m\u00e9dicos optometristas brindan atenci\u00f3n primaria de los ojos para todas las edades. Esto incluye medicamentos para una variedad de enfermedades relacionadas con los ojos y atenci\u00f3n de urgencia para aquellos problemas y lesiones oculares inesperados. Las \u00e1reas de pr\u00e1ctica especializadas incluyen rehabilitaci\u00f3n de baja visi\u00f3n y lentes de contacto especiales para controlar la miop\u00eda.<\/span><\/p>\n<p><span style=\"color: #000000;\">Los optometristas asesoran a los pacientes sobre las expectativas de resultados, riesgos y posibles complicaciones de las opciones de tratamiento quir\u00fargico y no quir\u00fargico. Los optometristas brindan atenci\u00f3n pre y posoperatoria a sus pacientes que eligen opciones quir\u00fargicas. Hacer coincidir las necesidades visuales relacionadas con las ocupaciones, pasatiempos y estilo de vida de un paciente con los resultados esperados es fundamental para cualquier paciente que est\u00e9 considerando una cirug\u00eda ocular electiva. Los optometristas de Premier Medical est\u00e1n bien equipados para ayudar a los pacientes a navegar por el proceso de toma de decisiones que los prepara para los resultados quir\u00fargicos esperados.<\/span><\/p>\n<p><span style=\"color: #000000;\">Los optometristas trabajan en estrecha colaboraci\u00f3n con otros profesionales m\u00e9dicos para garantizar una atenci\u00f3n integral y coordinada para pacientes con enfermedades sist\u00e9micas, como diabetes, hipertensi\u00f3n, colesterol alto, pacientes con artritis que toman medicamentos de alto riesgo y enfermedades del tejido conectivo.<\/span><\/p>\n<p><span style=\"color: #000000;\">Es posible que haya citas disponibles el mismo d\u00eda.<\/span><\/p>\n<h3>Los servicios de optometr\u00eda incluyen:<\/h3>\n<ul>\n<li><a title=\"Ex\u00e1menes oculares para adultos y ni\u00f1os\" href=\"\/es\/~prm\/services\/eye\/optometry\/adult-pediatric-eye-exams\/\">Ex\u00e1menes oculares para adultos y ni\u00f1os<\/a><\/li>\n<li><a title=\"Adolescentes y adultos j\u00f3venes\" href=\"\/es\/~prm\/services\/eye\/optometry\/teens-young-adults\/\">Adolescentes y adultos j\u00f3venes<\/a><\/li>\n<li><a title=\"Tecnolog\u00eda avanzada\" href=\"http:\/\/premiermedicalgrp.com\/es\/services\/eye\/optometry\/advanced-technology\/\" target=\"_blank\" rel=\"noopener noreferrer\">Tecnolog\u00eda avanzada<\/a><\/li>\n<li><a title=\"Atenci\u00f3n de urgencias\" href=\"\/es\/~prm\/services\/eye\/optometry\/urgent-care\/\">Atenci\u00f3n de urgencias<\/a><\/li>\n<li><a title=\"Modelado de la c\u00f3rnea\" href=\"http:\/\/premiermedicalgrp.com\/es\/services\/eye\/optometry\/corneal-shaping\/\" target=\"_blank\" rel=\"noopener noreferrer\">Modelado de la c\u00f3rnea<\/a><\/li>\n<li><a title=\"Tratamiento del ojo seco\" href=\"\/es\/~prm\/services\/eye\/optometry\/dry-eye\/\">Tratamiento del ojo seco<\/a><\/li>\n<li><a title=\"Todo sobre el OJO\" href=\"http:\/\/premiermedicalgrp.com\/es\/services\/eye\/optometry\/eye\/\" target=\"_blank\" rel=\"noopener noreferrer\">Todo sobre el OJO<\/a><\/li>\n<li><a title=\"Afecciones oculares\" href=\"http:\/\/premiermedicalgrp.com\/es\/services\/eye\/optometry\/eye-conditions\/\" target=\"_blank\" rel=\"noopener noreferrer\">Afecciones oculares<\/a><\/li>\n<li><a title=\"Error refractivo\" href=\"http:\/\/premiermedicalgrp.com\/es\/services\/eye\/optometry\/refractive-error\/\" target=\"_blank\" rel=\"noopener noreferrer\">Error refractivo<\/a><\/li>\n<li><a title=\"Cl\u00ednica de control de la miop\u00eda\" href=\"http:\/\/premiermedicalgrp.com\/es\/services\/eye\/optometry\/myopia-control-clinic\/\">Cl\u00ednica de control de la miop\u00eda<\/a><\/li>\n<\/ul>\n<h3>Doctores en Optometr\u00eda<\/h3>\n<ul>\n<li><a href=\"https:\/\/premiermedicalgrp.com\/es\/physicians\/ronni-ferris-metzger-od\/\">Ronni Ferris-Metzger, OD<\/a><\/li>\n<li><a href=\"http:\/\/premiermedicalgrp.com\/es\/physicians\/joseph-c-harrell-od\/\">Doctor en Odontolog\u00eda Joseph C. Harrell<\/a><\/li>\n<li><a href=\"https:\/\/premiermedicalgrp.com\/es\/physicians\/gregory-jackson-od\/\">Gregory R. Jackson, oste\u00f3pata<\/a><\/li>\n<li><a href=\"https:\/\/premiermedicalgrp.com\/es\/physicians\/ben-king-od\/\">Ben F. King, IV, OD<\/a><\/li>\n<li><a href=\"https:\/\/premiermedicalgrp.com\/es\/physicians\/jeffery-morrow-od\/\">Jeffery A. Morrow, oste\u00f3pata<\/a><\/li>\n<li><a href=\"https:\/\/premiermedicalgrp.com\/es\/physicians\/william-f-stringer-jr-od\/\">William F. Stringer, Jr., otorrinolaring\u00f3logo<\/a><\/li>\n<li><a href=\"https:\/\/premiermedicalgrp.com\/es\/physicians\/timothy-b-white-od\/\">Dr. Timothy B. White<\/a><\/li>\n<\/ul>","protected":false},"excerpt":{"rendered":"<p>Doctors of Optometry (O.D.s\/Optometrists) are the independent primary health care professionals for the eye.\u00a0 Optometrists examine, diagnose, treat and manage diseases injuries and disorders of the visual system, the eye and associated structures as well as identify related systemic conditions affecting the eye.\u00a0 They can prescribe glasses and contacts and treat medical conditions of the [&hellip;]<\/p>\n","protected":false},"author":1,"featured_media":0,"parent":107,"menu_order":63,"comment_status":"closed","ping_status":"closed","template":"","meta":{"_acf_changed":false,"footnotes":""},"class_list":["post-111","page","type-page","status-publish","hentry"],"acf":[],"yoast_head":"<!-- This site is optimized with the Yoast SEO plugin v27.4 - https:\/\/yoast.com\/product\/yoast-seo-wordpress\/ -->\n<title>Optometrists | Premier Medical Group<\/title>\n<meta name=\"description\" content=\"For the best optometrist in Mobile AL, Premier Medical has the best doctors for your eye care. See what our optometrists at Premier Medical can do for you.\" \/>\n<meta name=\"robots\" content=\"index, follow, max-snippet:-1, max-image-preview:large, max-video-preview:-1\" \/>\n<link rel=\"canonical\" href=\"https:\/\/premiermedicalgrp.com\/es\/services\/eye\/optometry\/\" \/>\n<meta property=\"og:locale\" content=\"es_MX\" \/>\n<meta property=\"og:type\" content=\"article\" \/>\n<meta property=\"og:title\" content=\"Optometrists | Premier Medical Group\" \/>\n<meta property=\"og:description\" content=\"For the best optometrist in Mobile AL, Premier Medical has the best doctors for your eye care. See what our optometrists at Premier Medical can do for you.\" \/>\n<meta property=\"og:url\" content=\"https:\/\/premiermedicalgrp.com\/es\/services\/eye\/optometry\/\" \/>\n<meta property=\"og:site_name\" content=\"Premier Medical Group | Eye &amp; ENT Specialists\" \/>\n<meta property=\"article:modified_time\" content=\"2024-02-29T22:20:45+00:00\" \/>\n<meta property=\"og:image\" content=\"https:\/\/premiermedicalgrp.com\/wp-content\/uploads\/2023\/11\/FerrisMetzger_400x560-214x300.webp\" \/>\n<meta name=\"twitter:label1\" content=\"Est. reading time\" \/>\n\t<meta name=\"twitter:data1\" content=\"2 minutos\" \/>\n<script type=\"application\/ld+json\" class=\"yoast-schema-graph\">{\"@context\":\"https:\\\/\\\/schema.org\",\"@graph\":[{\"@type\":\"WebPage\",\"@id\":\"https:\\\/\\\/premiermedicalgrp.com\\\/services\\\/eye\\\/optometry\\\/\",\"url\":\"https:\\\/\\\/premiermedicalgrp.com\\\/services\\\/eye\\\/optometry\\\/\",\"name\":\"Optometrists | Premier Medical Group\",\"isPartOf\":{\"@id\":\"https:\\\/\\\/pmg2024.wpenginepowered.com\\\/#website\"},\"datePublished\":\"2013-12-30T17:10:13+00:00\",\"dateModified\":\"2024-02-29T22:20:45+00:00\",\"description\":\"For the best optometrist in Mobile AL, Premier Medical has the best doctors for your eye care. See what our optometrists at Premier Medical can do for you.\",\"breadcrumb\":{\"@id\":\"https:\\\/\\\/premiermedicalgrp.com\\\/services\\\/eye\\\/optometry\\\/#breadcrumb\"},\"inLanguage\":\"es\",\"potentialAction\":[{\"@type\":\"ReadAction\",\"target\":[\"https:\\\/\\\/premiermedicalgrp.com\\\/services\\\/eye\\\/optometry\\\/\"]}]},{\"@type\":\"BreadcrumbList\",\"@id\":\"https:\\\/\\\/premiermedicalgrp.com\\\/services\\\/eye\\\/optometry\\\/#breadcrumb\",\"itemListElement\":[{\"@type\":\"ListItem\",\"position\":1,\"name\":\"Home\",\"item\":\"https:\\\/\\\/premiermedicalgrp.com\\\/\"},{\"@type\":\"ListItem\",\"position\":2,\"name\":\"Our Services\",\"item\":\"https:\\\/\\\/premiermedicalgrp.com\\\/services\\\/\"},{\"@type\":\"ListItem\",\"position\":3,\"name\":\"Eye Services\",\"item\":\"https:\\\/\\\/premiermedicalgrp.com\\\/services\\\/eye\\\/\"},{\"@type\":\"ListItem\",\"position\":4,\"name\":\"Optometry\"}]},{\"@type\":\"WebSite\",\"@id\":\"https:\\\/\\\/pmg2024.wpenginepowered.com\\\/#website\",\"url\":\"https:\\\/\\\/pmg2024.wpenginepowered.com\\\/\",\"name\":\"Premier Medical Group | Eye &amp; ENT Specialists\",\"description\":\"Premier Medical Group | Eye &amp; ENT Specialists\",\"potentialAction\":[{\"@type\":\"SearchAction\",\"target\":{\"@type\":\"EntryPoint\",\"urlTemplate\":\"https:\\\/\\\/pmg2024.wpenginepowered.com\\\/?s={search_term_string}\"},\"query-input\":{\"@type\":\"PropertyValueSpecification\",\"valueRequired\":true,\"valueName\":\"search_term_string\"}}],\"inLanguage\":\"es\"}]}<\/script>\n<!-- \/ Yoast SEO plugin. -->","yoast_head_json":{"title":"Optometrists | Premier Medical Group","description":"For the best optometrist in Mobile AL, Premier Medical has the best doctors for your eye care. See what our optometrists at Premier Medical can do for you.","robots":{"index":"index","follow":"follow","max-snippet":"max-snippet:-1","max-image-preview":"max-image-preview:large","max-video-preview":"max-video-preview:-1"},"canonical":"https:\/\/premiermedicalgrp.com\/es\/services\/eye\/optometry\/","og_locale":"es_MX","og_type":"article","og_title":"Optometrists | Premier Medical Group","og_description":"For the best optometrist in Mobile AL, Premier Medical has the best doctors for your eye care. See what our optometrists at Premier Medical can do for you.","og_url":"https:\/\/premiermedicalgrp.com\/es\/services\/eye\/optometry\/","og_site_name":"Premier Medical Group | Eye &amp; ENT Specialists","article_modified_time":"2024-02-29T22:20:45+00:00","og_image":[{"url":"https:\/\/premiermedicalgrp.com\/wp-content\/uploads\/2023\/11\/FerrisMetzger_400x560-214x300.webp","type":"","width":"","height":""}],"twitter_misc":{"Est. reading time":"2 minutos"},"schema":{"@context":"https:\/\/schema.org","@graph":[{"@type":"WebPage","@id":"https:\/\/premiermedicalgrp.com\/services\/eye\/optometry\/","url":"https:\/\/premiermedicalgrp.com\/services\/eye\/optometry\/","name":"Optometrists | Premier Medical Group","isPartOf":{"@id":"https:\/\/pmg2024.wpenginepowered.com\/#website"},"datePublished":"2013-12-30T17:10:13+00:00","dateModified":"2024-02-29T22:20:45+00:00","description":"For the best optometrist in Mobile AL, Premier Medical has the best doctors for your eye care. See what our optometrists at Premier Medical can do for you.","breadcrumb":{"@id":"https:\/\/premiermedicalgrp.com\/services\/eye\/optometry\/#breadcrumb"},"inLanguage":"es","potentialAction":[{"@type":"ReadAction","target":["https:\/\/premiermedicalgrp.com\/services\/eye\/optometry\/"]}]},{"@type":"BreadcrumbList","@id":"https:\/\/premiermedicalgrp.com\/services\/eye\/optometry\/#breadcrumb","itemListElement":[{"@type":"ListItem","position":1,"name":"Home","item":"https:\/\/premiermedicalgrp.com\/"},{"@type":"ListItem","position":2,"name":"Our Services","item":"https:\/\/premiermedicalgrp.com\/services\/"},{"@type":"ListItem","position":3,"name":"Eye Services","item":"https:\/\/premiermedicalgrp.com\/services\/eye\/"},{"@type":"ListItem","position":4,"name":"Optometry"}]},{"@type":"WebSite","@id":"https:\/\/pmg2024.wpenginepowered.com\/#website","url":"https:\/\/pmg2024.wpenginepowered.com\/","name":"Premier Medical Group | Especialistas en otorrinolaringolog\u00eda y oftalmolog\u00eda","description":"Premier Medical Group | Especialistas en otorrinolaringolog\u00eda y oftalmolog\u00eda","potentialAction":[{"@type":"SearchAction","target":{"@type":"EntryPoint","urlTemplate":"https:\/\/pmg2024.wpenginepowered.com\/?s={search_term_string}"},"query-input":{"@type":"PropertyValueSpecification","valueRequired":true,"valueName":"search_term_string"}}],"inLanguage":"es"}]}},"_links":{"self":[{"href":"https:\/\/premiermedicalgrp.com\/es\/wp-json\/wp\/v2\/pages\/111","targetHints":{"allow":["GET"]}}],"collection":[{"href":"https:\/\/premiermedicalgrp.com\/es\/wp-json\/wp\/v2\/pages"}],"about":[{"href":"https:\/\/premiermedicalgrp.com\/es\/wp-json\/wp\/v2\/types\/page"}],"author":[{"embeddable":true,"href":"https:\/\/premiermedicalgrp.com\/es\/wp-json\/wp\/v2\/users\/1"}],"replies":[{"embeddable":true,"href":"https:\/\/premiermedicalgrp.com\/es\/wp-json\/wp\/v2\/comments?post=111"}],"version-history":[{"count":0,"href":"https:\/\/premiermedicalgrp.com\/es\/wp-json\/wp\/v2\/pages\/111\/revisions"}],"up":[{"embeddable":true,"href":"https:\/\/premiermedicalgrp.com\/es\/wp-json\/wp\/v2\/pages\/107"}],"wp:attachment":[{"href":"https:\/\/premiermedicalgrp.com\/es\/wp-json\/wp\/v2\/media?parent=111"}],"curies":[{"name":"wp","href":"https:\/\/api.w.org\/{rel}","templated":true}]}}