{"id":112,"date":"2013-12-30T17:09:43","date_gmt":"2013-12-30T17:09:43","guid":{"rendered":"\/?page_id=112"},"modified":"2021-02-08T17:00:52","modified_gmt":"2021-02-08T23:00:52","slug":"optical","status":"publish","type":"page","link":"https:\/\/premiermedicalgrp.com\/es\/services\/eye\/optical\/","title":{"rendered":"\u00d3ptico"},"content":{"rendered":"<p><span style=\"color: #000000;\">Como parte del Grupo Oftalmol\u00f3gico de Premier Medical, nuestra divisi\u00f3n \u00f3ptica es una extensi\u00f3n importante de los servicios para pacientes. A trav\u00e9s de esta relaci\u00f3n, podemos brindar una atenci\u00f3n integral y de alta calidad a nuestros pacientes.<\/span><\/p>\n<p><span style=\"color: #000000;\">Nuestros \u00f3pticos son t\u00e9cnicos capacitados para verificar y ajustar lentes y marcos para anteojos, lentes de contacto y otros dispositivos para corregir la vista. Nuestra tienda de servicio completo ofrece una l\u00ednea completa de productos de primera calidad y una variedad de lentes y marcos que se adaptan a todos los presupuestos. Tambi\u00e9n ofrecemos una amplia gama de servicios para lentes de contacto.<\/span><\/p>\n<p><span style=\"color: #000000;\">No descansaremos hasta conseguir el ajuste perfecto de sus lentes de contacto o anteojos. Nos enorgullecemos de crear un entorno relajante y atento donde los pacientes reciben una atenci\u00f3n excepcional.<\/span><\/p>\n<h3>Los servicios \u00f3pticos incluyen:<\/h3>\n<ul>\n<li><a title=\"Servicios de anteojos\" href=\"\/es\/~prm\/services\/eye\/optical\/eyewear\/\">Servicios de anteojos<\/a><\/li>\n<li><a title=\"Lentes de contacto\" href=\"\/es\/~prm\/services\/eye\/optical\/contact-lenses\/\">Lentes de contacto<\/a><\/li>\n<li><a title=\"Marcas de gafas\" href=\"\/es\/~prm\/services\/eye\/optical\/eyeglass-brands\/\">Marcas de gafas<\/a><\/li>\n<\/ul>","protected":false},"excerpt":{"rendered":"<p>As part of Premier Medical\u2019s Eye Group, our optical division is an important extension of patient services. Through this relationship, we are able to provide seamless, high-quality care to our patients. Our opticians are technicians trained to verify and fit eyeglass lenses and frames, contact lenses, and other devices to correct eyesight. \u00a0 Our full-service [&hellip;]<\/p>\n","protected":false},"author":1,"featured_media":0,"parent":107,"menu_order":75,"comment_status":"closed","ping_status":"closed","template":"","meta":{"_acf_changed":false,"footnotes":""},"class_list":["post-112","page","type-page","status-publish","hentry"],"acf":[],"yoast_head":"<!-- This site is optimized with the Yoast SEO plugin v27.3 - https:\/\/yoast.com\/product\/yoast-seo-wordpress\/ -->\n<title>Optical Care | Premier Medical Group<\/title>\n<meta name=\"description\" content=\"When it comes to your vision, you deserve the best optical care in Mobile AL. So call Premier Medical&#039;s eye doctors and see how we can help you today!\" \/>\n<meta name=\"robots\" content=\"index, follow, max-snippet:-1, max-image-preview:large, max-video-preview:-1\" \/>\n<link rel=\"canonical\" href=\"https:\/\/premiermedicalgrp.com\/es\/services\/eye\/optical\/\" \/>\n<meta property=\"og:locale\" content=\"es_MX\" \/>\n<meta property=\"og:type\" content=\"article\" \/>\n<meta property=\"og:title\" content=\"Optical Care | Premier Medical Group\" \/>\n<meta property=\"og:description\" content=\"When it comes to your vision, you deserve the best optical care in Mobile AL. So call Premier Medical&#039;s eye doctors and see how we can help you today!\" \/>\n<meta property=\"og:url\" content=\"https:\/\/premiermedicalgrp.com\/es\/services\/eye\/optical\/\" \/>\n<meta property=\"og:site_name\" content=\"Premier Medical Group | Eye &amp; ENT Specialists\" \/>\n<meta property=\"article:modified_time\" content=\"2021-02-08T23:00:52+00:00\" \/>\n<meta name=\"twitter:label1\" content=\"Est. reading time\" \/>\n\t<meta name=\"twitter:data1\" content=\"1 minuto\" \/>\n<script type=\"application\/ld+json\" class=\"yoast-schema-graph\">{\"@context\":\"https:\\\/\\\/schema.org\",\"@graph\":[{\"@type\":\"WebPage\",\"@id\":\"https:\\\/\\\/premiermedicalgrp.com\\\/services\\\/eye\\\/optical\\\/\",\"url\":\"https:\\\/\\\/premiermedicalgrp.com\\\/services\\\/eye\\\/optical\\\/\",\"name\":\"Optical Care | Premier Medical Group\",\"isPartOf\":{\"@id\":\"https:\\\/\\\/pmg2024.wpenginepowered.com\\\/#website\"},\"datePublished\":\"2013-12-30T17:09:43+00:00\",\"dateModified\":\"2021-02-08T23:00:52+00:00\",\"description\":\"When it comes to your vision, you deserve the best optical care in Mobile AL. So call Premier Medical's eye doctors and see how we can help you today!\",\"breadcrumb\":{\"@id\":\"https:\\\/\\\/premiermedicalgrp.com\\\/services\\\/eye\\\/optical\\\/#breadcrumb\"},\"inLanguage\":\"es\",\"potentialAction\":[{\"@type\":\"ReadAction\",\"target\":[\"https:\\\/\\\/premiermedicalgrp.com\\\/services\\\/eye\\\/optical\\\/\"]}]},{\"@type\":\"BreadcrumbList\",\"@id\":\"https:\\\/\\\/premiermedicalgrp.com\\\/services\\\/eye\\\/optical\\\/#breadcrumb\",\"itemListElement\":[{\"@type\":\"ListItem\",\"position\":1,\"name\":\"Home\",\"item\":\"https:\\\/\\\/premiermedicalgrp.com\\\/\"},{\"@type\":\"ListItem\",\"position\":2,\"name\":\"Our Services\",\"item\":\"https:\\\/\\\/premiermedicalgrp.com\\\/services\\\/\"},{\"@type\":\"ListItem\",\"position\":3,\"name\":\"Eye Services\",\"item\":\"https:\\\/\\\/premiermedicalgrp.com\\\/services\\\/eye\\\/\"},{\"@type\":\"ListItem\",\"position\":4,\"name\":\"Optical\"}]},{\"@type\":\"WebSite\",\"@id\":\"https:\\\/\\\/pmg2024.wpenginepowered.com\\\/#website\",\"url\":\"https:\\\/\\\/pmg2024.wpenginepowered.com\\\/\",\"name\":\"Premier Medical Group | Eye &amp; ENT Specialists\",\"description\":\"Premier Medical Group | Eye &amp; ENT Specialists\",\"potentialAction\":[{\"@type\":\"SearchAction\",\"target\":{\"@type\":\"EntryPoint\",\"urlTemplate\":\"https:\\\/\\\/pmg2024.wpenginepowered.com\\\/?s={search_term_string}\"},\"query-input\":{\"@type\":\"PropertyValueSpecification\",\"valueRequired\":true,\"valueName\":\"search_term_string\"}}],\"inLanguage\":\"es\"}]}<\/script>\n<!-- \/ Yoast SEO plugin. -->","yoast_head_json":{"title":"Optical Care | Premier Medical Group","description":"When it comes to your vision, you deserve the best optical care in Mobile AL. So call Premier Medical's eye doctors and see how we can help you today!","robots":{"index":"index","follow":"follow","max-snippet":"max-snippet:-1","max-image-preview":"max-image-preview:large","max-video-preview":"max-video-preview:-1"},"canonical":"https:\/\/premiermedicalgrp.com\/es\/services\/eye\/optical\/","og_locale":"es_MX","og_type":"article","og_title":"Optical Care | Premier Medical Group","og_description":"When it comes to your vision, you deserve the best optical care in Mobile AL. So call Premier Medical's eye doctors and see how we can help you today!","og_url":"https:\/\/premiermedicalgrp.com\/es\/services\/eye\/optical\/","og_site_name":"Premier Medical Group | Eye &amp; ENT Specialists","article_modified_time":"2021-02-08T23:00:52+00:00","twitter_misc":{"Est. reading time":"1 minuto"},"schema":{"@context":"https:\/\/schema.org","@graph":[{"@type":"WebPage","@id":"https:\/\/premiermedicalgrp.com\/services\/eye\/optical\/","url":"https:\/\/premiermedicalgrp.com\/services\/eye\/optical\/","name":"Optical Care | Premier Medical Group","isPartOf":{"@id":"https:\/\/pmg2024.wpenginepowered.com\/#website"},"datePublished":"2013-12-30T17:09:43+00:00","dateModified":"2021-02-08T23:00:52+00:00","description":"When it comes to your vision, you deserve the best optical care in Mobile AL. So call Premier Medical's eye doctors and see how we can help you today!","breadcrumb":{"@id":"https:\/\/premiermedicalgrp.com\/services\/eye\/optical\/#breadcrumb"},"inLanguage":"es","potentialAction":[{"@type":"ReadAction","target":["https:\/\/premiermedicalgrp.com\/services\/eye\/optical\/"]}]},{"@type":"BreadcrumbList","@id":"https:\/\/premiermedicalgrp.com\/services\/eye\/optical\/#breadcrumb","itemListElement":[{"@type":"ListItem","position":1,"name":"Home","item":"https:\/\/premiermedicalgrp.com\/"},{"@type":"ListItem","position":2,"name":"Our Services","item":"https:\/\/premiermedicalgrp.com\/services\/"},{"@type":"ListItem","position":3,"name":"Eye Services","item":"https:\/\/premiermedicalgrp.com\/services\/eye\/"},{"@type":"ListItem","position":4,"name":"Optical"}]},{"@type":"WebSite","@id":"https:\/\/pmg2024.wpenginepowered.com\/#website","url":"https:\/\/pmg2024.wpenginepowered.com\/","name":"Premier Medical Group | Especialistas en otorrinolaringolog\u00eda y oftalmolog\u00eda","description":"Premier Medical Group | Especialistas en otorrinolaringolog\u00eda y oftalmolog\u00eda","potentialAction":[{"@type":"SearchAction","target":{"@type":"EntryPoint","urlTemplate":"https:\/\/pmg2024.wpenginepowered.com\/?s={search_term_string}"},"query-input":{"@type":"PropertyValueSpecification","valueRequired":true,"valueName":"search_term_string"}}],"inLanguage":"es"}]}},"_links":{"self":[{"href":"https:\/\/premiermedicalgrp.com\/es\/wp-json\/wp\/v2\/pages\/112","targetHints":{"allow":["GET"]}}],"collection":[{"href":"https:\/\/premiermedicalgrp.com\/es\/wp-json\/wp\/v2\/pages"}],"about":[{"href":"https:\/\/premiermedicalgrp.com\/es\/wp-json\/wp\/v2\/types\/page"}],"author":[{"embeddable":true,"href":"https:\/\/premiermedicalgrp.com\/es\/wp-json\/wp\/v2\/users\/1"}],"replies":[{"embeddable":true,"href":"https:\/\/premiermedicalgrp.com\/es\/wp-json\/wp\/v2\/comments?post=112"}],"version-history":[{"count":0,"href":"https:\/\/premiermedicalgrp.com\/es\/wp-json\/wp\/v2\/pages\/112\/revisions"}],"up":[{"embeddable":true,"href":"https:\/\/premiermedicalgrp.com\/es\/wp-json\/wp\/v2\/pages\/107"}],"wp:attachment":[{"href":"https:\/\/premiermedicalgrp.com\/es\/wp-json\/wp\/v2\/media?parent=112"}],"curies":[{"name":"wp","href":"https:\/\/api.w.org\/{rel}","templated":true}]}}