{"id":118,"date":"2013-12-30T17:13:20","date_gmt":"2013-12-30T17:13:20","guid":{"rendered":"\/?page_id=118"},"modified":"2019-09-04T14:02:46","modified_gmt":"2019-09-04T19:02:46","slug":"corneal-disease","status":"publish","type":"page","link":"https:\/\/premiermedicalgrp.com\/es\/services\/eye\/ophthalmology\/cornea\/corneal-disease\/","title":{"rendered":"Anatom\u00eda de la c\u00f3rnea"},"content":{"rendered":"<p><span style=\"color: #000000;\">La c\u00f3rnea es la superficie transparente y en forma de c\u00fapula que cubre la parte frontal del ojo. No solo protege al ojo de las infecciones y del medio ambiente, sino que tambi\u00e9n act\u00faa como su lente m\u00e1s externa. Como la c\u00f3rnea dobla o refracta los rayos de luz que entran en el ojo, es fundamental que permanezca transparente.<\/span><\/p>\n<p><span style=\"color: #000000;\">Muchas enfermedades oculares afectan la c\u00f3rnea. Adem\u00e1s de las lesiones y el proceso de envejecimiento, las enfermedades y los trastornos incluyen alergias, conjuntivitis, infecciones, ojo seco y distrofias corneales, que hacen que la c\u00f3rnea pierda claridad debido a la acumulaci\u00f3n de material turbio. Una vez que la c\u00f3rnea se vuelve turbia, puede producirse mala visi\u00f3n o ceguera.<\/span><\/p>\n<p><span style=\"color: #000000;\">Nuestros oftalm\u00f3logos brindan un tratamiento m\u00e9dico y quir\u00fargico integral para una amplia gama de afecciones. El tratamiento incluye medicamentos, cirug\u00eda y, en algunos casos, un trasplante de c\u00f3rnea en el que se reemplaza una c\u00f3rnea enferma o con cicatrices por una nueva y transparente.<\/span><\/p>\n<p><span style=\"color: #000000;\">Los m\u00e9dicos de Premier Medical pueden realizar tanto las t\u00e9cnicas tradicionales como las m\u00e1s avanzadas de reemplazo de c\u00f3rnea.<\/span><\/p>\n<p>&nbsp;<\/p>\n<p>&nbsp;<\/p>","protected":false},"excerpt":{"rendered":"<p>The cornea is the clear, dome-shaped surface that covers the front of the eye. It not only protects the eye from infection and the environment, but also acts as its outermost lens. As the cornea bends or refracts light rays as they enter the eye, it is vital that the cornea remains clear. Many eye [&hellip;]<\/p>\n","protected":false},"author":1,"featured_media":0,"parent":1510,"menu_order":50,"comment_status":"closed","ping_status":"closed","template":"","meta":{"_acf_changed":false,"footnotes":""},"class_list":["post-118","page","type-page","status-publish","hentry"],"acf":[],"yoast_head":"<!-- This site is optimized with the Yoast SEO plugin v27.4 - https:\/\/yoast.com\/product\/yoast-seo-wordpress\/ -->\n<title>Cornea Anatomy - Premier Medical Group - Eye, Cover, Vision, Video<\/title>\n<meta name=\"description\" content=\"Click and view the video to learn more about the cornea anatomy. Premier Medical is able to perform both traditional and advanced corneal procedures\" \/>\n<meta name=\"robots\" content=\"index, follow, max-snippet:-1, max-image-preview:large, max-video-preview:-1\" \/>\n<link rel=\"canonical\" href=\"https:\/\/premiermedicalgrp.com\/es\/services\/eye\/ophthalmology\/cornea\/corneal-disease\/\" \/>\n<meta property=\"og:locale\" content=\"es_MX\" \/>\n<meta property=\"og:type\" content=\"article\" \/>\n<meta property=\"og:title\" content=\"Cornea Anatomy - Premier Medical Group - Eye, Cover, Vision, Video\" \/>\n<meta property=\"og:description\" content=\"Click and view the video to learn more about the cornea anatomy. Premier Medical is able to perform both traditional and advanced corneal procedures\" \/>\n<meta property=\"og:url\" content=\"https:\/\/premiermedicalgrp.com\/es\/services\/eye\/ophthalmology\/cornea\/corneal-disease\/\" \/>\n<meta property=\"og:site_name\" content=\"Premier Medical Group | Eye &amp; ENT Specialists\" \/>\n<meta property=\"article:modified_time\" content=\"2019-09-04T19:02:46+00:00\" \/>\n<meta name=\"twitter:label1\" content=\"Est. reading time\" \/>\n\t<meta name=\"twitter:data1\" content=\"1 minuto\" \/>\n<script type=\"application\/ld+json\" class=\"yoast-schema-graph\">{\"@context\":\"https:\\\/\\\/schema.org\",\"@graph\":[{\"@type\":\"WebPage\",\"@id\":\"https:\\\/\\\/premiermedicalgrp.com\\\/services\\\/eye\\\/ophthalmology\\\/cornea\\\/corneal-disease\\\/\",\"url\":\"https:\\\/\\\/premiermedicalgrp.com\\\/services\\\/eye\\\/ophthalmology\\\/cornea\\\/corneal-disease\\\/\",\"name\":\"Cornea Anatomy - Premier Medical Group - Eye, Cover, Vision, Video\",\"isPartOf\":{\"@id\":\"https:\\\/\\\/pmg2024.wpenginepowered.com\\\/#website\"},\"datePublished\":\"2013-12-30T17:13:20+00:00\",\"dateModified\":\"2019-09-04T19:02:46+00:00\",\"description\":\"Click and view the video to learn more about the cornea anatomy. Premier Medical is able to perform both traditional and advanced corneal procedures\",\"breadcrumb\":{\"@id\":\"https:\\\/\\\/premiermedicalgrp.com\\\/services\\\/eye\\\/ophthalmology\\\/cornea\\\/corneal-disease\\\/#breadcrumb\"},\"inLanguage\":\"es\",\"potentialAction\":[{\"@type\":\"ReadAction\",\"target\":[\"https:\\\/\\\/premiermedicalgrp.com\\\/services\\\/eye\\\/ophthalmology\\\/cornea\\\/corneal-disease\\\/\"]}]},{\"@type\":\"BreadcrumbList\",\"@id\":\"https:\\\/\\\/premiermedicalgrp.com\\\/services\\\/eye\\\/ophthalmology\\\/cornea\\\/corneal-disease\\\/#breadcrumb\",\"itemListElement\":[{\"@type\":\"ListItem\",\"position\":1,\"name\":\"Home\",\"item\":\"https:\\\/\\\/premiermedicalgrp.com\\\/\"},{\"@type\":\"ListItem\",\"position\":2,\"name\":\"Our Services\",\"item\":\"https:\\\/\\\/premiermedicalgrp.com\\\/services\\\/\"},{\"@type\":\"ListItem\",\"position\":3,\"name\":\"Eye Services\",\"item\":\"https:\\\/\\\/premiermedicalgrp.com\\\/services\\\/eye\\\/\"},{\"@type\":\"ListItem\",\"position\":4,\"name\":\"Ophthalmology\",\"item\":\"https:\\\/\\\/premiermedicalgrp.com\\\/services\\\/eye\\\/ophthalmology\\\/\"},{\"@type\":\"ListItem\",\"position\":5,\"name\":\"Cornea\",\"item\":\"https:\\\/\\\/premiermedicalgrp.com\\\/services\\\/eye\\\/ophthalmology\\\/cornea\\\/\"},{\"@type\":\"ListItem\",\"position\":6,\"name\":\"Cornea Anatomy\"}]},{\"@type\":\"WebSite\",\"@id\":\"https:\\\/\\\/pmg2024.wpenginepowered.com\\\/#website\",\"url\":\"https:\\\/\\\/pmg2024.wpenginepowered.com\\\/\",\"name\":\"Premier Medical Group | Eye &amp; ENT Specialists\",\"description\":\"Premier Medical Group | Eye &amp; ENT Specialists\",\"potentialAction\":[{\"@type\":\"SearchAction\",\"target\":{\"@type\":\"EntryPoint\",\"urlTemplate\":\"https:\\\/\\\/pmg2024.wpenginepowered.com\\\/?s={search_term_string}\"},\"query-input\":{\"@type\":\"PropertyValueSpecification\",\"valueRequired\":true,\"valueName\":\"search_term_string\"}}],\"inLanguage\":\"es\"}]}<\/script>\n<!-- \/ Yoast SEO plugin. -->","yoast_head_json":{"title":"Cornea Anatomy - Premier Medical Group - Eye, Cover, Vision, Video","description":"Click and view the video to learn more about the cornea anatomy. Premier Medical is able to perform both traditional and advanced corneal procedures","robots":{"index":"index","follow":"follow","max-snippet":"max-snippet:-1","max-image-preview":"max-image-preview:large","max-video-preview":"max-video-preview:-1"},"canonical":"https:\/\/premiermedicalgrp.com\/es\/services\/eye\/ophthalmology\/cornea\/corneal-disease\/","og_locale":"es_MX","og_type":"article","og_title":"Cornea Anatomy - Premier Medical Group - Eye, Cover, Vision, Video","og_description":"Click and view the video to learn more about the cornea anatomy. Premier Medical is able to perform both traditional and advanced corneal procedures","og_url":"https:\/\/premiermedicalgrp.com\/es\/services\/eye\/ophthalmology\/cornea\/corneal-disease\/","og_site_name":"Premier Medical Group | Eye &amp; ENT Specialists","article_modified_time":"2019-09-04T19:02:46+00:00","twitter_misc":{"Est. reading time":"1 minuto"},"schema":{"@context":"https:\/\/schema.org","@graph":[{"@type":"WebPage","@id":"https:\/\/premiermedicalgrp.com\/services\/eye\/ophthalmology\/cornea\/corneal-disease\/","url":"https:\/\/premiermedicalgrp.com\/services\/eye\/ophthalmology\/cornea\/corneal-disease\/","name":"Cornea Anatomy - Premier Medical Group - Eye, Cover, Vision, Video","isPartOf":{"@id":"https:\/\/pmg2024.wpenginepowered.com\/#website"},"datePublished":"2013-12-30T17:13:20+00:00","dateModified":"2019-09-04T19:02:46+00:00","description":"Click and view the video to learn more about the cornea anatomy. Premier Medical is able to perform both traditional and advanced corneal procedures","breadcrumb":{"@id":"https:\/\/premiermedicalgrp.com\/services\/eye\/ophthalmology\/cornea\/corneal-disease\/#breadcrumb"},"inLanguage":"es","potentialAction":[{"@type":"ReadAction","target":["https:\/\/premiermedicalgrp.com\/services\/eye\/ophthalmology\/cornea\/corneal-disease\/"]}]},{"@type":"BreadcrumbList","@id":"https:\/\/premiermedicalgrp.com\/services\/eye\/ophthalmology\/cornea\/corneal-disease\/#breadcrumb","itemListElement":[{"@type":"ListItem","position":1,"name":"Home","item":"https:\/\/premiermedicalgrp.com\/"},{"@type":"ListItem","position":2,"name":"Our Services","item":"https:\/\/premiermedicalgrp.com\/services\/"},{"@type":"ListItem","position":3,"name":"Eye Services","item":"https:\/\/premiermedicalgrp.com\/services\/eye\/"},{"@type":"ListItem","position":4,"name":"Ophthalmology","item":"https:\/\/premiermedicalgrp.com\/services\/eye\/ophthalmology\/"},{"@type":"ListItem","position":5,"name":"Cornea","item":"https:\/\/premiermedicalgrp.com\/services\/eye\/ophthalmology\/cornea\/"},{"@type":"ListItem","position":6,"name":"Cornea Anatomy"}]},{"@type":"WebSite","@id":"https:\/\/pmg2024.wpenginepowered.com\/#website","url":"https:\/\/pmg2024.wpenginepowered.com\/","name":"Premier Medical Group | Especialistas en otorrinolaringolog\u00eda y oftalmolog\u00eda","description":"Premier Medical Group | Especialistas en otorrinolaringolog\u00eda y oftalmolog\u00eda","potentialAction":[{"@type":"SearchAction","target":{"@type":"EntryPoint","urlTemplate":"https:\/\/pmg2024.wpenginepowered.com\/?s={search_term_string}"},"query-input":{"@type":"PropertyValueSpecification","valueRequired":true,"valueName":"search_term_string"}}],"inLanguage":"es"}]}},"_links":{"self":[{"href":"https:\/\/premiermedicalgrp.com\/es\/wp-json\/wp\/v2\/pages\/118","targetHints":{"allow":["GET"]}}],"collection":[{"href":"https:\/\/premiermedicalgrp.com\/es\/wp-json\/wp\/v2\/pages"}],"about":[{"href":"https:\/\/premiermedicalgrp.com\/es\/wp-json\/wp\/v2\/types\/page"}],"author":[{"embeddable":true,"href":"https:\/\/premiermedicalgrp.com\/es\/wp-json\/wp\/v2\/users\/1"}],"replies":[{"embeddable":true,"href":"https:\/\/premiermedicalgrp.com\/es\/wp-json\/wp\/v2\/comments?post=118"}],"version-history":[{"count":0,"href":"https:\/\/premiermedicalgrp.com\/es\/wp-json\/wp\/v2\/pages\/118\/revisions"}],"up":[{"embeddable":true,"href":"https:\/\/premiermedicalgrp.com\/es\/wp-json\/wp\/v2\/pages\/1510"}],"wp:attachment":[{"href":"https:\/\/premiermedicalgrp.com\/es\/wp-json\/wp\/v2\/media?parent=118"}],"curies":[{"name":"wp","href":"https:\/\/api.w.org\/{rel}","templated":true}]}}