{"id":124,"date":"2013-12-30T17:15:58","date_gmt":"2013-12-30T17:15:58","guid":{"rendered":"\/?page_id=124"},"modified":"2019-09-04T14:00:48","modified_gmt":"2019-09-04T19:00:48","slug":"diabetic-retinopathy","status":"publish","type":"page","link":"https:\/\/premiermedicalgrp.com\/es\/services\/eye\/ophthalmology\/retina-diseases-surgery\/diabetic-retinopathy\/","title":{"rendered":"Retinopat\u00eda diab\u00e9tica (tratamiento ocular)"},"content":{"rendered":"<p><span style=\"color: #000000;\">La retinopat\u00eda diab\u00e9tica es una complicaci\u00f3n de la diabetes causada por un da\u00f1o a los diminutos vasos sangu\u00edneos que nutren la retina. La retina es una capa de nervios ubicada en la parte posterior del ojo que env\u00eda im\u00e1genes al cerebro.<\/span><\/p>\n<p><span style=\"color: #000000;\">Cuando los vasos sangu\u00edneos de la retina se da\u00f1an, pueden perder l\u00edquido o sangre, lo que puede desenfocar o distorsionar las im\u00e1genes.<\/span><\/p>\n<p><span style=\"color: #000000;\">La retinopat\u00eda diab\u00e9tica es la principal causa de ceguera entre los adultos en los Estados Unidos. Las personas con diabetes no tratada tienen un riesgo 25 veces mayor de sufrir ceguera que la poblaci\u00f3n general.<\/span><\/p>\n<p><span style=\"color: #000000;\">Los s\u00edntomas de la retinopat\u00eda diab\u00e9tica incluyen:<\/span><\/p>\n<ul>\n<li><span style=\"color: #000000;\">Manchas o moscas volantes en su campo de visi\u00f3n<\/span><\/li>\n<li><span style=\"color: #000000;\">Visi\u00f3n borrosa<\/span><\/li>\n<li><span style=\"color: #000000;\">Un punto oscuro o vac\u00edo en el centro de tu visi\u00f3n.<\/span><\/li>\n<li><span style=\"color: #000000;\">Dificultad para ver bien de noche<\/span><\/li>\n<\/ul>\n<p><span style=\"color: #000000;\">A menudo, no hay s\u00edntomas en las primeras etapas de la enfermedad. Por eso, los m\u00e9dicos de Premier Medical recomiendan que los diab\u00e9ticos se realicen un examen ocular completo una vez al a\u00f1o. La detecci\u00f3n temprana y las tecnolog\u00edas y tratamientos actuales pueden limitar la posibilidad de una p\u00e9rdida significativa de la visi\u00f3n.<\/span><\/p>","protected":false},"excerpt":{"rendered":"<p>Diabetic retinopathy is a complication of diabetes that is caused by damage to the tiny blood vessels that nourish the retina. The retina is a nerve layer at the back of the eye that sends images to your brain. When blood vessels in the retina are damaged, they may leak fluid or blood. This can [&hellip;]<\/p>\n","protected":false},"author":1,"featured_media":0,"parent":1501,"menu_order":41,"comment_status":"closed","ping_status":"closed","template":"","meta":{"_acf_changed":false,"footnotes":""},"class_list":["post-124","page","type-page","status-publish","hentry"],"acf":[],"yoast_head":"<!-- This site is optimized with the Yoast SEO plugin v27.5 - https:\/\/yoast.com\/product\/yoast-seo-wordpress\/ -->\n<title>Diabetic Retinopathy (Eye Treatment) - Premier Medical Group<\/title>\n<meta name=\"description\" content=\"Click and view are informational video provided by Premier Medical Group on Diabetic Retinopathy. Also read about symptons one would need to watch out for.\" \/>\n<meta name=\"robots\" content=\"index, follow, max-snippet:-1, max-image-preview:large, max-video-preview:-1\" \/>\n<link rel=\"canonical\" href=\"https:\/\/premiermedicalgrp.com\/es\/services\/eye\/ophthalmology\/retina-diseases-surgery\/diabetic-retinopathy\/\" \/>\n<meta property=\"og:locale\" content=\"es_MX\" \/>\n<meta property=\"og:type\" content=\"article\" \/>\n<meta property=\"og:title\" content=\"Diabetic Retinopathy (Eye Treatment) - Premier Medical Group\" \/>\n<meta property=\"og:description\" content=\"Click and view are informational video provided by Premier Medical Group on Diabetic Retinopathy. Also read about symptons one would need to watch out for.\" \/>\n<meta property=\"og:url\" content=\"https:\/\/premiermedicalgrp.com\/es\/services\/eye\/ophthalmology\/retina-diseases-surgery\/diabetic-retinopathy\/\" \/>\n<meta property=\"og:site_name\" content=\"Premier Medical Group | Eye &amp; ENT Specialists\" \/>\n<meta property=\"article:modified_time\" content=\"2019-09-04T19:00:48+00:00\" \/>\n<meta name=\"twitter:label1\" content=\"Est. reading time\" \/>\n\t<meta name=\"twitter:data1\" content=\"1 minuto\" \/>\n<script type=\"application\/ld+json\" class=\"yoast-schema-graph\">{\"@context\":\"https:\\\/\\\/schema.org\",\"@graph\":[{\"@type\":\"WebPage\",\"@id\":\"https:\\\/\\\/premiermedicalgrp.com\\\/services\\\/eye\\\/ophthalmology\\\/retina-diseases-surgery\\\/diabetic-retinopathy\\\/\",\"url\":\"https:\\\/\\\/premiermedicalgrp.com\\\/services\\\/eye\\\/ophthalmology\\\/retina-diseases-surgery\\\/diabetic-retinopathy\\\/\",\"name\":\"Diabetic Retinopathy (Eye Treatment) - Premier Medical Group\",\"isPartOf\":{\"@id\":\"https:\\\/\\\/pmg2024.wpenginepowered.com\\\/#website\"},\"datePublished\":\"2013-12-30T17:15:58+00:00\",\"dateModified\":\"2019-09-04T19:00:48+00:00\",\"description\":\"Click and view are informational video provided by Premier Medical Group on Diabetic Retinopathy. Also read about symptons one would need to watch out for.\",\"breadcrumb\":{\"@id\":\"https:\\\/\\\/premiermedicalgrp.com\\\/services\\\/eye\\\/ophthalmology\\\/retina-diseases-surgery\\\/diabetic-retinopathy\\\/#breadcrumb\"},\"inLanguage\":\"es\",\"potentialAction\":[{\"@type\":\"ReadAction\",\"target\":[\"https:\\\/\\\/premiermedicalgrp.com\\\/services\\\/eye\\\/ophthalmology\\\/retina-diseases-surgery\\\/diabetic-retinopathy\\\/\"]}]},{\"@type\":\"BreadcrumbList\",\"@id\":\"https:\\\/\\\/premiermedicalgrp.com\\\/services\\\/eye\\\/ophthalmology\\\/retina-diseases-surgery\\\/diabetic-retinopathy\\\/#breadcrumb\",\"itemListElement\":[{\"@type\":\"ListItem\",\"position\":1,\"name\":\"Home\",\"item\":\"https:\\\/\\\/premiermedicalgrp.com\\\/\"},{\"@type\":\"ListItem\",\"position\":2,\"name\":\"Our Services\",\"item\":\"https:\\\/\\\/premiermedicalgrp.com\\\/services\\\/\"},{\"@type\":\"ListItem\",\"position\":3,\"name\":\"Eye Services\",\"item\":\"https:\\\/\\\/premiermedicalgrp.com\\\/services\\\/eye\\\/\"},{\"@type\":\"ListItem\",\"position\":4,\"name\":\"Ophthalmology\",\"item\":\"https:\\\/\\\/premiermedicalgrp.com\\\/services\\\/eye\\\/ophthalmology\\\/\"},{\"@type\":\"ListItem\",\"position\":5,\"name\":\"Retina Diseases &#038; Surgery\",\"item\":\"https:\\\/\\\/premiermedicalgrp.com\\\/services\\\/eye\\\/ophthalmology\\\/retina-diseases-surgery\\\/\"},{\"@type\":\"ListItem\",\"position\":6,\"name\":\"Diabetic Retinopathy (Eye Treatment)\"}]},{\"@type\":\"WebSite\",\"@id\":\"https:\\\/\\\/pmg2024.wpenginepowered.com\\\/#website\",\"url\":\"https:\\\/\\\/pmg2024.wpenginepowered.com\\\/\",\"name\":\"Premier Medical Group | Eye &amp; ENT Specialists\",\"description\":\"Premier Medical Group | Eye &amp; ENT Specialists\",\"potentialAction\":[{\"@type\":\"SearchAction\",\"target\":{\"@type\":\"EntryPoint\",\"urlTemplate\":\"https:\\\/\\\/pmg2024.wpenginepowered.com\\\/?s={search_term_string}\"},\"query-input\":{\"@type\":\"PropertyValueSpecification\",\"valueRequired\":true,\"valueName\":\"search_term_string\"}}],\"inLanguage\":\"es\"}]}<\/script>\n<!-- \/ Yoast SEO plugin. -->","yoast_head_json":{"title":"Diabetic Retinopathy (Eye Treatment) - Premier Medical Group","description":"Click and view are informational video provided by Premier Medical Group on Diabetic Retinopathy. Also read about symptons one would need to watch out for.","robots":{"index":"index","follow":"follow","max-snippet":"max-snippet:-1","max-image-preview":"max-image-preview:large","max-video-preview":"max-video-preview:-1"},"canonical":"https:\/\/premiermedicalgrp.com\/es\/services\/eye\/ophthalmology\/retina-diseases-surgery\/diabetic-retinopathy\/","og_locale":"es_MX","og_type":"article","og_title":"Diabetic Retinopathy (Eye Treatment) - Premier Medical Group","og_description":"Click and view are informational video provided by Premier Medical Group on Diabetic Retinopathy. Also read about symptons one would need to watch out for.","og_url":"https:\/\/premiermedicalgrp.com\/es\/services\/eye\/ophthalmology\/retina-diseases-surgery\/diabetic-retinopathy\/","og_site_name":"Premier Medical Group | Eye &amp; ENT Specialists","article_modified_time":"2019-09-04T19:00:48+00:00","twitter_misc":{"Est. reading time":"1 minuto"},"schema":{"@context":"https:\/\/schema.org","@graph":[{"@type":"WebPage","@id":"https:\/\/premiermedicalgrp.com\/services\/eye\/ophthalmology\/retina-diseases-surgery\/diabetic-retinopathy\/","url":"https:\/\/premiermedicalgrp.com\/services\/eye\/ophthalmology\/retina-diseases-surgery\/diabetic-retinopathy\/","name":"Diabetic Retinopathy (Eye Treatment) - Premier Medical Group","isPartOf":{"@id":"https:\/\/pmg2024.wpenginepowered.com\/#website"},"datePublished":"2013-12-30T17:15:58+00:00","dateModified":"2019-09-04T19:00:48+00:00","description":"Click and view are informational video provided by Premier Medical Group on Diabetic Retinopathy. Also read about symptons one would need to watch out for.","breadcrumb":{"@id":"https:\/\/premiermedicalgrp.com\/services\/eye\/ophthalmology\/retina-diseases-surgery\/diabetic-retinopathy\/#breadcrumb"},"inLanguage":"es","potentialAction":[{"@type":"ReadAction","target":["https:\/\/premiermedicalgrp.com\/services\/eye\/ophthalmology\/retina-diseases-surgery\/diabetic-retinopathy\/"]}]},{"@type":"BreadcrumbList","@id":"https:\/\/premiermedicalgrp.com\/services\/eye\/ophthalmology\/retina-diseases-surgery\/diabetic-retinopathy\/#breadcrumb","itemListElement":[{"@type":"ListItem","position":1,"name":"Home","item":"https:\/\/premiermedicalgrp.com\/"},{"@type":"ListItem","position":2,"name":"Our Services","item":"https:\/\/premiermedicalgrp.com\/services\/"},{"@type":"ListItem","position":3,"name":"Eye Services","item":"https:\/\/premiermedicalgrp.com\/services\/eye\/"},{"@type":"ListItem","position":4,"name":"Ophthalmology","item":"https:\/\/premiermedicalgrp.com\/services\/eye\/ophthalmology\/"},{"@type":"ListItem","position":5,"name":"Retina Diseases &#038; Surgery","item":"https:\/\/premiermedicalgrp.com\/services\/eye\/ophthalmology\/retina-diseases-surgery\/"},{"@type":"ListItem","position":6,"name":"Diabetic Retinopathy (Eye Treatment)"}]},{"@type":"WebSite","@id":"https:\/\/pmg2024.wpenginepowered.com\/#website","url":"https:\/\/pmg2024.wpenginepowered.com\/","name":"Premier Medical Group | Especialistas en otorrinolaringolog\u00eda y oftalmolog\u00eda","description":"Premier Medical Group | Especialistas en otorrinolaringolog\u00eda y oftalmolog\u00eda","potentialAction":[{"@type":"SearchAction","target":{"@type":"EntryPoint","urlTemplate":"https:\/\/pmg2024.wpenginepowered.com\/?s={search_term_string}"},"query-input":{"@type":"PropertyValueSpecification","valueRequired":true,"valueName":"search_term_string"}}],"inLanguage":"es"}]}},"_links":{"self":[{"href":"https:\/\/premiermedicalgrp.com\/es\/wp-json\/wp\/v2\/pages\/124","targetHints":{"allow":["GET"]}}],"collection":[{"href":"https:\/\/premiermedicalgrp.com\/es\/wp-json\/wp\/v2\/pages"}],"about":[{"href":"https:\/\/premiermedicalgrp.com\/es\/wp-json\/wp\/v2\/types\/page"}],"author":[{"embeddable":true,"href":"https:\/\/premiermedicalgrp.com\/es\/wp-json\/wp\/v2\/users\/1"}],"replies":[{"embeddable":true,"href":"https:\/\/premiermedicalgrp.com\/es\/wp-json\/wp\/v2\/comments?post=124"}],"version-history":[{"count":0,"href":"https:\/\/premiermedicalgrp.com\/es\/wp-json\/wp\/v2\/pages\/124\/revisions"}],"up":[{"embeddable":true,"href":"https:\/\/premiermedicalgrp.com\/es\/wp-json\/wp\/v2\/pages\/1501"}],"wp:attachment":[{"href":"https:\/\/premiermedicalgrp.com\/es\/wp-json\/wp\/v2\/media?parent=124"}],"curies":[{"name":"wp","href":"https:\/\/api.w.org\/{rel}","templated":true}]}}