{"id":126,"date":"2013-12-30T17:16:49","date_gmt":"2013-12-30T17:16:49","guid":{"rendered":"\/?page_id=126"},"modified":"2021-02-12T15:59:49","modified_gmt":"2021-02-12T21:59:49","slug":"retinal-detachment","status":"publish","type":"page","link":"https:\/\/premiermedicalgrp.com\/es\/services\/eye\/ophthalmology\/retina-diseases-surgery\/retinal-detachment\/","title":{"rendered":"Desprendimiento de retina (DESGARRO)"},"content":{"rendered":"<p>&nbsp;<\/p>\n<div class=\"rgg-container\" data-rgg-id=\"1\">    <div class=\"rgg-imagegrid captions-title captions-effect-none\" data-rgg-id=\"1\">\n                    <a href=\"https:\/\/premiermedicalgrp.com\/wp-content\/uploads\/2020\/08\/SBJ00021wBKG-1-650x910.jpg\" data-rel=\"rgg\" rel=\"rgg\" title=\"Dr. Stuart R. Ball\" class=\"rgg-disabled size-medium rgg-img\" data-src=\"https:\/\/premiermedicalgrp.com\/wp-content\/uploads\/2020\/08\/SBJ00021wBKG-1-214x300.jpg\" data-ratio=\"0.713333333333\" data-height=\"300\" data-width=\"214\" aria-label=\"Dr. Stuart R. Ball, retrato\">\n                            <\/a>\n                    <a href=\"https:\/\/premiermedicalgrp.com\/wp-content\/uploads\/2013\/12\/PRM-2020-Mark-J-Douglas.jpg\" data-rel=\"rgg\" rel=\"rgg\" title=\"Dr. Mark J. Douglas\" class=\"rgg-disabled size-medium rgg-img\" data-src=\"https:\/\/premiermedicalgrp.com\/wp-content\/uploads\/2013\/12\/PRM-2020-Mark-J-Douglas-214x300.jpg\" data-ratio=\"0.713333333333\" data-height=\"300\" data-width=\"214\" aria-label=\"Foto de rostro del Dr. Mark J. Douglas\">\n                            <\/a>\n                    <a href=\"https:\/\/premiermedicalgrp.com\/wp-content\/uploads\/2013\/12\/PRM-2020-H-Christopher-Semple.jpg\" data-rel=\"rgg\" rel=\"rgg\" title=\"Dr. H. Christopher Semple\" class=\"rgg-disabled size-medium rgg-img\" data-src=\"https:\/\/premiermedicalgrp.com\/wp-content\/uploads\/2013\/12\/PRM-2020-H-Christopher-Semple-214x300.jpg\" data-ratio=\"0.713333333333\" data-height=\"300\" data-width=\"214\" aria-label=\"Retrato del Dr. H. Christopher Semple\">\n                            <\/a>\n            <\/div>\n<\/div>\n<p><span style=\"color: #000000;\">A medida que envejecemos, la retina, una capa nerviosa en la parte posterior del ojo que detecta la luz y env\u00eda im\u00e1genes al cerebro, se vuelve m\u00e1s vulnerable a desgarros y desprendimientos de retina.<\/span><\/p>\n<p><span style=\"color: #000000;\">Estas graves afecciones oculares son causadas por el movimiento del v\u00edtreo, un gel transparente que llena el centro del ojo. A medida que envejecemos, el v\u00edtreo puede separarse de su uni\u00f3n con la retina en la parte posterior del ojo. Si bien esto no suele causar problemas, a veces el v\u00edtreo tira con tanta fuerza que puede desgarrar la retina.<\/span><\/p>\n<p><span style=\"color: #000000;\">Si el l\u00edquido pasa a trav\u00e9s del desgarro, puede levantar la retina de la parte posterior del ojo, lo que produce un desprendimiento de retina. Se trata de un problema muy grave que casi siempre causa ceguera a menos que se trate.<\/span><\/p>\n<p><span style=\"color: #000000;\">Los siguientes s\u00edntomas pueden indicar la presencia de un desprendimiento de retina:<\/span><\/p>\n<ul>\n<li><span style=\"color: #000000;\">Luces intermitentes<\/span><\/li>\n<li><span style=\"color: #000000;\">Nuevos flotadores<\/span><\/li>\n<li><span style=\"color: #000000;\">Una cortina gris que se mueve a trav\u00e9s de tu campo de visi\u00f3n.<\/span><\/li>\n<\/ul>\n<p><span style=\"color: #000000;\">Si bien estos s\u00edntomas no siempre significan que hay un desprendimiento de retina, debe consultar a su oftalm\u00f3logo lo antes posible.<\/span><\/p>\n<p><span style=\"color: #000000;\">La mayor\u00eda de los desgarros de retina se deben tratar con cirug\u00eda l\u00e1ser o crioterapia (congelaci\u00f3n), que sella la retina a la pared posterior del ojo. Casi todos los pacientes con desprendimientos de retina requieren cirug\u00eda para volver a colocar la retina en su posici\u00f3n adecuada.<\/span><\/p>\n<h3>M\u00e9dicos especialistas en cirug\u00eda de retina<\/h3>\n<ul>\n<li><a href=\"https:\/\/premiermedicalgrp.com\/es\/physicians\/stuart-r-ball-md\/\">Dr. Stuart R. Ball<\/a><\/li>\n<li><a href=\"https:\/\/premiermedicalgrp.com\/es\/physicians\/mark-douglas-md\/\">Dr. Mark J. Douglas<\/a><\/li>\n<li><a href=\"https:\/\/premiermedicalgrp.com\/es\/physicians\/christopher-semple-md\/\">Dr. H. Christopher Semple<\/a><\/li>\n<\/ul>","protected":false},"excerpt":{"rendered":"<p>&nbsp; As we age, the retina, a nerve layer at the back of the eye that senses light and sends images to your brain, becomes more vulnerable to retinal tears and detachments. These serious eye conditions are caused by the movement of the vitreous, a clear gel that fills the middle of the eye. As [&hellip;]<\/p>\n","protected":false},"author":1,"featured_media":0,"parent":1501,"menu_order":42,"comment_status":"closed","ping_status":"closed","template":"","meta":{"_acf_changed":false,"footnotes":""},"class_list":["post-126","page","type-page","status-publish","hentry"],"acf":[],"yoast_head":"<!-- This site is optimized with the Yoast SEO plugin v27.5 - https:\/\/yoast.com\/product\/yoast-seo-wordpress\/ -->\n<title>Retinal Detachment (TEAR) - Premier Medical Group - Eye, Doctors,<\/title>\n<meta name=\"description\" content=\"Click to view our video and learn about Retinal Detachment. This serious eye condition can be treated. See how Premier Medical Group can help.\" \/>\n<meta name=\"robots\" content=\"index, follow, max-snippet:-1, max-image-preview:large, max-video-preview:-1\" \/>\n<link rel=\"canonical\" href=\"https:\/\/premiermedicalgrp.com\/es\/services\/eye\/ophthalmology\/retina-diseases-surgery\/retinal-detachment\/\" \/>\n<meta property=\"og:locale\" content=\"es_MX\" \/>\n<meta property=\"og:type\" content=\"article\" \/>\n<meta property=\"og:title\" content=\"Retinal Detachment (TEAR) - Premier Medical Group - Eye, Doctors,\" \/>\n<meta property=\"og:description\" content=\"Click to view our video and learn about Retinal Detachment. This serious eye condition can be treated. See how Premier Medical Group can help.\" \/>\n<meta property=\"og:url\" content=\"https:\/\/premiermedicalgrp.com\/es\/services\/eye\/ophthalmology\/retina-diseases-surgery\/retinal-detachment\/\" \/>\n<meta property=\"og:site_name\" content=\"Premier Medical Group | Eye &amp; ENT Specialists\" \/>\n<meta property=\"article:modified_time\" content=\"2021-02-12T21:59:49+00:00\" \/>\n<meta property=\"og:image\" content=\"https:\/\/premiermedicalgrp.com\/wp-content\/uploads\/2020\/08\/SBJ00021wBKG-1-214x300.jpg\" \/>\n<meta name=\"twitter:label1\" content=\"Est. reading time\" \/>\n\t<meta name=\"twitter:data1\" content=\"1 minuto\" \/>\n<script type=\"application\/ld+json\" class=\"yoast-schema-graph\">{\"@context\":\"https:\\\/\\\/schema.org\",\"@graph\":[{\"@type\":\"WebPage\",\"@id\":\"https:\\\/\\\/premiermedicalgrp.com\\\/services\\\/eye\\\/ophthalmology\\\/retina-diseases-surgery\\\/retinal-detachment\\\/\",\"url\":\"https:\\\/\\\/premiermedicalgrp.com\\\/services\\\/eye\\\/ophthalmology\\\/retina-diseases-surgery\\\/retinal-detachment\\\/\",\"name\":\"Retinal Detachment (TEAR) - Premier Medical Group - Eye, Doctors,\",\"isPartOf\":{\"@id\":\"https:\\\/\\\/pmg2024.wpenginepowered.com\\\/#website\"},\"datePublished\":\"2013-12-30T17:16:49+00:00\",\"dateModified\":\"2021-02-12T21:59:49+00:00\",\"description\":\"Click to view our video and learn about Retinal Detachment. This serious eye condition can be treated. See how Premier Medical Group can help.\",\"breadcrumb\":{\"@id\":\"https:\\\/\\\/premiermedicalgrp.com\\\/services\\\/eye\\\/ophthalmology\\\/retina-diseases-surgery\\\/retinal-detachment\\\/#breadcrumb\"},\"inLanguage\":\"es\",\"potentialAction\":[{\"@type\":\"ReadAction\",\"target\":[\"https:\\\/\\\/premiermedicalgrp.com\\\/services\\\/eye\\\/ophthalmology\\\/retina-diseases-surgery\\\/retinal-detachment\\\/\"]}]},{\"@type\":\"BreadcrumbList\",\"@id\":\"https:\\\/\\\/premiermedicalgrp.com\\\/services\\\/eye\\\/ophthalmology\\\/retina-diseases-surgery\\\/retinal-detachment\\\/#breadcrumb\",\"itemListElement\":[{\"@type\":\"ListItem\",\"position\":1,\"name\":\"Home\",\"item\":\"https:\\\/\\\/premiermedicalgrp.com\\\/\"},{\"@type\":\"ListItem\",\"position\":2,\"name\":\"Our Services\",\"item\":\"https:\\\/\\\/premiermedicalgrp.com\\\/services\\\/\"},{\"@type\":\"ListItem\",\"position\":3,\"name\":\"Eye Services\",\"item\":\"https:\\\/\\\/premiermedicalgrp.com\\\/services\\\/eye\\\/\"},{\"@type\":\"ListItem\",\"position\":4,\"name\":\"Ophthalmology\",\"item\":\"https:\\\/\\\/premiermedicalgrp.com\\\/services\\\/eye\\\/ophthalmology\\\/\"},{\"@type\":\"ListItem\",\"position\":5,\"name\":\"Retina Diseases &#038; Surgery\",\"item\":\"https:\\\/\\\/premiermedicalgrp.com\\\/services\\\/eye\\\/ophthalmology\\\/retina-diseases-surgery\\\/\"},{\"@type\":\"ListItem\",\"position\":6,\"name\":\"Retinal Detachment (TEAR)\"}]},{\"@type\":\"WebSite\",\"@id\":\"https:\\\/\\\/pmg2024.wpenginepowered.com\\\/#website\",\"url\":\"https:\\\/\\\/pmg2024.wpenginepowered.com\\\/\",\"name\":\"Premier Medical Group | Eye &amp; ENT Specialists\",\"description\":\"Premier Medical Group | Eye &amp; ENT Specialists\",\"potentialAction\":[{\"@type\":\"SearchAction\",\"target\":{\"@type\":\"EntryPoint\",\"urlTemplate\":\"https:\\\/\\\/pmg2024.wpenginepowered.com\\\/?s={search_term_string}\"},\"query-input\":{\"@type\":\"PropertyValueSpecification\",\"valueRequired\":true,\"valueName\":\"search_term_string\"}}],\"inLanguage\":\"es\"}]}<\/script>\n<!-- \/ Yoast SEO plugin. -->","yoast_head_json":{"title":"Retinal Detachment (TEAR) - Premier Medical Group - Eye, Doctors,","description":"Click to view our video and learn about Retinal Detachment. This serious eye condition can be treated. See how Premier Medical Group can help.","robots":{"index":"index","follow":"follow","max-snippet":"max-snippet:-1","max-image-preview":"max-image-preview:large","max-video-preview":"max-video-preview:-1"},"canonical":"https:\/\/premiermedicalgrp.com\/es\/services\/eye\/ophthalmology\/retina-diseases-surgery\/retinal-detachment\/","og_locale":"es_MX","og_type":"article","og_title":"Retinal Detachment (TEAR) - Premier Medical Group - Eye, Doctors,","og_description":"Click to view our video and learn about Retinal Detachment. This serious eye condition can be treated. See how Premier Medical Group can help.","og_url":"https:\/\/premiermedicalgrp.com\/es\/services\/eye\/ophthalmology\/retina-diseases-surgery\/retinal-detachment\/","og_site_name":"Premier Medical Group | Eye &amp; ENT Specialists","article_modified_time":"2021-02-12T21:59:49+00:00","og_image":[{"url":"https:\/\/premiermedicalgrp.com\/wp-content\/uploads\/2020\/08\/SBJ00021wBKG-1-214x300.jpg","type":"","width":"","height":""}],"twitter_misc":{"Est. reading time":"1 minuto"},"schema":{"@context":"https:\/\/schema.org","@graph":[{"@type":"WebPage","@id":"https:\/\/premiermedicalgrp.com\/services\/eye\/ophthalmology\/retina-diseases-surgery\/retinal-detachment\/","url":"https:\/\/premiermedicalgrp.com\/services\/eye\/ophthalmology\/retina-diseases-surgery\/retinal-detachment\/","name":"Retinal Detachment (TEAR) - Premier Medical Group - Eye, Doctors,","isPartOf":{"@id":"https:\/\/pmg2024.wpenginepowered.com\/#website"},"datePublished":"2013-12-30T17:16:49+00:00","dateModified":"2021-02-12T21:59:49+00:00","description":"Click to view our video and learn about Retinal Detachment. This serious eye condition can be treated. See how Premier Medical Group can help.","breadcrumb":{"@id":"https:\/\/premiermedicalgrp.com\/services\/eye\/ophthalmology\/retina-diseases-surgery\/retinal-detachment\/#breadcrumb"},"inLanguage":"es","potentialAction":[{"@type":"ReadAction","target":["https:\/\/premiermedicalgrp.com\/services\/eye\/ophthalmology\/retina-diseases-surgery\/retinal-detachment\/"]}]},{"@type":"BreadcrumbList","@id":"https:\/\/premiermedicalgrp.com\/services\/eye\/ophthalmology\/retina-diseases-surgery\/retinal-detachment\/#breadcrumb","itemListElement":[{"@type":"ListItem","position":1,"name":"Home","item":"https:\/\/premiermedicalgrp.com\/"},{"@type":"ListItem","position":2,"name":"Our Services","item":"https:\/\/premiermedicalgrp.com\/services\/"},{"@type":"ListItem","position":3,"name":"Eye Services","item":"https:\/\/premiermedicalgrp.com\/services\/eye\/"},{"@type":"ListItem","position":4,"name":"Ophthalmology","item":"https:\/\/premiermedicalgrp.com\/services\/eye\/ophthalmology\/"},{"@type":"ListItem","position":5,"name":"Retina Diseases &#038; Surgery","item":"https:\/\/premiermedicalgrp.com\/services\/eye\/ophthalmology\/retina-diseases-surgery\/"},{"@type":"ListItem","position":6,"name":"Retinal Detachment (TEAR)"}]},{"@type":"WebSite","@id":"https:\/\/pmg2024.wpenginepowered.com\/#website","url":"https:\/\/pmg2024.wpenginepowered.com\/","name":"Premier Medical Group | Especialistas en otorrinolaringolog\u00eda y oftalmolog\u00eda","description":"Premier Medical Group | Especialistas en otorrinolaringolog\u00eda y oftalmolog\u00eda","potentialAction":[{"@type":"SearchAction","target":{"@type":"EntryPoint","urlTemplate":"https:\/\/pmg2024.wpenginepowered.com\/?s={search_term_string}"},"query-input":{"@type":"PropertyValueSpecification","valueRequired":true,"valueName":"search_term_string"}}],"inLanguage":"es"}]}},"_links":{"self":[{"href":"https:\/\/premiermedicalgrp.com\/es\/wp-json\/wp\/v2\/pages\/126","targetHints":{"allow":["GET"]}}],"collection":[{"href":"https:\/\/premiermedicalgrp.com\/es\/wp-json\/wp\/v2\/pages"}],"about":[{"href":"https:\/\/premiermedicalgrp.com\/es\/wp-json\/wp\/v2\/types\/page"}],"author":[{"embeddable":true,"href":"https:\/\/premiermedicalgrp.com\/es\/wp-json\/wp\/v2\/users\/1"}],"replies":[{"embeddable":true,"href":"https:\/\/premiermedicalgrp.com\/es\/wp-json\/wp\/v2\/comments?post=126"}],"version-history":[{"count":0,"href":"https:\/\/premiermedicalgrp.com\/es\/wp-json\/wp\/v2\/pages\/126\/revisions"}],"up":[{"embeddable":true,"href":"https:\/\/premiermedicalgrp.com\/es\/wp-json\/wp\/v2\/pages\/1501"}],"wp:attachment":[{"href":"https:\/\/premiermedicalgrp.com\/es\/wp-json\/wp\/v2\/media?parent=126"}],"curies":[{"name":"wp","href":"https:\/\/api.w.org\/{rel}","templated":true}]}}