{"id":1279,"date":"2014-04-29T20:11:33","date_gmt":"2014-04-29T20:11:33","guid":{"rendered":"\/~prm\/?page_id=1279"},"modified":"2019-09-04T11:12:12","modified_gmt":"2019-09-04T16:12:12","slug":"laser-cataract-surgery","status":"publish","type":"page","link":"https:\/\/premiermedicalgrp.com\/es\/services\/eye\/ophthalmology\/cataract-2\/laser-cataract-surgery\/","title":{"rendered":"Cirug\u00eda de cataratas con l\u00e1ser"},"content":{"rendered":"<p><a href=\"\/~prm\/wp-content\/uploads\/2014\/04\/laser-machine.jpg\"><img loading=\"lazy\" decoding=\"async\" class=\"size-medium wp-image-1287 alignleft\" style=\"margin: 10px;\" src=\"\/~prm\/wp-content\/uploads\/2014\/04\/laser-machine-245x300.jpg\" alt=\"laser-machine\" width=\"245\" height=\"300\" srcset=\"https:\/\/premiermedicalgrp.com\/wp-content\/uploads\/2014\/04\/laser-machine-245x300.jpg 245w, https:\/\/premiermedicalgrp.com\/wp-content\/uploads\/2014\/04\/laser-machine.jpg 275w\" sizes=\"auto, (max-width: 245px) 100vw, 245px\" \/><\/a><span style=\"color: #000000;\">Cataratas<\/span><\/p>\n<p><span style=\"color: #000000;\">Las cataratas son simplemente una opacidad del cristalino, que normalmente es normal, causada por el proceso de envejecimiento, aunque a veces las lesiones o los medicamentos pueden contribuir a este trastorno. Las cataratas hacen que el cristalino se vuelva opaco o turbio, lo que impide el paso de la luz a la parte posterior del ojo y provoca una reducci\u00f3n significativa de la visi\u00f3n, lo que a menudo lleva al paciente a quejarse de visi\u00f3n borrosa o escarchada. Toda cirug\u00eda de cataratas en la actualidad se realiza de forma ambulatoria, generalmente con anestesia t\u00f3pica, lo que permite una recuperaci\u00f3n y un retorno a las actividades normales lo m\u00e1s r\u00e1pido posible. La curaci\u00f3n r\u00e1pida, la medicaci\u00f3n m\u00ednima, la ausencia de puntos de sutura y la ausencia de parches o protectores oculares permiten a los pacientes de hoy disfrutar de la mejor experiencia con esta cirug\u00eda moderna.<\/span><\/p>\n<h3><span style=\"color: #000000;\">Cirug\u00eda de Cataratas con L\u00e1ser sin Necesidad de Gafas<\/span><\/h3>\n<p><span style=\"color: #000000;\">A lo largo de los a\u00f1os se han producido numerosos cambios en la cirug\u00eda de cataratas, muchos de ellos recientes, que permiten una mejor agudeza visual tras la cirug\u00eda. La extracci\u00f3n de cataratas mediante ultrasonidos (facoemulsificaci\u00f3n) es un procedimiento r\u00e1pido y relativamente indoloro que permite a los pacientes volver a sus actividades normales casi de inmediato. El ultrasonido rompe la catarata en miles de millones de pedazos a medida que se aspiran fuera del ojo. La cirug\u00eda de cataratas asistida por l\u00e1ser de femtosegundos es la \u00faltima mejora t\u00e9cnica que permite al cirujano realizar muchas de las partes manuales de la cirug\u00eda de cataratas con un l\u00e1ser infrarrojo de alta velocidad (cada pulso se dispara durante solo una millon\u00e9sima de una milmillon\u00e9sima de segundo... un femtosegundo). Estas partes manuales de la cirug\u00eda incluyen la incisi\u00f3n corneal para acceder al interior del ojo, la remodelaci\u00f3n de la c\u00f3rnea con incisiones corneales para reducir el astigmatismo y la extracci\u00f3n de la superficie frontal (c\u00e1psula anterior del cristalino) del cristalino que contiene la catarata. Adem\u00e1s, el l\u00e1ser FemtoSecond suaviza el n\u00facleo (la parte interna) del cristalino con cataratas, lo que permite succionar y extraer la catarata del ojo de manera m\u00e1s eficiente y con menos energ\u00eda ultras\u00f3nica para el paciente. Cada vez es m\u00e1s habitual que nuestros m\u00e9dicos corrijan el astigmatismo con el l\u00e1ser FemtoSecond para cataratas y la presbicia con tecnolog\u00eda avanzada durante la cirug\u00eda de cataratas.<\/span><\/p>\n<p>&nbsp;<\/p>","protected":false},"excerpt":{"rendered":"<p>Cataracts Cataracts are simply a clouding of the otherwise normal crystalline lens caused typically by the aging process, although sometimes injuries or drugs can contribute to this disorder.\u00a0 Cataracts cause the clear lens to become cloudy or opaque inhibiting the passage of light to the back of the eye and causing a significant reduction in [&hellip;]<\/p>\n","protected":false},"author":1,"featured_media":0,"parent":1731,"menu_order":28,"comment_status":"closed","ping_status":"closed","template":"","meta":{"_acf_changed":false,"footnotes":""},"class_list":["post-1279","page","type-page","status-publish","hentry"],"acf":[],"yoast_head":"<!-- This site is optimized with the Yoast SEO plugin v27.4 - https:\/\/yoast.com\/product\/yoast-seo-wordpress\/ -->\n<title>Laser Cataract Surgery - Premier Medical Group - Eye, FemtoSecond<\/title>\n<meta name=\"description\" content=\"What are Cataracts, and how can you treat it? Read and find out what Premier Medical Group&#039;s board certified physicians can do about your cloudy vision.\" \/>\n<meta name=\"robots\" content=\"index, follow, max-snippet:-1, max-image-preview:large, max-video-preview:-1\" \/>\n<link rel=\"canonical\" href=\"https:\/\/premiermedicalgrp.com\/es\/services\/eye\/ophthalmology\/cataract-2\/laser-cataract-surgery\/\" \/>\n<meta property=\"og:locale\" content=\"es_MX\" \/>\n<meta property=\"og:type\" content=\"article\" \/>\n<meta property=\"og:title\" content=\"Laser Cataract Surgery - Premier Medical Group - Eye, FemtoSecond\" \/>\n<meta property=\"og:description\" content=\"What are Cataracts, and how can you treat it? Read and find out what Premier Medical Group&#039;s board certified physicians can do about your cloudy vision.\" \/>\n<meta property=\"og:url\" content=\"https:\/\/premiermedicalgrp.com\/es\/services\/eye\/ophthalmology\/cataract-2\/laser-cataract-surgery\/\" \/>\n<meta property=\"og:site_name\" content=\"Premier Medical Group | Eye &amp; ENT Specialists\" \/>\n<meta property=\"article:modified_time\" content=\"2019-09-04T16:12:12+00:00\" \/>\n<meta name=\"twitter:label1\" content=\"Est. reading time\" \/>\n\t<meta name=\"twitter:data1\" content=\"2 minutos\" \/>\n<script type=\"application\/ld+json\" class=\"yoast-schema-graph\">{\"@context\":\"https:\\\/\\\/schema.org\",\"@graph\":[{\"@type\":\"WebPage\",\"@id\":\"https:\\\/\\\/premiermedicalgrp.com\\\/services\\\/eye\\\/ophthalmology\\\/cataract-2\\\/laser-cataract-surgery\\\/\",\"url\":\"https:\\\/\\\/premiermedicalgrp.com\\\/services\\\/eye\\\/ophthalmology\\\/cataract-2\\\/laser-cataract-surgery\\\/\",\"name\":\"Laser Cataract Surgery - Premier Medical Group - Eye, FemtoSecond\",\"isPartOf\":{\"@id\":\"https:\\\/\\\/pmg2024.wpenginepowered.com\\\/#website\"},\"datePublished\":\"2014-04-29T20:11:33+00:00\",\"dateModified\":\"2019-09-04T16:12:12+00:00\",\"description\":\"What are Cataracts, and how can you treat it? Read and find out what Premier Medical Group's board certified physicians can do about your cloudy vision.\",\"breadcrumb\":{\"@id\":\"https:\\\/\\\/premiermedicalgrp.com\\\/services\\\/eye\\\/ophthalmology\\\/cataract-2\\\/laser-cataract-surgery\\\/#breadcrumb\"},\"inLanguage\":\"es\",\"potentialAction\":[{\"@type\":\"ReadAction\",\"target\":[\"https:\\\/\\\/premiermedicalgrp.com\\\/services\\\/eye\\\/ophthalmology\\\/cataract-2\\\/laser-cataract-surgery\\\/\"]}]},{\"@type\":\"BreadcrumbList\",\"@id\":\"https:\\\/\\\/premiermedicalgrp.com\\\/services\\\/eye\\\/ophthalmology\\\/cataract-2\\\/laser-cataract-surgery\\\/#breadcrumb\",\"itemListElement\":[{\"@type\":\"ListItem\",\"position\":1,\"name\":\"Home\",\"item\":\"https:\\\/\\\/premiermedicalgrp.com\\\/\"},{\"@type\":\"ListItem\",\"position\":2,\"name\":\"Our Services\",\"item\":\"https:\\\/\\\/premiermedicalgrp.com\\\/services\\\/\"},{\"@type\":\"ListItem\",\"position\":3,\"name\":\"Eye Services\",\"item\":\"https:\\\/\\\/premiermedicalgrp.com\\\/services\\\/eye\\\/\"},{\"@type\":\"ListItem\",\"position\":4,\"name\":\"Ophthalmology\",\"item\":\"https:\\\/\\\/premiermedicalgrp.com\\\/services\\\/eye\\\/ophthalmology\\\/\"},{\"@type\":\"ListItem\",\"position\":5,\"name\":\"Cataract\",\"item\":\"https:\\\/\\\/premiermedicalgrp.com\\\/services\\\/eye\\\/ophthalmology\\\/cataract-2\\\/\"},{\"@type\":\"ListItem\",\"position\":6,\"name\":\"Laser Cataract Surgery\"}]},{\"@type\":\"WebSite\",\"@id\":\"https:\\\/\\\/pmg2024.wpenginepowered.com\\\/#website\",\"url\":\"https:\\\/\\\/pmg2024.wpenginepowered.com\\\/\",\"name\":\"Premier Medical Group | Eye &amp; ENT Specialists\",\"description\":\"Premier Medical Group | Eye &amp; ENT Specialists\",\"potentialAction\":[{\"@type\":\"SearchAction\",\"target\":{\"@type\":\"EntryPoint\",\"urlTemplate\":\"https:\\\/\\\/pmg2024.wpenginepowered.com\\\/?s={search_term_string}\"},\"query-input\":{\"@type\":\"PropertyValueSpecification\",\"valueRequired\":true,\"valueName\":\"search_term_string\"}}],\"inLanguage\":\"es\"}]}<\/script>\n<!-- \/ Yoast SEO plugin. -->","yoast_head_json":{"title":"Laser Cataract Surgery - Premier Medical Group - Eye, FemtoSecond","description":"What are Cataracts, and how can you treat it? Read and find out what Premier Medical Group's board certified physicians can do about your cloudy vision.","robots":{"index":"index","follow":"follow","max-snippet":"max-snippet:-1","max-image-preview":"max-image-preview:large","max-video-preview":"max-video-preview:-1"},"canonical":"https:\/\/premiermedicalgrp.com\/es\/services\/eye\/ophthalmology\/cataract-2\/laser-cataract-surgery\/","og_locale":"es_MX","og_type":"article","og_title":"Laser Cataract Surgery - Premier Medical Group - Eye, FemtoSecond","og_description":"What are Cataracts, and how can you treat it? Read and find out what Premier Medical Group's board certified physicians can do about your cloudy vision.","og_url":"https:\/\/premiermedicalgrp.com\/es\/services\/eye\/ophthalmology\/cataract-2\/laser-cataract-surgery\/","og_site_name":"Premier Medical Group | Eye &amp; ENT Specialists","article_modified_time":"2019-09-04T16:12:12+00:00","twitter_misc":{"Est. reading time":"2 minutos"},"schema":{"@context":"https:\/\/schema.org","@graph":[{"@type":"WebPage","@id":"https:\/\/premiermedicalgrp.com\/services\/eye\/ophthalmology\/cataract-2\/laser-cataract-surgery\/","url":"https:\/\/premiermedicalgrp.com\/services\/eye\/ophthalmology\/cataract-2\/laser-cataract-surgery\/","name":"Laser Cataract Surgery - Premier Medical Group - Eye, FemtoSecond","isPartOf":{"@id":"https:\/\/pmg2024.wpenginepowered.com\/#website"},"datePublished":"2014-04-29T20:11:33+00:00","dateModified":"2019-09-04T16:12:12+00:00","description":"What are Cataracts, and how can you treat it? Read and find out what Premier Medical Group's board certified physicians can do about your cloudy vision.","breadcrumb":{"@id":"https:\/\/premiermedicalgrp.com\/services\/eye\/ophthalmology\/cataract-2\/laser-cataract-surgery\/#breadcrumb"},"inLanguage":"es","potentialAction":[{"@type":"ReadAction","target":["https:\/\/premiermedicalgrp.com\/services\/eye\/ophthalmology\/cataract-2\/laser-cataract-surgery\/"]}]},{"@type":"BreadcrumbList","@id":"https:\/\/premiermedicalgrp.com\/services\/eye\/ophthalmology\/cataract-2\/laser-cataract-surgery\/#breadcrumb","itemListElement":[{"@type":"ListItem","position":1,"name":"Home","item":"https:\/\/premiermedicalgrp.com\/"},{"@type":"ListItem","position":2,"name":"Our Services","item":"https:\/\/premiermedicalgrp.com\/services\/"},{"@type":"ListItem","position":3,"name":"Eye Services","item":"https:\/\/premiermedicalgrp.com\/services\/eye\/"},{"@type":"ListItem","position":4,"name":"Ophthalmology","item":"https:\/\/premiermedicalgrp.com\/services\/eye\/ophthalmology\/"},{"@type":"ListItem","position":5,"name":"Cataract","item":"https:\/\/premiermedicalgrp.com\/services\/eye\/ophthalmology\/cataract-2\/"},{"@type":"ListItem","position":6,"name":"Laser Cataract Surgery"}]},{"@type":"WebSite","@id":"https:\/\/pmg2024.wpenginepowered.com\/#website","url":"https:\/\/pmg2024.wpenginepowered.com\/","name":"Premier Medical Group | Especialistas en otorrinolaringolog\u00eda y oftalmolog\u00eda","description":"Premier Medical Group | Especialistas en otorrinolaringolog\u00eda y oftalmolog\u00eda","potentialAction":[{"@type":"SearchAction","target":{"@type":"EntryPoint","urlTemplate":"https:\/\/pmg2024.wpenginepowered.com\/?s={search_term_string}"},"query-input":{"@type":"PropertyValueSpecification","valueRequired":true,"valueName":"search_term_string"}}],"inLanguage":"es"}]}},"_links":{"self":[{"href":"https:\/\/premiermedicalgrp.com\/es\/wp-json\/wp\/v2\/pages\/1279","targetHints":{"allow":["GET"]}}],"collection":[{"href":"https:\/\/premiermedicalgrp.com\/es\/wp-json\/wp\/v2\/pages"}],"about":[{"href":"https:\/\/premiermedicalgrp.com\/es\/wp-json\/wp\/v2\/types\/page"}],"author":[{"embeddable":true,"href":"https:\/\/premiermedicalgrp.com\/es\/wp-json\/wp\/v2\/users\/1"}],"replies":[{"embeddable":true,"href":"https:\/\/premiermedicalgrp.com\/es\/wp-json\/wp\/v2\/comments?post=1279"}],"version-history":[{"count":0,"href":"https:\/\/premiermedicalgrp.com\/es\/wp-json\/wp\/v2\/pages\/1279\/revisions"}],"up":[{"embeddable":true,"href":"https:\/\/premiermedicalgrp.com\/es\/wp-json\/wp\/v2\/pages\/1731"}],"wp:attachment":[{"href":"https:\/\/premiermedicalgrp.com\/es\/wp-json\/wp\/v2\/media?parent=1279"}],"curies":[{"name":"wp","href":"https:\/\/api.w.org\/{rel}","templated":true}]}}