{"id":1379,"date":"2014-05-09T11:53:26","date_gmt":"2014-05-09T16:53:26","guid":{"rendered":"http:\/\/pmg2024.wpenginepowered.com\/?page_id=1379"},"modified":"2020-08-31T09:49:00","modified_gmt":"2020-08-31T14:49:00","slug":"lacrimal-orbital-surgery","status":"publish","type":"page","link":"https:\/\/premiermedicalgrp.com\/es\/services\/eye\/ophthalmology\/occulo-plastics\/lacrimal-orbital-surgery\/","title":{"rendered":"Cirug\u00eda de lagrimales y \u00f3rbita"},"content":{"rendered":"<p>&nbsp;<\/p>\n<div class=\"rgg-container\" data-rgg-id=\"1\">    <div class=\"rgg-imagegrid captions-title captions-effect-none\" data-rgg-id=\"1\">\n                    <a href=\"https:\/\/premiermedicalgrp.com\/wp-content\/uploads\/2013\/12\/PRM-2020-Charles-F-Jones.jpg\" data-rel=\"rgg\" rel=\"rgg\" title=\"Dr. Charles F. Jones\" class=\"rgg-disabled size-medium rgg-img\" data-src=\"https:\/\/premiermedicalgrp.com\/wp-content\/uploads\/2013\/12\/PRM-2020-Charles-F-Jones-214x300.jpg\" data-ratio=\"0.713333333333\" data-height=\"300\" data-width=\"214\" aria-label=\"Retrato del doctor Charles F. Jones\">\n                            <\/a>\n                    <a href=\"https:\/\/premiermedicalgrp.com\/wp-content\/uploads\/2013\/12\/PRM-2020-Charles-S-Mosteller.jpg\" data-rel=\"rgg\" rel=\"rgg\" title=\"Dr. Charles S. Mosteller\" class=\"rgg-disabled size-medium rgg-img\" data-src=\"https:\/\/premiermedicalgrp.com\/wp-content\/uploads\/2013\/12\/PRM-2020-Charles-S-Mosteller-214x300.jpg\" data-ratio=\"0.713333333333\" data-height=\"300\" data-width=\"214\" aria-label=\"Retrato del Dr. Charles S. Mosteller\">\n                            <\/a>\n                    <a href=\"https:\/\/premiermedicalgrp.com\/wp-content\/uploads\/2013\/12\/PRM-2020-Valerie-L-Vick.jpg\" data-rel=\"rgg\" rel=\"rgg\" title=\"Dra. Valerie L. Vick, FACS\" class=\"rgg-disabled size-medium rgg-img\" data-src=\"https:\/\/premiermedicalgrp.com\/wp-content\/uploads\/2013\/12\/PRM-2020-Valerie-L-Vick-214x300.jpg\" data-ratio=\"0.713333333333\" data-height=\"300\" data-width=\"214\" aria-label=\"Valerie L. Vick, MD, FACS, retrato\">\n                            <\/a>\n            <\/div>\n<\/div>\n<p><span style=\"color: #000000;\">Varios de nuestros m\u00e9dicos Premier Medical se especializan en evaluar y tratar enfermedades y anomal\u00edas del p\u00e1rpado, las estructuras alrededor del ojo (conocidas como \u00f3rbita) y el sistema de drenaje lagrimal.<\/span><\/p>\n<p><span style=\"color: #000000;\">Los problemas comunes que requieren cirug\u00eda oculopl\u00e1stica y orbitaria incluyen:<\/span><\/p>\n<p><span style=\"color: #000000;\">\u2022fracturas y lesiones faciales<\/span><br \/>\n<span style=\"color: #000000;\"> \u2022tumores<\/span><br \/>\n<span style=\"color: #000000;\"> \u2022p\u00e1rpados ca\u00eddos<\/span><br \/>\n<span style=\"color: #000000;\"> \u2022 conductos lagrimales bloqueados<\/span><br \/>\n<span style=\"color: #000000;\"> \u2022c\u00e1ncer de piel<\/span><br \/>\n<span style=\"color: #000000;\"> \u2022 deformidades de nacimiento<\/span><br \/>\n<span style=\"color: #000000;\"> \u2022enfermedad ocular tiroidea<\/span><\/p>\n<h3><span style=\"color: #000000;\">\u00a0Las cirug\u00edas comunes incluyen:<\/span><\/h3>\n<ul>\n<li><span style=\"color: #000000;\"><strong>Cirug\u00eda del conducto lagrimal<\/strong> \u2013 La cirug\u00eda del conducto lagrimal, dacriocistorrinostom\u00eda (DCR) o colocaci\u00f3n de tubo de Jones (conducto lagrimal artificial), se realiza para reparar un bloqueo del conducto lagrimal que puede causar lagrimeo excesivo o infecciones recurrentes.<\/span><\/li>\n<li><span style=\"color: #000000;\"><strong>Cirug\u00eda de \u00f3rbita<\/strong> \u2013 Cirug\u00eda dentro de la porci\u00f3n \u00f3sea de la cavidad ocular para reposicionar los huesos o extirpar tumores que puedan aparecer dentro de la cavidad. Un procedimiento llamado descompresi\u00f3n orbitaria corrige la apariencia de los ojos protuberantes que suelen ser causados por la enfermedad de Graves o el hipertiroidismo.<\/span><\/li>\n<\/ul>\n<h4>M\u00e9dicos de oculoplastia<\/h4>\n<ul>\n<li><a href=\"https:\/\/premiermedicalgrp.com\/es\/physicians\/charles-jones-md\/\">Dr. Charles F. Jones<\/a><\/li>\n<li><a href=\"https:\/\/premiermedicalgrp.com\/es\/physicians\/charles-mosteller-md\/\">Dr. Charles S. Mosteller<\/a><\/li>\n<li><a href=\"https:\/\/premiermedicalgrp.com\/es\/physicians\/valerie-vick-md\/\">Dra. Valerie L. Vick<\/a><\/li>\n<\/ul>","protected":false},"excerpt":{"rendered":"<p>&nbsp; Several of our Premier Medical physicians specialize in evaluating and treating diseases and abnormalities of the eyelid, the structures around the eye (known as the orbit), and the tear drainage system, or the lacrimal system. Common problems that require oculoplastic and orbital surgery include: \u2022facial fractures and injuries \u2022tumors \u2022droopy eyelids \u2022blocked tear ducts [&hellip;]<\/p>\n","protected":false},"author":1,"featured_media":0,"parent":175,"menu_order":57,"comment_status":"closed","ping_status":"closed","template":"","meta":{"_acf_changed":false,"footnotes":""},"class_list":["post-1379","page","type-page","status-publish","hentry"],"acf":[],"yoast_head":"<!-- This site is optimized with the Yoast SEO plugin v27.5 - https:\/\/yoast.com\/product\/yoast-seo-wordpress\/ -->\n<title>Lacrimal &amp; Orbital Surgery - Premier Medical Group - Eyelid, Eye<\/title>\n<meta name=\"description\" content=\"Our Premier Medical physicians specialize in evaluating and treating abnormalities of the eyelid, the structures around the eye. Click to learn more.\" \/>\n<meta name=\"robots\" content=\"index, follow, max-snippet:-1, max-image-preview:large, max-video-preview:-1\" \/>\n<link rel=\"canonical\" href=\"https:\/\/premiermedicalgrp.com\/es\/services\/eye\/ophthalmology\/occulo-plastics\/lacrimal-orbital-surgery\/\" \/>\n<meta property=\"og:locale\" content=\"es_MX\" \/>\n<meta property=\"og:type\" content=\"article\" \/>\n<meta property=\"og:title\" content=\"Lacrimal &amp; Orbital Surgery - Premier Medical Group - Eyelid, Eye\" \/>\n<meta property=\"og:description\" content=\"Our Premier Medical physicians specialize in evaluating and treating abnormalities of the eyelid, the structures around the eye. Click to learn more.\" \/>\n<meta property=\"og:url\" content=\"https:\/\/premiermedicalgrp.com\/es\/services\/eye\/ophthalmology\/occulo-plastics\/lacrimal-orbital-surgery\/\" \/>\n<meta property=\"og:site_name\" content=\"Premier Medical Group | Eye &amp; ENT Specialists\" \/>\n<meta property=\"article:modified_time\" content=\"2020-08-31T14:49:00+00:00\" \/>\n<meta property=\"og:image\" content=\"https:\/\/premiermedicalgrp.com\/wp-content\/uploads\/2013\/12\/PRM-2020-Charles-F-Jones-214x300.jpg\" \/>\n<meta name=\"twitter:label1\" content=\"Est. reading time\" \/>\n\t<meta name=\"twitter:data1\" content=\"1 minuto\" \/>\n<script type=\"application\/ld+json\" class=\"yoast-schema-graph\">{\"@context\":\"https:\\\/\\\/schema.org\",\"@graph\":[{\"@type\":\"WebPage\",\"@id\":\"https:\\\/\\\/premiermedicalgrp.com\\\/services\\\/eye\\\/ophthalmology\\\/occulo-plastics\\\/lacrimal-orbital-surgery\\\/\",\"url\":\"https:\\\/\\\/premiermedicalgrp.com\\\/services\\\/eye\\\/ophthalmology\\\/occulo-plastics\\\/lacrimal-orbital-surgery\\\/\",\"name\":\"Lacrimal & Orbital Surgery - Premier Medical Group - Eyelid, Eye\",\"isPartOf\":{\"@id\":\"https:\\\/\\\/pmg2024.wpenginepowered.com\\\/#website\"},\"datePublished\":\"2014-05-09T16:53:26+00:00\",\"dateModified\":\"2020-08-31T14:49:00+00:00\",\"description\":\"Our Premier Medical physicians specialize in evaluating and treating abnormalities of the eyelid, the structures around the eye. Click to learn more.\",\"breadcrumb\":{\"@id\":\"https:\\\/\\\/premiermedicalgrp.com\\\/services\\\/eye\\\/ophthalmology\\\/occulo-plastics\\\/lacrimal-orbital-surgery\\\/#breadcrumb\"},\"inLanguage\":\"es\",\"potentialAction\":[{\"@type\":\"ReadAction\",\"target\":[\"https:\\\/\\\/premiermedicalgrp.com\\\/services\\\/eye\\\/ophthalmology\\\/occulo-plastics\\\/lacrimal-orbital-surgery\\\/\"]}]},{\"@type\":\"BreadcrumbList\",\"@id\":\"https:\\\/\\\/premiermedicalgrp.com\\\/services\\\/eye\\\/ophthalmology\\\/occulo-plastics\\\/lacrimal-orbital-surgery\\\/#breadcrumb\",\"itemListElement\":[{\"@type\":\"ListItem\",\"position\":1,\"name\":\"Home\",\"item\":\"https:\\\/\\\/premiermedicalgrp.com\\\/\"},{\"@type\":\"ListItem\",\"position\":2,\"name\":\"Our Services\",\"item\":\"https:\\\/\\\/premiermedicalgrp.com\\\/services\\\/\"},{\"@type\":\"ListItem\",\"position\":3,\"name\":\"Eye Services\",\"item\":\"https:\\\/\\\/premiermedicalgrp.com\\\/services\\\/eye\\\/\"},{\"@type\":\"ListItem\",\"position\":4,\"name\":\"Ophthalmology\",\"item\":\"https:\\\/\\\/premiermedicalgrp.com\\\/services\\\/eye\\\/ophthalmology\\\/\"},{\"@type\":\"ListItem\",\"position\":5,\"name\":\"Oculoplastics\\\/Eyelid Surgery\",\"item\":\"https:\\\/\\\/premiermedicalgrp.com\\\/services\\\/eye\\\/ophthalmology\\\/occulo-plastics\\\/\"},{\"@type\":\"ListItem\",\"position\":6,\"name\":\"Lacrimal &#038; Orbital Surgery\"}]},{\"@type\":\"WebSite\",\"@id\":\"https:\\\/\\\/pmg2024.wpenginepowered.com\\\/#website\",\"url\":\"https:\\\/\\\/pmg2024.wpenginepowered.com\\\/\",\"name\":\"Premier Medical Group | Eye &amp; ENT Specialists\",\"description\":\"Premier Medical Group | Eye &amp; ENT Specialists\",\"potentialAction\":[{\"@type\":\"SearchAction\",\"target\":{\"@type\":\"EntryPoint\",\"urlTemplate\":\"https:\\\/\\\/pmg2024.wpenginepowered.com\\\/?s={search_term_string}\"},\"query-input\":{\"@type\":\"PropertyValueSpecification\",\"valueRequired\":true,\"valueName\":\"search_term_string\"}}],\"inLanguage\":\"es\"}]}<\/script>\n<!-- \/ Yoast SEO plugin. -->","yoast_head_json":{"title":"Lacrimal & Orbital Surgery - Premier Medical Group - Eyelid, Eye","description":"Nuestros m\u00e9dicos de Premier Medical se especializan en la evaluaci\u00f3n y el tratamiento de anomal\u00edas del p\u00e1rpado, las estructuras que rodean el ojo. Haga clic para obtener m\u00e1s informaci\u00f3n.","robots":{"index":"index","follow":"follow","max-snippet":"max-snippet:-1","max-image-preview":"max-image-preview:large","max-video-preview":"max-video-preview:-1"},"canonical":"https:\/\/premiermedicalgrp.com\/es\/services\/eye\/ophthalmology\/occulo-plastics\/lacrimal-orbital-surgery\/","og_locale":"es_MX","og_type":"article","og_title":"Lacrimal & Orbital Surgery - Premier Medical Group - Eyelid, Eye","og_description":"Our Premier Medical physicians specialize in evaluating and treating abnormalities of the eyelid, the structures around the eye. Click to learn more.","og_url":"https:\/\/premiermedicalgrp.com\/es\/services\/eye\/ophthalmology\/occulo-plastics\/lacrimal-orbital-surgery\/","og_site_name":"Premier Medical Group | Eye &amp; ENT Specialists","article_modified_time":"2020-08-31T14:49:00+00:00","og_image":[{"url":"https:\/\/premiermedicalgrp.com\/wp-content\/uploads\/2013\/12\/PRM-2020-Charles-F-Jones-214x300.jpg","type":"","width":"","height":""}],"twitter_misc":{"Est. reading time":"1 minuto"},"schema":{"@context":"https:\/\/schema.org","@graph":[{"@type":"WebPage","@id":"https:\/\/premiermedicalgrp.com\/services\/eye\/ophthalmology\/occulo-plastics\/lacrimal-orbital-surgery\/","url":"https:\/\/premiermedicalgrp.com\/services\/eye\/ophthalmology\/occulo-plastics\/lacrimal-orbital-surgery\/","name":"Lacrimal & Orbital Surgery - Premier Medical Group - Eyelid, Eye","isPartOf":{"@id":"https:\/\/pmg2024.wpenginepowered.com\/#website"},"datePublished":"2014-05-09T16:53:26+00:00","dateModified":"2020-08-31T14:49:00+00:00","description":"Nuestros m\u00e9dicos de Premier Medical se especializan en la evaluaci\u00f3n y el tratamiento de anomal\u00edas del p\u00e1rpado, las estructuras que rodean el ojo. Haga clic para obtener m\u00e1s informaci\u00f3n.","breadcrumb":{"@id":"https:\/\/premiermedicalgrp.com\/services\/eye\/ophthalmology\/occulo-plastics\/lacrimal-orbital-surgery\/#breadcrumb"},"inLanguage":"es","potentialAction":[{"@type":"ReadAction","target":["https:\/\/premiermedicalgrp.com\/services\/eye\/ophthalmology\/occulo-plastics\/lacrimal-orbital-surgery\/"]}]},{"@type":"BreadcrumbList","@id":"https:\/\/premiermedicalgrp.com\/services\/eye\/ophthalmology\/occulo-plastics\/lacrimal-orbital-surgery\/#breadcrumb","itemListElement":[{"@type":"ListItem","position":1,"name":"Home","item":"https:\/\/premiermedicalgrp.com\/"},{"@type":"ListItem","position":2,"name":"Our Services","item":"https:\/\/premiermedicalgrp.com\/services\/"},{"@type":"ListItem","position":3,"name":"Eye Services","item":"https:\/\/premiermedicalgrp.com\/services\/eye\/"},{"@type":"ListItem","position":4,"name":"Ophthalmology","item":"https:\/\/premiermedicalgrp.com\/services\/eye\/ophthalmology\/"},{"@type":"ListItem","position":5,"name":"Oculoplastics\/Eyelid Surgery","item":"https:\/\/premiermedicalgrp.com\/services\/eye\/ophthalmology\/occulo-plastics\/"},{"@type":"ListItem","position":6,"name":"Lacrimal &#038; Orbital Surgery"}]},{"@type":"WebSite","@id":"https:\/\/pmg2024.wpenginepowered.com\/#website","url":"https:\/\/pmg2024.wpenginepowered.com\/","name":"Premier Medical Group | Especialistas en otorrinolaringolog\u00eda y oftalmolog\u00eda","description":"Premier Medical Group | Especialistas en otorrinolaringolog\u00eda y oftalmolog\u00eda","potentialAction":[{"@type":"SearchAction","target":{"@type":"EntryPoint","urlTemplate":"https:\/\/pmg2024.wpenginepowered.com\/?s={search_term_string}"},"query-input":{"@type":"PropertyValueSpecification","valueRequired":true,"valueName":"search_term_string"}}],"inLanguage":"es"}]}},"_links":{"self":[{"href":"https:\/\/premiermedicalgrp.com\/es\/wp-json\/wp\/v2\/pages\/1379","targetHints":{"allow":["GET"]}}],"collection":[{"href":"https:\/\/premiermedicalgrp.com\/es\/wp-json\/wp\/v2\/pages"}],"about":[{"href":"https:\/\/premiermedicalgrp.com\/es\/wp-json\/wp\/v2\/types\/page"}],"author":[{"embeddable":true,"href":"https:\/\/premiermedicalgrp.com\/es\/wp-json\/wp\/v2\/users\/1"}],"replies":[{"embeddable":true,"href":"https:\/\/premiermedicalgrp.com\/es\/wp-json\/wp\/v2\/comments?post=1379"}],"version-history":[{"count":0,"href":"https:\/\/premiermedicalgrp.com\/es\/wp-json\/wp\/v2\/pages\/1379\/revisions"}],"up":[{"embeddable":true,"href":"https:\/\/premiermedicalgrp.com\/es\/wp-json\/wp\/v2\/pages\/175"}],"wp:attachment":[{"href":"https:\/\/premiermedicalgrp.com\/es\/wp-json\/wp\/v2\/media?parent=1379"}],"curies":[{"name":"wp","href":"https:\/\/api.w.org\/{rel}","templated":true}]}}