{"id":140,"date":"2013-12-30T17:21:26","date_gmt":"2013-12-30T17:21:26","guid":{"rendered":"\/?page_id=140"},"modified":"2014-06-26T10:49:07","modified_gmt":"2014-06-26T15:49:07","slug":"laser-skin-care","status":"publish","type":"page","link":"https:\/\/premiermedicalgrp.com\/es\/services\/facial-plastics\/laser-skin-care\/","title":{"rendered":"Tratamientos con l\u00e1ser"},"content":{"rendered":"<p><span style=\"color: #000000;\">Ya sea que le preocupe el vello, las manchas marrones o las venas de las piernas, el l\u00e1ser puede ser la respuesta para usted. Ofrecemos la tecnolog\u00eda m\u00e1s nueva con la <span style=\"color: #0000ff;\"><a href=\"http:\/\/www.sciton.com\/products\/joule.html\" target=\"_blank\"><span style=\"color: #0000ff;\">Sciton Joule BBL\u2122<\/span><\/a><\/span> (terapia de luz inigualable para una multitud de condiciones est\u00e9ticas y vasculares) y<span style=\"color: #0000ff;\"><a href=\"http:\/\/www.sciton.com\/products\/clearscan-yag\" target=\"_blank\"><span style=\"color: #0000ff;\"> ClearScan YAG\u2122<\/span><\/a><\/span> (soluci\u00f3n altamente segura y efectiva para la reducci\u00f3n del vello y el tratamiento de pr\u00e1cticamente todas las lesiones vasculares).<\/span><\/p>\n<h3><span style=\"color: #000000;\">Depilaci\u00f3n<\/span><\/h3>\n<p><span style=\"color: #000000;\">La energ\u00eda del l\u00e1ser o de la luz es absorbida selectivamente por la melanina de los fol\u00edculos pilosos y convertida en calor, difundi\u00e9ndose hacia las c\u00e9lulas madre del bulbo y la protuberancia y da\u00f1\u00e1ndolas. La reducci\u00f3n eficaz del vello solo se puede lograr durante la fase de crecimiento activo y la reducci\u00f3n del vello se considera permanente cuando una cantidad significativa de vello no vuelve a crecer durante un per\u00edodo de tiempo mayor que el ciclo de crecimiento completo. Despu\u00e9s de una serie de tratamientos, la mayor parte del vello se elimina de forma permanente. Sin embargo, si el vello vuelve a crecer, ser\u00e1 m\u00e1s fino y claro que antes.<\/span><\/p>\n<h3><span style=\"color: #000000;\">Rejuvenecimiento de la piel\/Manchas marrones\/Fototerapia<\/span><\/h3>\n<p><span style=\"color: #000000;\"><span style=\"color: #0000ff;\"><a href=\"http:\/\/www.sciton.com\/products\/bbl.html\" target=\"_blank\"><span style=\"color: #0000ff;\">Banda ancha BBL<\/span><\/a><\/span> La tecnolog\u00eda de luz utiliza el poder de la luz pulsada para ofrecer excelentes resultados de fototerapia. Al seleccionar la longitud de onda o el filtro adecuados, <a href=\"http:\/\/www.valerievick.com\/\" target=\"_blank\"><span style=\"color: #000000;\">Doctora Vick<\/span><\/a> El personal puede tratar una amplia gama de afecciones de la piel causadas por el envejecimiento de la piel y la exposici\u00f3n al sol. La energ\u00eda de la luz emitida por el BBL calienta suavemente las capas superiores de la piel. El calor absorbido por las \u00e1reas objetivo coagula el tejido a una profundidad variable. Este proceso ayuda a restaurar la piel a su estado natural. Adem\u00e1s, la energ\u00eda fotot\u00e9rmica se dirige y elimina muchos de los vasos finos que causan enrojecimiento y la melanina no deseada responsable de las lesiones pigmentadas.<\/span><\/p>\n<h3><span style=\"color: #000000;\">Vasos faciales\/venas de las piernas<\/span><\/h3>\n<p><span style=\"color: #000000;\">La energ\u00eda del l\u00e1ser o de la luz es absorbida selectivamente por la oxihemoglobina, lo que provoca el calentamiento de los vasos sangu\u00edneos. Con las longitudes de onda y la fluencia correctas de nuestro <span style=\"color: #0000ff;\"><a href=\"http:\/\/www.sciton.com\/products\/clearscan-yag\" target=\"_blank\"><span style=\"color: #0000ff;\">Sciton ClearScan Yag<\/span><\/a>,<\/span> La lesi\u00f3n vascular se calentar\u00e1 a m\u00e1s de 70 \u00b0C. A esa temperatura, los vasos sangu\u00edneos se romper\u00e1n y se encoger\u00e1n, lo que conduce a una reducci\u00f3n de la lesi\u00f3n vascular.<\/span><\/p>\n<h3><span style=\"color: #000000;\">Luz azul del acn\u00e9<\/span><\/h3>\n<p><span style=\"color: #000000;\">El <span style=\"color: #0000ff;\"><a href=\"http:\/\/www.sciton.com\/products\/bbl.html\" target=\"_blank\"><span style=\"color: #0000ff;\">BBL de Sciton<\/span><\/a><\/span> El tratamiento con luz pulsada destruye el acn\u00e9 calentando las gl\u00e1ndulas seb\u00e1ceas que se encuentran en la dermis (las capas superiores) de la piel, lo que reduce la producci\u00f3n de grasa, lo que a su vez reduce el acn\u00e9 activo. Esto se lleva a cabo en el transcurso de tratamientos repetidos en un per\u00edodo de 2 a 4 semanas. Este tratamiento BBL es un pulso controlado que se administra de manera uniforme a alta velocidad con enfriamiento por contacto integrado; el resultado de controlar la temperatura de la superficie de la piel es la m\u00e1xima comodidad del paciente.<\/span><\/p>\n<p><span style=\"color: #000000;\">\u00a0<\/span><\/p>\n<h3>M\u00e9dico especialista en cuidado de la piel con l\u00e1ser<\/h3>\n<ul>\n<li><a href=\"https:\/\/premiermedicalgrp.com\/es\/physicians\/valerie-vick-md\/\">Dra. Valerie L. Vick<\/a><\/li>\n<\/ul>","protected":false},"excerpt":{"rendered":"<p>Whether its hair, brown spots, or leg veins concerning you, laser may be the answer for you. We offer the newest technology with the Sciton Joule BBL\u2122 (unmatched light therapy for a multitude of aesthetic and vascular conditions) and ClearScan YAG\u2122 (highly safe and effective solution for hair reduction and treating virtually all vascular lesions). [&hellip;]<\/p>\n","protected":false},"author":1,"featured_media":0,"parent":165,"menu_order":101,"comment_status":"closed","ping_status":"closed","template":"","meta":{"_acf_changed":false,"footnotes":""},"class_list":["post-140","page","type-page","status-publish","hentry"],"acf":[],"yoast_head":"<!-- This site is optimized with the Yoast SEO plugin v27.3 - https:\/\/yoast.com\/product\/yoast-seo-wordpress\/ -->\n<title>Laser Treatments - Premier Medical Group - Hair, Veins, Treatment<\/title>\n<meta name=\"description\" content=\"Hair, brown spots, or leg veins, can be treated with a laser procedure at Premier Medical Group. Find out which doctor and procedure is right for you.\" \/>\n<meta name=\"robots\" content=\"index, follow, max-snippet:-1, max-image-preview:large, max-video-preview:-1\" \/>\n<link rel=\"canonical\" href=\"https:\/\/premiermedicalgrp.com\/es\/services\/facial-plastics\/laser-skin-care\/\" \/>\n<meta property=\"og:locale\" content=\"es_MX\" \/>\n<meta property=\"og:type\" content=\"article\" \/>\n<meta property=\"og:title\" content=\"Laser Treatments - Premier Medical Group - Hair, Veins, Treatment\" \/>\n<meta property=\"og:description\" content=\"Hair, brown spots, or leg veins, can be treated with a laser procedure at Premier Medical Group. Find out which doctor and procedure is right for you.\" \/>\n<meta property=\"og:url\" content=\"https:\/\/premiermedicalgrp.com\/es\/services\/facial-plastics\/laser-skin-care\/\" \/>\n<meta property=\"og:site_name\" content=\"Premier Medical Group | Eye &amp; ENT Specialists\" \/>\n<meta property=\"article:modified_time\" content=\"2014-06-26T15:49:07+00:00\" \/>\n<meta name=\"twitter:label1\" content=\"Est. reading time\" \/>\n\t<meta name=\"twitter:data1\" content=\"2 minutos\" \/>\n<script type=\"application\/ld+json\" class=\"yoast-schema-graph\">{\"@context\":\"https:\\\/\\\/schema.org\",\"@graph\":[{\"@type\":\"WebPage\",\"@id\":\"https:\\\/\\\/premiermedicalgrp.com\\\/services\\\/facial-plastics\\\/laser-skin-care\\\/\",\"url\":\"https:\\\/\\\/premiermedicalgrp.com\\\/services\\\/facial-plastics\\\/laser-skin-care\\\/\",\"name\":\"Laser Treatments - Premier Medical Group - Hair, Veins, Treatment\",\"isPartOf\":{\"@id\":\"https:\\\/\\\/pmg2024.wpenginepowered.com\\\/#website\"},\"datePublished\":\"2013-12-30T17:21:26+00:00\",\"dateModified\":\"2014-06-26T15:49:07+00:00\",\"description\":\"Hair, brown spots, or leg veins, can be treated with a laser procedure at Premier Medical Group. Find out which doctor and procedure is right for you.\",\"breadcrumb\":{\"@id\":\"https:\\\/\\\/premiermedicalgrp.com\\\/services\\\/facial-plastics\\\/laser-skin-care\\\/#breadcrumb\"},\"inLanguage\":\"es\",\"potentialAction\":[{\"@type\":\"ReadAction\",\"target\":[\"https:\\\/\\\/premiermedicalgrp.com\\\/services\\\/facial-plastics\\\/laser-skin-care\\\/\"]}]},{\"@type\":\"BreadcrumbList\",\"@id\":\"https:\\\/\\\/premiermedicalgrp.com\\\/services\\\/facial-plastics\\\/laser-skin-care\\\/#breadcrumb\",\"itemListElement\":[{\"@type\":\"ListItem\",\"position\":1,\"name\":\"Home\",\"item\":\"https:\\\/\\\/premiermedicalgrp.com\\\/\"},{\"@type\":\"ListItem\",\"position\":2,\"name\":\"Our Services\",\"item\":\"https:\\\/\\\/premiermedicalgrp.com\\\/services\\\/\"},{\"@type\":\"ListItem\",\"position\":3,\"name\":\"Eye &#038; Face Aesthetic Center\",\"item\":\"https:\\\/\\\/premiermedicalgrp.com\\\/services\\\/facial-plastics\\\/\"},{\"@type\":\"ListItem\",\"position\":4,\"name\":\"Laser Treatments\"}]},{\"@type\":\"WebSite\",\"@id\":\"https:\\\/\\\/pmg2024.wpenginepowered.com\\\/#website\",\"url\":\"https:\\\/\\\/pmg2024.wpenginepowered.com\\\/\",\"name\":\"Premier Medical Group | Eye &amp; ENT Specialists\",\"description\":\"Premier Medical Group | Eye &amp; ENT Specialists\",\"potentialAction\":[{\"@type\":\"SearchAction\",\"target\":{\"@type\":\"EntryPoint\",\"urlTemplate\":\"https:\\\/\\\/pmg2024.wpenginepowered.com\\\/?s={search_term_string}\"},\"query-input\":{\"@type\":\"PropertyValueSpecification\",\"valueRequired\":true,\"valueName\":\"search_term_string\"}}],\"inLanguage\":\"es\"}]}<\/script>\n<!-- \/ Yoast SEO plugin. -->","yoast_head_json":{"title":"Laser Treatments - Premier Medical Group - Hair, Veins, Treatment","description":"Hair, brown spots, or leg veins, can be treated with a laser procedure at Premier Medical Group. Find out which doctor and procedure is right for you.","robots":{"index":"index","follow":"follow","max-snippet":"max-snippet:-1","max-image-preview":"max-image-preview:large","max-video-preview":"max-video-preview:-1"},"canonical":"https:\/\/premiermedicalgrp.com\/es\/services\/facial-plastics\/laser-skin-care\/","og_locale":"es_MX","og_type":"article","og_title":"Laser Treatments - Premier Medical Group - Hair, Veins, Treatment","og_description":"Hair, brown spots, or leg veins, can be treated with a laser procedure at Premier Medical Group. Find out which doctor and procedure is right for you.","og_url":"https:\/\/premiermedicalgrp.com\/es\/services\/facial-plastics\/laser-skin-care\/","og_site_name":"Premier Medical Group | Eye &amp; ENT Specialists","article_modified_time":"2014-06-26T15:49:07+00:00","twitter_misc":{"Est. reading time":"2 minutos"},"schema":{"@context":"https:\/\/schema.org","@graph":[{"@type":"WebPage","@id":"https:\/\/premiermedicalgrp.com\/services\/facial-plastics\/laser-skin-care\/","url":"https:\/\/premiermedicalgrp.com\/services\/facial-plastics\/laser-skin-care\/","name":"Laser Treatments - Premier Medical Group - Hair, Veins, Treatment","isPartOf":{"@id":"https:\/\/pmg2024.wpenginepowered.com\/#website"},"datePublished":"2013-12-30T17:21:26+00:00","dateModified":"2014-06-26T15:49:07+00:00","description":"Hair, brown spots, or leg veins, can be treated with a laser procedure at Premier Medical Group. Find out which doctor and procedure is right for you.","breadcrumb":{"@id":"https:\/\/premiermedicalgrp.com\/services\/facial-plastics\/laser-skin-care\/#breadcrumb"},"inLanguage":"es","potentialAction":[{"@type":"ReadAction","target":["https:\/\/premiermedicalgrp.com\/services\/facial-plastics\/laser-skin-care\/"]}]},{"@type":"BreadcrumbList","@id":"https:\/\/premiermedicalgrp.com\/services\/facial-plastics\/laser-skin-care\/#breadcrumb","itemListElement":[{"@type":"ListItem","position":1,"name":"Home","item":"https:\/\/premiermedicalgrp.com\/"},{"@type":"ListItem","position":2,"name":"Our Services","item":"https:\/\/premiermedicalgrp.com\/services\/"},{"@type":"ListItem","position":3,"name":"Eye &#038; Face Aesthetic Center","item":"https:\/\/premiermedicalgrp.com\/services\/facial-plastics\/"},{"@type":"ListItem","position":4,"name":"Laser Treatments"}]},{"@type":"WebSite","@id":"https:\/\/pmg2024.wpenginepowered.com\/#website","url":"https:\/\/pmg2024.wpenginepowered.com\/","name":"Premier Medical Group | Especialistas en otorrinolaringolog\u00eda y oftalmolog\u00eda","description":"Premier Medical Group | Especialistas en otorrinolaringolog\u00eda y oftalmolog\u00eda","potentialAction":[{"@type":"SearchAction","target":{"@type":"EntryPoint","urlTemplate":"https:\/\/pmg2024.wpenginepowered.com\/?s={search_term_string}"},"query-input":{"@type":"PropertyValueSpecification","valueRequired":true,"valueName":"search_term_string"}}],"inLanguage":"es"}]}},"_links":{"self":[{"href":"https:\/\/premiermedicalgrp.com\/es\/wp-json\/wp\/v2\/pages\/140","targetHints":{"allow":["GET"]}}],"collection":[{"href":"https:\/\/premiermedicalgrp.com\/es\/wp-json\/wp\/v2\/pages"}],"about":[{"href":"https:\/\/premiermedicalgrp.com\/es\/wp-json\/wp\/v2\/types\/page"}],"author":[{"embeddable":true,"href":"https:\/\/premiermedicalgrp.com\/es\/wp-json\/wp\/v2\/users\/1"}],"replies":[{"embeddable":true,"href":"https:\/\/premiermedicalgrp.com\/es\/wp-json\/wp\/v2\/comments?post=140"}],"version-history":[{"count":0,"href":"https:\/\/premiermedicalgrp.com\/es\/wp-json\/wp\/v2\/pages\/140\/revisions"}],"up":[{"embeddable":true,"href":"https:\/\/premiermedicalgrp.com\/es\/wp-json\/wp\/v2\/pages\/165"}],"wp:attachment":[{"href":"https:\/\/premiermedicalgrp.com\/es\/wp-json\/wp\/v2\/media?parent=140"}],"curies":[{"name":"wp","href":"https:\/\/api.w.org\/{rel}","templated":true}]}}