{"id":1445,"date":"2014-05-15T14:53:29","date_gmt":"2014-05-15T19:53:29","guid":{"rendered":"http:\/\/pmg2024.wpenginepowered.com\/?page_id=1445"},"modified":"2021-02-12T17:00:16","modified_gmt":"2021-02-12T23:00:16","slug":"cosmetic-injections-dermal-fillers","status":"publish","type":"page","link":"https:\/\/premiermedicalgrp.com\/es\/services\/facial-plastics\/cosmetic-injections-dermal-fillers\/","title":{"rendered":"Inyecciones cosm\u00e9ticas y rellenos d\u00e9rmicos"},"content":{"rendered":"<h3><a href=\"http:\/\/www.botoxcosmetic.com\/\" target=\"_blank\" rel=\"noopener noreferrer\">Botox<\/a><\/h3>\n<p><span style=\"color: #000000;\">BOTOX\u00ae Cosmetic es el principal procedimiento cosm\u00e9tico no quir\u00fargico en los Estados Unidos. Es una inyecci\u00f3n que se utiliza para reducir o eliminar temporalmente las l\u00edneas de expresi\u00f3n, los pliegues de la frente y las patas de gallo cerca de los ojos.<\/span><\/p>\n<p><span style=\"color: #000000;\">El BOTOX\u00ae, aprobado por la FDA, trata de forma segura y eficaz las arrugas causadas por la contracci\u00f3n muscular. Esto reduce su actividad y da como resultado una apariencia m\u00e1s suave y fresca.<\/span><\/p>\n<p><span style=\"color: #000000;\">Un tratamiento suele durar menos de 15 minutos. La cantidad de inyecciones necesarias depende del tipo de arrugas tratadas. Los resultados suelen verse en cuesti\u00f3n de d\u00edas y duran entre 3 y 4 meses.<\/span><\/p>\n<p><span style=\"color: #000000;\">Hable con su profesional m\u00e9dico Premier para decidir si BOTOX\u00ae es adecuado para usted.<\/span><\/p>\n<p>&nbsp;<\/p>\n<h3>Rellenos<\/h3>\n<p><span style=\"color: #000000;\">Los rellenos d\u00e9rmicos se inyectan debajo de la piel y act\u00faan para recuperar la elasticidad y dar volumen a la piel fl\u00e1cida. Pueden mejorar los labios finos y los contornos poco profundos, suavizar los pliegues faciales, eliminar las arrugas y mejorar la apariencia de las cicatrices hundidas. El resultado es una apariencia m\u00e1s juvenil sin cirug\u00eda invasiva y con poco tiempo de recuperaci\u00f3n.<\/span><\/p>\n<p><span style=\"color: #000000;\">Los profesionales de Premier Medical utilizan los siguientes rellenos aprobados por la FDA:<\/span><\/p>\n<p><strong><em><a href=\"http:\/\/www.juvederm.com\/Views\/\" target=\"_blank\" rel=\"noopener noreferrer\">Juv\u00e9derm\u00ae<\/a> y <a href=\"http:\/\/www.restylaneusa.com\/\" target=\"_blank\" rel=\"noopener noreferrer\">Restylane\u00ae<\/a> <span style=\"color: #000000;\">\u2014<\/span><\/em><\/strong><span style=\"color: #000000;\">\u00a0<span style=\"line-height: 1.5em;\">Juvaderm\u00ae y Restylane\u00ae son rellenos de \u00e1cido hialur\u00f3nico que act\u00faan como un coj\u00edn inflado para sostener las estructuras y los tejidos faciales que pueden haber perdido volumen o elasticidad debido al envejecimiento normal. Tambi\u00e9n aportan agua a la superficie de la piel para mantenerla fresca y flexible.<\/span><\/span><\/p>\n<p><strong><em><a href=\"http:\/\/www.sculptraaesthetic.com\/\" target=\"_blank\" rel=\"noopener noreferrer\">Sculptra\u00ae<\/a> <span style=\"color: #000000;\">est\u00e9tico -<\/span><\/em><\/strong><span style=\"color: #000000;\">\u00a0<span style=\"line-height: 1.5em;\">Sculptra\u00ae aesthetic es un relleno d\u00e9rmico de \u00e1cido polil\u00e1ctico sint\u00e9tico que estimula la producci\u00f3n de col\u00e1geno del propio cuerpo, con resultados que aparecen gradualmente durante un per\u00edodo de unos pocos meses.<\/span><\/span><\/p>\n<p><strong><em><a href=\"http:\/\/www.radiesse.com\/\" target=\"_blank\" rel=\"noopener noreferrer\">Radiesse\u00ae<\/a> <span style=\"color: #000000;\">\u2014\u00a0<\/span><\/em><\/strong><span style=\"color: #000000;\">Radiesse\u00ae o hidroxiapatita de calcio se utiliza para rellenar arrugas moderadas a severas, como l\u00edneas de expresi\u00f3n, l\u00edneas de marioneta y l\u00edneas de expresi\u00f3n, y para mejorar el volumen de las mejillas y otros contornos faciales.<\/span><\/p>\n<p><a href=\"http:\/\/www.belotero.com\/\" target=\"_blank\" rel=\"noopener noreferrer\"><strong>Saldo Belotero<\/strong><strong><em>\u00ae<\/em><\/strong><\/a><span style=\"color: #000000;\"><em> \u2013<\/em> Saldo Belotero<strong>\u00ae<\/strong> El relleno es un relleno inyectable que est\u00e1 especialmente dise\u00f1ado para integrarse en la piel y amoldarse a los contornos faciales particulares. Una vez inyectado, suaviza instant\u00e1neamente las l\u00edneas y arrugas alrededor de la nariz y la boca para lograr resultados suaves y naturales en el rostro.<\/span><\/p>\n<p><span style=\"color: #000000;\">Su profesional m\u00e9dico Premier puede aconsejarle sobre el tratamiento adecuado que producir\u00e1 el mejor resultado para usted.<\/span><\/p>\n<h3>Doctor realizando:<\/h3>\n<ul>\n<li><a href=\"https:\/\/premiermedicalgrp.com\/es\/physicians\/valerie-vick-md\/\">Dra. Valerie L. Vick<\/a><\/li>\n<\/ul>","protected":false},"excerpt":{"rendered":"<p>Botox BOTOX\u00ae Cosmetic is the leading non-surgical cosmetic procedure in the United States. It is an injection that is used to temporarily reduce or eliminate frown lines, forehead creases, and crow\u2019s feet near the eyes. FDA-approved BOTOX@, safely and successfully treats wrinkles caused by muscle contraction.\u00a0 This reduces their activity and results in a smoother, [&hellip;]<\/p>\n","protected":false},"author":1,"featured_media":0,"parent":165,"menu_order":100,"comment_status":"closed","ping_status":"closed","template":"","meta":{"_acf_changed":false,"footnotes":""},"class_list":["post-1445","page","type-page","status-publish","hentry"],"acf":[],"yoast_head":"<!-- This site is optimized with the Yoast SEO plugin v27.3 - https:\/\/yoast.com\/product\/yoast-seo-wordpress\/ -->\n<title>Cosmetic Injections and Dermal Fillers - Premier Medical Group - Botox<\/title>\n<meta name=\"description\" content=\"Click and more about Cosmetic injections, the leading non-surgical cosmetic procedure in the US. Speak with a premier medical professional to find out more.\" \/>\n<meta name=\"robots\" content=\"index, follow, max-snippet:-1, max-image-preview:large, max-video-preview:-1\" \/>\n<link rel=\"canonical\" href=\"https:\/\/premiermedicalgrp.com\/es\/services\/facial-plastics\/cosmetic-injections-dermal-fillers\/\" \/>\n<meta property=\"og:locale\" content=\"es_MX\" \/>\n<meta property=\"og:type\" content=\"article\" \/>\n<meta property=\"og:title\" content=\"Cosmetic Injections and Dermal Fillers - Premier Medical Group - Botox\" \/>\n<meta property=\"og:description\" content=\"Click and more about Cosmetic injections, the leading non-surgical cosmetic procedure in the US. Speak with a premier medical professional to find out more.\" \/>\n<meta property=\"og:url\" content=\"https:\/\/premiermedicalgrp.com\/es\/services\/facial-plastics\/cosmetic-injections-dermal-fillers\/\" \/>\n<meta property=\"og:site_name\" content=\"Premier Medical Group | Eye &amp; ENT Specialists\" \/>\n<meta property=\"article:modified_time\" content=\"2021-02-12T23:00:16+00:00\" \/>\n<meta name=\"twitter:label1\" content=\"Est. reading time\" \/>\n\t<meta name=\"twitter:data1\" content=\"2 minutos\" \/>\n<script type=\"application\/ld+json\" class=\"yoast-schema-graph\">{\"@context\":\"https:\\\/\\\/schema.org\",\"@graph\":[{\"@type\":\"WebPage\",\"@id\":\"https:\\\/\\\/premiermedicalgrp.com\\\/services\\\/facial-plastics\\\/cosmetic-injections-dermal-fillers\\\/\",\"url\":\"https:\\\/\\\/premiermedicalgrp.com\\\/services\\\/facial-plastics\\\/cosmetic-injections-dermal-fillers\\\/\",\"name\":\"Cosmetic Injections and Dermal Fillers - Premier Medical Group - Botox\",\"isPartOf\":{\"@id\":\"https:\\\/\\\/pmg2024.wpenginepowered.com\\\/#website\"},\"datePublished\":\"2014-05-15T19:53:29+00:00\",\"dateModified\":\"2021-02-12T23:00:16+00:00\",\"description\":\"Click and more about Cosmetic injections, the leading non-surgical cosmetic procedure in the US. Speak with a premier medical professional to find out more.\",\"breadcrumb\":{\"@id\":\"https:\\\/\\\/premiermedicalgrp.com\\\/services\\\/facial-plastics\\\/cosmetic-injections-dermal-fillers\\\/#breadcrumb\"},\"inLanguage\":\"es\",\"potentialAction\":[{\"@type\":\"ReadAction\",\"target\":[\"https:\\\/\\\/premiermedicalgrp.com\\\/services\\\/facial-plastics\\\/cosmetic-injections-dermal-fillers\\\/\"]}]},{\"@type\":\"BreadcrumbList\",\"@id\":\"https:\\\/\\\/premiermedicalgrp.com\\\/services\\\/facial-plastics\\\/cosmetic-injections-dermal-fillers\\\/#breadcrumb\",\"itemListElement\":[{\"@type\":\"ListItem\",\"position\":1,\"name\":\"Home\",\"item\":\"https:\\\/\\\/premiermedicalgrp.com\\\/\"},{\"@type\":\"ListItem\",\"position\":2,\"name\":\"Our Services\",\"item\":\"https:\\\/\\\/premiermedicalgrp.com\\\/services\\\/\"},{\"@type\":\"ListItem\",\"position\":3,\"name\":\"Eye &#038; Face Aesthetic Center\",\"item\":\"https:\\\/\\\/premiermedicalgrp.com\\\/services\\\/facial-plastics\\\/\"},{\"@type\":\"ListItem\",\"position\":4,\"name\":\"Cosmetic Injections and Dermal Fillers\"}]},{\"@type\":\"WebSite\",\"@id\":\"https:\\\/\\\/pmg2024.wpenginepowered.com\\\/#website\",\"url\":\"https:\\\/\\\/pmg2024.wpenginepowered.com\\\/\",\"name\":\"Premier Medical Group | Eye &amp; ENT Specialists\",\"description\":\"Premier Medical Group | Eye &amp; ENT Specialists\",\"potentialAction\":[{\"@type\":\"SearchAction\",\"target\":{\"@type\":\"EntryPoint\",\"urlTemplate\":\"https:\\\/\\\/pmg2024.wpenginepowered.com\\\/?s={search_term_string}\"},\"query-input\":{\"@type\":\"PropertyValueSpecification\",\"valueRequired\":true,\"valueName\":\"search_term_string\"}}],\"inLanguage\":\"es\"}]}<\/script>\n<!-- \/ Yoast SEO plugin. -->","yoast_head_json":{"title":"Cosmetic Injections and Dermal Fillers - Premier Medical Group - Botox","description":"Click and more about Cosmetic injections, the leading non-surgical cosmetic procedure in the US. Speak with a premier medical professional to find out more.","robots":{"index":"index","follow":"follow","max-snippet":"max-snippet:-1","max-image-preview":"max-image-preview:large","max-video-preview":"max-video-preview:-1"},"canonical":"https:\/\/premiermedicalgrp.com\/es\/services\/facial-plastics\/cosmetic-injections-dermal-fillers\/","og_locale":"es_MX","og_type":"article","og_title":"Cosmetic Injections and Dermal Fillers - Premier Medical Group - Botox","og_description":"Click and more about Cosmetic injections, the leading non-surgical cosmetic procedure in the US. Speak with a premier medical professional to find out more.","og_url":"https:\/\/premiermedicalgrp.com\/es\/services\/facial-plastics\/cosmetic-injections-dermal-fillers\/","og_site_name":"Premier Medical Group | Eye &amp; ENT Specialists","article_modified_time":"2021-02-12T23:00:16+00:00","twitter_misc":{"Est. reading time":"2 minutos"},"schema":{"@context":"https:\/\/schema.org","@graph":[{"@type":"WebPage","@id":"https:\/\/premiermedicalgrp.com\/services\/facial-plastics\/cosmetic-injections-dermal-fillers\/","url":"https:\/\/premiermedicalgrp.com\/services\/facial-plastics\/cosmetic-injections-dermal-fillers\/","name":"Cosmetic Injections and Dermal Fillers - Premier Medical Group - Botox","isPartOf":{"@id":"https:\/\/pmg2024.wpenginepowered.com\/#website"},"datePublished":"2014-05-15T19:53:29+00:00","dateModified":"2021-02-12T23:00:16+00:00","description":"Click and more about Cosmetic injections, the leading non-surgical cosmetic procedure in the US. Speak with a premier medical professional to find out more.","breadcrumb":{"@id":"https:\/\/premiermedicalgrp.com\/services\/facial-plastics\/cosmetic-injections-dermal-fillers\/#breadcrumb"},"inLanguage":"es","potentialAction":[{"@type":"ReadAction","target":["https:\/\/premiermedicalgrp.com\/services\/facial-plastics\/cosmetic-injections-dermal-fillers\/"]}]},{"@type":"BreadcrumbList","@id":"https:\/\/premiermedicalgrp.com\/services\/facial-plastics\/cosmetic-injections-dermal-fillers\/#breadcrumb","itemListElement":[{"@type":"ListItem","position":1,"name":"Home","item":"https:\/\/premiermedicalgrp.com\/"},{"@type":"ListItem","position":2,"name":"Our Services","item":"https:\/\/premiermedicalgrp.com\/services\/"},{"@type":"ListItem","position":3,"name":"Eye &#038; Face Aesthetic Center","item":"https:\/\/premiermedicalgrp.com\/services\/facial-plastics\/"},{"@type":"ListItem","position":4,"name":"Cosmetic Injections and Dermal Fillers"}]},{"@type":"WebSite","@id":"https:\/\/pmg2024.wpenginepowered.com\/#website","url":"https:\/\/pmg2024.wpenginepowered.com\/","name":"Premier Medical Group | Especialistas en otorrinolaringolog\u00eda y oftalmolog\u00eda","description":"Premier Medical Group | Especialistas en otorrinolaringolog\u00eda y oftalmolog\u00eda","potentialAction":[{"@type":"SearchAction","target":{"@type":"EntryPoint","urlTemplate":"https:\/\/pmg2024.wpenginepowered.com\/?s={search_term_string}"},"query-input":{"@type":"PropertyValueSpecification","valueRequired":true,"valueName":"search_term_string"}}],"inLanguage":"es"}]}},"_links":{"self":[{"href":"https:\/\/premiermedicalgrp.com\/es\/wp-json\/wp\/v2\/pages\/1445","targetHints":{"allow":["GET"]}}],"collection":[{"href":"https:\/\/premiermedicalgrp.com\/es\/wp-json\/wp\/v2\/pages"}],"about":[{"href":"https:\/\/premiermedicalgrp.com\/es\/wp-json\/wp\/v2\/types\/page"}],"author":[{"embeddable":true,"href":"https:\/\/premiermedicalgrp.com\/es\/wp-json\/wp\/v2\/users\/1"}],"replies":[{"embeddable":true,"href":"https:\/\/premiermedicalgrp.com\/es\/wp-json\/wp\/v2\/comments?post=1445"}],"version-history":[{"count":0,"href":"https:\/\/premiermedicalgrp.com\/es\/wp-json\/wp\/v2\/pages\/1445\/revisions"}],"up":[{"embeddable":true,"href":"https:\/\/premiermedicalgrp.com\/es\/wp-json\/wp\/v2\/pages\/165"}],"wp:attachment":[{"href":"https:\/\/premiermedicalgrp.com\/es\/wp-json\/wp\/v2\/media?parent=1445"}],"curies":[{"name":"wp","href":"https:\/\/api.w.org\/{rel}","templated":true}]}}