{"id":1451,"date":"2014-05-15T15:20:50","date_gmt":"2014-05-15T20:20:50","guid":{"rendered":"http:\/\/pmg2024.wpenginepowered.com\/?page_id=1451"},"modified":"2020-11-05T10:32:07","modified_gmt":"2020-11-05T16:32:07","slug":"chemical-peels","status":"publish","type":"page","link":"https:\/\/premiermedicalgrp.com\/es\/services\/facial-plastics\/chemical-peels\/","title":{"rendered":"Peelings qu\u00edmicos"},"content":{"rendered":"<p><span style=\"color: #000000;\">Los peelings qu\u00edmicos siguen siendo uno de los tratamientos para el cuidado de la piel m\u00e1s eficaces, eficientes y econ\u00f3micamente viables que existen.<\/span><\/p>\n<p><span style=\"color: #000000;\">La piel, como cualquier material, est\u00e1 sujeta al desgaste, a la degradaci\u00f3n qu\u00edmica y fotogr\u00e1fica y a la absorci\u00f3n de contaminantes qu\u00edmicos, sin mencionar la invasi\u00f3n microbiana.<\/span><\/p>\n<p><span style=\"color: #000000;\">Aqu\u00ed es donde los peelings qu\u00edmicos hacen su magia.<\/span><\/p>\n<p><span style=\"color: #000000;\">Una exfoliaci\u00f3n qu\u00edmica mejorar\u00e1 la apariencia de su piel que presente una de estas afecciones:<\/span><\/p>\n<ul>\n<li><span style=\"color: #000000;\">Acn\u00e9 o cicatrices de acn\u00e9<\/span><\/li>\n<li><span style=\"color: #000000;\">Da\u00f1o solar<\/span><\/li>\n<li><span style=\"color: #000000;\">L\u00edneas finas y arrugas<\/span><\/li>\n<li><span style=\"color: #000000;\">Lo aburrido<\/span><\/li>\n<li><span style=\"color: #000000;\">Hiperpigmentaci\u00f3n<\/span><\/li>\n<li><span style=\"color: #000000;\">Imperfecciones visibles de la piel<\/span><\/li>\n<li><span style=\"color: #000000;\">Se\u00f1ales de da\u00f1o fotogr\u00e1fico<\/span><\/li>\n<\/ul>\n<p><span style=\"color: #000000;\">Nuestro consultorio ofrece peelings qu\u00edmicos tanto \u00e1cidos como no \u00e1cidos que incluyen peelings de<\/span> <a href=\"http:\/\/www.skinceuticals.com\/\" target=\"_blank\" rel=\"noopener noreferrer\">De SkinCeutical<\/a> <span style=\"color: #000000;\">y<\/span> <a href=\"https:\/\/www.dermaware.com\/dermaware\/\" target=\"_blank\" rel=\"noopener noreferrer\">Consciente de la dermis.<\/a><\/p>\n<h3><a href=\"http:\/\/www.vipeel.com\/\" target=\"_blank\" rel=\"noopener noreferrer\">VI Peel<\/a><\/h3>\n<p><span style=\"color: #000000;\">El VI Peel contiene una combinaci\u00f3n sin\u00e9rgica de ingredientes potentes adecuados para todo tipo de piel. Este peeling proporciona resultados espectaculares pr\u00e1cticamente sin dolor, sin preparaci\u00f3n de la piel y con poco tiempo de recuperaci\u00f3n. \u00bfPor qu\u00e9 esperar semanas o meses para obtener resultados? Disfrute de una piel radiante y de aspecto m\u00e1s joven en aproximadamente una semana con el VI PEEL.<\/span><\/p>\n<p><span style=\"color: #000000;\">El VI Peel mejorar\u00e1 el tono, la textura y la claridad de la piel; reducir\u00e1 o eliminar\u00e1 las manchas de la edad, las pecas y la hiperpigmentaci\u00f3n, incluido el melasma; suavizar\u00e1 las l\u00edneas y arrugas; aclarar\u00e1 las afecciones cut\u00e1neas causadas por el acn\u00e9; reducir\u00e1 o eliminar\u00e1 las cicatrices del acn\u00e9; y estimular\u00e1 la producci\u00f3n de col\u00e1geno, para lograr una piel m\u00e1s firme y juvenil. El VI Peel tambi\u00e9n funciona bien junto con l\u00e1seres, inyecciones y procedimientos posteriores.<\/span><\/p>\n<p>&nbsp;<\/p>\n<h3>PEELINGS QU\u00cdMICOS<\/h3>\n<div class=\"treat-det--hero--subtitle\">TRATAMIENTOS ESPEC\u00cdFICOS PARA UNA PIEL M\u00c1S SUAVE Y SALUDABLE<\/div>\n<p class=\"treat-det--hero--paragraph\">Los peelings qu\u00edmicos son esenciales para mantener y restaurar la salud y el aspecto de la piel. Estos tratamientos exfoliantes ayudan a renovar la capa superior de la piel para revelar una piel nueva y saludable debajo. Los peelings qu\u00edmicos est\u00e1n disponibles en una variedad de f\u00f3rmulas y concentraciones para tratar diversos problemas de la piel, entre ellos: <a class=\"color-pms633\" href=\"https:\/\/www.skinceuticals.com\/browse-by\/skin-concerns\/wrinkles\">L\u00edneas finas y arrugas<\/a>,\u00a0<a class=\"color-pms633\" href=\"https:\/\/www.skinceuticals.com\/skin-care\/category\/acne-products\">imperfecciones<\/a>, poros dilatados y\u00a0<a class=\"color-pms633\" href=\"https:\/\/www.skinceuticals.com\/browse-by\/skin-concerns\/skin-discoloration\">tono de piel desigual<\/a>.<\/p>","protected":false},"excerpt":{"rendered":"<p>Chemical Peels remain some of the most effective, efficient and financially feasible skin care treatments available. Skin, like any material, is subject to wear and tear, chemical and photo degradation, and absorption of chemical pollutants, not to mention microbial invasion. This is where chemical peels work their magic. A chemical peel will improve the appearance [&hellip;]<\/p>\n","protected":false},"author":1,"featured_media":0,"parent":165,"menu_order":102,"comment_status":"closed","ping_status":"closed","template":"","meta":{"_acf_changed":false,"footnotes":""},"class_list":["post-1451","page","type-page","status-publish","hentry"],"acf":[],"yoast_head":"<!-- This site is optimized with the Yoast SEO plugin v27.3 - https:\/\/yoast.com\/product\/yoast-seo-wordpress\/ -->\n<title>Chemical Peels - Premier Medical Group - Skin, VI Peel, Obagi Blue<\/title>\n<meta name=\"description\" content=\"Looking to improve your skins look? Discover what a Chemical Peel can do for you. Ask a Premier Medical Group&#039;s physicians what product is best for you!\" \/>\n<meta name=\"robots\" content=\"index, follow, max-snippet:-1, max-image-preview:large, max-video-preview:-1\" \/>\n<link rel=\"canonical\" href=\"https:\/\/premiermedicalgrp.com\/es\/services\/facial-plastics\/chemical-peels\/\" \/>\n<meta property=\"og:locale\" content=\"es_MX\" \/>\n<meta property=\"og:type\" content=\"article\" \/>\n<meta property=\"og:title\" content=\"Chemical Peels - Premier Medical Group - Skin, VI Peel, Obagi Blue\" \/>\n<meta property=\"og:description\" content=\"Looking to improve your skins look? Discover what a Chemical Peel can do for you. Ask a Premier Medical Group&#039;s physicians what product is best for you!\" \/>\n<meta property=\"og:url\" content=\"https:\/\/premiermedicalgrp.com\/es\/services\/facial-plastics\/chemical-peels\/\" \/>\n<meta property=\"og:site_name\" content=\"Premier Medical Group | Eye &amp; ENT Specialists\" \/>\n<meta property=\"article:modified_time\" content=\"2020-11-05T16:32:07+00:00\" \/>\n<meta name=\"twitter:label1\" content=\"Est. reading time\" \/>\n\t<meta name=\"twitter:data1\" content=\"1 minuto\" \/>\n<script type=\"application\/ld+json\" class=\"yoast-schema-graph\">{\"@context\":\"https:\\\/\\\/schema.org\",\"@graph\":[{\"@type\":\"WebPage\",\"@id\":\"https:\\\/\\\/premiermedicalgrp.com\\\/services\\\/facial-plastics\\\/chemical-peels\\\/\",\"url\":\"https:\\\/\\\/premiermedicalgrp.com\\\/services\\\/facial-plastics\\\/chemical-peels\\\/\",\"name\":\"Chemical Peels - Premier Medical Group - Skin, VI Peel, Obagi Blue\",\"isPartOf\":{\"@id\":\"https:\\\/\\\/pmg2024.wpenginepowered.com\\\/#website\"},\"datePublished\":\"2014-05-15T20:20:50+00:00\",\"dateModified\":\"2020-11-05T16:32:07+00:00\",\"description\":\"Looking to improve your skins look? Discover what a Chemical Peel can do for you. Ask a Premier Medical Group's physicians what product is best for you!\",\"breadcrumb\":{\"@id\":\"https:\\\/\\\/premiermedicalgrp.com\\\/services\\\/facial-plastics\\\/chemical-peels\\\/#breadcrumb\"},\"inLanguage\":\"es\",\"potentialAction\":[{\"@type\":\"ReadAction\",\"target\":[\"https:\\\/\\\/premiermedicalgrp.com\\\/services\\\/facial-plastics\\\/chemical-peels\\\/\"]}]},{\"@type\":\"BreadcrumbList\",\"@id\":\"https:\\\/\\\/premiermedicalgrp.com\\\/services\\\/facial-plastics\\\/chemical-peels\\\/#breadcrumb\",\"itemListElement\":[{\"@type\":\"ListItem\",\"position\":1,\"name\":\"Home\",\"item\":\"https:\\\/\\\/premiermedicalgrp.com\\\/\"},{\"@type\":\"ListItem\",\"position\":2,\"name\":\"Our Services\",\"item\":\"https:\\\/\\\/premiermedicalgrp.com\\\/services\\\/\"},{\"@type\":\"ListItem\",\"position\":3,\"name\":\"Eye &#038; Face Aesthetic Center\",\"item\":\"https:\\\/\\\/premiermedicalgrp.com\\\/services\\\/facial-plastics\\\/\"},{\"@type\":\"ListItem\",\"position\":4,\"name\":\"Chemical Peels\"}]},{\"@type\":\"WebSite\",\"@id\":\"https:\\\/\\\/pmg2024.wpenginepowered.com\\\/#website\",\"url\":\"https:\\\/\\\/pmg2024.wpenginepowered.com\\\/\",\"name\":\"Premier Medical Group | Eye &amp; ENT Specialists\",\"description\":\"Premier Medical Group | Eye &amp; ENT Specialists\",\"potentialAction\":[{\"@type\":\"SearchAction\",\"target\":{\"@type\":\"EntryPoint\",\"urlTemplate\":\"https:\\\/\\\/pmg2024.wpenginepowered.com\\\/?s={search_term_string}\"},\"query-input\":{\"@type\":\"PropertyValueSpecification\",\"valueRequired\":true,\"valueName\":\"search_term_string\"}}],\"inLanguage\":\"es\"}]}<\/script>\n<!-- \/ Yoast SEO plugin. -->","yoast_head_json":{"title":"Chemical Peels - Premier Medical Group - Skin, VI Peel, Obagi Blue","description":"Looking to improve your skins look? Discover what a Chemical Peel can do for you. Ask a Premier Medical Group's physicians what product is best for you!","robots":{"index":"index","follow":"follow","max-snippet":"max-snippet:-1","max-image-preview":"max-image-preview:large","max-video-preview":"max-video-preview:-1"},"canonical":"https:\/\/premiermedicalgrp.com\/es\/services\/facial-plastics\/chemical-peels\/","og_locale":"es_MX","og_type":"article","og_title":"Chemical Peels - Premier Medical Group - Skin, VI Peel, Obagi Blue","og_description":"Looking to improve your skins look? Discover what a Chemical Peel can do for you. Ask a Premier Medical Group's physicians what product is best for you!","og_url":"https:\/\/premiermedicalgrp.com\/es\/services\/facial-plastics\/chemical-peels\/","og_site_name":"Premier Medical Group | Eye &amp; ENT Specialists","article_modified_time":"2020-11-05T16:32:07+00:00","twitter_misc":{"Est. reading time":"1 minuto"},"schema":{"@context":"https:\/\/schema.org","@graph":[{"@type":"WebPage","@id":"https:\/\/premiermedicalgrp.com\/services\/facial-plastics\/chemical-peels\/","url":"https:\/\/premiermedicalgrp.com\/services\/facial-plastics\/chemical-peels\/","name":"Chemical Peels - Premier Medical Group - Skin, VI Peel, Obagi Blue","isPartOf":{"@id":"https:\/\/pmg2024.wpenginepowered.com\/#website"},"datePublished":"2014-05-15T20:20:50+00:00","dateModified":"2020-11-05T16:32:07+00:00","description":"Looking to improve your skins look? Discover what a Chemical Peel can do for you. Ask a Premier Medical Group's physicians what product is best for you!","breadcrumb":{"@id":"https:\/\/premiermedicalgrp.com\/services\/facial-plastics\/chemical-peels\/#breadcrumb"},"inLanguage":"es","potentialAction":[{"@type":"ReadAction","target":["https:\/\/premiermedicalgrp.com\/services\/facial-plastics\/chemical-peels\/"]}]},{"@type":"BreadcrumbList","@id":"https:\/\/premiermedicalgrp.com\/services\/facial-plastics\/chemical-peels\/#breadcrumb","itemListElement":[{"@type":"ListItem","position":1,"name":"Home","item":"https:\/\/premiermedicalgrp.com\/"},{"@type":"ListItem","position":2,"name":"Our Services","item":"https:\/\/premiermedicalgrp.com\/services\/"},{"@type":"ListItem","position":3,"name":"Eye &#038; Face Aesthetic Center","item":"https:\/\/premiermedicalgrp.com\/services\/facial-plastics\/"},{"@type":"ListItem","position":4,"name":"Chemical Peels"}]},{"@type":"WebSite","@id":"https:\/\/pmg2024.wpenginepowered.com\/#website","url":"https:\/\/pmg2024.wpenginepowered.com\/","name":"Premier Medical Group | Especialistas en otorrinolaringolog\u00eda y oftalmolog\u00eda","description":"Premier Medical Group | Especialistas en otorrinolaringolog\u00eda y oftalmolog\u00eda","potentialAction":[{"@type":"SearchAction","target":{"@type":"EntryPoint","urlTemplate":"https:\/\/pmg2024.wpenginepowered.com\/?s={search_term_string}"},"query-input":{"@type":"PropertyValueSpecification","valueRequired":true,"valueName":"search_term_string"}}],"inLanguage":"es"}]}},"_links":{"self":[{"href":"https:\/\/premiermedicalgrp.com\/es\/wp-json\/wp\/v2\/pages\/1451","targetHints":{"allow":["GET"]}}],"collection":[{"href":"https:\/\/premiermedicalgrp.com\/es\/wp-json\/wp\/v2\/pages"}],"about":[{"href":"https:\/\/premiermedicalgrp.com\/es\/wp-json\/wp\/v2\/types\/page"}],"author":[{"embeddable":true,"href":"https:\/\/premiermedicalgrp.com\/es\/wp-json\/wp\/v2\/users\/1"}],"replies":[{"embeddable":true,"href":"https:\/\/premiermedicalgrp.com\/es\/wp-json\/wp\/v2\/comments?post=1451"}],"version-history":[{"count":0,"href":"https:\/\/premiermedicalgrp.com\/es\/wp-json\/wp\/v2\/pages\/1451\/revisions"}],"up":[{"embeddable":true,"href":"https:\/\/premiermedicalgrp.com\/es\/wp-json\/wp\/v2\/pages\/165"}],"wp:attachment":[{"href":"https:\/\/premiermedicalgrp.com\/es\/wp-json\/wp\/v2\/media?parent=1451"}],"curies":[{"name":"wp","href":"https:\/\/api.w.org\/{rel}","templated":true}]}}