{"id":1458,"date":"2014-05-15T15:49:58","date_gmt":"2014-05-15T20:49:58","guid":{"rendered":"http:\/\/pmg2024.wpenginepowered.com\/?page_id=1458"},"modified":"2014-06-26T10:53:14","modified_gmt":"2014-06-26T15:53:14","slug":"microdermabrasion","status":"publish","type":"page","link":"https:\/\/premiermedicalgrp.com\/es\/services\/facial-plastics\/microdermabrasion\/","title":{"rendered":"Microdermoabrasi\u00f3n"},"content":{"rendered":"<p><span style=\"color: #000000;\">La microdermoabrasi\u00f3n es una t\u00e9cnica de exfoliaci\u00f3n para eliminar la capa m\u00e1s superficial de la piel, dej\u00e1ndola m\u00e1s flexible y vibrante.<\/span> <a href=\"http:\/\/www.diamondtome.com\" target=\"_blank\">Tomo de diamante\u2122<\/a> <span style=\"color: #000000;\">El sistema de microdermoabrasi\u00f3n elimina esta capa exfoliando suavemente la piel con chips de diamante natural adheridos a la punta de la varilla, mientras aspira las c\u00e9lulas cut\u00e1neas exfoliadas de manera controlada.<\/span> <span style=\"color: #000000;\">La capa exterior deja una textura m\u00e1s suave y promueve el crecimiento de piel nueva y saludable.<\/span> <a href=\"http:\/\/www.diamondtome.com\" target=\"_blank\">Tomo de diamante\u2122<\/a> <span style=\"color: #000000;\">El tratamiento de microdermoabrasi\u00f3n no es invasivo, no duele y no requiere tiempo de recuperaci\u00f3n. Para lograr los mejores resultados, se recomiendan varios tratamientos para lograr una piel m\u00e1s saludable y de aspecto m\u00e1s joven.<\/span><\/p>\n<p><span style=\"color: #000000;\">El<\/span> <a href=\"http:\/\/www.diamondtome.com\" target=\"_blank\">Tomo de diamante\u2122<\/a> <span style=\"color: #000000;\">El sistema de microdermoabrasi\u00f3n es una forma maravillosa de reducir el da\u00f1o solar, las manchas de la edad, las l\u00edneas finas de leves a moderadas y ayuda en el tratamiento del acn\u00e9. La microdermoabrasi\u00f3n es una maravillosa alternativa a los peelings qu\u00edmicos o con l\u00e1ser. Este tratamiento deja la piel m\u00e1s suave, tersa y limpia. La microdermoabrasi\u00f3n es imprescindible para aquellos pacientes que desean rejuvenecer la salud de la piel pr\u00e1cticamente sin tiempo de recuperaci\u00f3n.<\/span><\/p>\n<h3>El tratamiento HydroPlus<\/h3>\n<p><span style=\"color: #000000;\">Despu\u00e9s de la exfoliaci\u00f3n, tu piel necesitar\u00e1 una terapia adicional con sueros, como vitamina C, aclarantes, antiacn\u00e9 o hidratantes profundos para completar el tratamiento. El nuevo sistema de infusi\u00f3n HydroWand permite una penetraci\u00f3n m\u00e1s profunda del producto.<\/span><\/p>\n<p><span style=\"color: #000000;\">Los resultados son instant\u00e1neos. Utilizando la tecnolog\u00eda patentada de<\/span>\u00a0<a href=\"http:\/\/www.diamondtome.com\" target=\"_blank\">Tomo de diamante\u2122<\/a> <span style=\"color: #000000;\">Primero exfolia, seguido del Hydro Wand, \u00a1tu piel se beneficiar\u00e1 de una penetraci\u00f3n m\u00e1s profunda del producto, hidrataci\u00f3n y nutrici\u00f3n, todo en un solo tratamiento!<\/span><\/p>","protected":false},"excerpt":{"rendered":"<p>Microdermabrasion is an exfoliation technique for removing the topmost layer of skin, leaving it more supple and vibrant. The DiamondTome\u2122 Microdermabrasion System removes this layer by gently exfoliating the skin with natural diamond chips bonded to the tip of the wand, while vacuuming the exfoliated skin cells away in a controlled manner. Removing this outer [&hellip;]<\/p>\n","protected":false},"author":1,"featured_media":0,"parent":165,"menu_order":103,"comment_status":"closed","ping_status":"closed","template":"","meta":{"_acf_changed":false,"footnotes":""},"class_list":["post-1458","page","type-page","status-publish","hentry"],"acf":[],"yoast_head":"<!-- This site is optimized with the Yoast SEO plugin v27.5 - https:\/\/yoast.com\/product\/yoast-seo-wordpress\/ -->\n<title>Microdermabrasion - Premier Medical Group - Skin, Clear, DiamondTome<\/title>\n<meta name=\"description\" content=\"Searching for a clearer solution for healthier skin? Click and learn about Premier Medical&#039;s DiamondTome Microdermabrasion treatment and HydroPlus treatment\" \/>\n<meta name=\"robots\" content=\"index, follow, max-snippet:-1, max-image-preview:large, max-video-preview:-1\" \/>\n<link rel=\"canonical\" href=\"https:\/\/premiermedicalgrp.com\/es\/services\/facial-plastics\/microdermabrasion\/\" \/>\n<meta property=\"og:locale\" content=\"es_MX\" \/>\n<meta property=\"og:type\" content=\"article\" \/>\n<meta property=\"og:title\" content=\"Microdermabrasion - Premier Medical Group - Skin, Clear, DiamondTome\" \/>\n<meta property=\"og:description\" content=\"Searching for a clearer solution for healthier skin? Click and learn about Premier Medical&#039;s DiamondTome Microdermabrasion treatment and HydroPlus treatment\" \/>\n<meta property=\"og:url\" content=\"https:\/\/premiermedicalgrp.com\/es\/services\/facial-plastics\/microdermabrasion\/\" \/>\n<meta property=\"og:site_name\" content=\"Premier Medical Group | Eye &amp; ENT Specialists\" \/>\n<meta property=\"article:modified_time\" content=\"2014-06-26T15:53:14+00:00\" \/>\n<meta name=\"twitter:label1\" content=\"Est. reading time\" \/>\n\t<meta name=\"twitter:data1\" content=\"1 minuto\" \/>\n<script type=\"application\/ld+json\" class=\"yoast-schema-graph\">{\"@context\":\"https:\\\/\\\/schema.org\",\"@graph\":[{\"@type\":\"WebPage\",\"@id\":\"https:\\\/\\\/premiermedicalgrp.com\\\/services\\\/facial-plastics\\\/microdermabrasion\\\/\",\"url\":\"https:\\\/\\\/premiermedicalgrp.com\\\/services\\\/facial-plastics\\\/microdermabrasion\\\/\",\"name\":\"Microdermabrasion - Premier Medical Group - Skin, Clear, DiamondTome\",\"isPartOf\":{\"@id\":\"https:\\\/\\\/pmg2024.wpenginepowered.com\\\/#website\"},\"datePublished\":\"2014-05-15T20:49:58+00:00\",\"dateModified\":\"2014-06-26T15:53:14+00:00\",\"description\":\"Searching for a clearer solution for healthier skin? Click and learn about Premier Medical's DiamondTome Microdermabrasion treatment and HydroPlus treatment\",\"breadcrumb\":{\"@id\":\"https:\\\/\\\/premiermedicalgrp.com\\\/services\\\/facial-plastics\\\/microdermabrasion\\\/#breadcrumb\"},\"inLanguage\":\"es\",\"potentialAction\":[{\"@type\":\"ReadAction\",\"target\":[\"https:\\\/\\\/premiermedicalgrp.com\\\/services\\\/facial-plastics\\\/microdermabrasion\\\/\"]}]},{\"@type\":\"BreadcrumbList\",\"@id\":\"https:\\\/\\\/premiermedicalgrp.com\\\/services\\\/facial-plastics\\\/microdermabrasion\\\/#breadcrumb\",\"itemListElement\":[{\"@type\":\"ListItem\",\"position\":1,\"name\":\"Home\",\"item\":\"https:\\\/\\\/premiermedicalgrp.com\\\/\"},{\"@type\":\"ListItem\",\"position\":2,\"name\":\"Our Services\",\"item\":\"https:\\\/\\\/premiermedicalgrp.com\\\/services\\\/\"},{\"@type\":\"ListItem\",\"position\":3,\"name\":\"Eye &#038; Face Aesthetic Center\",\"item\":\"https:\\\/\\\/premiermedicalgrp.com\\\/services\\\/facial-plastics\\\/\"},{\"@type\":\"ListItem\",\"position\":4,\"name\":\"Microdermabrasion\"}]},{\"@type\":\"WebSite\",\"@id\":\"https:\\\/\\\/pmg2024.wpenginepowered.com\\\/#website\",\"url\":\"https:\\\/\\\/pmg2024.wpenginepowered.com\\\/\",\"name\":\"Premier Medical Group | Eye &amp; ENT Specialists\",\"description\":\"Premier Medical Group | Eye &amp; ENT Specialists\",\"potentialAction\":[{\"@type\":\"SearchAction\",\"target\":{\"@type\":\"EntryPoint\",\"urlTemplate\":\"https:\\\/\\\/pmg2024.wpenginepowered.com\\\/?s={search_term_string}\"},\"query-input\":{\"@type\":\"PropertyValueSpecification\",\"valueRequired\":true,\"valueName\":\"search_term_string\"}}],\"inLanguage\":\"es\"}]}<\/script>\n<!-- \/ Yoast SEO plugin. -->","yoast_head_json":{"title":"Microdermabrasion - Premier Medical Group - Skin, Clear, DiamondTome","description":"Searching for a clearer solution for healthier skin? Click and learn about Premier Medical's DiamondTome Microdermabrasion treatment and HydroPlus treatment","robots":{"index":"index","follow":"follow","max-snippet":"max-snippet:-1","max-image-preview":"max-image-preview:large","max-video-preview":"max-video-preview:-1"},"canonical":"https:\/\/premiermedicalgrp.com\/es\/services\/facial-plastics\/microdermabrasion\/","og_locale":"es_MX","og_type":"article","og_title":"Microdermabrasion - Premier Medical Group - Skin, Clear, DiamondTome","og_description":"Searching for a clearer solution for healthier skin? Click and learn about Premier Medical's DiamondTome Microdermabrasion treatment and HydroPlus treatment","og_url":"https:\/\/premiermedicalgrp.com\/es\/services\/facial-plastics\/microdermabrasion\/","og_site_name":"Premier Medical Group | Eye &amp; ENT Specialists","article_modified_time":"2014-06-26T15:53:14+00:00","twitter_misc":{"Est. reading time":"1 minuto"},"schema":{"@context":"https:\/\/schema.org","@graph":[{"@type":"WebPage","@id":"https:\/\/premiermedicalgrp.com\/services\/facial-plastics\/microdermabrasion\/","url":"https:\/\/premiermedicalgrp.com\/services\/facial-plastics\/microdermabrasion\/","name":"Microdermabrasion - Premier Medical Group - Skin, Clear, DiamondTome","isPartOf":{"@id":"https:\/\/pmg2024.wpenginepowered.com\/#website"},"datePublished":"2014-05-15T20:49:58+00:00","dateModified":"2014-06-26T15:53:14+00:00","description":"Searching for a clearer solution for healthier skin? Click and learn about Premier Medical's DiamondTome Microdermabrasion treatment and HydroPlus treatment","breadcrumb":{"@id":"https:\/\/premiermedicalgrp.com\/services\/facial-plastics\/microdermabrasion\/#breadcrumb"},"inLanguage":"es","potentialAction":[{"@type":"ReadAction","target":["https:\/\/premiermedicalgrp.com\/services\/facial-plastics\/microdermabrasion\/"]}]},{"@type":"BreadcrumbList","@id":"https:\/\/premiermedicalgrp.com\/services\/facial-plastics\/microdermabrasion\/#breadcrumb","itemListElement":[{"@type":"ListItem","position":1,"name":"Home","item":"https:\/\/premiermedicalgrp.com\/"},{"@type":"ListItem","position":2,"name":"Our Services","item":"https:\/\/premiermedicalgrp.com\/services\/"},{"@type":"ListItem","position":3,"name":"Eye &#038; Face Aesthetic Center","item":"https:\/\/premiermedicalgrp.com\/services\/facial-plastics\/"},{"@type":"ListItem","position":4,"name":"Microdermabrasion"}]},{"@type":"WebSite","@id":"https:\/\/pmg2024.wpenginepowered.com\/#website","url":"https:\/\/pmg2024.wpenginepowered.com\/","name":"Premier Medical Group | Especialistas en otorrinolaringolog\u00eda y oftalmolog\u00eda","description":"Premier Medical Group | Especialistas en otorrinolaringolog\u00eda y oftalmolog\u00eda","potentialAction":[{"@type":"SearchAction","target":{"@type":"EntryPoint","urlTemplate":"https:\/\/pmg2024.wpenginepowered.com\/?s={search_term_string}"},"query-input":{"@type":"PropertyValueSpecification","valueRequired":true,"valueName":"search_term_string"}}],"inLanguage":"es"}]}},"_links":{"self":[{"href":"https:\/\/premiermedicalgrp.com\/es\/wp-json\/wp\/v2\/pages\/1458","targetHints":{"allow":["GET"]}}],"collection":[{"href":"https:\/\/premiermedicalgrp.com\/es\/wp-json\/wp\/v2\/pages"}],"about":[{"href":"https:\/\/premiermedicalgrp.com\/es\/wp-json\/wp\/v2\/types\/page"}],"author":[{"embeddable":true,"href":"https:\/\/premiermedicalgrp.com\/es\/wp-json\/wp\/v2\/users\/1"}],"replies":[{"embeddable":true,"href":"https:\/\/premiermedicalgrp.com\/es\/wp-json\/wp\/v2\/comments?post=1458"}],"version-history":[{"count":0,"href":"https:\/\/premiermedicalgrp.com\/es\/wp-json\/wp\/v2\/pages\/1458\/revisions"}],"up":[{"embeddable":true,"href":"https:\/\/premiermedicalgrp.com\/es\/wp-json\/wp\/v2\/pages\/165"}],"wp:attachment":[{"href":"https:\/\/premiermedicalgrp.com\/es\/wp-json\/wp\/v2\/media?parent=1458"}],"curies":[{"name":"wp","href":"https:\/\/api.w.org\/{rel}","templated":true}]}}