{"id":1462,"date":"2014-05-15T15:57:41","date_gmt":"2014-05-15T20:57:41","guid":{"rendered":"http:\/\/pmg2024.wpenginepowered.com\/?page_id=1462"},"modified":"2014-06-26T10:50:19","modified_gmt":"2014-06-26T15:50:19","slug":"dermaplaning","status":"publish","type":"page","link":"https:\/\/premiermedicalgrp.com\/es\/services\/facial-plastics\/dermaplaning\/","title":{"rendered":"Dermaplaning"},"content":{"rendered":"<p><span style=\"color: #000000;\">El dermaplaning es un procedimiento sencillo y seguro para exfoliar la epidermis y eliminar el vello fino de la piel. Este vello suele provocar la acumulaci\u00f3n de suciedad y grasa en los fol\u00edculos, por lo que la eliminaci\u00f3n del vello le da al paciente una piel de aspecto m\u00e1s saludable.<\/span><\/p>\n<p><span style=\"color: #000000;\">Utilizando un bistur\u00ed y un toque delicado, el esteticista simplemente desgasta la superficie de la piel con movimientos suaves y suaves.<\/span><\/p>\n<p><span style=\"color: #000000;\">El dermaplaning es un procedimiento no abrasivo con pocos o ning\u00fan efecto adverso.<\/span><\/p>\n<p>&nbsp;<\/p>","protected":false},"excerpt":{"rendered":"<p>Dermaplaning is a simple and safe procedure for exfoliating the epidermis and ridding the skin of fine vellus hair (peach fuzz).\u00a0 This hair often causes a buildup of dirt and oils in the follicles, so removing the hair gives the patient healthier looking skin. Using a scalpel and a delicate touch, the Esthetician simply abrades [&hellip;]<\/p>\n","protected":false},"author":1,"featured_media":0,"parent":165,"menu_order":104,"comment_status":"closed","ping_status":"closed","template":"","meta":{"_acf_changed":false,"footnotes":""},"class_list":["post-1462","page","type-page","status-publish","hentry"],"acf":[],"yoast_head":"<!-- This site is optimized with the Yoast SEO plugin v27.3 - https:\/\/yoast.com\/product\/yoast-seo-wordpress\/ -->\n<title>Dermaplaning - Premier Medical Group - Dirt, Oil, Hair, Buildup<\/title>\n<meta name=\"description\" content=\"A nonabrasive procedure with few to no effects, Dermaplaning can help maintain healthier skin. The removal of &quot;peach fuzz,&quot; helps stop dirt and oil buildup.\" \/>\n<meta name=\"robots\" content=\"index, follow, max-snippet:-1, max-image-preview:large, max-video-preview:-1\" \/>\n<link rel=\"canonical\" href=\"https:\/\/premiermedicalgrp.com\/es\/services\/facial-plastics\/dermaplaning\/\" \/>\n<meta property=\"og:locale\" content=\"es_MX\" \/>\n<meta property=\"og:type\" content=\"article\" \/>\n<meta property=\"og:title\" content=\"Dermaplaning - Premier Medical Group - Dirt, Oil, Hair, Buildup\" \/>\n<meta property=\"og:description\" content=\"A nonabrasive procedure with few to no effects, Dermaplaning can help maintain healthier skin. The removal of &quot;peach fuzz,&quot; helps stop dirt and oil buildup.\" \/>\n<meta property=\"og:url\" content=\"https:\/\/premiermedicalgrp.com\/es\/services\/facial-plastics\/dermaplaning\/\" \/>\n<meta property=\"og:site_name\" content=\"Premier Medical Group | Eye &amp; ENT Specialists\" \/>\n<meta property=\"article:modified_time\" content=\"2014-06-26T15:50:19+00:00\" \/>\n<script type=\"application\/ld+json\" class=\"yoast-schema-graph\">{\"@context\":\"https:\\\/\\\/schema.org\",\"@graph\":[{\"@type\":\"WebPage\",\"@id\":\"https:\\\/\\\/premiermedicalgrp.com\\\/services\\\/facial-plastics\\\/dermaplaning\\\/\",\"url\":\"https:\\\/\\\/premiermedicalgrp.com\\\/services\\\/facial-plastics\\\/dermaplaning\\\/\",\"name\":\"Dermaplaning - Premier Medical Group - Dirt, Oil, Hair, Buildup\",\"isPartOf\":{\"@id\":\"https:\\\/\\\/pmg2024.wpenginepowered.com\\\/#website\"},\"datePublished\":\"2014-05-15T20:57:41+00:00\",\"dateModified\":\"2014-06-26T15:50:19+00:00\",\"description\":\"A nonabrasive procedure with few to no effects, Dermaplaning can help maintain healthier skin. The removal of \\\"peach fuzz,\\\" helps stop dirt and oil buildup.\",\"breadcrumb\":{\"@id\":\"https:\\\/\\\/premiermedicalgrp.com\\\/services\\\/facial-plastics\\\/dermaplaning\\\/#breadcrumb\"},\"inLanguage\":\"es\",\"potentialAction\":[{\"@type\":\"ReadAction\",\"target\":[\"https:\\\/\\\/premiermedicalgrp.com\\\/services\\\/facial-plastics\\\/dermaplaning\\\/\"]}]},{\"@type\":\"BreadcrumbList\",\"@id\":\"https:\\\/\\\/premiermedicalgrp.com\\\/services\\\/facial-plastics\\\/dermaplaning\\\/#breadcrumb\",\"itemListElement\":[{\"@type\":\"ListItem\",\"position\":1,\"name\":\"Home\",\"item\":\"https:\\\/\\\/premiermedicalgrp.com\\\/\"},{\"@type\":\"ListItem\",\"position\":2,\"name\":\"Our Services\",\"item\":\"https:\\\/\\\/premiermedicalgrp.com\\\/services\\\/\"},{\"@type\":\"ListItem\",\"position\":3,\"name\":\"Eye &#038; Face Aesthetic Center\",\"item\":\"https:\\\/\\\/premiermedicalgrp.com\\\/services\\\/facial-plastics\\\/\"},{\"@type\":\"ListItem\",\"position\":4,\"name\":\"Dermaplaning\"}]},{\"@type\":\"WebSite\",\"@id\":\"https:\\\/\\\/pmg2024.wpenginepowered.com\\\/#website\",\"url\":\"https:\\\/\\\/pmg2024.wpenginepowered.com\\\/\",\"name\":\"Premier Medical Group | Eye &amp; ENT Specialists\",\"description\":\"Premier Medical Group | Eye &amp; ENT Specialists\",\"potentialAction\":[{\"@type\":\"SearchAction\",\"target\":{\"@type\":\"EntryPoint\",\"urlTemplate\":\"https:\\\/\\\/pmg2024.wpenginepowered.com\\\/?s={search_term_string}\"},\"query-input\":{\"@type\":\"PropertyValueSpecification\",\"valueRequired\":true,\"valueName\":\"search_term_string\"}}],\"inLanguage\":\"es\"}]}<\/script>\n<!-- \/ Yoast SEO plugin. -->","yoast_head_json":{"title":"Dermaplaning - Premier Medical Group - Dirt, Oil, Hair, Buildup","description":"A nonabrasive procedure with few to no effects, Dermaplaning can help maintain healthier skin. The removal of \"peach fuzz,\" helps stop dirt and oil buildup.","robots":{"index":"index","follow":"follow","max-snippet":"max-snippet:-1","max-image-preview":"max-image-preview:large","max-video-preview":"max-video-preview:-1"},"canonical":"https:\/\/premiermedicalgrp.com\/es\/services\/facial-plastics\/dermaplaning\/","og_locale":"es_MX","og_type":"article","og_title":"Dermaplaning - Premier Medical Group - Dirt, Oil, Hair, Buildup","og_description":"A nonabrasive procedure with few to no effects, Dermaplaning can help maintain healthier skin. The removal of \"peach fuzz,\" helps stop dirt and oil buildup.","og_url":"https:\/\/premiermedicalgrp.com\/es\/services\/facial-plastics\/dermaplaning\/","og_site_name":"Premier Medical Group | Eye &amp; ENT Specialists","article_modified_time":"2014-06-26T15:50:19+00:00","schema":{"@context":"https:\/\/schema.org","@graph":[{"@type":"WebPage","@id":"https:\/\/premiermedicalgrp.com\/services\/facial-plastics\/dermaplaning\/","url":"https:\/\/premiermedicalgrp.com\/services\/facial-plastics\/dermaplaning\/","name":"Dermaplaning - Premier Medical Group - Dirt, Oil, Hair, Buildup","isPartOf":{"@id":"https:\/\/pmg2024.wpenginepowered.com\/#website"},"datePublished":"2014-05-15T20:57:41+00:00","dateModified":"2014-06-26T15:50:19+00:00","description":"A nonabrasive procedure with few to no effects, Dermaplaning can help maintain healthier skin. The removal of \"peach fuzz,\" helps stop dirt and oil buildup.","breadcrumb":{"@id":"https:\/\/premiermedicalgrp.com\/services\/facial-plastics\/dermaplaning\/#breadcrumb"},"inLanguage":"es","potentialAction":[{"@type":"ReadAction","target":["https:\/\/premiermedicalgrp.com\/services\/facial-plastics\/dermaplaning\/"]}]},{"@type":"BreadcrumbList","@id":"https:\/\/premiermedicalgrp.com\/services\/facial-plastics\/dermaplaning\/#breadcrumb","itemListElement":[{"@type":"ListItem","position":1,"name":"Home","item":"https:\/\/premiermedicalgrp.com\/"},{"@type":"ListItem","position":2,"name":"Our Services","item":"https:\/\/premiermedicalgrp.com\/services\/"},{"@type":"ListItem","position":3,"name":"Eye &#038; Face Aesthetic Center","item":"https:\/\/premiermedicalgrp.com\/services\/facial-plastics\/"},{"@type":"ListItem","position":4,"name":"Dermaplaning"}]},{"@type":"WebSite","@id":"https:\/\/pmg2024.wpenginepowered.com\/#website","url":"https:\/\/pmg2024.wpenginepowered.com\/","name":"Premier Medical Group | Especialistas en otorrinolaringolog\u00eda y oftalmolog\u00eda","description":"Premier Medical Group | Especialistas en otorrinolaringolog\u00eda y oftalmolog\u00eda","potentialAction":[{"@type":"SearchAction","target":{"@type":"EntryPoint","urlTemplate":"https:\/\/pmg2024.wpenginepowered.com\/?s={search_term_string}"},"query-input":{"@type":"PropertyValueSpecification","valueRequired":true,"valueName":"search_term_string"}}],"inLanguage":"es"}]}},"_links":{"self":[{"href":"https:\/\/premiermedicalgrp.com\/es\/wp-json\/wp\/v2\/pages\/1462","targetHints":{"allow":["GET"]}}],"collection":[{"href":"https:\/\/premiermedicalgrp.com\/es\/wp-json\/wp\/v2\/pages"}],"about":[{"href":"https:\/\/premiermedicalgrp.com\/es\/wp-json\/wp\/v2\/types\/page"}],"author":[{"embeddable":true,"href":"https:\/\/premiermedicalgrp.com\/es\/wp-json\/wp\/v2\/users\/1"}],"replies":[{"embeddable":true,"href":"https:\/\/premiermedicalgrp.com\/es\/wp-json\/wp\/v2\/comments?post=1462"}],"version-history":[{"count":0,"href":"https:\/\/premiermedicalgrp.com\/es\/wp-json\/wp\/v2\/pages\/1462\/revisions"}],"up":[{"embeddable":true,"href":"https:\/\/premiermedicalgrp.com\/es\/wp-json\/wp\/v2\/pages\/165"}],"wp:attachment":[{"href":"https:\/\/premiermedicalgrp.com\/es\/wp-json\/wp\/v2\/media?parent=1462"}],"curies":[{"name":"wp","href":"https:\/\/api.w.org\/{rel}","templated":true}]}}