{"id":1492,"date":"2014-05-16T10:38:56","date_gmt":"2014-05-16T15:38:56","guid":{"rendered":"http:\/\/pmg2024.wpenginepowered.com\/?page_id=1492"},"modified":"2019-09-04T13:55:25","modified_gmt":"2019-09-04T18:55:25","slug":"laser-vision","status":"publish","type":"page","link":"https:\/\/premiermedicalgrp.com\/es\/services\/eye\/ophthalmology\/laser-vision\/","title":{"rendered":"Cirug\u00eda refractiva"},"content":{"rendered":"<h3><strong><span style=\"color: #000000;\">\u00bfQu\u00e9 es la cirug\u00eda refractiva?<\/span><\/strong><\/h3>\n<p><span style=\"color: #000000;\">La cirug\u00eda ocular refractiva es un t\u00e9rmino general para los procedimientos quir\u00fargicos que pueden mejorar o corregir el enfoque del ojo al cambiar permanentemente la forma de la c\u00f3rnea, la superficie frontal transparente del ojo.<\/span><\/p>\n<p><span style=\"color: #000000;\">La cirug\u00eda se realiza para corregir errores refractivos, problemas comunes de la visi\u00f3n que impiden que el ojo enfoque bien. Entre ellos se encuentran la miop\u00eda, la hipermetrop\u00eda y el astigmatismo, que afectan tanto la visi\u00f3n de lejos como la de cerca.<\/span><\/p>\n<p><span style=\"color: #000000;\">Las opciones quir\u00fargicas incluyen LASIK, queratectom\u00eda fotorrefractiva (PRK) y queratotom\u00eda astigm\u00e1tica (AK). Durante la LASIK PRK y la AK, se remodela la c\u00f3rnea para mejorar la visi\u00f3n del paciente. LASIK y PRK fueron los primeros procedimientos quir\u00fargicos desarrollados para remodelar la c\u00f3rnea mediante el uso de l\u00e1ser. Los procedimientos de lentes, como la cirug\u00eda de cataratas con l\u00e1ser y las extracciones de lentes refractivas, tambi\u00e9n se consideran cirug\u00eda refractiva.<\/span><\/p>\n<h4><span style=\"color: #000000;\">Otros servicios:<\/span><\/h4>\n<ul>\n<li><a title=\"C\u00f3rnea\" href=\"http:\/\/premiermedicalgrp.com\/es\/services\/eye\/ophthalmology\/cornea\/\" target=\"_blank\" rel=\"noopener\">C\u00f3rnea<\/a><\/li>\n<li><a title=\"Glaucoma\" href=\"http:\/\/premiermedicalgrp.com\/es\/services\/eye\/ophthalmology\/glaucoma\/\" target=\"_blank\" rel=\"noopener\">Glaucoma<\/a><\/li>\n<li><a title=\"Cirug\u00eda oculopl\u00e1stica\/cirug\u00eda de p\u00e1rpados\" href=\"http:\/\/premiermedicalgrp.com\/es\/services\/eye\/ophthalmology\/occulo-plastics\/\" target=\"_blank\" rel=\"noopener\">Cirug\u00eda oculopl\u00e1stica\/cirug\u00eda de p\u00e1rpados<\/a><\/li>\n<li><a title=\"Pediatr\u00eda\/Estrabismo\" href=\"http:\/\/premiermedicalgrp.com\/es\/services\/eye\/ophthalmology\/pediatrics\/\" target=\"_blank\" rel=\"noopener\">Pediatr\u00eda\/Estrabismo<\/a><\/li>\n<li><a title=\"Enfermedades y cirug\u00eda de la retina\" href=\"http:\/\/premiermedicalgrp.com\/es\/services\/eye\/ophthalmology\/retina-diseases-surgery\/\" target=\"_blank\" rel=\"noopener\">Enfermedades y cirug\u00eda de la retina<\/a><\/li>\n<\/ul>\n<p title=\"Cirug\u00eda oculopl\u00e1stica\/cirug\u00eda de p\u00e1rpados\">","protected":false},"excerpt":{"rendered":"<p>What is Refractive Surgery? Refractive eye surgery is a general term for surgical procedures that can improve or correct the eye&#8217;s focus by permanently changing the shape of the cornea, the clear, front surface of the eye. The surgery is performed to correct refractive errors, common vision problems that keep the eye from focusing well. [&hellip;]<\/p>\n","protected":false},"author":1,"featured_media":0,"parent":109,"menu_order":32,"comment_status":"closed","ping_status":"closed","template":"","meta":{"_acf_changed":false,"footnotes":""},"class_list":["post-1492","page","type-page","status-publish","hentry"],"acf":[],"yoast_head":"<!-- This site is optimized with the Yoast SEO plugin v27.3 - https:\/\/yoast.com\/product\/yoast-seo-wordpress\/ -->\n<title>Refractive Surgery | Premier Medical Group<\/title>\n<meta name=\"description\" content=\"In some cases, refractive LASIK surgery is needed and our ophthalmologists in Mobile AL are here to help. Get the best Daphne AL LASIK surgery today!\" \/>\n<meta name=\"robots\" content=\"index, follow, max-snippet:-1, max-image-preview:large, max-video-preview:-1\" \/>\n<link rel=\"canonical\" href=\"https:\/\/premiermedicalgrp.com\/es\/services\/eye\/ophthalmology\/laser-vision\/\" \/>\n<meta property=\"og:locale\" content=\"es_MX\" \/>\n<meta property=\"og:type\" content=\"article\" \/>\n<meta property=\"og:title\" content=\"Refractive Surgery | Premier Medical Group\" \/>\n<meta property=\"og:description\" content=\"In some cases, refractive LASIK surgery is needed and our ophthalmologists in Mobile AL are here to help. Get the best Daphne AL LASIK surgery today!\" \/>\n<meta property=\"og:url\" content=\"https:\/\/premiermedicalgrp.com\/es\/services\/eye\/ophthalmology\/laser-vision\/\" \/>\n<meta property=\"og:site_name\" content=\"Premier Medical Group | Eye &amp; ENT Specialists\" \/>\n<meta property=\"article:modified_time\" content=\"2019-09-04T18:55:25+00:00\" \/>\n<meta name=\"twitter:label1\" content=\"Est. reading time\" \/>\n\t<meta name=\"twitter:data1\" content=\"1 minuto\" \/>\n<script type=\"application\/ld+json\" class=\"yoast-schema-graph\">{\"@context\":\"https:\\\/\\\/schema.org\",\"@graph\":[{\"@type\":\"WebPage\",\"@id\":\"https:\\\/\\\/premiermedicalgrp.com\\\/services\\\/eye\\\/ophthalmology\\\/laser-vision\\\/\",\"url\":\"https:\\\/\\\/premiermedicalgrp.com\\\/services\\\/eye\\\/ophthalmology\\\/laser-vision\\\/\",\"name\":\"Refractive Surgery | Premier Medical Group\",\"isPartOf\":{\"@id\":\"https:\\\/\\\/pmg2024.wpenginepowered.com\\\/#website\"},\"datePublished\":\"2014-05-16T15:38:56+00:00\",\"dateModified\":\"2019-09-04T18:55:25+00:00\",\"description\":\"In some cases, refractive LASIK surgery is needed and our ophthalmologists in Mobile AL are here to help. Get the best Daphne AL LASIK surgery today!\",\"breadcrumb\":{\"@id\":\"https:\\\/\\\/premiermedicalgrp.com\\\/services\\\/eye\\\/ophthalmology\\\/laser-vision\\\/#breadcrumb\"},\"inLanguage\":\"es\",\"potentialAction\":[{\"@type\":\"ReadAction\",\"target\":[\"https:\\\/\\\/premiermedicalgrp.com\\\/services\\\/eye\\\/ophthalmology\\\/laser-vision\\\/\"]}]},{\"@type\":\"BreadcrumbList\",\"@id\":\"https:\\\/\\\/premiermedicalgrp.com\\\/services\\\/eye\\\/ophthalmology\\\/laser-vision\\\/#breadcrumb\",\"itemListElement\":[{\"@type\":\"ListItem\",\"position\":1,\"name\":\"Home\",\"item\":\"https:\\\/\\\/premiermedicalgrp.com\\\/\"},{\"@type\":\"ListItem\",\"position\":2,\"name\":\"Our Services\",\"item\":\"https:\\\/\\\/premiermedicalgrp.com\\\/services\\\/\"},{\"@type\":\"ListItem\",\"position\":3,\"name\":\"Eye Services\",\"item\":\"https:\\\/\\\/premiermedicalgrp.com\\\/services\\\/eye\\\/\"},{\"@type\":\"ListItem\",\"position\":4,\"name\":\"Ophthalmology\",\"item\":\"https:\\\/\\\/premiermedicalgrp.com\\\/services\\\/eye\\\/ophthalmology\\\/\"},{\"@type\":\"ListItem\",\"position\":5,\"name\":\"Refractive Surgery\"}]},{\"@type\":\"WebSite\",\"@id\":\"https:\\\/\\\/pmg2024.wpenginepowered.com\\\/#website\",\"url\":\"https:\\\/\\\/pmg2024.wpenginepowered.com\\\/\",\"name\":\"Premier Medical Group | Eye &amp; ENT Specialists\",\"description\":\"Premier Medical Group | Eye &amp; ENT Specialists\",\"potentialAction\":[{\"@type\":\"SearchAction\",\"target\":{\"@type\":\"EntryPoint\",\"urlTemplate\":\"https:\\\/\\\/pmg2024.wpenginepowered.com\\\/?s={search_term_string}\"},\"query-input\":{\"@type\":\"PropertyValueSpecification\",\"valueRequired\":true,\"valueName\":\"search_term_string\"}}],\"inLanguage\":\"es\"}]}<\/script>\n<!-- \/ Yoast SEO plugin. -->","yoast_head_json":{"title":"Refractive Surgery | Premier Medical Group","description":"In some cases, refractive LASIK surgery is needed and our ophthalmologists in Mobile AL are here to help. Get the best Daphne AL LASIK surgery today!","robots":{"index":"index","follow":"follow","max-snippet":"max-snippet:-1","max-image-preview":"max-image-preview:large","max-video-preview":"max-video-preview:-1"},"canonical":"https:\/\/premiermedicalgrp.com\/es\/services\/eye\/ophthalmology\/laser-vision\/","og_locale":"es_MX","og_type":"article","og_title":"Refractive Surgery | Premier Medical Group","og_description":"In some cases, refractive LASIK surgery is needed and our ophthalmologists in Mobile AL are here to help. Get the best Daphne AL LASIK surgery today!","og_url":"https:\/\/premiermedicalgrp.com\/es\/services\/eye\/ophthalmology\/laser-vision\/","og_site_name":"Premier Medical Group | Eye &amp; ENT Specialists","article_modified_time":"2019-09-04T18:55:25+00:00","twitter_misc":{"Est. reading time":"1 minuto"},"schema":{"@context":"https:\/\/schema.org","@graph":[{"@type":"WebPage","@id":"https:\/\/premiermedicalgrp.com\/services\/eye\/ophthalmology\/laser-vision\/","url":"https:\/\/premiermedicalgrp.com\/services\/eye\/ophthalmology\/laser-vision\/","name":"Refractive Surgery | Premier Medical Group","isPartOf":{"@id":"https:\/\/pmg2024.wpenginepowered.com\/#website"},"datePublished":"2014-05-16T15:38:56+00:00","dateModified":"2019-09-04T18:55:25+00:00","description":"In some cases, refractive LASIK surgery is needed and our ophthalmologists in Mobile AL are here to help. Get the best Daphne AL LASIK surgery today!","breadcrumb":{"@id":"https:\/\/premiermedicalgrp.com\/services\/eye\/ophthalmology\/laser-vision\/#breadcrumb"},"inLanguage":"es","potentialAction":[{"@type":"ReadAction","target":["https:\/\/premiermedicalgrp.com\/services\/eye\/ophthalmology\/laser-vision\/"]}]},{"@type":"BreadcrumbList","@id":"https:\/\/premiermedicalgrp.com\/services\/eye\/ophthalmology\/laser-vision\/#breadcrumb","itemListElement":[{"@type":"ListItem","position":1,"name":"Home","item":"https:\/\/premiermedicalgrp.com\/"},{"@type":"ListItem","position":2,"name":"Our Services","item":"https:\/\/premiermedicalgrp.com\/services\/"},{"@type":"ListItem","position":3,"name":"Eye Services","item":"https:\/\/premiermedicalgrp.com\/services\/eye\/"},{"@type":"ListItem","position":4,"name":"Ophthalmology","item":"https:\/\/premiermedicalgrp.com\/services\/eye\/ophthalmology\/"},{"@type":"ListItem","position":5,"name":"Refractive Surgery"}]},{"@type":"WebSite","@id":"https:\/\/pmg2024.wpenginepowered.com\/#website","url":"https:\/\/pmg2024.wpenginepowered.com\/","name":"Premier Medical Group | Especialistas en otorrinolaringolog\u00eda y oftalmolog\u00eda","description":"Premier Medical Group | Especialistas en otorrinolaringolog\u00eda y oftalmolog\u00eda","potentialAction":[{"@type":"SearchAction","target":{"@type":"EntryPoint","urlTemplate":"https:\/\/pmg2024.wpenginepowered.com\/?s={search_term_string}"},"query-input":{"@type":"PropertyValueSpecification","valueRequired":true,"valueName":"search_term_string"}}],"inLanguage":"es"}]}},"_links":{"self":[{"href":"https:\/\/premiermedicalgrp.com\/es\/wp-json\/wp\/v2\/pages\/1492","targetHints":{"allow":["GET"]}}],"collection":[{"href":"https:\/\/premiermedicalgrp.com\/es\/wp-json\/wp\/v2\/pages"}],"about":[{"href":"https:\/\/premiermedicalgrp.com\/es\/wp-json\/wp\/v2\/types\/page"}],"author":[{"embeddable":true,"href":"https:\/\/premiermedicalgrp.com\/es\/wp-json\/wp\/v2\/users\/1"}],"replies":[{"embeddable":true,"href":"https:\/\/premiermedicalgrp.com\/es\/wp-json\/wp\/v2\/comments?post=1492"}],"version-history":[{"count":0,"href":"https:\/\/premiermedicalgrp.com\/es\/wp-json\/wp\/v2\/pages\/1492\/revisions"}],"up":[{"embeddable":true,"href":"https:\/\/premiermedicalgrp.com\/es\/wp-json\/wp\/v2\/pages\/109"}],"wp:attachment":[{"href":"https:\/\/premiermedicalgrp.com\/es\/wp-json\/wp\/v2\/media?parent=1492"}],"curies":[{"name":"wp","href":"https:\/\/api.w.org\/{rel}","templated":true}]}}