{"id":1501,"date":"2014-05-16T10:57:29","date_gmt":"2014-05-16T15:57:29","guid":{"rendered":"http:\/\/pmg2024.wpenginepowered.com\/?page_id=1501"},"modified":"2021-02-08T16:59:44","modified_gmt":"2021-02-08T22:59:44","slug":"retina-diseases-surgery","status":"publish","type":"page","link":"https:\/\/premiermedicalgrp.com\/es\/services\/eye\/ophthalmology\/retina-diseases-surgery\/","title":{"rendered":"Enfermedades y cirug\u00eda de la retina"},"content":{"rendered":"<p><span style=\"color: #000000;\">La retina es una capa muy fina de tejido que recubre la parte interna de la parte posterior del ojo y funciona como la pel\u00edcula de una c\u00e1mara. La retina capta la luz que ha pasado por el cristalino del ojo y luego transmite esa imagen al cerebro para que pueda procesarse y convertirse en una imagen visual.<\/span><\/p>\n<p><span style=\"color: #000000;\">Los m\u00e9dicos especialistas en retina de Premier Medical han recibido una formaci\u00f3n especial para tratar enfermedades y afecciones de la retina. Se esfuerzan al m\u00e1ximo para diagnosticar y tratar problemas y enfermedades de la retina, entre ellos:<\/span><\/p>\n<ul>\n<li><span style=\"color: #000000;\"><a title=\"Degeneraci\u00f3n macular\" href=\"http:\/\/premiermedicalgrp.com\/es\/services\/eye\/ophthalmology\/retina-diseases-surgery\/macular-degeneration\/\" target=\"_blank\" rel=\"noopener noreferrer\">Degeneraci\u00f3n macular<\/a> \u2013 Una enfermedad de la m\u00e1cula, una peque\u00f1a zona de la retina en la parte posterior del ojo.<\/span><\/li>\n<li><span style=\"color: #000000;\">Retinopat\u00eda diab\u00e9tica: si tiene diabetes mellitus, su cuerpo no utiliza ni almacena el az\u00facar de forma adecuada. Los niveles altos de az\u00facar en sangre pueden da\u00f1ar los vasos sangu\u00edneos de la retina, la capa nerviosa ubicada en la parte posterior del ojo que detecta la luz y ayuda a enviar im\u00e1genes al cerebro. El da\u00f1o a los vasos sangu\u00edneos de la retina se conoce como retinopat\u00eda diab\u00e9tica.<\/span><\/li>\n<li><span style=\"color: #000000;\"><a title=\"Desprendimiento de retina (DESGARRO)\" href=\"http:\/\/premiermedicalgrp.com\/es\/services\/eye\/ophthalmology\/retina-diseases-surgery\/retinal-detachment\/\" target=\"_blank\" rel=\"noopener noreferrer\">Desgarro\/desprendimiento de retina<\/a> \u2013 El desprendimiento de retina se produce cuando la retina se separa de su posici\u00f3n normal. La retina no funciona cuando se desprende. La visi\u00f3n se vuelve borrosa, al igual que una imagen fotogr\u00e1fica ser\u00eda borrosa si la pel\u00edcula estuviera suelta dentro de la c\u00e1mara.<\/span><\/li>\n<li><span style=\"color: #000000;\"><a title=\"Agujero macular\" href=\"http:\/\/premiermedicalgrp.com\/es\/services\/eye\/ophthalmology\/retina-diseases-surgery\/macular-hole\/\" target=\"_blank\" rel=\"noopener noreferrer\">Agujero macular<\/a> \u2013 Un agujero macular es una peque\u00f1a ruptura en la m\u00e1cula, ubicada en el centro del tejido sensible a la luz del ojo llamado retina. La m\u00e1cula proporciona la visi\u00f3n n\u00edtida y central que necesitamos para leer, conducir y ver detalles finos.<\/span><\/li>\n<li><span style=\"color: #000000;\"><a title=\"Fruncir macular\" href=\"http:\/\/premiermedicalgrp.com\/es\/services\/eye\/ophthalmology\/retina-diseases-surgery\/macular-pucker\/\" target=\"_blank\" rel=\"noopener noreferrer\">Fruncir macular<\/a> \u2013 Un pliegue macular es un tejido cicatricial que se forma en la m\u00e1cula del ojo, ubicada en el centro del tejido sensible a la luz del ojo llamado retina. La m\u00e1cula proporciona una visi\u00f3n central n\u00edtida. Un pliegue macular puede causar visi\u00f3n central borrosa y distorsionada.<\/span><\/li>\n<li><span style=\"color: #000000;\"><a title=\"Cirug\u00eda de vitrectom\u00eda\" href=\"http:\/\/premiermedicalgrp.com\/es\/services\/eye\/ophthalmology\/retina-diseases-surgery\/vitrectomy-surgery\/\" target=\"_blank\" rel=\"noopener noreferrer\">Cirug\u00eda de vitrectom\u00eda<\/a> -La vitrectom\u00eda es una cirug\u00eda para extirpar parte o la totalidad del humor v\u00edtreo del ojo. La vitrectom\u00eda anterior implica la extracci\u00f3n de peque\u00f1as porciones del humor v\u00edtreo de las estructuras frontales del ojo, a menudo porque est\u00e1n enredadas en una lente intraocular u otras estructuras. La vitrectom\u00eda de la pars plana es un t\u00e9rmino general para un grupo de operaciones que se realizan en la parte m\u00e1s profunda del ojo, todas las cuales implican la extracci\u00f3n de parte o la totalidad del humor v\u00edtreo, la gelatina interna transparente del ojo.<\/span><\/li>\n<li><span style=\"color: #000000;\"><a title=\"Inyecciones intrav\u00edtreas\" href=\"http:\/\/premiermedicalgrp.com\/es\/services\/eye\/ophthalmology\/retina-diseases-surgery\/intravitreal-injections\/\" target=\"_blank\" rel=\"noopener noreferrer\">Inyecciones intrav\u00edtreas<\/a> -La administraci\u00f3n intrav\u00edtrea de f\u00e1rmacos se ha convertido en un m\u00e9todo popular de tratamiento de muchas enfermedades de la retina, entre las que se incluyen la DMAE, la retinopat\u00eda diab\u00e9tica y las oclusiones de las venas retinianas. La frecuencia de las inyecciones intrav\u00edtreas ha aumentado significativamente desde la introducci\u00f3n de los medicamentos anti-VEGF. Este es un procedimiento importante que los especialistas en retina utilizan a diario y es importante dominar las t\u00e9cnicas de inyecciones efectivas para la seguridad del paciente y la reducci\u00f3n de complicaciones.<\/span><\/li>\n<li><span style=\"color: #000000;\"><a title=\"Servicios para personas con baja visi\u00f3n\" href=\"http:\/\/premiermedicalgrp.com\/es\/services\/eye\/ophthalmology\/retina-diseases-surgery\/low-vision\/\" target=\"_blank\" rel=\"noopener noreferrer\">Rehabilitaci\u00f3n de baja visi\u00f3n<\/a> \u2013 La baja visi\u00f3n es una p\u00e9rdida de la visi\u00f3n que dificulta las tareas cotidianas. Leer, escribir, ir de compras, ver la televisi\u00f3n o conducir un coche pueden resultar dif\u00edciles o imposibles de realizar. Cuando la visi\u00f3n no se puede mejorar con gafas habituales, medicamentos o cirug\u00eda, las personas con baja visi\u00f3n necesitan ayuda para aprender a aprovechar al m\u00e1ximo la visi\u00f3n que les queda y mantener su independencia.<\/span><\/li>\n<\/ul>\n<p><span style=\"color: #000000;\">Informaci\u00f3n proporcionada por el Instituto Nacional del Ojo<\/span><\/p>\n<h3><span style=\"color: #000000;\">Otros servicios:<\/span><\/h3>\n<ul>\n<li><a title=\"C\u00f3rnea\" href=\"http:\/\/premiermedicalgrp.com\/es\/services\/eye\/ophthalmology\/cornea\/\" target=\"_blank\" rel=\"noopener noreferrer\">C\u00f3rnea<\/a><\/li>\n<li><a title=\"Cirug\u00eda oculopl\u00e1stica\/cirug\u00eda de p\u00e1rpados\" href=\"http:\/\/premiermedicalgrp.com\/es\/services\/eye\/ophthalmology\/occulo-plastics\/\" target=\"_blank\" rel=\"noopener noreferrer\">Cirug\u00eda oculopl\u00e1stica\/cirug\u00eda de p\u00e1rpados<\/a><\/li>\n<li><a title=\"Pediatr\u00eda\/Estrabismo\" href=\"http:\/\/premiermedicalgrp.com\/es\/services\/eye\/ophthalmology\/pediatrics\/\" target=\"_blank\" rel=\"noopener noreferrer\">Pediatr\u00eda\/Estrabismo<\/a><\/li>\n<\/ul>","protected":false},"excerpt":{"rendered":"<p>The retina is a very thin layer of tissue that lines the inner part of the back of the eye and functions like the film of a camera. The retina captures light that has traveled trough the lens of the eye, then transmits that image to the brain so that it can be processed into [&hellip;]<\/p>\n","protected":false},"author":1,"featured_media":0,"parent":109,"menu_order":39,"comment_status":"closed","ping_status":"closed","template":"","meta":{"_acf_changed":false,"footnotes":""},"class_list":["post-1501","page","type-page","status-publish","hentry"],"acf":[],"yoast_head":"<!-- This site is optimized with the Yoast SEO plugin v27.4 - https:\/\/yoast.com\/product\/yoast-seo-wordpress\/ -->\n<title>RETINA DISEASES &amp; SURGERY - Premier Medical Group - Eye, Treatment<\/title>\n<meta name=\"description\" content=\"Click and Learn about common retina complications. The retina doctors at Premier Medical have special training in treating retinal conditions and diseases.\" \/>\n<meta name=\"robots\" content=\"index, follow, max-snippet:-1, max-image-preview:large, max-video-preview:-1\" \/>\n<link rel=\"canonical\" href=\"https:\/\/premiermedicalgrp.com\/es\/services\/eye\/ophthalmology\/retina-diseases-surgery\/\" \/>\n<meta property=\"og:locale\" content=\"es_MX\" \/>\n<meta property=\"og:type\" content=\"article\" \/>\n<meta property=\"og:title\" content=\"RETINA DISEASES &amp; SURGERY - Premier Medical Group - Eye, Treatment\" \/>\n<meta property=\"og:description\" content=\"Click and Learn about common retina complications. The retina doctors at Premier Medical have special training in treating retinal conditions and diseases.\" \/>\n<meta property=\"og:url\" content=\"https:\/\/premiermedicalgrp.com\/es\/services\/eye\/ophthalmology\/retina-diseases-surgery\/\" \/>\n<meta property=\"og:site_name\" content=\"Premier Medical Group | Eye &amp; ENT Specialists\" \/>\n<meta property=\"article:modified_time\" content=\"2021-02-08T22:59:44+00:00\" \/>\n<meta name=\"twitter:label1\" content=\"Est. reading time\" \/>\n\t<meta name=\"twitter:data1\" content=\"3 minutos\" \/>\n<script type=\"application\/ld+json\" class=\"yoast-schema-graph\">{\"@context\":\"https:\\\/\\\/schema.org\",\"@graph\":[{\"@type\":\"WebPage\",\"@id\":\"https:\\\/\\\/premiermedicalgrp.com\\\/services\\\/eye\\\/ophthalmology\\\/retina-diseases-surgery\\\/\",\"url\":\"https:\\\/\\\/premiermedicalgrp.com\\\/services\\\/eye\\\/ophthalmology\\\/retina-diseases-surgery\\\/\",\"name\":\"RETINA DISEASES & SURGERY - Premier Medical Group - Eye, Treatment\",\"isPartOf\":{\"@id\":\"https:\\\/\\\/pmg2024.wpenginepowered.com\\\/#website\"},\"datePublished\":\"2014-05-16T15:57:29+00:00\",\"dateModified\":\"2021-02-08T22:59:44+00:00\",\"description\":\"Click and Learn about common retina complications. The retina doctors at Premier Medical have special training in treating retinal conditions and diseases.\",\"breadcrumb\":{\"@id\":\"https:\\\/\\\/premiermedicalgrp.com\\\/services\\\/eye\\\/ophthalmology\\\/retina-diseases-surgery\\\/#breadcrumb\"},\"inLanguage\":\"es\",\"potentialAction\":[{\"@type\":\"ReadAction\",\"target\":[\"https:\\\/\\\/premiermedicalgrp.com\\\/services\\\/eye\\\/ophthalmology\\\/retina-diseases-surgery\\\/\"]}]},{\"@type\":\"BreadcrumbList\",\"@id\":\"https:\\\/\\\/premiermedicalgrp.com\\\/services\\\/eye\\\/ophthalmology\\\/retina-diseases-surgery\\\/#breadcrumb\",\"itemListElement\":[{\"@type\":\"ListItem\",\"position\":1,\"name\":\"Home\",\"item\":\"https:\\\/\\\/premiermedicalgrp.com\\\/\"},{\"@type\":\"ListItem\",\"position\":2,\"name\":\"Our Services\",\"item\":\"https:\\\/\\\/premiermedicalgrp.com\\\/services\\\/\"},{\"@type\":\"ListItem\",\"position\":3,\"name\":\"Eye Services\",\"item\":\"https:\\\/\\\/premiermedicalgrp.com\\\/services\\\/eye\\\/\"},{\"@type\":\"ListItem\",\"position\":4,\"name\":\"Ophthalmology\",\"item\":\"https:\\\/\\\/premiermedicalgrp.com\\\/services\\\/eye\\\/ophthalmology\\\/\"},{\"@type\":\"ListItem\",\"position\":5,\"name\":\"Retina Diseases &#038; Surgery\"}]},{\"@type\":\"WebSite\",\"@id\":\"https:\\\/\\\/pmg2024.wpenginepowered.com\\\/#website\",\"url\":\"https:\\\/\\\/pmg2024.wpenginepowered.com\\\/\",\"name\":\"Premier Medical Group | Eye &amp; ENT Specialists\",\"description\":\"Premier Medical Group | Eye &amp; ENT Specialists\",\"potentialAction\":[{\"@type\":\"SearchAction\",\"target\":{\"@type\":\"EntryPoint\",\"urlTemplate\":\"https:\\\/\\\/pmg2024.wpenginepowered.com\\\/?s={search_term_string}\"},\"query-input\":{\"@type\":\"PropertyValueSpecification\",\"valueRequired\":true,\"valueName\":\"search_term_string\"}}],\"inLanguage\":\"es\"}]}<\/script>\n<!-- \/ Yoast SEO plugin. -->","yoast_head_json":{"title":"RETINA DISEASES & SURGERY - Premier Medical Group - Eye, Treatment","description":"Click and Learn about common retina complications. The retina doctors at Premier Medical have special training in treating retinal conditions and diseases.","robots":{"index":"index","follow":"follow","max-snippet":"max-snippet:-1","max-image-preview":"max-image-preview:large","max-video-preview":"max-video-preview:-1"},"canonical":"https:\/\/premiermedicalgrp.com\/es\/services\/eye\/ophthalmology\/retina-diseases-surgery\/","og_locale":"es_MX","og_type":"article","og_title":"RETINA DISEASES & SURGERY - Premier Medical Group - Eye, Treatment","og_description":"Click and Learn about common retina complications. The retina doctors at Premier Medical have special training in treating retinal conditions and diseases.","og_url":"https:\/\/premiermedicalgrp.com\/es\/services\/eye\/ophthalmology\/retina-diseases-surgery\/","og_site_name":"Premier Medical Group | Eye &amp; ENT Specialists","article_modified_time":"2021-02-08T22:59:44+00:00","twitter_misc":{"Est. reading time":"3 minutos"},"schema":{"@context":"https:\/\/schema.org","@graph":[{"@type":"WebPage","@id":"https:\/\/premiermedicalgrp.com\/services\/eye\/ophthalmology\/retina-diseases-surgery\/","url":"https:\/\/premiermedicalgrp.com\/services\/eye\/ophthalmology\/retina-diseases-surgery\/","name":"RETINA DISEASES & SURGERY - Premier Medical Group - Eye, Treatment","isPartOf":{"@id":"https:\/\/pmg2024.wpenginepowered.com\/#website"},"datePublished":"2014-05-16T15:57:29+00:00","dateModified":"2021-02-08T22:59:44+00:00","description":"Click and Learn about common retina complications. The retina doctors at Premier Medical have special training in treating retinal conditions and diseases.","breadcrumb":{"@id":"https:\/\/premiermedicalgrp.com\/services\/eye\/ophthalmology\/retina-diseases-surgery\/#breadcrumb"},"inLanguage":"es","potentialAction":[{"@type":"ReadAction","target":["https:\/\/premiermedicalgrp.com\/services\/eye\/ophthalmology\/retina-diseases-surgery\/"]}]},{"@type":"BreadcrumbList","@id":"https:\/\/premiermedicalgrp.com\/services\/eye\/ophthalmology\/retina-diseases-surgery\/#breadcrumb","itemListElement":[{"@type":"ListItem","position":1,"name":"Home","item":"https:\/\/premiermedicalgrp.com\/"},{"@type":"ListItem","position":2,"name":"Our Services","item":"https:\/\/premiermedicalgrp.com\/services\/"},{"@type":"ListItem","position":3,"name":"Eye Services","item":"https:\/\/premiermedicalgrp.com\/services\/eye\/"},{"@type":"ListItem","position":4,"name":"Ophthalmology","item":"https:\/\/premiermedicalgrp.com\/services\/eye\/ophthalmology\/"},{"@type":"ListItem","position":5,"name":"Retina Diseases &#038; Surgery"}]},{"@type":"WebSite","@id":"https:\/\/pmg2024.wpenginepowered.com\/#website","url":"https:\/\/pmg2024.wpenginepowered.com\/","name":"Premier Medical Group | Especialistas en otorrinolaringolog\u00eda y oftalmolog\u00eda","description":"Premier Medical Group | Especialistas en otorrinolaringolog\u00eda y oftalmolog\u00eda","potentialAction":[{"@type":"SearchAction","target":{"@type":"EntryPoint","urlTemplate":"https:\/\/pmg2024.wpenginepowered.com\/?s={search_term_string}"},"query-input":{"@type":"PropertyValueSpecification","valueRequired":true,"valueName":"search_term_string"}}],"inLanguage":"es"}]}},"_links":{"self":[{"href":"https:\/\/premiermedicalgrp.com\/es\/wp-json\/wp\/v2\/pages\/1501","targetHints":{"allow":["GET"]}}],"collection":[{"href":"https:\/\/premiermedicalgrp.com\/es\/wp-json\/wp\/v2\/pages"}],"about":[{"href":"https:\/\/premiermedicalgrp.com\/es\/wp-json\/wp\/v2\/types\/page"}],"author":[{"embeddable":true,"href":"https:\/\/premiermedicalgrp.com\/es\/wp-json\/wp\/v2\/users\/1"}],"replies":[{"embeddable":true,"href":"https:\/\/premiermedicalgrp.com\/es\/wp-json\/wp\/v2\/comments?post=1501"}],"version-history":[{"count":0,"href":"https:\/\/premiermedicalgrp.com\/es\/wp-json\/wp\/v2\/pages\/1501\/revisions"}],"up":[{"embeddable":true,"href":"https:\/\/premiermedicalgrp.com\/es\/wp-json\/wp\/v2\/pages\/109"}],"wp:attachment":[{"href":"https:\/\/premiermedicalgrp.com\/es\/wp-json\/wp\/v2\/media?parent=1501"}],"curies":[{"name":"wp","href":"https:\/\/api.w.org\/{rel}","templated":true}]}}