{"id":151,"date":"2013-12-30T17:27:03","date_gmt":"2013-12-30T17:27:03","guid":{"rendered":"\/?page_id=151"},"modified":"2022-01-04T14:23:45","modified_gmt":"2022-01-04T20:23:45","slug":"urgent-care","status":"publish","type":"page","link":"https:\/\/premiermedicalgrp.com\/es\/services\/eye\/optometry\/urgent-care\/","title":{"rendered":"Atenci\u00f3n de urgencias"},"content":{"rendered":"<div class=\"rgg-container\" data-rgg-id=\"1\">    <div class=\"rgg-imagegrid captions-title captions-effect-none\" data-rgg-id=\"1\">\n                    <a href=\"https:\/\/premiermedicalgrp.com\/wp-content\/uploads\/2017\/07\/PRM-2020-Joseph-C-Harrell-2.jpg\" data-rel=\"rgg\" rel=\"rgg\" title=\"Doctor en Odontolog\u00eda Joseph C. Harrell\" class=\"rgg-disabled size-medium rgg-img\" data-src=\"https:\/\/premiermedicalgrp.com\/wp-content\/uploads\/2017\/07\/PRM-2020-Joseph-C-Harrell-2-214x300.jpg\" data-ratio=\"0.713333333333\" data-height=\"300\" data-width=\"214\" aria-label=\"Joseph C. Harrell, OD, retrato\">\n                            <\/a>\n                    <a href=\"https:\/\/premiermedicalgrp.com\/wp-content\/uploads\/2013\/12\/PRM-2020-Gregory-R-Jackson.jpg\" data-rel=\"rgg\" rel=\"rgg\" title=\"Gregory R. Jackson, oste\u00f3pata\" class=\"rgg-disabled size-medium rgg-img\" data-src=\"https:\/\/premiermedicalgrp.com\/wp-content\/uploads\/2013\/12\/PRM-2020-Gregory-R-Jackson-214x300.jpg\" data-ratio=\"0.713333333333\" data-height=\"300\" data-width=\"214\" aria-label=\"Gregory R. Jackson, OD, retrato\">\n                            <\/a>\n                    <a href=\"https:\/\/premiermedicalgrp.com\/wp-content\/uploads\/2013\/12\/PRM-2020-Ben-F-King-IV.jpg\" data-rel=\"rgg\" rel=\"rgg\" title=\"Ben F. King IV, OD\" class=\"rgg-disabled size-medium rgg-img\" data-src=\"https:\/\/premiermedicalgrp.com\/wp-content\/uploads\/2013\/12\/PRM-2020-Ben-F-King-IV-214x300.jpg\" data-ratio=\"0.713333333333\" data-height=\"300\" data-width=\"214\" aria-label=\"Ben F. King IV, retrato de OD\">\n                            <\/a>\n                    <a href=\"https:\/\/premiermedicalgrp.com\/wp-content\/uploads\/2013\/12\/PRM-2020-Jeffery-A-Morrow.jpg\" data-rel=\"rgg\" rel=\"rgg\" title=\"Jeffery A. Morrow, oste\u00f3pata\" class=\"rgg-disabled size-medium rgg-img\" data-src=\"https:\/\/premiermedicalgrp.com\/wp-content\/uploads\/2013\/12\/PRM-2020-Jeffery-A-Morrow-214x300.jpg\" data-ratio=\"0.713333333333\" data-height=\"300\" data-width=\"214\" aria-label=\"Jeffery A. Morrow, OD, retrato\">\n                            <\/a>\n                    <a href=\"https:\/\/premiermedicalgrp.com\/wp-content\/uploads\/2020\/11\/PRM-2020-Dr-Stringer-HeadShot.jpg\" data-rel=\"rgg\" rel=\"rgg\" title=\"William F. Stringer, Jr., otorrinolaring\u00f3logo\" class=\"rgg-disabled size-medium rgg-img\" data-src=\"https:\/\/premiermedicalgrp.com\/wp-content\/uploads\/2020\/11\/PRM-2020-Dr-Stringer-HeadShot-214x300.jpg\" data-ratio=\"0.713333333333\" data-height=\"300\" data-width=\"214\" aria-label=\"Fotograf\u00eda de rostro del Dr. Stringer\">\n                            <\/a>\n            <\/div>\n<\/div>\n<p><span style=\"color: #000000;\">Su vista es preciosa e irreemplazable. Si bien los controles anuales ayudan a proteger sus ojos, los accidentes ocurren y las enfermedades pueden desarrollarse repentinamente.<\/span><\/p>\n<p><span style=\"color: #000000;\">Nuestros optometristas est\u00e1n capacitados y preparados para tratar problemas oculares inesperados y urgentes, como rasgu\u00f1os, objetos en el ojo, infecciones, ojos rojos o conjuntivitis, quemaduras por calor, exposici\u00f3n a sustancias qu\u00edmicas, quemaduras por soldadura, dolor ocular intenso y heridas contundentes en el ojo o el p\u00e1rpado. Casi la mitad de las lesiones oculares traum\u00e1ticas est\u00e1n relacionadas con deportes de pelota y casi la mitad de ellas se producen en ni\u00f1os menores de 14 a\u00f1os. Los destellos, las moscas volantes y la p\u00e9rdida repentina de la visi\u00f3n justifican una evaluaci\u00f3n inmediata debido al riesgo de desgarro o desprendimiento de retina. Existen peligros de la luz solar y la luz brillante que son m\u00e1s dif\u00edciles de entender; a saber, los rayos ultravioleta (UV) y el deslumbramiento (brillo extremo). Proteger sus ojos de estos elementos que distraen e incluso son peligrosos es igualmente importante que la protecci\u00f3n ocular. El equipo de \u00faltima generaci\u00f3n nos permite examinar la superficie frontal del ojo y la capacidad de escanear digitalmente el interior del ojo para detectar cualquier problema. Por lo general, nuestros optometristas pueden evaluarlo el mismo d\u00eda.<\/span><\/p>\n<p><span style=\"color: #000000;\">Los pacientes con una emergencia ocular fuera del horario laboral o los fines de semana pueden llamar a nuestro consultorio o buscar atenci\u00f3n en una sala de emergencias o llamar al 911. Siempre hay un m\u00e9dico de guardia en Premier Medical Eye Group.<\/span><\/p>\n<p><span style=\"color: #000000;\">Los m\u00e9dicos de Premier Medical est\u00e1n capacitados para evaluarlo y tratarlo de manera oportuna. Si necesita atenci\u00f3n especializada, podemos derivarlo r\u00e1pidamente al especialista correcto en nuestro consultorio para tratar problemas oculares m\u00e1s graves.<\/span><\/p>\n<p>&nbsp;<\/p>\n<h3>Doctores en Optometr\u00eda<\/h3>\n<ul>\n<li><a href=\"https:\/\/premiermedicalgrp.com\/es\/physicians\/joseph-c-harrell-od\/\">Doctor en Odontolog\u00eda Joseph C. Harrell<\/a><\/li>\n<li><a href=\"https:\/\/premiermedicalgrp.com\/es\/physicians\/gregory-jackson-od\/\">Gregory R. Jackson, oste\u00f3pata<\/a><\/li>\n<li><a href=\"https:\/\/premiermedicalgrp.com\/es\/physicians\/ben-king-od\/\">Ben F. King, IV, OD<\/a><\/li>\n<li><a title=\"Jeffery A. Morrow, oste\u00f3pata\" href=\"http:\/\/premiermedicalgrp.com\/es\/physicians\/jeffery-morrow-od\/\" target=\"_blank\" rel=\"noopener noreferrer\">Jeffery A. Morrow, oste\u00f3pata<\/a><\/li>\n<li><a href=\"https:\/\/premiermedicalgrp.com\/es\/physicians\/william-f-stringer-jr-od\/\">William F. Stringer, Jr., otorrinolaring\u00f3logo<\/a><\/li>\n<\/ul>","protected":false},"excerpt":{"rendered":"<p>Your eyesight is precious and irreplaceable.\u00a0 While annual checkups help safeguard your eyes, accidents happen and conditions can develop suddenly. Our optometrists are equipped and qualified to handle unexpected, urgent eye related issues.\u00a0 Things like scratches, objects in the eye, infections, red or pink eye, heat burns, chemical exposure, welding burns, severe eye pain, and [&hellip;]<\/p>\n","protected":false},"author":1,"featured_media":0,"parent":111,"menu_order":68,"comment_status":"closed","ping_status":"closed","template":"","meta":{"_acf_changed":false,"footnotes":""},"class_list":["post-151","page","type-page","status-publish","hentry"],"acf":[],"yoast_head":"<!-- This site is optimized with the Yoast SEO plugin v27.4 - https:\/\/yoast.com\/product\/yoast-seo-wordpress\/ -->\n<title>Urgent Care - Premier Medical Group - Eye, Burns, Infections, Exposure<\/title>\n<meta name=\"description\" content=\"Our optometrists are trained to handle unexpected, urgent care eye related issues. Things like scratches, objects in the eye, infections, heat burns, etc..\" \/>\n<meta name=\"robots\" content=\"index, follow, max-snippet:-1, max-image-preview:large, max-video-preview:-1\" \/>\n<link rel=\"canonical\" href=\"https:\/\/premiermedicalgrp.com\/es\/services\/eye\/optometry\/urgent-care\/\" \/>\n<meta property=\"og:locale\" content=\"es_MX\" \/>\n<meta property=\"og:type\" content=\"article\" \/>\n<meta property=\"og:title\" content=\"Urgent Care - Premier Medical Group - Eye, Burns, Infections, Exposure\" \/>\n<meta property=\"og:description\" content=\"Our optometrists are trained to handle unexpected, urgent care eye related issues. Things like scratches, objects in the eye, infections, heat burns, etc..\" \/>\n<meta property=\"og:url\" content=\"https:\/\/premiermedicalgrp.com\/es\/services\/eye\/optometry\/urgent-care\/\" \/>\n<meta property=\"og:site_name\" content=\"Premier Medical Group | Eye &amp; ENT Specialists\" \/>\n<meta property=\"article:modified_time\" content=\"2022-01-04T20:23:45+00:00\" \/>\n<meta property=\"og:image\" content=\"https:\/\/premiermedicalgrp.com\/wp-content\/uploads\/2017\/07\/PRM-2020-Joseph-C-Harrell-2-214x300.jpg\" \/>\n<meta name=\"twitter:label1\" content=\"Est. reading time\" \/>\n\t<meta name=\"twitter:data1\" content=\"2 minutos\" \/>\n<script type=\"application\/ld+json\" class=\"yoast-schema-graph\">{\"@context\":\"https:\\\/\\\/schema.org\",\"@graph\":[{\"@type\":\"WebPage\",\"@id\":\"https:\\\/\\\/premiermedicalgrp.com\\\/services\\\/eye\\\/optometry\\\/urgent-care\\\/\",\"url\":\"https:\\\/\\\/premiermedicalgrp.com\\\/services\\\/eye\\\/optometry\\\/urgent-care\\\/\",\"name\":\"Urgent Care - Premier Medical Group - Eye, Burns, Infections, Exposure\",\"isPartOf\":{\"@id\":\"https:\\\/\\\/pmg2024.wpenginepowered.com\\\/#website\"},\"datePublished\":\"2013-12-30T17:27:03+00:00\",\"dateModified\":\"2022-01-04T20:23:45+00:00\",\"description\":\"Our optometrists are trained to handle unexpected, urgent care eye related issues. Things like scratches, objects in the eye, infections, heat burns, etc..\",\"breadcrumb\":{\"@id\":\"https:\\\/\\\/premiermedicalgrp.com\\\/services\\\/eye\\\/optometry\\\/urgent-care\\\/#breadcrumb\"},\"inLanguage\":\"es\",\"potentialAction\":[{\"@type\":\"ReadAction\",\"target\":[\"https:\\\/\\\/premiermedicalgrp.com\\\/services\\\/eye\\\/optometry\\\/urgent-care\\\/\"]}]},{\"@type\":\"BreadcrumbList\",\"@id\":\"https:\\\/\\\/premiermedicalgrp.com\\\/services\\\/eye\\\/optometry\\\/urgent-care\\\/#breadcrumb\",\"itemListElement\":[{\"@type\":\"ListItem\",\"position\":1,\"name\":\"Home\",\"item\":\"https:\\\/\\\/premiermedicalgrp.com\\\/\"},{\"@type\":\"ListItem\",\"position\":2,\"name\":\"Our Services\",\"item\":\"https:\\\/\\\/premiermedicalgrp.com\\\/services\\\/\"},{\"@type\":\"ListItem\",\"position\":3,\"name\":\"Eye Services\",\"item\":\"https:\\\/\\\/premiermedicalgrp.com\\\/services\\\/eye\\\/\"},{\"@type\":\"ListItem\",\"position\":4,\"name\":\"Optometry\",\"item\":\"https:\\\/\\\/premiermedicalgrp.com\\\/services\\\/eye\\\/optometry\\\/\"},{\"@type\":\"ListItem\",\"position\":5,\"name\":\"Urgent Care\"}]},{\"@type\":\"WebSite\",\"@id\":\"https:\\\/\\\/pmg2024.wpenginepowered.com\\\/#website\",\"url\":\"https:\\\/\\\/pmg2024.wpenginepowered.com\\\/\",\"name\":\"Premier Medical Group | Eye &amp; ENT Specialists\",\"description\":\"Premier Medical Group | Eye &amp; ENT Specialists\",\"potentialAction\":[{\"@type\":\"SearchAction\",\"target\":{\"@type\":\"EntryPoint\",\"urlTemplate\":\"https:\\\/\\\/pmg2024.wpenginepowered.com\\\/?s={search_term_string}\"},\"query-input\":{\"@type\":\"PropertyValueSpecification\",\"valueRequired\":true,\"valueName\":\"search_term_string\"}}],\"inLanguage\":\"es\"}]}<\/script>\n<!-- \/ Yoast SEO plugin. -->","yoast_head_json":{"title":"Urgent Care - Premier Medical Group - Eye, Burns, Infections, Exposure","description":"Our optometrists are trained to handle unexpected, urgent care eye related issues. Things like scratches, objects in the eye, infections, heat burns, etc..","robots":{"index":"index","follow":"follow","max-snippet":"max-snippet:-1","max-image-preview":"max-image-preview:large","max-video-preview":"max-video-preview:-1"},"canonical":"https:\/\/premiermedicalgrp.com\/es\/services\/eye\/optometry\/urgent-care\/","og_locale":"es_MX","og_type":"article","og_title":"Urgent Care - Premier Medical Group - Eye, Burns, Infections, Exposure","og_description":"Our optometrists are trained to handle unexpected, urgent care eye related issues. Things like scratches, objects in the eye, infections, heat burns, etc..","og_url":"https:\/\/premiermedicalgrp.com\/es\/services\/eye\/optometry\/urgent-care\/","og_site_name":"Premier Medical Group | Eye &amp; ENT Specialists","article_modified_time":"2022-01-04T20:23:45+00:00","og_image":[{"url":"https:\/\/premiermedicalgrp.com\/wp-content\/uploads\/2017\/07\/PRM-2020-Joseph-C-Harrell-2-214x300.jpg","type":"","width":"","height":""}],"twitter_misc":{"Est. reading time":"2 minutos"},"schema":{"@context":"https:\/\/schema.org","@graph":[{"@type":"WebPage","@id":"https:\/\/premiermedicalgrp.com\/services\/eye\/optometry\/urgent-care\/","url":"https:\/\/premiermedicalgrp.com\/services\/eye\/optometry\/urgent-care\/","name":"Urgent Care - Premier Medical Group - Eye, Burns, Infections, Exposure","isPartOf":{"@id":"https:\/\/pmg2024.wpenginepowered.com\/#website"},"datePublished":"2013-12-30T17:27:03+00:00","dateModified":"2022-01-04T20:23:45+00:00","description":"Our optometrists are trained to handle unexpected, urgent care eye related issues. Things like scratches, objects in the eye, infections, heat burns, etc..","breadcrumb":{"@id":"https:\/\/premiermedicalgrp.com\/services\/eye\/optometry\/urgent-care\/#breadcrumb"},"inLanguage":"es","potentialAction":[{"@type":"ReadAction","target":["https:\/\/premiermedicalgrp.com\/services\/eye\/optometry\/urgent-care\/"]}]},{"@type":"BreadcrumbList","@id":"https:\/\/premiermedicalgrp.com\/services\/eye\/optometry\/urgent-care\/#breadcrumb","itemListElement":[{"@type":"ListItem","position":1,"name":"Home","item":"https:\/\/premiermedicalgrp.com\/"},{"@type":"ListItem","position":2,"name":"Our Services","item":"https:\/\/premiermedicalgrp.com\/services\/"},{"@type":"ListItem","position":3,"name":"Eye Services","item":"https:\/\/premiermedicalgrp.com\/services\/eye\/"},{"@type":"ListItem","position":4,"name":"Optometry","item":"https:\/\/premiermedicalgrp.com\/services\/eye\/optometry\/"},{"@type":"ListItem","position":5,"name":"Urgent Care"}]},{"@type":"WebSite","@id":"https:\/\/pmg2024.wpenginepowered.com\/#website","url":"https:\/\/pmg2024.wpenginepowered.com\/","name":"Premier Medical Group | Especialistas en otorrinolaringolog\u00eda y oftalmolog\u00eda","description":"Premier Medical Group | Especialistas en otorrinolaringolog\u00eda y oftalmolog\u00eda","potentialAction":[{"@type":"SearchAction","target":{"@type":"EntryPoint","urlTemplate":"https:\/\/pmg2024.wpenginepowered.com\/?s={search_term_string}"},"query-input":{"@type":"PropertyValueSpecification","valueRequired":true,"valueName":"search_term_string"}}],"inLanguage":"es"}]}},"_links":{"self":[{"href":"https:\/\/premiermedicalgrp.com\/es\/wp-json\/wp\/v2\/pages\/151","targetHints":{"allow":["GET"]}}],"collection":[{"href":"https:\/\/premiermedicalgrp.com\/es\/wp-json\/wp\/v2\/pages"}],"about":[{"href":"https:\/\/premiermedicalgrp.com\/es\/wp-json\/wp\/v2\/types\/page"}],"author":[{"embeddable":true,"href":"https:\/\/premiermedicalgrp.com\/es\/wp-json\/wp\/v2\/users\/1"}],"replies":[{"embeddable":true,"href":"https:\/\/premiermedicalgrp.com\/es\/wp-json\/wp\/v2\/comments?post=151"}],"version-history":[{"count":0,"href":"https:\/\/premiermedicalgrp.com\/es\/wp-json\/wp\/v2\/pages\/151\/revisions"}],"up":[{"embeddable":true,"href":"https:\/\/premiermedicalgrp.com\/es\/wp-json\/wp\/v2\/pages\/111"}],"wp:attachment":[{"href":"https:\/\/premiermedicalgrp.com\/es\/wp-json\/wp\/v2\/media?parent=151"}],"curies":[{"name":"wp","href":"https:\/\/api.w.org\/{rel}","templated":true}]}}