{"id":1556,"date":"2014-05-20T14:31:27","date_gmt":"2014-05-20T19:31:27","guid":{"rendered":"http:\/\/pmg2024.wpenginepowered.com\/?page_id=1556"},"modified":"2020-11-05T10:34:58","modified_gmt":"2020-11-05T16:34:58","slug":"products","status":"publish","type":"page","link":"https:\/\/premiermedicalgrp.com\/es\/services\/facial-plastics\/makeup\/products\/","title":{"rendered":"Productos"},"content":{"rendered":"<p><span style=\"color: #000000;\">Adem\u00e1s de nuestros servicios prestados, ofrecemos estos productos:<\/span><\/p>\n<p>&nbsp;<\/p>\n<p><a href=\"http:\/\/www.skinceuticals.com\" target=\"_blank\" rel=\"noopener noreferrer\">Productos para la piel <\/a>\u00a0 \u00a0 \u00a0 \u00a0<a href=\"http:\/\/biopelle.net\/\" target=\"_blank\" rel=\"noopener noreferrer\">\u00a0Biopel\u00edcula<\/a><\/p>\n<p><a href=\"http:\/\/www.latisse.com\/\" target=\"_blank\" rel=\"noopener noreferrer\">Latisse\u00a0\u00a0<\/a>\u00a0\u00a0\u00a0\u00a0\u00a0\u00a0\u00a0\u00a0\u00a0\u00a0\u00a0\u00a0\u00a0\u00a0\u00a0\u00a0 <a href=\"http:\/\/biopelle.net\/prescribedsolutions\/\" target=\"_blank\" rel=\"noopener noreferrer\">Soluciones prescritas<\/a>\u00a0\u00a0\u00a0\u00a0\u00a0 \u00a0 \u00a0 \u00a0 <a href=\"http:\/\/biopelle.net\/biopelle\/tensage-growth-factor\/tensage-intensive-serum-40\/\" target=\"_blank\" rel=\"noopener noreferrer\">Tensi\u00f3n<\/a><\/p>\n<p>&nbsp;<\/p>\n<p>&nbsp;<\/p>\n<p><img loading=\"lazy\" decoding=\"async\" src=\"http:\/\/www.valerievick.com\/products\/oth.jpg\" alt=\"\" width=\"136\" height=\"48\" \/>\u00a0\u00a0\u00a0\u00a0 <img loading=\"lazy\" decoding=\"async\" src=\"http:\/\/www.valerievick.com\/products\/skin.jpg\" alt=\"\" width=\"141\" height=\"71\" \/><\/p>\n<p>&nbsp;<\/p>\n<p><img loading=\"lazy\" decoding=\"async\" src=\"http:\/\/www.valerievick.com\/products\/tensage.jpg\" alt=\"\" width=\"105\" height=\"74\" \/><\/p>\n<p>&nbsp;<\/p>\n<p>&nbsp;<\/p>","protected":false},"excerpt":{"rendered":"<p>In addition to our services provided, we offer these products: &nbsp; SkinCeuticals \u00a0 \u00a0 \u00a0 \u00a0\u00a0biopelle Latisse\u00a0\u00a0\u00a0\u00a0\u00a0\u00a0\u00a0\u00a0\u00a0\u00a0\u00a0\u00a0\u00a0\u00a0\u00a0\u00a0\u00a0\u00a0 Prescribed Solutions\u00a0\u00a0\u00a0\u00a0\u00a0 \u00a0 \u00a0 \u00a0 Tensage &nbsp; &nbsp; \u00a0\u00a0\u00a0\u00a0 &nbsp; &nbsp; &nbsp;<\/p>","protected":false},"author":1,"featured_media":0,"parent":1471,"menu_order":107,"comment_status":"closed","ping_status":"closed","template":"","meta":{"_acf_changed":false,"footnotes":""},"class_list":["post-1556","page","type-page","status-publish","hentry"],"acf":[],"yoast_head":"<!-- This site is optimized with the Yoast SEO plugin v27.4 - https:\/\/yoast.com\/product\/yoast-seo-wordpress\/ -->\n<title>Products - Premier Medical Group - Quality, Eyes, Ears, Nose, Throat<\/title>\n<meta name=\"description\" content=\"In addition to our quality care, Premier Medical Group offers many products. Products for eyes, ears, nose and throat. They include Biopelle, Tensage, etc..\" \/>\n<meta name=\"robots\" content=\"index, follow, max-snippet:-1, max-image-preview:large, max-video-preview:-1\" \/>\n<link rel=\"canonical\" href=\"https:\/\/premiermedicalgrp.com\/es\/services\/facial-plastics\/makeup\/products\/\" \/>\n<meta property=\"og:locale\" content=\"es_MX\" \/>\n<meta property=\"og:type\" content=\"article\" \/>\n<meta property=\"og:title\" content=\"Products - Premier Medical Group - Quality, Eyes, Ears, Nose, Throat\" \/>\n<meta property=\"og:description\" content=\"In addition to our quality care, Premier Medical Group offers many products. Products for eyes, ears, nose and throat. They include Biopelle, Tensage, etc..\" \/>\n<meta property=\"og:url\" content=\"https:\/\/premiermedicalgrp.com\/es\/services\/facial-plastics\/makeup\/products\/\" \/>\n<meta property=\"og:site_name\" content=\"Premier Medical Group | Eye &amp; ENT Specialists\" \/>\n<meta property=\"article:modified_time\" content=\"2020-11-05T16:34:58+00:00\" \/>\n<meta property=\"og:image\" content=\"http:\/\/www.valerievick.com\/products\/oth.jpg\" \/>\n<script type=\"application\/ld+json\" class=\"yoast-schema-graph\">{\"@context\":\"https:\\\/\\\/schema.org\",\"@graph\":[{\"@type\":\"WebPage\",\"@id\":\"https:\\\/\\\/premiermedicalgrp.com\\\/services\\\/facial-plastics\\\/makeup\\\/products\\\/\",\"url\":\"https:\\\/\\\/premiermedicalgrp.com\\\/services\\\/facial-plastics\\\/makeup\\\/products\\\/\",\"name\":\"Products - Premier Medical Group - Quality, Eyes, Ears, Nose, Throat\",\"isPartOf\":{\"@id\":\"https:\\\/\\\/pmg2024.wpenginepowered.com\\\/#website\"},\"primaryImageOfPage\":{\"@id\":\"https:\\\/\\\/premiermedicalgrp.com\\\/services\\\/facial-plastics\\\/makeup\\\/products\\\/#primaryimage\"},\"image\":{\"@id\":\"https:\\\/\\\/premiermedicalgrp.com\\\/services\\\/facial-plastics\\\/makeup\\\/products\\\/#primaryimage\"},\"thumbnailUrl\":\"http:\\\/\\\/www.valerievick.com\\\/products\\\/oth.jpg\",\"datePublished\":\"2014-05-20T19:31:27+00:00\",\"dateModified\":\"2020-11-05T16:34:58+00:00\",\"description\":\"In addition to our quality care, Premier Medical Group offers many products. Products for eyes, ears, nose and throat. They include Biopelle, Tensage, etc..\",\"breadcrumb\":{\"@id\":\"https:\\\/\\\/premiermedicalgrp.com\\\/services\\\/facial-plastics\\\/makeup\\\/products\\\/#breadcrumb\"},\"inLanguage\":\"es\",\"potentialAction\":[{\"@type\":\"ReadAction\",\"target\":[\"https:\\\/\\\/premiermedicalgrp.com\\\/services\\\/facial-plastics\\\/makeup\\\/products\\\/\"]}]},{\"@type\":\"ImageObject\",\"inLanguage\":\"es\",\"@id\":\"https:\\\/\\\/premiermedicalgrp.com\\\/services\\\/facial-plastics\\\/makeup\\\/products\\\/#primaryimage\",\"url\":\"http:\\\/\\\/www.valerievick.com\\\/products\\\/oth.jpg\",\"contentUrl\":\"http:\\\/\\\/www.valerievick.com\\\/products\\\/oth.jpg\"},{\"@type\":\"BreadcrumbList\",\"@id\":\"https:\\\/\\\/premiermedicalgrp.com\\\/services\\\/facial-plastics\\\/makeup\\\/products\\\/#breadcrumb\",\"itemListElement\":[{\"@type\":\"ListItem\",\"position\":1,\"name\":\"Home\",\"item\":\"https:\\\/\\\/premiermedicalgrp.com\\\/\"},{\"@type\":\"ListItem\",\"position\":2,\"name\":\"Our Services\",\"item\":\"https:\\\/\\\/premiermedicalgrp.com\\\/services\\\/\"},{\"@type\":\"ListItem\",\"position\":3,\"name\":\"Eye &#038; Face Aesthetic Center\",\"item\":\"https:\\\/\\\/premiermedicalgrp.com\\\/services\\\/facial-plastics\\\/\"},{\"@type\":\"ListItem\",\"position\":4,\"name\":\"Makeup\",\"item\":\"https:\\\/\\\/premiermedicalgrp.com\\\/services\\\/facial-plastics\\\/makeup\\\/\"},{\"@type\":\"ListItem\",\"position\":5,\"name\":\"Products\"}]},{\"@type\":\"WebSite\",\"@id\":\"https:\\\/\\\/pmg2024.wpenginepowered.com\\\/#website\",\"url\":\"https:\\\/\\\/pmg2024.wpenginepowered.com\\\/\",\"name\":\"Premier Medical Group | Eye &amp; ENT Specialists\",\"description\":\"Premier Medical Group | Eye &amp; ENT Specialists\",\"potentialAction\":[{\"@type\":\"SearchAction\",\"target\":{\"@type\":\"EntryPoint\",\"urlTemplate\":\"https:\\\/\\\/pmg2024.wpenginepowered.com\\\/?s={search_term_string}\"},\"query-input\":{\"@type\":\"PropertyValueSpecification\",\"valueRequired\":true,\"valueName\":\"search_term_string\"}}],\"inLanguage\":\"es\"}]}<\/script>\n<!-- \/ Yoast SEO plugin. -->","yoast_head_json":{"title":"Products - Premier Medical Group - Quality, Eyes, Ears, Nose, Throat","description":"In addition to our quality care, Premier Medical Group offers many products. Products for eyes, ears, nose and throat. They include Biopelle, Tensage, etc..","robots":{"index":"index","follow":"follow","max-snippet":"max-snippet:-1","max-image-preview":"max-image-preview:large","max-video-preview":"max-video-preview:-1"},"canonical":"https:\/\/premiermedicalgrp.com\/es\/services\/facial-plastics\/makeup\/products\/","og_locale":"es_MX","og_type":"article","og_title":"Products - Premier Medical Group - Quality, Eyes, Ears, Nose, Throat","og_description":"In addition to our quality care, Premier Medical Group offers many products. Products for eyes, ears, nose and throat. They include Biopelle, Tensage, etc..","og_url":"https:\/\/premiermedicalgrp.com\/es\/services\/facial-plastics\/makeup\/products\/","og_site_name":"Premier Medical Group | Eye &amp; ENT Specialists","article_modified_time":"2020-11-05T16:34:58+00:00","og_image":[{"url":"http:\/\/www.valerievick.com\/products\/oth.jpg","type":"","width":"","height":""}],"schema":{"@context":"https:\/\/schema.org","@graph":[{"@type":"WebPage","@id":"https:\/\/premiermedicalgrp.com\/services\/facial-plastics\/makeup\/products\/","url":"https:\/\/premiermedicalgrp.com\/services\/facial-plastics\/makeup\/products\/","name":"Products - Premier Medical Group - Quality, Eyes, Ears, Nose, Throat","isPartOf":{"@id":"https:\/\/pmg2024.wpenginepowered.com\/#website"},"primaryImageOfPage":{"@id":"https:\/\/premiermedicalgrp.com\/services\/facial-plastics\/makeup\/products\/#primaryimage"},"image":{"@id":"https:\/\/premiermedicalgrp.com\/services\/facial-plastics\/makeup\/products\/#primaryimage"},"thumbnailUrl":"http:\/\/www.valerievick.com\/products\/oth.jpg","datePublished":"2014-05-20T19:31:27+00:00","dateModified":"2020-11-05T16:34:58+00:00","description":"In addition to our quality care, Premier Medical Group offers many products. Products for eyes, ears, nose and throat. They include Biopelle, Tensage, etc..","breadcrumb":{"@id":"https:\/\/premiermedicalgrp.com\/services\/facial-plastics\/makeup\/products\/#breadcrumb"},"inLanguage":"es","potentialAction":[{"@type":"ReadAction","target":["https:\/\/premiermedicalgrp.com\/services\/facial-plastics\/makeup\/products\/"]}]},{"@type":"ImageObject","inLanguage":"es","@id":"https:\/\/premiermedicalgrp.com\/services\/facial-plastics\/makeup\/products\/#primaryimage","url":"http:\/\/www.valerievick.com\/products\/oth.jpg","contentUrl":"http:\/\/www.valerievick.com\/products\/oth.jpg"},{"@type":"BreadcrumbList","@id":"https:\/\/premiermedicalgrp.com\/services\/facial-plastics\/makeup\/products\/#breadcrumb","itemListElement":[{"@type":"ListItem","position":1,"name":"Home","item":"https:\/\/premiermedicalgrp.com\/"},{"@type":"ListItem","position":2,"name":"Our Services","item":"https:\/\/premiermedicalgrp.com\/services\/"},{"@type":"ListItem","position":3,"name":"Eye &#038; Face Aesthetic Center","item":"https:\/\/premiermedicalgrp.com\/services\/facial-plastics\/"},{"@type":"ListItem","position":4,"name":"Makeup","item":"https:\/\/premiermedicalgrp.com\/services\/facial-plastics\/makeup\/"},{"@type":"ListItem","position":5,"name":"Products"}]},{"@type":"WebSite","@id":"https:\/\/pmg2024.wpenginepowered.com\/#website","url":"https:\/\/pmg2024.wpenginepowered.com\/","name":"Premier Medical Group | Especialistas en otorrinolaringolog\u00eda y oftalmolog\u00eda","description":"Premier Medical Group | Especialistas en otorrinolaringolog\u00eda y oftalmolog\u00eda","potentialAction":[{"@type":"SearchAction","target":{"@type":"EntryPoint","urlTemplate":"https:\/\/pmg2024.wpenginepowered.com\/?s={search_term_string}"},"query-input":{"@type":"PropertyValueSpecification","valueRequired":true,"valueName":"search_term_string"}}],"inLanguage":"es"}]}},"_links":{"self":[{"href":"https:\/\/premiermedicalgrp.com\/es\/wp-json\/wp\/v2\/pages\/1556","targetHints":{"allow":["GET"]}}],"collection":[{"href":"https:\/\/premiermedicalgrp.com\/es\/wp-json\/wp\/v2\/pages"}],"about":[{"href":"https:\/\/premiermedicalgrp.com\/es\/wp-json\/wp\/v2\/types\/page"}],"author":[{"embeddable":true,"href":"https:\/\/premiermedicalgrp.com\/es\/wp-json\/wp\/v2\/users\/1"}],"replies":[{"embeddable":true,"href":"https:\/\/premiermedicalgrp.com\/es\/wp-json\/wp\/v2\/comments?post=1556"}],"version-history":[{"count":0,"href":"https:\/\/premiermedicalgrp.com\/es\/wp-json\/wp\/v2\/pages\/1556\/revisions"}],"up":[{"embeddable":true,"href":"https:\/\/premiermedicalgrp.com\/es\/wp-json\/wp\/v2\/pages\/1471"}],"wp:attachment":[{"href":"https:\/\/premiermedicalgrp.com\/es\/wp-json\/wp\/v2\/media?parent=1556"}],"curies":[{"name":"wp","href":"https:\/\/api.w.org\/{rel}","templated":true}]}}