{"id":157,"date":"2013-12-30T17:30:30","date_gmt":"2013-12-30T17:30:30","guid":{"rendered":"\/?page_id=157"},"modified":"2024-10-30T14:15:55","modified_gmt":"2024-10-30T19:15:55","slug":"eyewear","status":"publish","type":"page","link":"https:\/\/premiermedicalgrp.com\/es\/services\/eye\/optical\/eyewear\/","title":{"rendered":"Servicios de anteojos"},"content":{"rendered":"<p>&nbsp;<\/p>\n<p><span style=\"color: #000000;\">En las \u00f3pticas de servicio completo de Premier Medical, puede encontrar gafas que son funcionales y modernas.<\/span><\/p>\n<p><span style=\"color: #000000;\">Ofrecemos una amplia selecci\u00f3n de monturas de dise\u00f1o y otras opciones que se adaptan a todos los presupuestos. Los estilos sin montura son una opci\u00f3n popular y una forma discreta de usar anteojos sin monturas evidentes.<\/span><\/p>\n<p><span style=\"color: #000000;\">Los avances en lentes han hecho que sean m\u00e1s livianas, resistentes y vers\u00e1tiles. Algunos de los tipos de lentes especializados m\u00e1s populares son:<\/span><\/p>\n<ul>\n<li><span style=\"color: #000000;\"><strong>Lentes de policarbonato<\/strong> \u2013 m\u00e1s delgadas, m\u00e1s ligeras y hasta 10 veces m\u00e1s resistentes a los impactos que las lentes de pl\u00e1stico normales<\/span><\/li>\n<li><span style=\"color: #000000;\"><strong>Lentes fotocrom\u00e1ticas<\/strong> \u2013 lentes sensibles al sol que se oscurecen r\u00e1pidamente en condiciones de mucha luz y vuelven a un estado transparente con la iluminaci\u00f3n interior normal<\/span><\/li>\n<li><span style=\"color: #000000;\"><strong>Lentes polarizadas<\/strong> \u2013 disminuyen el resplandor de superficies planas y reflectantes (como el agua) y tambi\u00e9n reducen la fatiga ocular<\/span><\/li>\n<li><span style=\"color: #000000;\"><strong>Lentes progresivos<\/strong> \u2013 proporcionan una buena visi\u00f3n a todas las distancias sin la \u201cl\u00ednea\u201d bifocal.<\/span><\/li>\n<li><span style=\"color: #000000;\"><strong>Lentes con revestimiento antirreflejos<\/strong> \u2013 eliminar el deslumbramiento<\/span><\/li>\n<\/ul>\n<p><span style=\"color: #000000;\">Premier Medical tambi\u00e9n ofrece gafas de sol graduadas con protecci\u00f3n UV, que salvan la vista en nuestro clima soleado y costero.<\/span><\/p>\n<p><span style=\"color: #000000;\">Ofrecemos una<b> <\/b>Garant\u00eda de un a\u00f1o en la mayor\u00eda de los lentes y garant\u00eda de dos a\u00f1os en productos premium.\u00a0\u00a0<\/span><\/p>\n<p>&nbsp;<\/p>","protected":false},"excerpt":{"rendered":"<p>&nbsp; At Premier Medical\u2019s full service optical shops, you can find eyeglasses that are both functional and fashionable. We offer a wide selection of designer frames and other selections to fit all budgets. Rimless styles are a popular option and an understated way to wear eyeglasses without obvious frames. Advances in lenses have made them [&hellip;]<\/p>\n","protected":false},"author":1,"featured_media":0,"parent":112,"menu_order":77,"comment_status":"closed","ping_status":"closed","template":"","meta":{"_acf_changed":false,"footnotes":""},"class_list":["post-157","page","type-page","status-publish","hentry"],"acf":[],"yoast_head":"<!-- This site is optimized with the Yoast SEO plugin v27.3 - https:\/\/yoast.com\/product\/yoast-seo-wordpress\/ -->\n<title>Eyewear Services | Premier Medical Group<\/title>\n<meta name=\"description\" content=\"Premier Medical Group offers a wide selection of eye wear services in all styles. Contact our eye doctors today and see how we can help you see in style.\" \/>\n<meta name=\"robots\" content=\"index, follow, max-snippet:-1, max-image-preview:large, max-video-preview:-1\" \/>\n<link rel=\"canonical\" href=\"https:\/\/premiermedicalgrp.com\/es\/services\/eye\/optical\/eyewear\/\" \/>\n<meta property=\"og:locale\" content=\"es_MX\" \/>\n<meta property=\"og:type\" content=\"article\" \/>\n<meta property=\"og:title\" content=\"Eyewear Services | Premier Medical Group\" \/>\n<meta property=\"og:description\" content=\"Premier Medical Group offers a wide selection of eye wear services in all styles. Contact our eye doctors today and see how we can help you see in style.\" \/>\n<meta property=\"og:url\" content=\"https:\/\/premiermedicalgrp.com\/es\/services\/eye\/optical\/eyewear\/\" \/>\n<meta property=\"og:site_name\" content=\"Premier Medical Group | Eye &amp; ENT Specialists\" \/>\n<meta property=\"article:modified_time\" content=\"2024-10-30T19:15:55+00:00\" \/>\n<meta name=\"twitter:label1\" content=\"Est. reading time\" \/>\n\t<meta name=\"twitter:data1\" content=\"1 minuto\" \/>\n<script type=\"application\/ld+json\" class=\"yoast-schema-graph\">{\"@context\":\"https:\\\/\\\/schema.org\",\"@graph\":[{\"@type\":\"WebPage\",\"@id\":\"https:\\\/\\\/premiermedicalgrp.com\\\/services\\\/eye\\\/optical\\\/eyewear\\\/\",\"url\":\"https:\\\/\\\/premiermedicalgrp.com\\\/services\\\/eye\\\/optical\\\/eyewear\\\/\",\"name\":\"Eyewear Services | Premier Medical Group\",\"isPartOf\":{\"@id\":\"https:\\\/\\\/pmg2024.wpenginepowered.com\\\/#website\"},\"datePublished\":\"2013-12-30T17:30:30+00:00\",\"dateModified\":\"2024-10-30T19:15:55+00:00\",\"description\":\"Premier Medical Group offers a wide selection of eye wear services in all styles. Contact our eye doctors today and see how we can help you see in style.\",\"breadcrumb\":{\"@id\":\"https:\\\/\\\/premiermedicalgrp.com\\\/services\\\/eye\\\/optical\\\/eyewear\\\/#breadcrumb\"},\"inLanguage\":\"es\",\"potentialAction\":[{\"@type\":\"ReadAction\",\"target\":[\"https:\\\/\\\/premiermedicalgrp.com\\\/services\\\/eye\\\/optical\\\/eyewear\\\/\"]}]},{\"@type\":\"BreadcrumbList\",\"@id\":\"https:\\\/\\\/premiermedicalgrp.com\\\/services\\\/eye\\\/optical\\\/eyewear\\\/#breadcrumb\",\"itemListElement\":[{\"@type\":\"ListItem\",\"position\":1,\"name\":\"Home\",\"item\":\"https:\\\/\\\/premiermedicalgrp.com\\\/\"},{\"@type\":\"ListItem\",\"position\":2,\"name\":\"Our Services\",\"item\":\"https:\\\/\\\/premiermedicalgrp.com\\\/services\\\/\"},{\"@type\":\"ListItem\",\"position\":3,\"name\":\"Eye Services\",\"item\":\"https:\\\/\\\/premiermedicalgrp.com\\\/services\\\/eye\\\/\"},{\"@type\":\"ListItem\",\"position\":4,\"name\":\"Optical\",\"item\":\"https:\\\/\\\/premiermedicalgrp.com\\\/services\\\/eye\\\/optical\\\/\"},{\"@type\":\"ListItem\",\"position\":5,\"name\":\"Eyewear Services\"}]},{\"@type\":\"WebSite\",\"@id\":\"https:\\\/\\\/pmg2024.wpenginepowered.com\\\/#website\",\"url\":\"https:\\\/\\\/pmg2024.wpenginepowered.com\\\/\",\"name\":\"Premier Medical Group | Eye &amp; ENT Specialists\",\"description\":\"Premier Medical Group | Eye &amp; ENT Specialists\",\"potentialAction\":[{\"@type\":\"SearchAction\",\"target\":{\"@type\":\"EntryPoint\",\"urlTemplate\":\"https:\\\/\\\/pmg2024.wpenginepowered.com\\\/?s={search_term_string}\"},\"query-input\":{\"@type\":\"PropertyValueSpecification\",\"valueRequired\":true,\"valueName\":\"search_term_string\"}}],\"inLanguage\":\"es\"}]}<\/script>\n<!-- \/ Yoast SEO plugin. -->","yoast_head_json":{"title":"Eyewear Services | Premier Medical Group","description":"Premier Medical Group offers a wide selection of eye wear services in all styles. Contact our eye doctors today and see how we can help you see in style.","robots":{"index":"index","follow":"follow","max-snippet":"max-snippet:-1","max-image-preview":"max-image-preview:large","max-video-preview":"max-video-preview:-1"},"canonical":"https:\/\/premiermedicalgrp.com\/es\/services\/eye\/optical\/eyewear\/","og_locale":"es_MX","og_type":"article","og_title":"Eyewear Services | Premier Medical Group","og_description":"Premier Medical Group offers a wide selection of eye wear services in all styles. Contact our eye doctors today and see how we can help you see in style.","og_url":"https:\/\/premiermedicalgrp.com\/es\/services\/eye\/optical\/eyewear\/","og_site_name":"Premier Medical Group | Eye &amp; ENT Specialists","article_modified_time":"2024-10-30T19:15:55+00:00","twitter_misc":{"Est. reading time":"1 minuto"},"schema":{"@context":"https:\/\/schema.org","@graph":[{"@type":"WebPage","@id":"https:\/\/premiermedicalgrp.com\/services\/eye\/optical\/eyewear\/","url":"https:\/\/premiermedicalgrp.com\/services\/eye\/optical\/eyewear\/","name":"Eyewear Services | Premier Medical Group","isPartOf":{"@id":"https:\/\/pmg2024.wpenginepowered.com\/#website"},"datePublished":"2013-12-30T17:30:30+00:00","dateModified":"2024-10-30T19:15:55+00:00","description":"Premier Medical Group offers a wide selection of eye wear services in all styles. Contact our eye doctors today and see how we can help you see in style.","breadcrumb":{"@id":"https:\/\/premiermedicalgrp.com\/services\/eye\/optical\/eyewear\/#breadcrumb"},"inLanguage":"es","potentialAction":[{"@type":"ReadAction","target":["https:\/\/premiermedicalgrp.com\/services\/eye\/optical\/eyewear\/"]}]},{"@type":"BreadcrumbList","@id":"https:\/\/premiermedicalgrp.com\/services\/eye\/optical\/eyewear\/#breadcrumb","itemListElement":[{"@type":"ListItem","position":1,"name":"Home","item":"https:\/\/premiermedicalgrp.com\/"},{"@type":"ListItem","position":2,"name":"Our Services","item":"https:\/\/premiermedicalgrp.com\/services\/"},{"@type":"ListItem","position":3,"name":"Eye Services","item":"https:\/\/premiermedicalgrp.com\/services\/eye\/"},{"@type":"ListItem","position":4,"name":"Optical","item":"https:\/\/premiermedicalgrp.com\/services\/eye\/optical\/"},{"@type":"ListItem","position":5,"name":"Eyewear Services"}]},{"@type":"WebSite","@id":"https:\/\/pmg2024.wpenginepowered.com\/#website","url":"https:\/\/pmg2024.wpenginepowered.com\/","name":"Premier Medical Group | Especialistas en otorrinolaringolog\u00eda y oftalmolog\u00eda","description":"Premier Medical Group | Especialistas en otorrinolaringolog\u00eda y oftalmolog\u00eda","potentialAction":[{"@type":"SearchAction","target":{"@type":"EntryPoint","urlTemplate":"https:\/\/pmg2024.wpenginepowered.com\/?s={search_term_string}"},"query-input":{"@type":"PropertyValueSpecification","valueRequired":true,"valueName":"search_term_string"}}],"inLanguage":"es"}]}},"_links":{"self":[{"href":"https:\/\/premiermedicalgrp.com\/es\/wp-json\/wp\/v2\/pages\/157","targetHints":{"allow":["GET"]}}],"collection":[{"href":"https:\/\/premiermedicalgrp.com\/es\/wp-json\/wp\/v2\/pages"}],"about":[{"href":"https:\/\/premiermedicalgrp.com\/es\/wp-json\/wp\/v2\/types\/page"}],"author":[{"embeddable":true,"href":"https:\/\/premiermedicalgrp.com\/es\/wp-json\/wp\/v2\/users\/1"}],"replies":[{"embeddable":true,"href":"https:\/\/premiermedicalgrp.com\/es\/wp-json\/wp\/v2\/comments?post=157"}],"version-history":[{"count":0,"href":"https:\/\/premiermedicalgrp.com\/es\/wp-json\/wp\/v2\/pages\/157\/revisions"}],"up":[{"embeddable":true,"href":"https:\/\/premiermedicalgrp.com\/es\/wp-json\/wp\/v2\/pages\/112"}],"wp:attachment":[{"href":"https:\/\/premiermedicalgrp.com\/es\/wp-json\/wp\/v2\/media?parent=157"}],"curies":[{"name":"wp","href":"https:\/\/api.w.org\/{rel}","templated":true}]}}