{"id":160,"date":"2013-12-30T17:30:06","date_gmt":"2013-12-30T17:30:06","guid":{"rendered":"\/?page_id=160"},"modified":"2019-09-04T14:12:46","modified_gmt":"2019-09-04T19:12:46","slug":"contact-lenses","status":"publish","type":"page","link":"https:\/\/premiermedicalgrp.com\/es\/services\/eye\/optical\/contact-lenses\/","title":{"rendered":"Lentes de contacto"},"content":{"rendered":"<p><span style=\"color: #000000;\">Los lentes de contacto pueden ser una excelente opci\u00f3n para corregir la visi\u00f3n en pacientes que desean escapar del confinamiento de los anteojos. Los t\u00e9cnicos capacitados de Premier Medical pueden ayudarle a conseguir un par adecuado para usted.<\/span><\/p>\n<p><span style=\"color: #000000;\">Existen muchas marcas y tipos de lentes de contacto: duras y blandas, de uso prolongado, desechables y de uso diario. Podemos aconsejarle sobre el tipo que le proporcionar\u00e1 mayor comodidad y mejor visi\u00f3n.<\/span><\/p>\n<p><span style=\"color: #000000;\">Somos expertos en los \u00faltimos dise\u00f1os, t\u00e9cnicas de adaptaci\u00f3n y estilos. Nuestros servicios van desde ayudar a los ni\u00f1os con sus primeras lentillas hasta proporcionar lentillas personalizadas para queratocono. Las lentillas monovisi\u00f3n pueden corregir la presbiopia y proporcionar una buena visi\u00f3n a todas las distancias. Las personas que sufren de ojo seco pueden beneficiarse de las lentillas blandas desechables diarias.<\/span><\/p>\n<p><span style=\"color: #000000;\">Para lograr el ajuste y la visi\u00f3n adecuados con sus lentes de contacto, es posible que sea necesario un examen inicial m\u00e1s prolongado y visitas de seguimiento para garantizar el \u00e9xito a largo plazo. Si bien no todos los pacientes son candidatos para usar lentes de contacto, la mayor\u00eda de ellos pueden usarlos de manera segura y c\u00f3moda.<\/span><\/p>\n<p>&nbsp;<\/p>","protected":false},"excerpt":{"rendered":"<p>Contact lenses can be an excellent choice for vision correction for patients who want to escape the confinement of eyeglasses. The trained technicians at Premier Medical can get you into a pair that is right for you. There are many brands and types of contacts: hard and soft lenses, extended wear, disposable, and daily wear. [&hellip;]<\/p>\n","protected":false},"author":1,"featured_media":0,"parent":112,"menu_order":78,"comment_status":"closed","ping_status":"closed","template":"","meta":{"_acf_changed":false,"footnotes":""},"class_list":["post-160","page","type-page","status-publish","hentry"],"acf":[],"yoast_head":"<!-- This site is optimized with the Yoast SEO plugin v27.4 - https:\/\/yoast.com\/product\/yoast-seo-wordpress\/ -->\n<title>Contact Lenses | Premier Medical Group<\/title>\n<meta name=\"description\" content=\"Premier Medical also offers custom contact lenses in Mobile AL. If frames aren&#039;t your style, call and ask our eye doctors about contact lenses today!\" \/>\n<meta name=\"robots\" content=\"index, follow, max-snippet:-1, max-image-preview:large, max-video-preview:-1\" \/>\n<link rel=\"canonical\" href=\"https:\/\/premiermedicalgrp.com\/es\/services\/eye\/optical\/contact-lenses\/\" \/>\n<meta property=\"og:locale\" content=\"es_MX\" \/>\n<meta property=\"og:type\" content=\"article\" \/>\n<meta property=\"og:title\" content=\"Contact Lenses | Premier Medical Group\" \/>\n<meta property=\"og:description\" content=\"Premier Medical also offers custom contact lenses in Mobile AL. If frames aren&#039;t your style, call and ask our eye doctors about contact lenses today!\" \/>\n<meta property=\"og:url\" content=\"https:\/\/premiermedicalgrp.com\/es\/services\/eye\/optical\/contact-lenses\/\" \/>\n<meta property=\"og:site_name\" content=\"Premier Medical Group | Eye &amp; ENT Specialists\" \/>\n<meta property=\"article:modified_time\" content=\"2019-09-04T19:12:46+00:00\" \/>\n<meta name=\"twitter:label1\" content=\"Est. reading time\" \/>\n\t<meta name=\"twitter:data1\" content=\"1 minuto\" \/>\n<script type=\"application\/ld+json\" class=\"yoast-schema-graph\">{\"@context\":\"https:\\\/\\\/schema.org\",\"@graph\":[{\"@type\":\"WebPage\",\"@id\":\"https:\\\/\\\/premiermedicalgrp.com\\\/services\\\/eye\\\/optical\\\/contact-lenses\\\/\",\"url\":\"https:\\\/\\\/premiermedicalgrp.com\\\/services\\\/eye\\\/optical\\\/contact-lenses\\\/\",\"name\":\"Contact Lenses | Premier Medical Group\",\"isPartOf\":{\"@id\":\"https:\\\/\\\/pmg2024.wpenginepowered.com\\\/#website\"},\"datePublished\":\"2013-12-30T17:30:06+00:00\",\"dateModified\":\"2019-09-04T19:12:46+00:00\",\"description\":\"Premier Medical also offers custom contact lenses in Mobile AL. If frames aren't your style, call and ask our eye doctors about contact lenses today!\",\"breadcrumb\":{\"@id\":\"https:\\\/\\\/premiermedicalgrp.com\\\/services\\\/eye\\\/optical\\\/contact-lenses\\\/#breadcrumb\"},\"inLanguage\":\"es\",\"potentialAction\":[{\"@type\":\"ReadAction\",\"target\":[\"https:\\\/\\\/premiermedicalgrp.com\\\/services\\\/eye\\\/optical\\\/contact-lenses\\\/\"]}]},{\"@type\":\"BreadcrumbList\",\"@id\":\"https:\\\/\\\/premiermedicalgrp.com\\\/services\\\/eye\\\/optical\\\/contact-lenses\\\/#breadcrumb\",\"itemListElement\":[{\"@type\":\"ListItem\",\"position\":1,\"name\":\"Home\",\"item\":\"https:\\\/\\\/premiermedicalgrp.com\\\/\"},{\"@type\":\"ListItem\",\"position\":2,\"name\":\"Our Services\",\"item\":\"https:\\\/\\\/premiermedicalgrp.com\\\/services\\\/\"},{\"@type\":\"ListItem\",\"position\":3,\"name\":\"Eye Services\",\"item\":\"https:\\\/\\\/premiermedicalgrp.com\\\/services\\\/eye\\\/\"},{\"@type\":\"ListItem\",\"position\":4,\"name\":\"Optical\",\"item\":\"https:\\\/\\\/premiermedicalgrp.com\\\/services\\\/eye\\\/optical\\\/\"},{\"@type\":\"ListItem\",\"position\":5,\"name\":\"Contact Lenses\"}]},{\"@type\":\"WebSite\",\"@id\":\"https:\\\/\\\/pmg2024.wpenginepowered.com\\\/#website\",\"url\":\"https:\\\/\\\/pmg2024.wpenginepowered.com\\\/\",\"name\":\"Premier Medical Group | Eye &amp; ENT Specialists\",\"description\":\"Premier Medical Group | Eye &amp; ENT Specialists\",\"potentialAction\":[{\"@type\":\"SearchAction\",\"target\":{\"@type\":\"EntryPoint\",\"urlTemplate\":\"https:\\\/\\\/pmg2024.wpenginepowered.com\\\/?s={search_term_string}\"},\"query-input\":{\"@type\":\"PropertyValueSpecification\",\"valueRequired\":true,\"valueName\":\"search_term_string\"}}],\"inLanguage\":\"es\"}]}<\/script>\n<!-- \/ Yoast SEO plugin. -->","yoast_head_json":{"title":"Contact Lenses | Premier Medical Group","description":"Premier Medical also offers custom contact lenses in Mobile AL. If frames aren't your style, call and ask our eye doctors about contact lenses today!","robots":{"index":"index","follow":"follow","max-snippet":"max-snippet:-1","max-image-preview":"max-image-preview:large","max-video-preview":"max-video-preview:-1"},"canonical":"https:\/\/premiermedicalgrp.com\/es\/services\/eye\/optical\/contact-lenses\/","og_locale":"es_MX","og_type":"article","og_title":"Contact Lenses | Premier Medical Group","og_description":"Premier Medical also offers custom contact lenses in Mobile AL. If frames aren't your style, call and ask our eye doctors about contact lenses today!","og_url":"https:\/\/premiermedicalgrp.com\/es\/services\/eye\/optical\/contact-lenses\/","og_site_name":"Premier Medical Group | Eye &amp; ENT Specialists","article_modified_time":"2019-09-04T19:12:46+00:00","twitter_misc":{"Est. reading time":"1 minuto"},"schema":{"@context":"https:\/\/schema.org","@graph":[{"@type":"WebPage","@id":"https:\/\/premiermedicalgrp.com\/services\/eye\/optical\/contact-lenses\/","url":"https:\/\/premiermedicalgrp.com\/services\/eye\/optical\/contact-lenses\/","name":"Contact Lenses | Premier Medical Group","isPartOf":{"@id":"https:\/\/pmg2024.wpenginepowered.com\/#website"},"datePublished":"2013-12-30T17:30:06+00:00","dateModified":"2019-09-04T19:12:46+00:00","description":"Premier Medical also offers custom contact lenses in Mobile AL. If frames aren't your style, call and ask our eye doctors about contact lenses today!","breadcrumb":{"@id":"https:\/\/premiermedicalgrp.com\/services\/eye\/optical\/contact-lenses\/#breadcrumb"},"inLanguage":"es","potentialAction":[{"@type":"ReadAction","target":["https:\/\/premiermedicalgrp.com\/services\/eye\/optical\/contact-lenses\/"]}]},{"@type":"BreadcrumbList","@id":"https:\/\/premiermedicalgrp.com\/services\/eye\/optical\/contact-lenses\/#breadcrumb","itemListElement":[{"@type":"ListItem","position":1,"name":"Home","item":"https:\/\/premiermedicalgrp.com\/"},{"@type":"ListItem","position":2,"name":"Our Services","item":"https:\/\/premiermedicalgrp.com\/services\/"},{"@type":"ListItem","position":3,"name":"Eye Services","item":"https:\/\/premiermedicalgrp.com\/services\/eye\/"},{"@type":"ListItem","position":4,"name":"Optical","item":"https:\/\/premiermedicalgrp.com\/services\/eye\/optical\/"},{"@type":"ListItem","position":5,"name":"Contact Lenses"}]},{"@type":"WebSite","@id":"https:\/\/pmg2024.wpenginepowered.com\/#website","url":"https:\/\/pmg2024.wpenginepowered.com\/","name":"Premier Medical Group | Especialistas en otorrinolaringolog\u00eda y oftalmolog\u00eda","description":"Premier Medical Group | Especialistas en otorrinolaringolog\u00eda y oftalmolog\u00eda","potentialAction":[{"@type":"SearchAction","target":{"@type":"EntryPoint","urlTemplate":"https:\/\/pmg2024.wpenginepowered.com\/?s={search_term_string}"},"query-input":{"@type":"PropertyValueSpecification","valueRequired":true,"valueName":"search_term_string"}}],"inLanguage":"es"}]}},"_links":{"self":[{"href":"https:\/\/premiermedicalgrp.com\/es\/wp-json\/wp\/v2\/pages\/160","targetHints":{"allow":["GET"]}}],"collection":[{"href":"https:\/\/premiermedicalgrp.com\/es\/wp-json\/wp\/v2\/pages"}],"about":[{"href":"https:\/\/premiermedicalgrp.com\/es\/wp-json\/wp\/v2\/types\/page"}],"author":[{"embeddable":true,"href":"https:\/\/premiermedicalgrp.com\/es\/wp-json\/wp\/v2\/users\/1"}],"replies":[{"embeddable":true,"href":"https:\/\/premiermedicalgrp.com\/es\/wp-json\/wp\/v2\/comments?post=160"}],"version-history":[{"count":0,"href":"https:\/\/premiermedicalgrp.com\/es\/wp-json\/wp\/v2\/pages\/160\/revisions"}],"up":[{"embeddable":true,"href":"https:\/\/premiermedicalgrp.com\/es\/wp-json\/wp\/v2\/pages\/112"}],"wp:attachment":[{"href":"https:\/\/premiermedicalgrp.com\/es\/wp-json\/wp\/v2\/media?parent=160"}],"curies":[{"name":"wp","href":"https:\/\/api.w.org\/{rel}","templated":true}]}}