{"id":165,"date":"2013-12-30T17:34:09","date_gmt":"2013-12-30T17:34:09","guid":{"rendered":"\/?page_id=165"},"modified":"2021-02-08T17:03:07","modified_gmt":"2021-02-08T23:03:07","slug":"facial-plastics","status":"publish","type":"page","link":"https:\/\/premiermedicalgrp.com\/es\/services\/facial-plastics\/","title":{"rendered":"Centro de Est\u00e9tica para Ojos y Rostro"},"content":{"rendered":"<p><img loading=\"lazy\" decoding=\"async\" class=\"aligncenter wp-image-3067\" src=\"http:\/\/premiermedicalgrp.com\/wp-content\/uploads\/2016\/08\/DSC_0179-Edit-200x300.jpg\" alt=\"DSC_0179-Edit\" width=\"225\" height=\"338\" \/><\/p>\n<p><span style=\"color: #000000;\">A trav\u00e9s de la oficina de<\/span> <a title=\"Dra. Valerie L. Vick, FACS\" href=\"http:\/\/premiermedicalgrp.com\/es\/physicians\/valerie-vick-md\/\">Valerie Vick, MDFACS<\/a>., <span style=\"color: #000000;\">nuestro <strong>Centro de Est\u00e9tica para Ojos y Rostro<\/strong> ofrece una variedad de tratamientos m\u00e9dicos y con l\u00e1ser que se adaptan a sus necesidades, junto con tratamientos que mejoran afecciones espec\u00edficas de la piel y rejuvenecen la salud y el aspecto general de su piel. \u00a1Llame HOY! 251-470-8906<\/span><\/p>\n<p>&nbsp;<\/p>\n<h3>ALGUNOS DE NUESTROS PROCEDIMIENTOS Y SERVICIOS INCLUYEN:<\/h3>\n<ul>\n<li>Rejuvenecimiento cut\u00e1neo con l\u00e1ser en rostro completo<\/li>\n<li><a title=\"Inyecciones cosm\u00e9ticas y rellenos d\u00e9rmicos\" href=\"http:\/\/premiermedicalgrp.com\/es\/services\/facial-plastics\/cosmetic-injections-dermal-fillers\/\" target=\"_blank\" rel=\"noopener noreferrer\">Inyecciones cosm\u00e9ticas y rellenos d\u00e9rmicos<\/a><\/li>\n<li><a title=\"Tratamientos con l\u00e1ser\" href=\"http:\/\/premiermedicalgrp.com\/es\/services\/facial-plastics\/laser-skin-care\/\">Tratamientos con l\u00e1ser<\/a><\/li>\n<li><a title=\"Peelings qu\u00edmicos\" href=\"http:\/\/premiermedicalgrp.com\/es\/services\/facial-plastics\/chemical-peels\/\" target=\"_blank\" rel=\"noopener noreferrer\">Peelings qu\u00edmicos<\/a><\/li>\n<li><a title=\"Microdermoabrasi\u00f3n\" href=\"http:\/\/premiermedicalgrp.com\/es\/services\/facial-plastics\/microdermabrasion\/\" target=\"_blank\" rel=\"noopener noreferrer\">Microdermoabrasi\u00f3n<\/a><\/li>\n<li><a title=\"Dermaplaning\" href=\"http:\/\/premiermedicalgrp.com\/es\/services\/facial-plastics\/dermaplaning\/\" target=\"_blank\" rel=\"noopener noreferrer\">Dermaplaning<\/a><\/li>\n<li><a title=\"Tratamientos faciales\" href=\"http:\/\/premiermedicalgrp.com\/es\/services\/facial-plastics\/facials\/\" target=\"_blank\" rel=\"noopener noreferrer\">Tratamientos faciales<\/a><\/li>\n<li><a title=\"Constituir\" href=\"http:\/\/premiermedicalgrp.com\/es\/services\/facial-plastics\/makeup\/\" target=\"_blank\" rel=\"noopener noreferrer\">Constituir<\/a><\/li>\n<\/ul>\n<p>&nbsp;<\/p>","protected":false},"excerpt":{"rendered":"<p>Through the office of Valerie Vick, M.D. F.A.C.S., our Eye &amp; Face Aesthetic Center provides a variety of laser and medical treatments to suit your needs along with treatments that improve specific skin conditions and rejuvenate the overall health and appearance of your skin. Call TODAY!!!\u00a0 \u00a0 251-470-8906 &nbsp; SOME OF OUR PROCEDURES AND SERVICES [&hellip;]<\/p>\n","protected":false},"author":1,"featured_media":0,"parent":77,"menu_order":99,"comment_status":"closed","ping_status":"closed","template":"","meta":{"_acf_changed":false,"footnotes":""},"class_list":["post-165","page","type-page","status-publish","hentry"],"acf":[],"yoast_head":"<!-- This site is optimized with the Yoast SEO plugin v27.3 - https:\/\/yoast.com\/product\/yoast-seo-wordpress\/ -->\n<title>Eye &amp; Face Aesthetic Center - Premier Medical Group - Laser, Skin<\/title>\n<meta name=\"description\" content=\"Click to find out about our variety of laser and medical treatments. For better looking skin and overall health, visit our Eye &amp; Face Aesthetics Center.\" \/>\n<meta name=\"robots\" content=\"index, follow, max-snippet:-1, max-image-preview:large, max-video-preview:-1\" \/>\n<link rel=\"canonical\" href=\"https:\/\/premiermedicalgrp.com\/es\/services\/facial-plastics\/\" \/>\n<meta property=\"og:locale\" content=\"es_MX\" \/>\n<meta property=\"og:type\" content=\"article\" \/>\n<meta property=\"og:title\" content=\"Eye &amp; Face Aesthetic Center - Premier Medical Group - Laser, Skin\" \/>\n<meta property=\"og:description\" content=\"Click to find out about our variety of laser and medical treatments. For better looking skin and overall health, visit our Eye &amp; Face Aesthetics Center.\" \/>\n<meta property=\"og:url\" content=\"https:\/\/premiermedicalgrp.com\/es\/services\/facial-plastics\/\" \/>\n<meta property=\"og:site_name\" content=\"Premier Medical Group | Eye &amp; ENT Specialists\" \/>\n<meta property=\"article:modified_time\" content=\"2021-02-08T23:03:07+00:00\" \/>\n<meta property=\"og:image\" content=\"http:\/\/premiermedicalgrp.com\/wp-content\/uploads\/2016\/08\/DSC_0179-Edit-200x300.jpg\" \/>\n<script type=\"application\/ld+json\" class=\"yoast-schema-graph\">{\"@context\":\"https:\\\/\\\/schema.org\",\"@graph\":[{\"@type\":\"WebPage\",\"@id\":\"https:\\\/\\\/premiermedicalgrp.com\\\/services\\\/facial-plastics\\\/\",\"url\":\"https:\\\/\\\/premiermedicalgrp.com\\\/services\\\/facial-plastics\\\/\",\"name\":\"Eye & Face Aesthetic Center - Premier Medical Group - Laser, Skin\",\"isPartOf\":{\"@id\":\"https:\\\/\\\/pmg2024.wpenginepowered.com\\\/#website\"},\"primaryImageOfPage\":{\"@id\":\"https:\\\/\\\/premiermedicalgrp.com\\\/services\\\/facial-plastics\\\/#primaryimage\"},\"image\":{\"@id\":\"https:\\\/\\\/premiermedicalgrp.com\\\/services\\\/facial-plastics\\\/#primaryimage\"},\"thumbnailUrl\":\"http:\\\/\\\/premiermedicalgrp.com\\\/wp-content\\\/uploads\\\/2016\\\/08\\\/DSC_0179-Edit-200x300.jpg\",\"datePublished\":\"2013-12-30T17:34:09+00:00\",\"dateModified\":\"2021-02-08T23:03:07+00:00\",\"description\":\"Click to find out about our variety of laser and medical treatments. For better looking skin and overall health, visit our Eye & Face Aesthetics Center.\",\"breadcrumb\":{\"@id\":\"https:\\\/\\\/premiermedicalgrp.com\\\/services\\\/facial-plastics\\\/#breadcrumb\"},\"inLanguage\":\"es\",\"potentialAction\":[{\"@type\":\"ReadAction\",\"target\":[\"https:\\\/\\\/premiermedicalgrp.com\\\/services\\\/facial-plastics\\\/\"]}]},{\"@type\":\"ImageObject\",\"inLanguage\":\"es\",\"@id\":\"https:\\\/\\\/premiermedicalgrp.com\\\/services\\\/facial-plastics\\\/#primaryimage\",\"url\":\"http:\\\/\\\/premiermedicalgrp.com\\\/wp-content\\\/uploads\\\/2016\\\/08\\\/DSC_0179-Edit-200x300.jpg\",\"contentUrl\":\"http:\\\/\\\/premiermedicalgrp.com\\\/wp-content\\\/uploads\\\/2016\\\/08\\\/DSC_0179-Edit-200x300.jpg\"},{\"@type\":\"BreadcrumbList\",\"@id\":\"https:\\\/\\\/premiermedicalgrp.com\\\/services\\\/facial-plastics\\\/#breadcrumb\",\"itemListElement\":[{\"@type\":\"ListItem\",\"position\":1,\"name\":\"Home\",\"item\":\"https:\\\/\\\/premiermedicalgrp.com\\\/\"},{\"@type\":\"ListItem\",\"position\":2,\"name\":\"Our Services\",\"item\":\"https:\\\/\\\/premiermedicalgrp.com\\\/services\\\/\"},{\"@type\":\"ListItem\",\"position\":3,\"name\":\"Eye &#038; Face Aesthetic Center\"}]},{\"@type\":\"WebSite\",\"@id\":\"https:\\\/\\\/pmg2024.wpenginepowered.com\\\/#website\",\"url\":\"https:\\\/\\\/pmg2024.wpenginepowered.com\\\/\",\"name\":\"Premier Medical Group | Eye &amp; ENT Specialists\",\"description\":\"Premier Medical Group | Eye &amp; ENT Specialists\",\"potentialAction\":[{\"@type\":\"SearchAction\",\"target\":{\"@type\":\"EntryPoint\",\"urlTemplate\":\"https:\\\/\\\/pmg2024.wpenginepowered.com\\\/?s={search_term_string}\"},\"query-input\":{\"@type\":\"PropertyValueSpecification\",\"valueRequired\":true,\"valueName\":\"search_term_string\"}}],\"inLanguage\":\"es\"}]}<\/script>\n<!-- \/ Yoast SEO plugin. -->","yoast_head_json":{"title":"Eye & Face Aesthetic Center - Premier Medical Group - Laser, Skin","description":"Click to find out about our variety of laser and medical treatments. For better looking skin and overall health, visit our Eye & Face Aesthetics Center.","robots":{"index":"index","follow":"follow","max-snippet":"max-snippet:-1","max-image-preview":"max-image-preview:large","max-video-preview":"max-video-preview:-1"},"canonical":"https:\/\/premiermedicalgrp.com\/es\/services\/facial-plastics\/","og_locale":"es_MX","og_type":"article","og_title":"Eye & Face Aesthetic Center - Premier Medical Group - Laser, Skin","og_description":"Click to find out about our variety of laser and medical treatments. For better looking skin and overall health, visit our Eye & Face Aesthetics Center.","og_url":"https:\/\/premiermedicalgrp.com\/es\/services\/facial-plastics\/","og_site_name":"Premier Medical Group | Eye &amp; ENT Specialists","article_modified_time":"2021-02-08T23:03:07+00:00","og_image":[{"url":"http:\/\/premiermedicalgrp.com\/wp-content\/uploads\/2016\/08\/DSC_0179-Edit-200x300.jpg","type":"","width":"","height":""}],"schema":{"@context":"https:\/\/schema.org","@graph":[{"@type":"WebPage","@id":"https:\/\/premiermedicalgrp.com\/services\/facial-plastics\/","url":"https:\/\/premiermedicalgrp.com\/services\/facial-plastics\/","name":"Eye & Face Aesthetic Center - Premier Medical Group - Laser, Skin","isPartOf":{"@id":"https:\/\/pmg2024.wpenginepowered.com\/#website"},"primaryImageOfPage":{"@id":"https:\/\/premiermedicalgrp.com\/services\/facial-plastics\/#primaryimage"},"image":{"@id":"https:\/\/premiermedicalgrp.com\/services\/facial-plastics\/#primaryimage"},"thumbnailUrl":"http:\/\/premiermedicalgrp.com\/wp-content\/uploads\/2016\/08\/DSC_0179-Edit-200x300.jpg","datePublished":"2013-12-30T17:34:09+00:00","dateModified":"2021-02-08T23:03:07+00:00","description":"Click to find out about our variety of laser and medical treatments. For better looking skin and overall health, visit our Eye & Face Aesthetics Center.","breadcrumb":{"@id":"https:\/\/premiermedicalgrp.com\/services\/facial-plastics\/#breadcrumb"},"inLanguage":"es","potentialAction":[{"@type":"ReadAction","target":["https:\/\/premiermedicalgrp.com\/services\/facial-plastics\/"]}]},{"@type":"ImageObject","inLanguage":"es","@id":"https:\/\/premiermedicalgrp.com\/services\/facial-plastics\/#primaryimage","url":"http:\/\/premiermedicalgrp.com\/wp-content\/uploads\/2016\/08\/DSC_0179-Edit-200x300.jpg","contentUrl":"http:\/\/premiermedicalgrp.com\/wp-content\/uploads\/2016\/08\/DSC_0179-Edit-200x300.jpg"},{"@type":"BreadcrumbList","@id":"https:\/\/premiermedicalgrp.com\/services\/facial-plastics\/#breadcrumb","itemListElement":[{"@type":"ListItem","position":1,"name":"Home","item":"https:\/\/premiermedicalgrp.com\/"},{"@type":"ListItem","position":2,"name":"Our Services","item":"https:\/\/premiermedicalgrp.com\/services\/"},{"@type":"ListItem","position":3,"name":"Eye &#038; Face Aesthetic Center"}]},{"@type":"WebSite","@id":"https:\/\/pmg2024.wpenginepowered.com\/#website","url":"https:\/\/pmg2024.wpenginepowered.com\/","name":"Premier Medical Group | Especialistas en otorrinolaringolog\u00eda y oftalmolog\u00eda","description":"Premier Medical Group | Especialistas en otorrinolaringolog\u00eda y oftalmolog\u00eda","potentialAction":[{"@type":"SearchAction","target":{"@type":"EntryPoint","urlTemplate":"https:\/\/pmg2024.wpenginepowered.com\/?s={search_term_string}"},"query-input":{"@type":"PropertyValueSpecification","valueRequired":true,"valueName":"search_term_string"}}],"inLanguage":"es"}]}},"_links":{"self":[{"href":"https:\/\/premiermedicalgrp.com\/es\/wp-json\/wp\/v2\/pages\/165","targetHints":{"allow":["GET"]}}],"collection":[{"href":"https:\/\/premiermedicalgrp.com\/es\/wp-json\/wp\/v2\/pages"}],"about":[{"href":"https:\/\/premiermedicalgrp.com\/es\/wp-json\/wp\/v2\/types\/page"}],"author":[{"embeddable":true,"href":"https:\/\/premiermedicalgrp.com\/es\/wp-json\/wp\/v2\/users\/1"}],"replies":[{"embeddable":true,"href":"https:\/\/premiermedicalgrp.com\/es\/wp-json\/wp\/v2\/comments?post=165"}],"version-history":[{"count":0,"href":"https:\/\/premiermedicalgrp.com\/es\/wp-json\/wp\/v2\/pages\/165\/revisions"}],"up":[{"embeddable":true,"href":"https:\/\/premiermedicalgrp.com\/es\/wp-json\/wp\/v2\/pages\/77"}],"wp:attachment":[{"href":"https:\/\/premiermedicalgrp.com\/es\/wp-json\/wp\/v2\/media?parent=165"}],"curies":[{"name":"wp","href":"https:\/\/api.w.org\/{rel}","templated":true}]}}