{"id":167,"date":"2013-12-30T17:34:47","date_gmt":"2013-12-30T17:34:47","guid":{"rendered":"\/?page_id=167"},"modified":"2014-06-26T10:57:30","modified_gmt":"2014-06-26T15:57:30","slug":"rhinoplasty","status":"publish","type":"page","link":"https:\/\/premiermedicalgrp.com\/es\/services\/ent\/rhinoplasty\/","title":{"rendered":"Rinoplastia"},"content":{"rendered":"<p><span style=\"color: #000000;\"><strong>Rinoplastia<\/strong> \u2013 Cirug\u00eda de nariz que remodela la nariz para mejorar su apariencia y proporci\u00f3n.<\/span><\/p>\n<p><span style=\"color: #000000;\">La rinoplastia, o cirug\u00eda de nariz, se realiza para remodelar la nariz y mejorar su apariencia y proporci\u00f3n, o en algunos casos, para corregir un problema respiratorio.<\/span><\/p>\n<p><span style=\"color: #000000;\">Si bien la forma de la nariz suele ser hereditaria, un accidente o una lesi\u00f3n pueden haber alterado su apariencia. En ambos casos, la rinoplastia puede mejorar el ancho, el tama\u00f1o y la forma de la nariz para lograr una armon\u00eda facial y mejorar el perfil.<\/span><\/p>\n<p><span style=\"color: #000000;\">La cirug\u00eda de nariz tambi\u00e9n puede corregir problemas respiratorios causados por anomal\u00edas estructurales en la nariz. Se pueden eliminar los obst\u00e1culos en la v\u00eda respiratoria nasal para crear una menor resistencia al aire que entra y sale por las fosas nasales.<\/span><\/p>\n<p><span style=\"color: #000000;\">La mayor\u00eda de las personas son candidatas para la rinoplastia, sin embargo, una consulta con su otorrinolaring\u00f3logo determinar\u00e1 su idoneidad para el procedimiento.<\/span><\/p>\n<p>&nbsp;<\/p>","protected":false},"excerpt":{"rendered":"<p>Rhinoplasty \u2013\u00a0Nose surgery that reshapes the nose to improve its appearance and proportion Rhinoplasty, or nose surgery, is performed to reshape the nose to improve its appearance and proportion, or in some cases, to correct a breathing problem. While the shape of your nose is usually inherited, an accident or injury may have altered its [&hellip;]<\/p>\n","protected":false},"author":1,"featured_media":0,"parent":105,"menu_order":89,"comment_status":"closed","ping_status":"closed","template":"","meta":{"_acf_changed":false,"footnotes":""},"class_list":["post-167","page","type-page","status-publish","hentry"],"acf":[],"yoast_head":"<!-- This site is optimized with the Yoast SEO plugin v27.3 - https:\/\/yoast.com\/product\/yoast-seo-wordpress\/ -->\n<title>Rhinoplasty - Premier Medical Group - Surgery, Reshape, Appearance<\/title>\n<meta name=\"description\" content=\"Click and read about Rhinoplasty. Surgery to help reshape the nose and improve appearance is rather common. Learn how Premier Medical Group can help you.\" \/>\n<meta name=\"robots\" content=\"index, follow, max-snippet:-1, max-image-preview:large, max-video-preview:-1\" \/>\n<link rel=\"canonical\" href=\"https:\/\/premiermedicalgrp.com\/es\/services\/ent\/rhinoplasty\/\" \/>\n<meta property=\"og:locale\" content=\"es_MX\" \/>\n<meta property=\"og:type\" content=\"article\" \/>\n<meta property=\"og:title\" content=\"Rhinoplasty - Premier Medical Group - Surgery, Reshape, Appearance\" \/>\n<meta property=\"og:description\" content=\"Click and read about Rhinoplasty. Surgery to help reshape the nose and improve appearance is rather common. Learn how Premier Medical Group can help you.\" \/>\n<meta property=\"og:url\" content=\"https:\/\/premiermedicalgrp.com\/es\/services\/ent\/rhinoplasty\/\" \/>\n<meta property=\"og:site_name\" content=\"Premier Medical Group | Eye &amp; ENT Specialists\" \/>\n<meta property=\"article:modified_time\" content=\"2014-06-26T15:57:30+00:00\" \/>\n<meta name=\"twitter:label1\" content=\"Est. reading time\" \/>\n\t<meta name=\"twitter:data1\" content=\"1 minuto\" \/>\n<script type=\"application\/ld+json\" class=\"yoast-schema-graph\">{\"@context\":\"https:\\\/\\\/schema.org\",\"@graph\":[{\"@type\":\"WebPage\",\"@id\":\"https:\\\/\\\/premiermedicalgrp.com\\\/services\\\/ent\\\/rhinoplasty\\\/\",\"url\":\"https:\\\/\\\/premiermedicalgrp.com\\\/services\\\/ent\\\/rhinoplasty\\\/\",\"name\":\"Rhinoplasty - Premier Medical Group - Surgery, Reshape, Appearance\",\"isPartOf\":{\"@id\":\"https:\\\/\\\/pmg2024.wpenginepowered.com\\\/#website\"},\"datePublished\":\"2013-12-30T17:34:47+00:00\",\"dateModified\":\"2014-06-26T15:57:30+00:00\",\"description\":\"Click and read about Rhinoplasty. Surgery to help reshape the nose and improve appearance is rather common. Learn how Premier Medical Group can help you.\",\"breadcrumb\":{\"@id\":\"https:\\\/\\\/premiermedicalgrp.com\\\/services\\\/ent\\\/rhinoplasty\\\/#breadcrumb\"},\"inLanguage\":\"es\",\"potentialAction\":[{\"@type\":\"ReadAction\",\"target\":[\"https:\\\/\\\/premiermedicalgrp.com\\\/services\\\/ent\\\/rhinoplasty\\\/\"]}]},{\"@type\":\"BreadcrumbList\",\"@id\":\"https:\\\/\\\/premiermedicalgrp.com\\\/services\\\/ent\\\/rhinoplasty\\\/#breadcrumb\",\"itemListElement\":[{\"@type\":\"ListItem\",\"position\":1,\"name\":\"Home\",\"item\":\"https:\\\/\\\/premiermedicalgrp.com\\\/\"},{\"@type\":\"ListItem\",\"position\":2,\"name\":\"Our Services\",\"item\":\"https:\\\/\\\/premiermedicalgrp.com\\\/services\\\/\"},{\"@type\":\"ListItem\",\"position\":3,\"name\":\"ENT Services\",\"item\":\"https:\\\/\\\/premiermedicalgrp.com\\\/services\\\/ent\\\/\"},{\"@type\":\"ListItem\",\"position\":4,\"name\":\"Rhinoplasty\"}]},{\"@type\":\"WebSite\",\"@id\":\"https:\\\/\\\/pmg2024.wpenginepowered.com\\\/#website\",\"url\":\"https:\\\/\\\/pmg2024.wpenginepowered.com\\\/\",\"name\":\"Premier Medical Group | Eye &amp; ENT Specialists\",\"description\":\"Premier Medical Group | Eye &amp; ENT Specialists\",\"potentialAction\":[{\"@type\":\"SearchAction\",\"target\":{\"@type\":\"EntryPoint\",\"urlTemplate\":\"https:\\\/\\\/pmg2024.wpenginepowered.com\\\/?s={search_term_string}\"},\"query-input\":{\"@type\":\"PropertyValueSpecification\",\"valueRequired\":true,\"valueName\":\"search_term_string\"}}],\"inLanguage\":\"es\"}]}<\/script>\n<!-- \/ Yoast SEO plugin. -->","yoast_head_json":{"title":"Rhinoplasty - Premier Medical Group - Surgery, Reshape, Appearance","description":"Click and read about Rhinoplasty. Surgery to help reshape the nose and improve appearance is rather common. Learn how Premier Medical Group can help you.","robots":{"index":"index","follow":"follow","max-snippet":"max-snippet:-1","max-image-preview":"max-image-preview:large","max-video-preview":"max-video-preview:-1"},"canonical":"https:\/\/premiermedicalgrp.com\/es\/services\/ent\/rhinoplasty\/","og_locale":"es_MX","og_type":"article","og_title":"Rhinoplasty - Premier Medical Group - Surgery, Reshape, Appearance","og_description":"Click and read about Rhinoplasty. Surgery to help reshape the nose and improve appearance is rather common. Learn how Premier Medical Group can help you.","og_url":"https:\/\/premiermedicalgrp.com\/es\/services\/ent\/rhinoplasty\/","og_site_name":"Premier Medical Group | Eye &amp; ENT Specialists","article_modified_time":"2014-06-26T15:57:30+00:00","twitter_misc":{"Est. reading time":"1 minuto"},"schema":{"@context":"https:\/\/schema.org","@graph":[{"@type":"WebPage","@id":"https:\/\/premiermedicalgrp.com\/services\/ent\/rhinoplasty\/","url":"https:\/\/premiermedicalgrp.com\/services\/ent\/rhinoplasty\/","name":"Rhinoplasty - Premier Medical Group - Surgery, Reshape, Appearance","isPartOf":{"@id":"https:\/\/pmg2024.wpenginepowered.com\/#website"},"datePublished":"2013-12-30T17:34:47+00:00","dateModified":"2014-06-26T15:57:30+00:00","description":"Click and read about Rhinoplasty. Surgery to help reshape the nose and improve appearance is rather common. Learn how Premier Medical Group can help you.","breadcrumb":{"@id":"https:\/\/premiermedicalgrp.com\/services\/ent\/rhinoplasty\/#breadcrumb"},"inLanguage":"es","potentialAction":[{"@type":"ReadAction","target":["https:\/\/premiermedicalgrp.com\/services\/ent\/rhinoplasty\/"]}]},{"@type":"BreadcrumbList","@id":"https:\/\/premiermedicalgrp.com\/services\/ent\/rhinoplasty\/#breadcrumb","itemListElement":[{"@type":"ListItem","position":1,"name":"Home","item":"https:\/\/premiermedicalgrp.com\/"},{"@type":"ListItem","position":2,"name":"Our Services","item":"https:\/\/premiermedicalgrp.com\/services\/"},{"@type":"ListItem","position":3,"name":"ENT Services","item":"https:\/\/premiermedicalgrp.com\/services\/ent\/"},{"@type":"ListItem","position":4,"name":"Rhinoplasty"}]},{"@type":"WebSite","@id":"https:\/\/pmg2024.wpenginepowered.com\/#website","url":"https:\/\/pmg2024.wpenginepowered.com\/","name":"Premier Medical Group | Especialistas en otorrinolaringolog\u00eda y oftalmolog\u00eda","description":"Premier Medical Group | Especialistas en otorrinolaringolog\u00eda y oftalmolog\u00eda","potentialAction":[{"@type":"SearchAction","target":{"@type":"EntryPoint","urlTemplate":"https:\/\/pmg2024.wpenginepowered.com\/?s={search_term_string}"},"query-input":{"@type":"PropertyValueSpecification","valueRequired":true,"valueName":"search_term_string"}}],"inLanguage":"es"}]}},"_links":{"self":[{"href":"https:\/\/premiermedicalgrp.com\/es\/wp-json\/wp\/v2\/pages\/167","targetHints":{"allow":["GET"]}}],"collection":[{"href":"https:\/\/premiermedicalgrp.com\/es\/wp-json\/wp\/v2\/pages"}],"about":[{"href":"https:\/\/premiermedicalgrp.com\/es\/wp-json\/wp\/v2\/types\/page"}],"author":[{"embeddable":true,"href":"https:\/\/premiermedicalgrp.com\/es\/wp-json\/wp\/v2\/users\/1"}],"replies":[{"embeddable":true,"href":"https:\/\/premiermedicalgrp.com\/es\/wp-json\/wp\/v2\/comments?post=167"}],"version-history":[{"count":0,"href":"https:\/\/premiermedicalgrp.com\/es\/wp-json\/wp\/v2\/pages\/167\/revisions"}],"up":[{"embeddable":true,"href":"https:\/\/premiermedicalgrp.com\/es\/wp-json\/wp\/v2\/pages\/105"}],"wp:attachment":[{"href":"https:\/\/premiermedicalgrp.com\/es\/wp-json\/wp\/v2\/media?parent=167"}],"curies":[{"name":"wp","href":"https:\/\/api.w.org\/{rel}","templated":true}]}}