{"id":1726,"date":"2014-06-06T12:54:40","date_gmt":"2014-06-06T17:54:40","guid":{"rendered":"http:\/\/pmg2024.wpenginepowered.com\/?page_id=1726"},"modified":"2019-09-04T13:53:34","modified_gmt":"2019-09-04T18:53:34","slug":"yag-capsulotomy","status":"publish","type":"page","link":"https:\/\/premiermedicalgrp.com\/es\/services\/eye\/ophthalmology\/cataract-2\/yag-capsulotomy\/","title":{"rendered":"Capsulotom\u00eda YAG"},"content":{"rendered":"<p><span style=\"color: #000000;\">Despu\u00e9s de la cirug\u00eda de cataratas, algunas personas notan una opacidad (a veces llamada poscatarata) despu\u00e9s de varios meses o a\u00f1os. En algunas personas, puede volverse muy densa y causar una p\u00e9rdida de visi\u00f3n igual o mayor que la de la catarata original.<\/span><\/p>\n<p><span style=\"color: #000000;\">Se utiliza un l\u00e1ser para cortar un orificio en el revestimiento opaco de la c\u00e1psula del cristalino y permitir que la luz pase a trav\u00e9s de la membrana hasta la retina, en la parte posterior del ojo. La capsulotom\u00eda posterior con l\u00e1ser YAG reduce el deslumbramiento y mejora la visi\u00f3n. Permite que la luz pase a trav\u00e9s de las regiones opacas de la c\u00e1psula del cristalino que pueden desarrollarse despu\u00e9s de la cirug\u00eda de cataratas.<\/span><\/p>","protected":false},"excerpt":{"rendered":"<p>After cataract surgery, some people notice cloudiness (sometimes called aftercataract) after several months or years.\u00a0 In some people, it can become very dense and cause as much or more vision loss as the original cataract. A laser is used to cut a hole in the clouded back lining of the lens capsule to allow light [&hellip;]<\/p>\n","protected":false},"author":1,"featured_media":0,"parent":1731,"menu_order":31,"comment_status":"closed","ping_status":"closed","template":"","meta":{"_acf_changed":false,"footnotes":""},"class_list":["post-1726","page","type-page","status-publish","hentry"],"acf":[],"yoast_head":"<!-- This site is optimized with the Yoast SEO plugin v27.3 - https:\/\/yoast.com\/product\/yoast-seo-wordpress\/ -->\n<title>YAG Capsulotomy - Premier Medical Group - Cataract, Eye, Glare, Vision<\/title>\n<meta name=\"description\" content=\"What is YAG Capsulotomy? Learn about the post-cataract surgery condition that is often described by cloudiness. Discover what procedure can help you.\" \/>\n<meta name=\"robots\" content=\"index, follow, max-snippet:-1, max-image-preview:large, max-video-preview:-1\" \/>\n<link rel=\"canonical\" href=\"https:\/\/premiermedicalgrp.com\/es\/services\/eye\/ophthalmology\/cataract-2\/yag-capsulotomy\/\" \/>\n<meta property=\"og:locale\" content=\"es_MX\" \/>\n<meta property=\"og:type\" content=\"article\" \/>\n<meta property=\"og:title\" content=\"YAG Capsulotomy - Premier Medical Group - Cataract, Eye, Glare, Vision\" \/>\n<meta property=\"og:description\" content=\"What is YAG Capsulotomy? Learn about the post-cataract surgery condition that is often described by cloudiness. Discover what procedure can help you.\" \/>\n<meta property=\"og:url\" content=\"https:\/\/premiermedicalgrp.com\/es\/services\/eye\/ophthalmology\/cataract-2\/yag-capsulotomy\/\" \/>\n<meta property=\"og:site_name\" content=\"Premier Medical Group | Eye &amp; ENT Specialists\" \/>\n<meta property=\"article:modified_time\" content=\"2019-09-04T18:53:34+00:00\" \/>\n<script type=\"application\/ld+json\" class=\"yoast-schema-graph\">{\"@context\":\"https:\\\/\\\/schema.org\",\"@graph\":[{\"@type\":\"WebPage\",\"@id\":\"https:\\\/\\\/premiermedicalgrp.com\\\/services\\\/eye\\\/ophthalmology\\\/cataract-2\\\/yag-capsulotomy\\\/\",\"url\":\"https:\\\/\\\/premiermedicalgrp.com\\\/services\\\/eye\\\/ophthalmology\\\/cataract-2\\\/yag-capsulotomy\\\/\",\"name\":\"YAG Capsulotomy - Premier Medical Group - Cataract, Eye, Glare, Vision\",\"isPartOf\":{\"@id\":\"https:\\\/\\\/pmg2024.wpenginepowered.com\\\/#website\"},\"datePublished\":\"2014-06-06T17:54:40+00:00\",\"dateModified\":\"2019-09-04T18:53:34+00:00\",\"description\":\"What is YAG Capsulotomy? Learn about the post-cataract surgery condition that is often described by cloudiness. Discover what procedure can help you.\",\"breadcrumb\":{\"@id\":\"https:\\\/\\\/premiermedicalgrp.com\\\/services\\\/eye\\\/ophthalmology\\\/cataract-2\\\/yag-capsulotomy\\\/#breadcrumb\"},\"inLanguage\":\"es\",\"potentialAction\":[{\"@type\":\"ReadAction\",\"target\":[\"https:\\\/\\\/premiermedicalgrp.com\\\/services\\\/eye\\\/ophthalmology\\\/cataract-2\\\/yag-capsulotomy\\\/\"]}]},{\"@type\":\"BreadcrumbList\",\"@id\":\"https:\\\/\\\/premiermedicalgrp.com\\\/services\\\/eye\\\/ophthalmology\\\/cataract-2\\\/yag-capsulotomy\\\/#breadcrumb\",\"itemListElement\":[{\"@type\":\"ListItem\",\"position\":1,\"name\":\"Home\",\"item\":\"https:\\\/\\\/premiermedicalgrp.com\\\/\"},{\"@type\":\"ListItem\",\"position\":2,\"name\":\"Our Services\",\"item\":\"https:\\\/\\\/premiermedicalgrp.com\\\/services\\\/\"},{\"@type\":\"ListItem\",\"position\":3,\"name\":\"Eye Services\",\"item\":\"https:\\\/\\\/premiermedicalgrp.com\\\/services\\\/eye\\\/\"},{\"@type\":\"ListItem\",\"position\":4,\"name\":\"Ophthalmology\",\"item\":\"https:\\\/\\\/premiermedicalgrp.com\\\/services\\\/eye\\\/ophthalmology\\\/\"},{\"@type\":\"ListItem\",\"position\":5,\"name\":\"Cataract\",\"item\":\"https:\\\/\\\/premiermedicalgrp.com\\\/services\\\/eye\\\/ophthalmology\\\/cataract-2\\\/\"},{\"@type\":\"ListItem\",\"position\":6,\"name\":\"YAG Capsulotomy\"}]},{\"@type\":\"WebSite\",\"@id\":\"https:\\\/\\\/pmg2024.wpenginepowered.com\\\/#website\",\"url\":\"https:\\\/\\\/pmg2024.wpenginepowered.com\\\/\",\"name\":\"Premier Medical Group | Eye &amp; ENT Specialists\",\"description\":\"Premier Medical Group | Eye &amp; ENT Specialists\",\"potentialAction\":[{\"@type\":\"SearchAction\",\"target\":{\"@type\":\"EntryPoint\",\"urlTemplate\":\"https:\\\/\\\/pmg2024.wpenginepowered.com\\\/?s={search_term_string}\"},\"query-input\":{\"@type\":\"PropertyValueSpecification\",\"valueRequired\":true,\"valueName\":\"search_term_string\"}}],\"inLanguage\":\"es\"}]}<\/script>\n<!-- \/ Yoast SEO plugin. -->","yoast_head_json":{"title":"YAG Capsulotomy - Premier Medical Group - Cataract, Eye, Glare, Vision","description":"What is YAG Capsulotomy? Learn about the post-cataract surgery condition that is often described by cloudiness. Discover what procedure can help you.","robots":{"index":"index","follow":"follow","max-snippet":"max-snippet:-1","max-image-preview":"max-image-preview:large","max-video-preview":"max-video-preview:-1"},"canonical":"https:\/\/premiermedicalgrp.com\/es\/services\/eye\/ophthalmology\/cataract-2\/yag-capsulotomy\/","og_locale":"es_MX","og_type":"article","og_title":"YAG Capsulotomy - Premier Medical Group - Cataract, Eye, Glare, Vision","og_description":"What is YAG Capsulotomy? Learn about the post-cataract surgery condition that is often described by cloudiness. Discover what procedure can help you.","og_url":"https:\/\/premiermedicalgrp.com\/es\/services\/eye\/ophthalmology\/cataract-2\/yag-capsulotomy\/","og_site_name":"Premier Medical Group | Eye &amp; ENT Specialists","article_modified_time":"2019-09-04T18:53:34+00:00","schema":{"@context":"https:\/\/schema.org","@graph":[{"@type":"WebPage","@id":"https:\/\/premiermedicalgrp.com\/services\/eye\/ophthalmology\/cataract-2\/yag-capsulotomy\/","url":"https:\/\/premiermedicalgrp.com\/services\/eye\/ophthalmology\/cataract-2\/yag-capsulotomy\/","name":"YAG Capsulotomy - Premier Medical Group - Cataract, Eye, Glare, Vision","isPartOf":{"@id":"https:\/\/pmg2024.wpenginepowered.com\/#website"},"datePublished":"2014-06-06T17:54:40+00:00","dateModified":"2019-09-04T18:53:34+00:00","description":"What is YAG Capsulotomy? Learn about the post-cataract surgery condition that is often described by cloudiness. Discover what procedure can help you.","breadcrumb":{"@id":"https:\/\/premiermedicalgrp.com\/services\/eye\/ophthalmology\/cataract-2\/yag-capsulotomy\/#breadcrumb"},"inLanguage":"es","potentialAction":[{"@type":"ReadAction","target":["https:\/\/premiermedicalgrp.com\/services\/eye\/ophthalmology\/cataract-2\/yag-capsulotomy\/"]}]},{"@type":"BreadcrumbList","@id":"https:\/\/premiermedicalgrp.com\/services\/eye\/ophthalmology\/cataract-2\/yag-capsulotomy\/#breadcrumb","itemListElement":[{"@type":"ListItem","position":1,"name":"Home","item":"https:\/\/premiermedicalgrp.com\/"},{"@type":"ListItem","position":2,"name":"Our Services","item":"https:\/\/premiermedicalgrp.com\/services\/"},{"@type":"ListItem","position":3,"name":"Eye Services","item":"https:\/\/premiermedicalgrp.com\/services\/eye\/"},{"@type":"ListItem","position":4,"name":"Ophthalmology","item":"https:\/\/premiermedicalgrp.com\/services\/eye\/ophthalmology\/"},{"@type":"ListItem","position":5,"name":"Cataract","item":"https:\/\/premiermedicalgrp.com\/services\/eye\/ophthalmology\/cataract-2\/"},{"@type":"ListItem","position":6,"name":"YAG Capsulotomy"}]},{"@type":"WebSite","@id":"https:\/\/pmg2024.wpenginepowered.com\/#website","url":"https:\/\/pmg2024.wpenginepowered.com\/","name":"Premier Medical Group | Especialistas en otorrinolaringolog\u00eda y oftalmolog\u00eda","description":"Premier Medical Group | Especialistas en otorrinolaringolog\u00eda y oftalmolog\u00eda","potentialAction":[{"@type":"SearchAction","target":{"@type":"EntryPoint","urlTemplate":"https:\/\/pmg2024.wpenginepowered.com\/?s={search_term_string}"},"query-input":{"@type":"PropertyValueSpecification","valueRequired":true,"valueName":"search_term_string"}}],"inLanguage":"es"}]}},"_links":{"self":[{"href":"https:\/\/premiermedicalgrp.com\/es\/wp-json\/wp\/v2\/pages\/1726","targetHints":{"allow":["GET"]}}],"collection":[{"href":"https:\/\/premiermedicalgrp.com\/es\/wp-json\/wp\/v2\/pages"}],"about":[{"href":"https:\/\/premiermedicalgrp.com\/es\/wp-json\/wp\/v2\/types\/page"}],"author":[{"embeddable":true,"href":"https:\/\/premiermedicalgrp.com\/es\/wp-json\/wp\/v2\/users\/1"}],"replies":[{"embeddable":true,"href":"https:\/\/premiermedicalgrp.com\/es\/wp-json\/wp\/v2\/comments?post=1726"}],"version-history":[{"count":0,"href":"https:\/\/premiermedicalgrp.com\/es\/wp-json\/wp\/v2\/pages\/1726\/revisions"}],"up":[{"embeddable":true,"href":"https:\/\/premiermedicalgrp.com\/es\/wp-json\/wp\/v2\/pages\/1731"}],"wp:attachment":[{"href":"https:\/\/premiermedicalgrp.com\/es\/wp-json\/wp\/v2\/media?parent=1726"}],"curies":[{"name":"wp","href":"https:\/\/api.w.org\/{rel}","templated":true}]}}