{"id":1739,"date":"2014-06-06T13:16:05","date_gmt":"2014-06-06T18:16:05","guid":{"rendered":"http:\/\/pmg2024.wpenginepowered.com\/?page_id=1739"},"modified":"2021-02-12T15:57:29","modified_gmt":"2021-02-12T21:57:29","slug":"lasik","status":"publish","type":"page","link":"https:\/\/premiermedicalgrp.com\/es\/services\/eye\/ophthalmology\/laser-vision\/lasik\/","title":{"rendered":"LASIK"},"content":{"rendered":"<p>&nbsp;<\/p>\n<div class=\"rgg-container\" data-rgg-id=\"1\">    <div class=\"rgg-imagegrid captions-title captions-effect-none\" data-rgg-id=\"1\">\n                    <a href=\"https:\/\/premiermedicalgrp.com\/wp-content\/uploads\/2013\/12\/PRM-2020-Richard-J-Duffey.jpg\" data-rel=\"rgg\" rel=\"rgg\" title=\"Dr. Richard J. Duffey\" class=\"rgg-disabled size-medium rgg-img\" data-src=\"https:\/\/premiermedicalgrp.com\/wp-content\/uploads\/2013\/12\/PRM-2020-Richard-J-Duffey-214x300.jpg\" data-ratio=\"0.713333333333\" data-height=\"300\" data-width=\"214\" aria-label=\"Retrato del doctor Richard J. Duffey\">\n                            <\/a>\n                    <a href=\"https:\/\/premiermedicalgrp.com\/wp-content\/uploads\/2019\/09\/PRM-2020-C-Drew-Salisbury-1.jpg\" data-rel=\"rgg\" rel=\"rgg\" title=\"Dr. C. Drew Salisbury\" class=\"rgg-disabled size-medium rgg-img\" data-src=\"https:\/\/premiermedicalgrp.com\/wp-content\/uploads\/2019\/09\/PRM-2020-C-Drew-Salisbury-1-214x300.jpg\" data-ratio=\"0.713333333333\" data-height=\"300\" data-width=\"214\" aria-label=\"C. Drew Salisbury, MD, retrato\">\n                            <\/a>\n                    <a href=\"https:\/\/premiermedicalgrp.com\/wp-content\/uploads\/2013\/12\/PRM-2020-J-Ryan-Turner.jpg\" data-rel=\"rgg\" rel=\"rgg\" title=\"Dr. J. Ryan Turner\" class=\"rgg-disabled size-medium rgg-img\" data-src=\"https:\/\/premiermedicalgrp.com\/wp-content\/uploads\/2013\/12\/PRM-2020-J-Ryan-Turner-214x300.jpg\" data-ratio=\"0.713333333333\" data-height=\"300\" data-width=\"214\" aria-label=\"Retrato del Dr. J. Ryan Turner\">\n                            <\/a>\n                    <a href=\"https:\/\/premiermedicalgrp.com\/wp-content\/uploads\/2013\/12\/PRM-2020-Christopher-James-Walton.jpg\" data-rel=\"rgg\" rel=\"rgg\" title=\"Dr. Christopher James Walton\" class=\"rgg-disabled size-medium rgg-img\" data-src=\"https:\/\/premiermedicalgrp.com\/wp-content\/uploads\/2013\/12\/PRM-2020-Christopher-James-Walton-214x300.jpg\" data-ratio=\"0.713333333333\" data-height=\"300\" data-width=\"214\" aria-label=\"Christo[her James Walton, MD foto de rostro\">\n                            <\/a>\n            <\/div>\n<\/div>\n<p><span style=\"color: #000000;\">La queratomileusis in situ asistida por l\u00e1ser (LASIK) es la forma tecnol\u00f3gicamente m\u00e1s avanzada de correcci\u00f3n de la visi\u00f3n con l\u00e1ser, dise\u00f1ada para corregir problemas de visi\u00f3n comunes.<\/span><\/p>\n<p><span style=\"color: #000000;\">El procedimiento utiliza un l\u00e1ser excimer para remodelar la c\u00f3rnea debajo de su superficie despu\u00e9s de crear un colgajo corneal superficial con una cuchilla de microqueratomo o un l\u00e1ser de femtosegundo. El colgajo se dobla hacia atr\u00e1s y la energ\u00eda del l\u00e1ser excimer se puede aplicar a las capas subyacentes de la c\u00f3rnea.<\/span><\/p>\n<p><span style=\"color: #000000;\">Este proceso produce una curaci\u00f3n m\u00e1s r\u00e1pida, ya que el 99% de los pacientes pueden volver a trabajar y a sus actividades normales a la ma\u00f1ana siguiente. La recuperaci\u00f3n funcional de la visi\u00f3n es muy r\u00e1pida, a menudo en tan solo unas horas, y permite operar ambos ojos muy cerca uno del otro o incluso en la misma visita. No se necesitan puntos ni parches oculares, y normalmente se utilizan gotas para los ojos durante aproximadamente una semana despu\u00e9s del procedimiento.<\/span><\/p>\n<p><span style=\"color: #000000;\">Su oftalm\u00f3logo de Premier Medical puede aconsejarle sobre qu\u00e9 procedimiento es mejor para sus problemas de visi\u00f3n.<\/span><\/p>\n<h3>M\u00e9dicos especialistas en LASIK<\/h3>\n<ul>\n<li><a href=\"https:\/\/premiermedicalgrp.com\/es\/physicians\/richard-duffey-md\/\">Dr. Richard J. Duffey<\/a><\/li>\n<li><a href=\"https:\/\/premiermedicalgrp.com\/es\/physicians\/c-drew-salisbury-md\/\">Dr. C. Drew Salisbury<\/a><\/li>\n<li><a href=\"https:\/\/premiermedicalgrp.com\/es\/physicians\/ryan-turner-md\/\">Dr. J. Ryan Turner<\/a><\/li>\n<li><a href=\"https:\/\/premiermedicalgrp.com\/es\/physicians\/christopher-walton-md\/\">Dr. Christopher James Walton<\/a><\/li>\n<\/ul>","protected":false},"excerpt":{"rendered":"<p>&nbsp; Laser-assisted in situ Keratomileusis (LASIK) is the most technologically advanced form of laser vision correction designed to correct common vision problems. The procedure utilizes an excimer laser to reshape the cornea beneath its surface after a superficial cornea flap is fashioned with a microkeratome blade or a femtosecond laser.\u00a0 The flap is folded back [&hellip;]<\/p>\n","protected":false},"author":1,"featured_media":0,"parent":1492,"menu_order":33,"comment_status":"closed","ping_status":"closed","template":"","meta":{"_acf_changed":false,"footnotes":""},"class_list":["post-1739","page","type-page","status-publish","hentry"],"acf":[],"yoast_head":"<!-- This site is optimized with the Yoast SEO plugin v27.4 - https:\/\/yoast.com\/product\/yoast-seo-wordpress\/ -->\n<title>LASIK Surgery | Premier Medical Group | Mobile &amp; Daphne AL<\/title>\n<meta name=\"description\" content=\"If you&#039;re interested in the best LASIK eye surgery there is to offer, look no further than the ophthalmologists at Premier Medical Group. Call today!\" \/>\n<meta name=\"robots\" content=\"index, follow, max-snippet:-1, max-image-preview:large, max-video-preview:-1\" \/>\n<link rel=\"canonical\" href=\"https:\/\/premiermedicalgrp.com\/es\/services\/eye\/ophthalmology\/laser-vision\/lasik\/\" \/>\n<meta property=\"og:locale\" content=\"es_MX\" \/>\n<meta property=\"og:type\" content=\"article\" \/>\n<meta property=\"og:title\" content=\"LASIK Surgery | Premier Medical Group | Mobile &amp; Daphne AL\" \/>\n<meta property=\"og:description\" content=\"If you&#039;re interested in the best LASIK eye surgery there is to offer, look no further than the ophthalmologists at Premier Medical Group. Call today!\" \/>\n<meta property=\"og:url\" content=\"https:\/\/premiermedicalgrp.com\/es\/services\/eye\/ophthalmology\/laser-vision\/lasik\/\" \/>\n<meta property=\"og:site_name\" content=\"Premier Medical Group | Eye &amp; ENT Specialists\" \/>\n<meta property=\"article:modified_time\" content=\"2021-02-12T21:57:29+00:00\" \/>\n<meta property=\"og:image\" content=\"https:\/\/premiermedicalgrp.com\/wp-content\/uploads\/2013\/12\/PRM-2020-Richard-J-Duffey-214x300.jpg\" \/>\n<meta name=\"twitter:label1\" content=\"Est. reading time\" \/>\n\t<meta name=\"twitter:data1\" content=\"1 minuto\" \/>\n<script type=\"application\/ld+json\" class=\"yoast-schema-graph\">{\"@context\":\"https:\\\/\\\/schema.org\",\"@graph\":[{\"@type\":\"WebPage\",\"@id\":\"https:\\\/\\\/premiermedicalgrp.com\\\/services\\\/eye\\\/ophthalmology\\\/laser-vision\\\/lasik\\\/\",\"url\":\"https:\\\/\\\/premiermedicalgrp.com\\\/services\\\/eye\\\/ophthalmology\\\/laser-vision\\\/lasik\\\/\",\"name\":\"LASIK Surgery | Premier Medical Group | Mobile & Daphne AL\",\"isPartOf\":{\"@id\":\"https:\\\/\\\/pmg2024.wpenginepowered.com\\\/#website\"},\"datePublished\":\"2014-06-06T18:16:05+00:00\",\"dateModified\":\"2021-02-12T21:57:29+00:00\",\"description\":\"If you're interested in the best LASIK eye surgery there is to offer, look no further than the ophthalmologists at Premier Medical Group. Call today!\",\"breadcrumb\":{\"@id\":\"https:\\\/\\\/premiermedicalgrp.com\\\/services\\\/eye\\\/ophthalmology\\\/laser-vision\\\/lasik\\\/#breadcrumb\"},\"inLanguage\":\"es\",\"potentialAction\":[{\"@type\":\"ReadAction\",\"target\":[\"https:\\\/\\\/premiermedicalgrp.com\\\/services\\\/eye\\\/ophthalmology\\\/laser-vision\\\/lasik\\\/\"]}]},{\"@type\":\"BreadcrumbList\",\"@id\":\"https:\\\/\\\/premiermedicalgrp.com\\\/services\\\/eye\\\/ophthalmology\\\/laser-vision\\\/lasik\\\/#breadcrumb\",\"itemListElement\":[{\"@type\":\"ListItem\",\"position\":1,\"name\":\"Home\",\"item\":\"https:\\\/\\\/premiermedicalgrp.com\\\/\"},{\"@type\":\"ListItem\",\"position\":2,\"name\":\"Our Services\",\"item\":\"https:\\\/\\\/premiermedicalgrp.com\\\/services\\\/\"},{\"@type\":\"ListItem\",\"position\":3,\"name\":\"Eye Services\",\"item\":\"https:\\\/\\\/premiermedicalgrp.com\\\/services\\\/eye\\\/\"},{\"@type\":\"ListItem\",\"position\":4,\"name\":\"Ophthalmology\",\"item\":\"https:\\\/\\\/premiermedicalgrp.com\\\/services\\\/eye\\\/ophthalmology\\\/\"},{\"@type\":\"ListItem\",\"position\":5,\"name\":\"Refractive Surgery\",\"item\":\"https:\\\/\\\/premiermedicalgrp.com\\\/services\\\/eye\\\/ophthalmology\\\/laser-vision\\\/\"},{\"@type\":\"ListItem\",\"position\":6,\"name\":\"LASIK\"}]},{\"@type\":\"WebSite\",\"@id\":\"https:\\\/\\\/pmg2024.wpenginepowered.com\\\/#website\",\"url\":\"https:\\\/\\\/pmg2024.wpenginepowered.com\\\/\",\"name\":\"Premier Medical Group | Eye &amp; ENT Specialists\",\"description\":\"Premier Medical Group | Eye &amp; ENT Specialists\",\"potentialAction\":[{\"@type\":\"SearchAction\",\"target\":{\"@type\":\"EntryPoint\",\"urlTemplate\":\"https:\\\/\\\/pmg2024.wpenginepowered.com\\\/?s={search_term_string}\"},\"query-input\":{\"@type\":\"PropertyValueSpecification\",\"valueRequired\":true,\"valueName\":\"search_term_string\"}}],\"inLanguage\":\"es\"}]}<\/script>\n<!-- \/ Yoast SEO plugin. -->","yoast_head_json":{"title":"LASIK Surgery | Premier Medical Group | Mobile & Daphne AL","description":"If you're interested in the best LASIK eye surgery there is to offer, look no further than the ophthalmologists at Premier Medical Group. Call today!","robots":{"index":"index","follow":"follow","max-snippet":"max-snippet:-1","max-image-preview":"max-image-preview:large","max-video-preview":"max-video-preview:-1"},"canonical":"https:\/\/premiermedicalgrp.com\/es\/services\/eye\/ophthalmology\/laser-vision\/lasik\/","og_locale":"es_MX","og_type":"article","og_title":"LASIK Surgery | Premier Medical Group | Mobile & Daphne AL","og_description":"If you're interested in the best LASIK eye surgery there is to offer, look no further than the ophthalmologists at Premier Medical Group. Call today!","og_url":"https:\/\/premiermedicalgrp.com\/es\/services\/eye\/ophthalmology\/laser-vision\/lasik\/","og_site_name":"Premier Medical Group | Eye &amp; ENT Specialists","article_modified_time":"2021-02-12T21:57:29+00:00","og_image":[{"url":"https:\/\/premiermedicalgrp.com\/wp-content\/uploads\/2013\/12\/PRM-2020-Richard-J-Duffey-214x300.jpg","type":"","width":"","height":""}],"twitter_misc":{"Est. reading time":"1 minuto"},"schema":{"@context":"https:\/\/schema.org","@graph":[{"@type":"WebPage","@id":"https:\/\/premiermedicalgrp.com\/services\/eye\/ophthalmology\/laser-vision\/lasik\/","url":"https:\/\/premiermedicalgrp.com\/services\/eye\/ophthalmology\/laser-vision\/lasik\/","name":"LASIK Surgery | Premier Medical Group | Mobile & Daphne AL","isPartOf":{"@id":"https:\/\/pmg2024.wpenginepowered.com\/#website"},"datePublished":"2014-06-06T18:16:05+00:00","dateModified":"2021-02-12T21:57:29+00:00","description":"If you're interested in the best LASIK eye surgery there is to offer, look no further than the ophthalmologists at Premier Medical Group. Call today!","breadcrumb":{"@id":"https:\/\/premiermedicalgrp.com\/services\/eye\/ophthalmology\/laser-vision\/lasik\/#breadcrumb"},"inLanguage":"es","potentialAction":[{"@type":"ReadAction","target":["https:\/\/premiermedicalgrp.com\/services\/eye\/ophthalmology\/laser-vision\/lasik\/"]}]},{"@type":"BreadcrumbList","@id":"https:\/\/premiermedicalgrp.com\/services\/eye\/ophthalmology\/laser-vision\/lasik\/#breadcrumb","itemListElement":[{"@type":"ListItem","position":1,"name":"Home","item":"https:\/\/premiermedicalgrp.com\/"},{"@type":"ListItem","position":2,"name":"Our Services","item":"https:\/\/premiermedicalgrp.com\/services\/"},{"@type":"ListItem","position":3,"name":"Eye Services","item":"https:\/\/premiermedicalgrp.com\/services\/eye\/"},{"@type":"ListItem","position":4,"name":"Ophthalmology","item":"https:\/\/premiermedicalgrp.com\/services\/eye\/ophthalmology\/"},{"@type":"ListItem","position":5,"name":"Refractive Surgery","item":"https:\/\/premiermedicalgrp.com\/services\/eye\/ophthalmology\/laser-vision\/"},{"@type":"ListItem","position":6,"name":"LASIK"}]},{"@type":"WebSite","@id":"https:\/\/pmg2024.wpenginepowered.com\/#website","url":"https:\/\/pmg2024.wpenginepowered.com\/","name":"Premier Medical Group | Especialistas en otorrinolaringolog\u00eda y oftalmolog\u00eda","description":"Premier Medical Group | Especialistas en otorrinolaringolog\u00eda y oftalmolog\u00eda","potentialAction":[{"@type":"SearchAction","target":{"@type":"EntryPoint","urlTemplate":"https:\/\/pmg2024.wpenginepowered.com\/?s={search_term_string}"},"query-input":{"@type":"PropertyValueSpecification","valueRequired":true,"valueName":"search_term_string"}}],"inLanguage":"es"}]}},"_links":{"self":[{"href":"https:\/\/premiermedicalgrp.com\/es\/wp-json\/wp\/v2\/pages\/1739","targetHints":{"allow":["GET"]}}],"collection":[{"href":"https:\/\/premiermedicalgrp.com\/es\/wp-json\/wp\/v2\/pages"}],"about":[{"href":"https:\/\/premiermedicalgrp.com\/es\/wp-json\/wp\/v2\/types\/page"}],"author":[{"embeddable":true,"href":"https:\/\/premiermedicalgrp.com\/es\/wp-json\/wp\/v2\/users\/1"}],"replies":[{"embeddable":true,"href":"https:\/\/premiermedicalgrp.com\/es\/wp-json\/wp\/v2\/comments?post=1739"}],"version-history":[{"count":0,"href":"https:\/\/premiermedicalgrp.com\/es\/wp-json\/wp\/v2\/pages\/1739\/revisions"}],"up":[{"embeddable":true,"href":"https:\/\/premiermedicalgrp.com\/es\/wp-json\/wp\/v2\/pages\/1492"}],"wp:attachment":[{"href":"https:\/\/premiermedicalgrp.com\/es\/wp-json\/wp\/v2\/media?parent=1739"}],"curies":[{"name":"wp","href":"https:\/\/api.w.org\/{rel}","templated":true}]}}