{"id":175,"date":"2013-12-30T17:37:48","date_gmt":"2013-12-30T17:37:48","guid":{"rendered":"\/?page_id=175"},"modified":"2021-02-08T17:00:06","modified_gmt":"2021-02-08T23:00:06","slug":"occulo-plastics","status":"publish","type":"page","link":"https:\/\/premiermedicalgrp.com\/es\/services\/eye\/ophthalmology\/occulo-plastics\/","title":{"rendered":"Cirug\u00eda oculopl\u00e1stica\/cirug\u00eda de p\u00e1rpados"},"content":{"rendered":"<p>&nbsp;<\/p>\n<div class=\"rgg-container\" data-rgg-id=\"1\">    <div class=\"rgg-imagegrid captions-title captions-effect-none\" data-rgg-id=\"1\">\n                    <a href=\"https:\/\/premiermedicalgrp.com\/wp-content\/uploads\/2013\/12\/PRM-2020-Charles-F-Jones.jpg\" data-rel=\"rgg\" rel=\"rgg\" title=\"Dr. Charles F. Jones\" class=\"rgg-disabled size-medium rgg-img\" data-src=\"https:\/\/premiermedicalgrp.com\/wp-content\/uploads\/2013\/12\/PRM-2020-Charles-F-Jones-214x300.jpg\" data-ratio=\"0.713333333333\" data-height=\"300\" data-width=\"214\" aria-label=\"Retrato del doctor Charles F. Jones\">\n                            <\/a>\n                    <a href=\"https:\/\/premiermedicalgrp.com\/wp-content\/uploads\/2013\/12\/PRM-2020-Charles-S-Mosteller.jpg\" data-rel=\"rgg\" rel=\"rgg\" title=\"Dr. Charles S. Mosteller\" class=\"rgg-disabled size-medium rgg-img\" data-src=\"https:\/\/premiermedicalgrp.com\/wp-content\/uploads\/2013\/12\/PRM-2020-Charles-S-Mosteller-214x300.jpg\" data-ratio=\"0.713333333333\" data-height=\"300\" data-width=\"214\" aria-label=\"Retrato del Dr. Charles S. Mosteller\">\n                            <\/a>\n                    <a href=\"https:\/\/premiermedicalgrp.com\/wp-content\/uploads\/2013\/12\/PRM-2020-Valerie-L-Vick.jpg\" data-rel=\"rgg\" rel=\"rgg\" title=\"Dra. Valerie L. Vick, FACS\" class=\"rgg-disabled size-medium rgg-img\" data-src=\"https:\/\/premiermedicalgrp.com\/wp-content\/uploads\/2013\/12\/PRM-2020-Valerie-L-Vick-214x300.jpg\" data-ratio=\"0.713333333333\" data-height=\"300\" data-width=\"214\" aria-label=\"Valerie L. Vick, MD, FACS, retrato\">\n                            <\/a>\n            <\/div>\n<\/div>\n<p><span style=\"color: #000000;\">La cirug\u00eda oculopl\u00e1stica abarca una variedad de procedimientos que abordan la reconstrucci\u00f3n alrededor del ojo, la \u00f3rbita (cuenca del ojo), los p\u00e1rpados, los conductos lagrimales y el rostro. Los procedimientos que se realizan incluyen aquellos que mejoran la vista y la funci\u00f3n del ojo, as\u00ed como procedimientos cosm\u00e9ticos que mejoran la apariencia.<\/span><\/p>\n<p><span style=\"color: #000000;\">Somos un centro m\u00e9dico que incorpora tratamientos que incluyen levantamiento de cejas, cirug\u00eda de p\u00e1rpados, rejuvenecimiento de la piel con l\u00e1ser, Botox y los \u00faltimos rellenos aprobados por la FDA, cirug\u00eda del conducto lagrimal y cirug\u00eda orbitaria.<\/span><\/p>\n<p><span style=\"color: #000000;\">Estos procedimientos, realizados por oftalm\u00f3logos certificados por Premier Medical, incluyen:<\/span><\/p>\n<ul>\n<li><span style=\"color: #0000ff;\"><a title=\"Cirug\u00eda de p\u00e1rpados y cejas\" href=\"http:\/\/premiermedicalgrp.com\/es\/services\/eye\/eyelid-eyebrow-surgery\/\"><span style=\"color: #0000ff;\"><strong>Cirug\u00eda de p\u00e1rpados (blefaroplastia)<\/strong><\/span><\/a> <\/span><span style=\"color: #000000;\">\u2013 Dise\u00f1ado para corregir el exceso de piel ca\u00edda y el tejido graso que rodea los ojos.<\/span><\/li>\n<li><span style=\"color: #0000ff;\"><a title=\"Cirug\u00eda de p\u00e1rpados y cejas\" href=\"http:\/\/premiermedicalgrp.com\/es\/services\/eye\/eyelid-eyebrow-surgery\/\"><span style=\"color: #0000ff;\"><strong>Levantamiento de cejas<\/strong><\/span><\/a><\/span> <span style=\"color: #000000;\">\u2013 Procedimiento que devuelve un aspecto m\u00e1s juvenil y fresco a la zona situada por encima de los ojos. El procedimiento corrige las cejas ca\u00eddas y mejora las l\u00edneas y surcos horizontales que pueden hacer que una persona parezca enojada, triste o cansada.<\/span><\/li>\n<li><span style=\"color: #0000ff;\"><a title=\"Botox y rellenos\" href=\"http:\/\/premiermedicalgrp.com\/es\/botox-fillers\/\"><span style=\"color: #0000ff;\"><strong>Botox y rellenos<\/strong> <\/span><\/a><\/span><span style=\"color: #000000;\">\u2013 Alternativas no quir\u00fargicas que combaten el proceso de envejecimiento<\/span><\/li>\n<\/ul>\n<p><span style=\"color: #000000;\">El campo de la Oculopl\u00e1stica combina la formaci\u00f3n avanzada en oftalmolog\u00eda con la especializaci\u00f3n en cirug\u00eda pl\u00e1stica o reconstructiva.<\/span><\/p>\n<p><span style=\"color: #000000;\">Sugerimos que todos nuestros clientes programen una consulta para revisar sus necesidades espec\u00edficas y \u00e1reas de preocupaci\u00f3n.<\/span><\/p>\n<h3><span style=\"color: #000000;\"><strong>Las cirug\u00edas comunes incluyen:<\/strong><\/span><\/h3>\n<ul>\n<li><span style=\"color: #000000;\"><strong>Blefaroplastia<\/strong> \u2013 La blefaroplastia es un procedimiento para eliminar el exceso de piel de los p\u00e1rpados superiores. Se suele realizar para corregir una afecci\u00f3n llamada dermatocalasia, que se observa con frecuencia en personas de mediana edad y mayores.<\/span><\/li>\n<li><span style=\"color: #000000;\"><strong>Reparaci\u00f3n de ptosis<\/strong> \u2013 La ptosis es una ca\u00edda anormal del p\u00e1rpado superior causada por un debilitamiento del m\u00fasculo del p\u00e1rpado con la edad. Puede afectar a uno o ambos ojos y puede volverse m\u00e1s o menos grave durante el d\u00eda.<\/span><\/li>\n<li><span style=\"color: #000000;\"><strong>Cirug\u00eda del conducto lagrimal<\/strong> \u2013 La cirug\u00eda del conducto lagrimal, dacriocistorrinostom\u00eda (DCR) o colocaci\u00f3n de tubo de Jones (conducto lagrimal artificial), se realiza para reparar un bloqueo del conducto lagrimal que puede causar lagrimeo excesivo o infecciones recurrentes.<\/span><\/li>\n<li><span style=\"color: #000000;\"><strong>Cirug\u00eda de \u00f3rbita<\/strong> \u2013 Cirug\u00eda dentro de la porci\u00f3n \u00f3sea de la cavidad ocular para reposicionar los huesos o extirpar tumores que puedan aparecer dentro de la cavidad. Un procedimiento llamado descompresi\u00f3n orbitaria corrige la apariencia de los ojos protuberantes que suelen ser causados por la enfermedad de Graves o el hipertiroidismo.<\/span><\/li>\n<\/ul>\n<h4>Otros servicios:<\/h4>\n<ul>\n<li><a title=\"Pediatr\u00eda\/Estrabismo\" href=\"http:\/\/premiermedicalgrp.com\/es\/services\/eye\/ophthalmology\/pediatrics\/\" target=\"_blank\" rel=\"noopener noreferrer\">Pediatr\u00eda\/Estrabismo<\/a><\/li>\n<\/ul>\n<h4>M\u00e9dicos de oculoplastia<\/h4>\n<ul>\n<li><a href=\"https:\/\/premiermedicalgrp.com\/es\/physicians\/charles-jones-md\/\">Dr. Charles F. Jones<\/a><\/li>\n<li><a href=\"https:\/\/premiermedicalgrp.com\/es\/physicians\/charles-mosteller-md\/\">Dr. Charles S. Mosteller<\/a><\/li>\n<li><a href=\"https:\/\/premiermedicalgrp.com\/es\/physicians\/valerie-vick-md\/\">Dra. Valerie L. Vick<\/a><\/li>\n<\/ul>","protected":false},"excerpt":{"rendered":"<p>&nbsp; Oculoplastic surgery encompasses a variety of procedures that deal with the (reconstruction around the eye), the orbit (eye socket), eyelids, tear ducts, and the face. Procedures performed include those that improve sight and function of the eye as well as cosmetic procedures that enhance appearance. We are a medical facility that incorporates treatments that [&hellip;]<\/p>\n","protected":false},"author":1,"featured_media":0,"parent":109,"menu_order":56,"comment_status":"closed","ping_status":"closed","template":"","meta":{"_acf_changed":false,"footnotes":""},"class_list":["post-175","page","type-page","status-publish","hentry"],"acf":[],"yoast_head":"<!-- This site is optimized with the Yoast SEO plugin v27.4 - https:\/\/yoast.com\/product\/yoast-seo-wordpress\/ -->\n<title>OCULOPLASTICS\/EYELID SURGERY - Premier Medical Group - Reconstruction<\/title>\n<meta name=\"description\" content=\"Premier Medical&#039;s treatments include browlifts, eyelid surgery, laser skin resurfacing, Botox, approved fillers, tear duct surgery and orbital surgery.\" \/>\n<meta name=\"robots\" content=\"index, follow, max-snippet:-1, max-image-preview:large, max-video-preview:-1\" \/>\n<link rel=\"canonical\" href=\"https:\/\/premiermedicalgrp.com\/es\/services\/eye\/ophthalmology\/occulo-plastics\/\" \/>\n<meta property=\"og:locale\" content=\"es_MX\" \/>\n<meta property=\"og:type\" content=\"article\" \/>\n<meta property=\"og:title\" content=\"OCULOPLASTICS\/EYELID SURGERY - Premier Medical Group - Reconstruction\" \/>\n<meta property=\"og:description\" content=\"Premier Medical&#039;s treatments include browlifts, eyelid surgery, laser skin resurfacing, Botox, approved fillers, tear duct surgery and orbital surgery.\" \/>\n<meta property=\"og:url\" content=\"https:\/\/premiermedicalgrp.com\/es\/services\/eye\/ophthalmology\/occulo-plastics\/\" \/>\n<meta property=\"og:site_name\" content=\"Premier Medical Group | Eye &amp; ENT Specialists\" \/>\n<meta property=\"article:modified_time\" content=\"2021-02-08T23:00:06+00:00\" \/>\n<meta property=\"og:image\" content=\"https:\/\/premiermedicalgrp.com\/wp-content\/uploads\/2013\/12\/PRM-2020-Charles-F-Jones-214x300.jpg\" \/>\n<meta name=\"twitter:label1\" content=\"Est. reading time\" \/>\n\t<meta name=\"twitter:data1\" content=\"2 minutos\" \/>\n<script type=\"application\/ld+json\" class=\"yoast-schema-graph\">{\"@context\":\"https:\\\/\\\/schema.org\",\"@graph\":[{\"@type\":\"WebPage\",\"@id\":\"https:\\\/\\\/premiermedicalgrp.com\\\/services\\\/eye\\\/ophthalmology\\\/occulo-plastics\\\/\",\"url\":\"https:\\\/\\\/premiermedicalgrp.com\\\/services\\\/eye\\\/ophthalmology\\\/occulo-plastics\\\/\",\"name\":\"OCULOPLASTICS\\\/EYELID SURGERY - Premier Medical Group - Reconstruction\",\"isPartOf\":{\"@id\":\"https:\\\/\\\/pmg2024.wpenginepowered.com\\\/#website\"},\"datePublished\":\"2013-12-30T17:37:48+00:00\",\"dateModified\":\"2021-02-08T23:00:06+00:00\",\"description\":\"Premier Medical's treatments include browlifts, eyelid surgery, laser skin resurfacing, Botox, approved fillers, tear duct surgery and orbital surgery.\",\"breadcrumb\":{\"@id\":\"https:\\\/\\\/premiermedicalgrp.com\\\/services\\\/eye\\\/ophthalmology\\\/occulo-plastics\\\/#breadcrumb\"},\"inLanguage\":\"es\",\"potentialAction\":[{\"@type\":\"ReadAction\",\"target\":[\"https:\\\/\\\/premiermedicalgrp.com\\\/services\\\/eye\\\/ophthalmology\\\/occulo-plastics\\\/\"]}]},{\"@type\":\"BreadcrumbList\",\"@id\":\"https:\\\/\\\/premiermedicalgrp.com\\\/services\\\/eye\\\/ophthalmology\\\/occulo-plastics\\\/#breadcrumb\",\"itemListElement\":[{\"@type\":\"ListItem\",\"position\":1,\"name\":\"Home\",\"item\":\"https:\\\/\\\/premiermedicalgrp.com\\\/\"},{\"@type\":\"ListItem\",\"position\":2,\"name\":\"Our Services\",\"item\":\"https:\\\/\\\/premiermedicalgrp.com\\\/services\\\/\"},{\"@type\":\"ListItem\",\"position\":3,\"name\":\"Eye Services\",\"item\":\"https:\\\/\\\/premiermedicalgrp.com\\\/services\\\/eye\\\/\"},{\"@type\":\"ListItem\",\"position\":4,\"name\":\"Ophthalmology\",\"item\":\"https:\\\/\\\/premiermedicalgrp.com\\\/services\\\/eye\\\/ophthalmology\\\/\"},{\"@type\":\"ListItem\",\"position\":5,\"name\":\"Oculoplastics\\\/Eyelid Surgery\"}]},{\"@type\":\"WebSite\",\"@id\":\"https:\\\/\\\/pmg2024.wpenginepowered.com\\\/#website\",\"url\":\"https:\\\/\\\/pmg2024.wpenginepowered.com\\\/\",\"name\":\"Premier Medical Group | Eye &amp; ENT Specialists\",\"description\":\"Premier Medical Group | Eye &amp; ENT Specialists\",\"potentialAction\":[{\"@type\":\"SearchAction\",\"target\":{\"@type\":\"EntryPoint\",\"urlTemplate\":\"https:\\\/\\\/pmg2024.wpenginepowered.com\\\/?s={search_term_string}\"},\"query-input\":{\"@type\":\"PropertyValueSpecification\",\"valueRequired\":true,\"valueName\":\"search_term_string\"}}],\"inLanguage\":\"es\"}]}<\/script>\n<!-- \/ Yoast SEO plugin. -->","yoast_head_json":{"title":"OCULOPLASTICS\/EYELID SURGERY - Premier Medical Group - Reconstruction","description":"Premier Medical's treatments include browlifts, eyelid surgery, laser skin resurfacing, Botox, approved fillers, tear duct surgery and orbital surgery.","robots":{"index":"index","follow":"follow","max-snippet":"max-snippet:-1","max-image-preview":"max-image-preview:large","max-video-preview":"max-video-preview:-1"},"canonical":"https:\/\/premiermedicalgrp.com\/es\/services\/eye\/ophthalmology\/occulo-plastics\/","og_locale":"es_MX","og_type":"article","og_title":"OCULOPLASTICS\/EYELID SURGERY - Premier Medical Group - Reconstruction","og_description":"Premier Medical's treatments include browlifts, eyelid surgery, laser skin resurfacing, Botox, approved fillers, tear duct surgery and orbital surgery.","og_url":"https:\/\/premiermedicalgrp.com\/es\/services\/eye\/ophthalmology\/occulo-plastics\/","og_site_name":"Premier Medical Group | Eye &amp; ENT Specialists","article_modified_time":"2021-02-08T23:00:06+00:00","og_image":[{"url":"https:\/\/premiermedicalgrp.com\/wp-content\/uploads\/2013\/12\/PRM-2020-Charles-F-Jones-214x300.jpg","type":"","width":"","height":""}],"twitter_misc":{"Est. reading time":"2 minutos"},"schema":{"@context":"https:\/\/schema.org","@graph":[{"@type":"WebPage","@id":"https:\/\/premiermedicalgrp.com\/services\/eye\/ophthalmology\/occulo-plastics\/","url":"https:\/\/premiermedicalgrp.com\/services\/eye\/ophthalmology\/occulo-plastics\/","name":"OCULOPLASTICS\/EYELID SURGERY - Premier Medical Group - Reconstruction","isPartOf":{"@id":"https:\/\/pmg2024.wpenginepowered.com\/#website"},"datePublished":"2013-12-30T17:37:48+00:00","dateModified":"2021-02-08T23:00:06+00:00","description":"Premier Medical's treatments include browlifts, eyelid surgery, laser skin resurfacing, Botox, approved fillers, tear duct surgery and orbital surgery.","breadcrumb":{"@id":"https:\/\/premiermedicalgrp.com\/services\/eye\/ophthalmology\/occulo-plastics\/#breadcrumb"},"inLanguage":"es","potentialAction":[{"@type":"ReadAction","target":["https:\/\/premiermedicalgrp.com\/services\/eye\/ophthalmology\/occulo-plastics\/"]}]},{"@type":"BreadcrumbList","@id":"https:\/\/premiermedicalgrp.com\/services\/eye\/ophthalmology\/occulo-plastics\/#breadcrumb","itemListElement":[{"@type":"ListItem","position":1,"name":"Home","item":"https:\/\/premiermedicalgrp.com\/"},{"@type":"ListItem","position":2,"name":"Our Services","item":"https:\/\/premiermedicalgrp.com\/services\/"},{"@type":"ListItem","position":3,"name":"Eye Services","item":"https:\/\/premiermedicalgrp.com\/services\/eye\/"},{"@type":"ListItem","position":4,"name":"Ophthalmology","item":"https:\/\/premiermedicalgrp.com\/services\/eye\/ophthalmology\/"},{"@type":"ListItem","position":5,"name":"Oculoplastics\/Eyelid Surgery"}]},{"@type":"WebSite","@id":"https:\/\/pmg2024.wpenginepowered.com\/#website","url":"https:\/\/pmg2024.wpenginepowered.com\/","name":"Premier Medical Group | Especialistas en otorrinolaringolog\u00eda y oftalmolog\u00eda","description":"Premier Medical Group | Especialistas en otorrinolaringolog\u00eda y oftalmolog\u00eda","potentialAction":[{"@type":"SearchAction","target":{"@type":"EntryPoint","urlTemplate":"https:\/\/pmg2024.wpenginepowered.com\/?s={search_term_string}"},"query-input":{"@type":"PropertyValueSpecification","valueRequired":true,"valueName":"search_term_string"}}],"inLanguage":"es"}]}},"_links":{"self":[{"href":"https:\/\/premiermedicalgrp.com\/es\/wp-json\/wp\/v2\/pages\/175","targetHints":{"allow":["GET"]}}],"collection":[{"href":"https:\/\/premiermedicalgrp.com\/es\/wp-json\/wp\/v2\/pages"}],"about":[{"href":"https:\/\/premiermedicalgrp.com\/es\/wp-json\/wp\/v2\/types\/page"}],"author":[{"embeddable":true,"href":"https:\/\/premiermedicalgrp.com\/es\/wp-json\/wp\/v2\/users\/1"}],"replies":[{"embeddable":true,"href":"https:\/\/premiermedicalgrp.com\/es\/wp-json\/wp\/v2\/comments?post=175"}],"version-history":[{"count":0,"href":"https:\/\/premiermedicalgrp.com\/es\/wp-json\/wp\/v2\/pages\/175\/revisions"}],"up":[{"embeddable":true,"href":"https:\/\/premiermedicalgrp.com\/es\/wp-json\/wp\/v2\/pages\/109"}],"wp:attachment":[{"href":"https:\/\/premiermedicalgrp.com\/es\/wp-json\/wp\/v2\/media?parent=175"}],"curies":[{"name":"wp","href":"https:\/\/api.w.org\/{rel}","templated":true}]}}