{"id":1750,"date":"2014-06-06T13:28:57","date_gmt":"2014-06-06T18:28:57","guid":{"rendered":"http:\/\/pmg2024.wpenginepowered.com\/?page_id=1750"},"modified":"2015-05-14T16:32:08","modified_gmt":"2015-05-14T21:32:08","slug":"rle","status":"publish","type":"page","link":"https:\/\/premiermedicalgrp.com\/es\/services\/eye\/ophthalmology\/laser-vision\/rle\/","title":{"rendered":"Extracci\u00f3n de lente refractiva (RLE)"},"content":{"rendered":"<p><span style=\"color: #000000;\">RLE tambi\u00e9n conocida como extracci\u00f3n de lente refractiva o extracci\u00f3n de lente transparente<br \/>\n<\/span><\/p>\n<p id=\"indented\"><span style=\"color: #000000;\">En algunos pacientes que tienen errores refractivos leves fuera del rango tratable con LASIK, o que tienen una formaci\u00f3n de cataratas leve, la extracci\u00f3n del cristalino natural del ojo y su reemplazo por una lente intraocular (LIO) puede ser \u00fatil para reducir su dependencia de anteojos o lentes de contacto. Este procedimiento es muy similar a la cirug\u00eda de cataratas que se realiza para un cristalino opaco. La precisi\u00f3n para obtener la mejora deseada es bastante alta. En algunos pacientes, las lentes correctoras de la presbicia pueden ser \u00fatiles para mejorar la visi\u00f3n de lejos y de cerca. Algunos pacientes pueden optar por la visi\u00f3n de lejos en ambos ojos o monovisi\u00f3n (un conjunto de ojos para la visi\u00f3n de cerca y el conjunto del ojo dominante para la visi\u00f3n de lejos).<\/span><\/p>","protected":false},"excerpt":{"rendered":"<p>RLE also known as Refractive Lens Extraction or Clear Lens Extraction In some patients who have only mild refractive errors outside the range treatable with LASIK, or that have only mild cataract formation, removal of the natural lens of the eye and replacement with an intraocular lens (IOL) may be helpful in reducing their dependence [&hellip;]<\/p>\n","protected":false},"author":1,"featured_media":0,"parent":1492,"menu_order":36,"comment_status":"closed","ping_status":"closed","template":"","meta":{"_acf_changed":false,"footnotes":""},"class_list":["post-1750","page","type-page","status-publish","hentry"],"acf":[],"yoast_head":"<!-- This site is optimized with the Yoast SEO plugin v27.4 - https:\/\/yoast.com\/product\/yoast-seo-wordpress\/ -->\n<title>LASIK for RLE | Premier Medical Group<\/title>\n<meta name=\"description\" content=\"If you suffer from RLE, Premier Medical Group&#039;s has Mobile AL LASIK eye surgery solutions that can help correct your vision. Call us today!\" \/>\n<meta name=\"robots\" content=\"index, follow, max-snippet:-1, max-image-preview:large, max-video-preview:-1\" \/>\n<link rel=\"canonical\" href=\"https:\/\/premiermedicalgrp.com\/es\/services\/eye\/ophthalmology\/laser-vision\/rle\/\" \/>\n<meta property=\"og:locale\" content=\"es_MX\" \/>\n<meta property=\"og:type\" content=\"article\" \/>\n<meta property=\"og:title\" content=\"LASIK for RLE | Premier Medical Group\" \/>\n<meta property=\"og:description\" content=\"If you suffer from RLE, Premier Medical Group&#039;s has Mobile AL LASIK eye surgery solutions that can help correct your vision. Call us today!\" \/>\n<meta property=\"og:url\" content=\"https:\/\/premiermedicalgrp.com\/es\/services\/eye\/ophthalmology\/laser-vision\/rle\/\" \/>\n<meta property=\"og:site_name\" content=\"Premier Medical Group | Eye &amp; ENT Specialists\" \/>\n<meta property=\"article:modified_time\" content=\"2015-05-14T21:32:08+00:00\" \/>\n<meta name=\"twitter:label1\" content=\"Est. reading time\" \/>\n\t<meta name=\"twitter:data1\" content=\"1 minuto\" \/>\n<script type=\"application\/ld+json\" class=\"yoast-schema-graph\">{\"@context\":\"https:\\\/\\\/schema.org\",\"@graph\":[{\"@type\":\"WebPage\",\"@id\":\"https:\\\/\\\/premiermedicalgrp.com\\\/services\\\/eye\\\/ophthalmology\\\/laser-vision\\\/rle\\\/\",\"url\":\"https:\\\/\\\/premiermedicalgrp.com\\\/services\\\/eye\\\/ophthalmology\\\/laser-vision\\\/rle\\\/\",\"name\":\"LASIK for RLE | Premier Medical Group\",\"isPartOf\":{\"@id\":\"https:\\\/\\\/pmg2024.wpenginepowered.com\\\/#website\"},\"datePublished\":\"2014-06-06T18:28:57+00:00\",\"dateModified\":\"2015-05-14T21:32:08+00:00\",\"description\":\"If you suffer from RLE, Premier Medical Group's has Mobile AL LASIK eye surgery solutions that can help correct your vision. Call us today!\",\"breadcrumb\":{\"@id\":\"https:\\\/\\\/premiermedicalgrp.com\\\/services\\\/eye\\\/ophthalmology\\\/laser-vision\\\/rle\\\/#breadcrumb\"},\"inLanguage\":\"es\",\"potentialAction\":[{\"@type\":\"ReadAction\",\"target\":[\"https:\\\/\\\/premiermedicalgrp.com\\\/services\\\/eye\\\/ophthalmology\\\/laser-vision\\\/rle\\\/\"]}]},{\"@type\":\"BreadcrumbList\",\"@id\":\"https:\\\/\\\/premiermedicalgrp.com\\\/services\\\/eye\\\/ophthalmology\\\/laser-vision\\\/rle\\\/#breadcrumb\",\"itemListElement\":[{\"@type\":\"ListItem\",\"position\":1,\"name\":\"Home\",\"item\":\"https:\\\/\\\/premiermedicalgrp.com\\\/\"},{\"@type\":\"ListItem\",\"position\":2,\"name\":\"Our Services\",\"item\":\"https:\\\/\\\/premiermedicalgrp.com\\\/services\\\/\"},{\"@type\":\"ListItem\",\"position\":3,\"name\":\"Eye Services\",\"item\":\"https:\\\/\\\/premiermedicalgrp.com\\\/services\\\/eye\\\/\"},{\"@type\":\"ListItem\",\"position\":4,\"name\":\"Ophthalmology\",\"item\":\"https:\\\/\\\/premiermedicalgrp.com\\\/services\\\/eye\\\/ophthalmology\\\/\"},{\"@type\":\"ListItem\",\"position\":5,\"name\":\"Refractive Surgery\",\"item\":\"https:\\\/\\\/premiermedicalgrp.com\\\/services\\\/eye\\\/ophthalmology\\\/laser-vision\\\/\"},{\"@type\":\"ListItem\",\"position\":6,\"name\":\"RLE (Refractive Lens Extraction\\\/Clear Lens Extraction)\"}]},{\"@type\":\"WebSite\",\"@id\":\"https:\\\/\\\/pmg2024.wpenginepowered.com\\\/#website\",\"url\":\"https:\\\/\\\/pmg2024.wpenginepowered.com\\\/\",\"name\":\"Premier Medical Group | Eye &amp; ENT Specialists\",\"description\":\"Premier Medical Group | Eye &amp; ENT Specialists\",\"potentialAction\":[{\"@type\":\"SearchAction\",\"target\":{\"@type\":\"EntryPoint\",\"urlTemplate\":\"https:\\\/\\\/pmg2024.wpenginepowered.com\\\/?s={search_term_string}\"},\"query-input\":{\"@type\":\"PropertyValueSpecification\",\"valueRequired\":true,\"valueName\":\"search_term_string\"}}],\"inLanguage\":\"es\"}]}<\/script>\n<!-- \/ Yoast SEO plugin. -->","yoast_head_json":{"title":"LASIK for RLE | Premier Medical Group","description":"If you suffer from RLE, Premier Medical Group's has Mobile AL LASIK eye surgery solutions that can help correct your vision. Call us today!","robots":{"index":"index","follow":"follow","max-snippet":"max-snippet:-1","max-image-preview":"max-image-preview:large","max-video-preview":"max-video-preview:-1"},"canonical":"https:\/\/premiermedicalgrp.com\/es\/services\/eye\/ophthalmology\/laser-vision\/rle\/","og_locale":"es_MX","og_type":"article","og_title":"LASIK for RLE | Premier Medical Group","og_description":"If you suffer from RLE, Premier Medical Group's has Mobile AL LASIK eye surgery solutions that can help correct your vision. Call us today!","og_url":"https:\/\/premiermedicalgrp.com\/es\/services\/eye\/ophthalmology\/laser-vision\/rle\/","og_site_name":"Premier Medical Group | Eye &amp; ENT Specialists","article_modified_time":"2015-05-14T21:32:08+00:00","twitter_misc":{"Est. reading time":"1 minuto"},"schema":{"@context":"https:\/\/schema.org","@graph":[{"@type":"WebPage","@id":"https:\/\/premiermedicalgrp.com\/services\/eye\/ophthalmology\/laser-vision\/rle\/","url":"https:\/\/premiermedicalgrp.com\/services\/eye\/ophthalmology\/laser-vision\/rle\/","name":"LASIK for RLE | Premier Medical Group","isPartOf":{"@id":"https:\/\/pmg2024.wpenginepowered.com\/#website"},"datePublished":"2014-06-06T18:28:57+00:00","dateModified":"2015-05-14T21:32:08+00:00","description":"If you suffer from RLE, Premier Medical Group's has Mobile AL LASIK eye surgery solutions that can help correct your vision. Call us today!","breadcrumb":{"@id":"https:\/\/premiermedicalgrp.com\/services\/eye\/ophthalmology\/laser-vision\/rle\/#breadcrumb"},"inLanguage":"es","potentialAction":[{"@type":"ReadAction","target":["https:\/\/premiermedicalgrp.com\/services\/eye\/ophthalmology\/laser-vision\/rle\/"]}]},{"@type":"BreadcrumbList","@id":"https:\/\/premiermedicalgrp.com\/services\/eye\/ophthalmology\/laser-vision\/rle\/#breadcrumb","itemListElement":[{"@type":"ListItem","position":1,"name":"Home","item":"https:\/\/premiermedicalgrp.com\/"},{"@type":"ListItem","position":2,"name":"Our Services","item":"https:\/\/premiermedicalgrp.com\/services\/"},{"@type":"ListItem","position":3,"name":"Eye Services","item":"https:\/\/premiermedicalgrp.com\/services\/eye\/"},{"@type":"ListItem","position":4,"name":"Ophthalmology","item":"https:\/\/premiermedicalgrp.com\/services\/eye\/ophthalmology\/"},{"@type":"ListItem","position":5,"name":"Refractive Surgery","item":"https:\/\/premiermedicalgrp.com\/services\/eye\/ophthalmology\/laser-vision\/"},{"@type":"ListItem","position":6,"name":"RLE (Refractive Lens Extraction\/Clear Lens Extraction)"}]},{"@type":"WebSite","@id":"https:\/\/pmg2024.wpenginepowered.com\/#website","url":"https:\/\/pmg2024.wpenginepowered.com\/","name":"Premier Medical Group | Especialistas en otorrinolaringolog\u00eda y oftalmolog\u00eda","description":"Premier Medical Group | Especialistas en otorrinolaringolog\u00eda y oftalmolog\u00eda","potentialAction":[{"@type":"SearchAction","target":{"@type":"EntryPoint","urlTemplate":"https:\/\/pmg2024.wpenginepowered.com\/?s={search_term_string}"},"query-input":{"@type":"PropertyValueSpecification","valueRequired":true,"valueName":"search_term_string"}}],"inLanguage":"es"}]}},"_links":{"self":[{"href":"https:\/\/premiermedicalgrp.com\/es\/wp-json\/wp\/v2\/pages\/1750","targetHints":{"allow":["GET"]}}],"collection":[{"href":"https:\/\/premiermedicalgrp.com\/es\/wp-json\/wp\/v2\/pages"}],"about":[{"href":"https:\/\/premiermedicalgrp.com\/es\/wp-json\/wp\/v2\/types\/page"}],"author":[{"embeddable":true,"href":"https:\/\/premiermedicalgrp.com\/es\/wp-json\/wp\/v2\/users\/1"}],"replies":[{"embeddable":true,"href":"https:\/\/premiermedicalgrp.com\/es\/wp-json\/wp\/v2\/comments?post=1750"}],"version-history":[{"count":0,"href":"https:\/\/premiermedicalgrp.com\/es\/wp-json\/wp\/v2\/pages\/1750\/revisions"}],"up":[{"embeddable":true,"href":"https:\/\/premiermedicalgrp.com\/es\/wp-json\/wp\/v2\/pages\/1492"}],"wp:attachment":[{"href":"https:\/\/premiermedicalgrp.com\/es\/wp-json\/wp\/v2\/media?parent=1750"}],"curies":[{"name":"wp","href":"https:\/\/api.w.org\/{rel}","templated":true}]}}