{"id":1754,"date":"2014-06-06T13:34:15","date_gmt":"2014-06-06T18:34:15","guid":{"rendered":"http:\/\/pmg2024.wpenginepowered.com\/?page_id=1754"},"modified":"2019-09-04T14:04:56","modified_gmt":"2019-09-04T19:04:56","slug":"corneal-transplant-pkp","status":"publish","type":"page","link":"https:\/\/premiermedicalgrp.com\/es\/services\/eye\/ophthalmology\/cornea\/corneal-transplant-pkp\/","title":{"rendered":"Trasplante de c\u00f3rnea (PKP)"},"content":{"rendered":"<h4><span style=\"color: #000000;\">Queratopl\u00e1stica penetrante (PKP)<\/span><\/h4>\n<p><span style=\"color: #000000;\">La PKP es un procedimiento est\u00e1ndar en el que se trasplanta una c\u00f3rnea de espesor completo al ojo del paciente.<\/span><\/p>","protected":false},"excerpt":{"rendered":"<p>Penetrating Keratoplastic (PKP) PKP is a standard procedure in which a full-thickness cornea is transplanted into the patient\u2019s eye.<\/p>","protected":false},"author":1,"featured_media":0,"parent":1510,"menu_order":53,"comment_status":"closed","ping_status":"closed","template":"","meta":{"_acf_changed":false,"footnotes":""},"class_list":["post-1754","page","type-page","status-publish","hentry"],"acf":[],"yoast_head":"<!-- This site is optimized with the Yoast SEO plugin v27.4 - https:\/\/yoast.com\/product\/yoast-seo-wordpress\/ -->\n<title>Corneal Transplant (PKP) - Premier Medical Group - Cornea, Transplant<\/title>\n<meta name=\"description\" content=\"Click to view the video and find out more about Corneal transplant. PKP is a standard procedure that Premier Medical Group staff is best qualified for.\" \/>\n<meta name=\"robots\" content=\"index, follow, max-snippet:-1, max-image-preview:large, max-video-preview:-1\" \/>\n<link rel=\"canonical\" href=\"https:\/\/premiermedicalgrp.com\/es\/services\/eye\/ophthalmology\/cornea\/corneal-transplant-pkp\/\" \/>\n<meta property=\"og:locale\" content=\"es_MX\" \/>\n<meta property=\"og:type\" content=\"article\" \/>\n<meta property=\"og:title\" content=\"Corneal Transplant (PKP) - Premier Medical Group - Cornea, Transplant\" \/>\n<meta property=\"og:description\" content=\"Click to view the video and find out more about Corneal transplant. PKP is a standard procedure that Premier Medical Group staff is best qualified for.\" \/>\n<meta property=\"og:url\" content=\"https:\/\/premiermedicalgrp.com\/es\/services\/eye\/ophthalmology\/cornea\/corneal-transplant-pkp\/\" \/>\n<meta property=\"og:site_name\" content=\"Premier Medical Group | Eye &amp; ENT Specialists\" \/>\n<meta property=\"article:modified_time\" content=\"2019-09-04T19:04:56+00:00\" \/>\n<script type=\"application\/ld+json\" class=\"yoast-schema-graph\">{\"@context\":\"https:\\\/\\\/schema.org\",\"@graph\":[{\"@type\":\"WebPage\",\"@id\":\"https:\\\/\\\/premiermedicalgrp.com\\\/services\\\/eye\\\/ophthalmology\\\/cornea\\\/corneal-transplant-pkp\\\/\",\"url\":\"https:\\\/\\\/premiermedicalgrp.com\\\/services\\\/eye\\\/ophthalmology\\\/cornea\\\/corneal-transplant-pkp\\\/\",\"name\":\"Corneal Transplant (PKP) - Premier Medical Group - Cornea, Transplant\",\"isPartOf\":{\"@id\":\"https:\\\/\\\/pmg2024.wpenginepowered.com\\\/#website\"},\"datePublished\":\"2014-06-06T18:34:15+00:00\",\"dateModified\":\"2019-09-04T19:04:56+00:00\",\"description\":\"Click to view the video and find out more about Corneal transplant. PKP is a standard procedure that Premier Medical Group staff is best qualified for.\",\"breadcrumb\":{\"@id\":\"https:\\\/\\\/premiermedicalgrp.com\\\/services\\\/eye\\\/ophthalmology\\\/cornea\\\/corneal-transplant-pkp\\\/#breadcrumb\"},\"inLanguage\":\"es\",\"potentialAction\":[{\"@type\":\"ReadAction\",\"target\":[\"https:\\\/\\\/premiermedicalgrp.com\\\/services\\\/eye\\\/ophthalmology\\\/cornea\\\/corneal-transplant-pkp\\\/\"]}]},{\"@type\":\"BreadcrumbList\",\"@id\":\"https:\\\/\\\/premiermedicalgrp.com\\\/services\\\/eye\\\/ophthalmology\\\/cornea\\\/corneal-transplant-pkp\\\/#breadcrumb\",\"itemListElement\":[{\"@type\":\"ListItem\",\"position\":1,\"name\":\"Home\",\"item\":\"https:\\\/\\\/premiermedicalgrp.com\\\/\"},{\"@type\":\"ListItem\",\"position\":2,\"name\":\"Our Services\",\"item\":\"https:\\\/\\\/premiermedicalgrp.com\\\/services\\\/\"},{\"@type\":\"ListItem\",\"position\":3,\"name\":\"Eye Services\",\"item\":\"https:\\\/\\\/premiermedicalgrp.com\\\/services\\\/eye\\\/\"},{\"@type\":\"ListItem\",\"position\":4,\"name\":\"Ophthalmology\",\"item\":\"https:\\\/\\\/premiermedicalgrp.com\\\/services\\\/eye\\\/ophthalmology\\\/\"},{\"@type\":\"ListItem\",\"position\":5,\"name\":\"Cornea\",\"item\":\"https:\\\/\\\/premiermedicalgrp.com\\\/services\\\/eye\\\/ophthalmology\\\/cornea\\\/\"},{\"@type\":\"ListItem\",\"position\":6,\"name\":\"Corneal Transplant (PKP)\"}]},{\"@type\":\"WebSite\",\"@id\":\"https:\\\/\\\/pmg2024.wpenginepowered.com\\\/#website\",\"url\":\"https:\\\/\\\/pmg2024.wpenginepowered.com\\\/\",\"name\":\"Premier Medical Group | Eye &amp; ENT Specialists\",\"description\":\"Premier Medical Group | Eye &amp; ENT Specialists\",\"potentialAction\":[{\"@type\":\"SearchAction\",\"target\":{\"@type\":\"EntryPoint\",\"urlTemplate\":\"https:\\\/\\\/pmg2024.wpenginepowered.com\\\/?s={search_term_string}\"},\"query-input\":{\"@type\":\"PropertyValueSpecification\",\"valueRequired\":true,\"valueName\":\"search_term_string\"}}],\"inLanguage\":\"es\"}]}<\/script>\n<!-- \/ Yoast SEO plugin. -->","yoast_head_json":{"title":"Corneal Transplant (PKP) - Premier Medical Group - Cornea, Transplant","description":"Click to view the video and find out more about Corneal transplant. PKP is a standard procedure that Premier Medical Group staff is best qualified for.","robots":{"index":"index","follow":"follow","max-snippet":"max-snippet:-1","max-image-preview":"max-image-preview:large","max-video-preview":"max-video-preview:-1"},"canonical":"https:\/\/premiermedicalgrp.com\/es\/services\/eye\/ophthalmology\/cornea\/corneal-transplant-pkp\/","og_locale":"es_MX","og_type":"article","og_title":"Corneal Transplant (PKP) - Premier Medical Group - Cornea, Transplant","og_description":"Click to view the video and find out more about Corneal transplant. PKP is a standard procedure that Premier Medical Group staff is best qualified for.","og_url":"https:\/\/premiermedicalgrp.com\/es\/services\/eye\/ophthalmology\/cornea\/corneal-transplant-pkp\/","og_site_name":"Premier Medical Group | Eye &amp; ENT Specialists","article_modified_time":"2019-09-04T19:04:56+00:00","schema":{"@context":"https:\/\/schema.org","@graph":[{"@type":"WebPage","@id":"https:\/\/premiermedicalgrp.com\/services\/eye\/ophthalmology\/cornea\/corneal-transplant-pkp\/","url":"https:\/\/premiermedicalgrp.com\/services\/eye\/ophthalmology\/cornea\/corneal-transplant-pkp\/","name":"Corneal Transplant (PKP) - Premier Medical Group - Cornea, Transplant","isPartOf":{"@id":"https:\/\/pmg2024.wpenginepowered.com\/#website"},"datePublished":"2014-06-06T18:34:15+00:00","dateModified":"2019-09-04T19:04:56+00:00","description":"Click to view the video and find out more about Corneal transplant. PKP is a standard procedure that Premier Medical Group staff is best qualified for.","breadcrumb":{"@id":"https:\/\/premiermedicalgrp.com\/services\/eye\/ophthalmology\/cornea\/corneal-transplant-pkp\/#breadcrumb"},"inLanguage":"es","potentialAction":[{"@type":"ReadAction","target":["https:\/\/premiermedicalgrp.com\/services\/eye\/ophthalmology\/cornea\/corneal-transplant-pkp\/"]}]},{"@type":"BreadcrumbList","@id":"https:\/\/premiermedicalgrp.com\/services\/eye\/ophthalmology\/cornea\/corneal-transplant-pkp\/#breadcrumb","itemListElement":[{"@type":"ListItem","position":1,"name":"Home","item":"https:\/\/premiermedicalgrp.com\/"},{"@type":"ListItem","position":2,"name":"Our Services","item":"https:\/\/premiermedicalgrp.com\/services\/"},{"@type":"ListItem","position":3,"name":"Eye Services","item":"https:\/\/premiermedicalgrp.com\/services\/eye\/"},{"@type":"ListItem","position":4,"name":"Ophthalmology","item":"https:\/\/premiermedicalgrp.com\/services\/eye\/ophthalmology\/"},{"@type":"ListItem","position":5,"name":"Cornea","item":"https:\/\/premiermedicalgrp.com\/services\/eye\/ophthalmology\/cornea\/"},{"@type":"ListItem","position":6,"name":"Corneal Transplant (PKP)"}]},{"@type":"WebSite","@id":"https:\/\/pmg2024.wpenginepowered.com\/#website","url":"https:\/\/pmg2024.wpenginepowered.com\/","name":"Premier Medical Group | Especialistas en otorrinolaringolog\u00eda y oftalmolog\u00eda","description":"Premier Medical Group | Especialistas en otorrinolaringolog\u00eda y oftalmolog\u00eda","potentialAction":[{"@type":"SearchAction","target":{"@type":"EntryPoint","urlTemplate":"https:\/\/pmg2024.wpenginepowered.com\/?s={search_term_string}"},"query-input":{"@type":"PropertyValueSpecification","valueRequired":true,"valueName":"search_term_string"}}],"inLanguage":"es"}]}},"_links":{"self":[{"href":"https:\/\/premiermedicalgrp.com\/es\/wp-json\/wp\/v2\/pages\/1754","targetHints":{"allow":["GET"]}}],"collection":[{"href":"https:\/\/premiermedicalgrp.com\/es\/wp-json\/wp\/v2\/pages"}],"about":[{"href":"https:\/\/premiermedicalgrp.com\/es\/wp-json\/wp\/v2\/types\/page"}],"author":[{"embeddable":true,"href":"https:\/\/premiermedicalgrp.com\/es\/wp-json\/wp\/v2\/users\/1"}],"replies":[{"embeddable":true,"href":"https:\/\/premiermedicalgrp.com\/es\/wp-json\/wp\/v2\/comments?post=1754"}],"version-history":[{"count":0,"href":"https:\/\/premiermedicalgrp.com\/es\/wp-json\/wp\/v2\/pages\/1754\/revisions"}],"up":[{"embeddable":true,"href":"https:\/\/premiermedicalgrp.com\/es\/wp-json\/wp\/v2\/pages\/1510"}],"wp:attachment":[{"href":"https:\/\/premiermedicalgrp.com\/es\/wp-json\/wp\/v2\/media?parent=1754"}],"curies":[{"name":"wp","href":"https:\/\/api.w.org\/{rel}","templated":true}]}}