{"id":1761,"date":"2014-06-06T13:40:55","date_gmt":"2014-06-06T18:40:55","guid":{"rendered":"http:\/\/pmg2024.wpenginepowered.com\/?page_id=1761"},"modified":"2019-09-04T14:03:20","modified_gmt":"2019-09-04T19:03:20","slug":"fuchs-dystrophy","status":"publish","type":"page","link":"https:\/\/premiermedicalgrp.com\/es\/services\/eye\/ophthalmology\/cornea\/fuchs-dystrophy\/","title":{"rendered":"Distrofia de Fuchs"},"content":{"rendered":"<p><span style=\"color: #000000;\">La distrofia de Fuchs (pronunciada fooks-DIS-truh-fe), tambi\u00e9n conocida como distrofia corneal endotelial de Fuchs o FCED, es una distrofia corneal poco com\u00fan y de progresi\u00f3n lenta que suele afectar a ambos ojos y es ligeramente m\u00e1s com\u00fan en mujeres que en hombres. Aunque los m\u00e9dicos suelen ver los primeros signos de la distrofia de Fuchs en personas de entre 30 y 40 a\u00f1os, la enfermedad rara vez afecta la visi\u00f3n hasta que las personas alcanzan los 50 y 60 a\u00f1os.<\/span><\/p>\n<p><span style=\"color: #000000;\">Aunque se desconoce la causa de la distrofia de Fuchs, puede ser hereditaria. Existen tratamientos para la distrofia de Fuchs, incluida la cirug\u00eda.<\/span><\/p>","protected":false},"excerpt":{"rendered":"<p>Fuch&#8217;s Dystrophy (pronounced fooks-DIS-truh-fe) also known as Fuchs&#8217; corneal endothelial dystrophy&#8217; or FCED, is an uncommon, slowly progressing corneal dystrophy that usually affects both eyes and is slightly more common in women than in men. Although doctors can often see early signs of Fuchs&#8217; dystrophy in people in their 30s and 40s, the disease rarely [&hellip;]<\/p>\n","protected":false},"author":1,"featured_media":0,"parent":1510,"menu_order":51,"comment_status":"closed","ping_status":"closed","template":"","meta":{"_acf_changed":false,"footnotes":""},"class_list":["post-1761","page","type-page","status-publish","hentry"],"acf":[],"yoast_head":"<!-- This site is optimized with the Yoast SEO plugin v27.4 - https:\/\/yoast.com\/product\/yoast-seo-wordpress\/ -->\n<title>Fuch&#039;s Dystrophy - Premier Medical Group - Eye, Cornea, Disease, Rare<\/title>\n<meta name=\"description\" content=\"Click to view the video and find out more about Fuchs Dystrophy. Find out about the treatment, and how Premier Medical Group can help.\" \/>\n<meta name=\"robots\" content=\"index, follow, max-snippet:-1, max-image-preview:large, max-video-preview:-1\" \/>\n<link rel=\"canonical\" href=\"https:\/\/premiermedicalgrp.com\/es\/services\/eye\/ophthalmology\/cornea\/fuchs-dystrophy\/\" \/>\n<meta property=\"og:locale\" content=\"es_MX\" \/>\n<meta property=\"og:type\" content=\"article\" \/>\n<meta property=\"og:title\" content=\"Fuch&#039;s Dystrophy - Premier Medical Group - Eye, Cornea, Disease, Rare\" \/>\n<meta property=\"og:description\" content=\"Click to view the video and find out more about Fuchs Dystrophy. Find out about the treatment, and how Premier Medical Group can help.\" \/>\n<meta property=\"og:url\" content=\"https:\/\/premiermedicalgrp.com\/es\/services\/eye\/ophthalmology\/cornea\/fuchs-dystrophy\/\" \/>\n<meta property=\"og:site_name\" content=\"Premier Medical Group | Eye &amp; ENT Specialists\" \/>\n<meta property=\"article:modified_time\" content=\"2019-09-04T19:03:20+00:00\" \/>\n<script type=\"application\/ld+json\" class=\"yoast-schema-graph\">{\"@context\":\"https:\\\/\\\/schema.org\",\"@graph\":[{\"@type\":\"WebPage\",\"@id\":\"https:\\\/\\\/premiermedicalgrp.com\\\/services\\\/eye\\\/ophthalmology\\\/cornea\\\/fuchs-dystrophy\\\/\",\"url\":\"https:\\\/\\\/premiermedicalgrp.com\\\/services\\\/eye\\\/ophthalmology\\\/cornea\\\/fuchs-dystrophy\\\/\",\"name\":\"Fuch's Dystrophy - Premier Medical Group - Eye, Cornea, Disease, Rare\",\"isPartOf\":{\"@id\":\"https:\\\/\\\/pmg2024.wpenginepowered.com\\\/#website\"},\"datePublished\":\"2014-06-06T18:40:55+00:00\",\"dateModified\":\"2019-09-04T19:03:20+00:00\",\"description\":\"Click to view the video and find out more about Fuchs Dystrophy. Find out about the treatment, and how Premier Medical Group can help.\",\"breadcrumb\":{\"@id\":\"https:\\\/\\\/premiermedicalgrp.com\\\/services\\\/eye\\\/ophthalmology\\\/cornea\\\/fuchs-dystrophy\\\/#breadcrumb\"},\"inLanguage\":\"es\",\"potentialAction\":[{\"@type\":\"ReadAction\",\"target\":[\"https:\\\/\\\/premiermedicalgrp.com\\\/services\\\/eye\\\/ophthalmology\\\/cornea\\\/fuchs-dystrophy\\\/\"]}]},{\"@type\":\"BreadcrumbList\",\"@id\":\"https:\\\/\\\/premiermedicalgrp.com\\\/services\\\/eye\\\/ophthalmology\\\/cornea\\\/fuchs-dystrophy\\\/#breadcrumb\",\"itemListElement\":[{\"@type\":\"ListItem\",\"position\":1,\"name\":\"Home\",\"item\":\"https:\\\/\\\/premiermedicalgrp.com\\\/\"},{\"@type\":\"ListItem\",\"position\":2,\"name\":\"Our Services\",\"item\":\"https:\\\/\\\/premiermedicalgrp.com\\\/services\\\/\"},{\"@type\":\"ListItem\",\"position\":3,\"name\":\"Eye Services\",\"item\":\"https:\\\/\\\/premiermedicalgrp.com\\\/services\\\/eye\\\/\"},{\"@type\":\"ListItem\",\"position\":4,\"name\":\"Ophthalmology\",\"item\":\"https:\\\/\\\/premiermedicalgrp.com\\\/services\\\/eye\\\/ophthalmology\\\/\"},{\"@type\":\"ListItem\",\"position\":5,\"name\":\"Cornea\",\"item\":\"https:\\\/\\\/premiermedicalgrp.com\\\/services\\\/eye\\\/ophthalmology\\\/cornea\\\/\"},{\"@type\":\"ListItem\",\"position\":6,\"name\":\"Fuch&#8217;s Dystrophy\"}]},{\"@type\":\"WebSite\",\"@id\":\"https:\\\/\\\/pmg2024.wpenginepowered.com\\\/#website\",\"url\":\"https:\\\/\\\/pmg2024.wpenginepowered.com\\\/\",\"name\":\"Premier Medical Group | Eye &amp; ENT Specialists\",\"description\":\"Premier Medical Group | Eye &amp; ENT Specialists\",\"potentialAction\":[{\"@type\":\"SearchAction\",\"target\":{\"@type\":\"EntryPoint\",\"urlTemplate\":\"https:\\\/\\\/pmg2024.wpenginepowered.com\\\/?s={search_term_string}\"},\"query-input\":{\"@type\":\"PropertyValueSpecification\",\"valueRequired\":true,\"valueName\":\"search_term_string\"}}],\"inLanguage\":\"es\"}]}<\/script>\n<!-- \/ Yoast SEO plugin. -->","yoast_head_json":{"title":"Fuch's Dystrophy - Premier Medical Group - Eye, Cornea, Disease, Rare","description":"Click to view the video and find out more about Fuchs Dystrophy. Find out about the treatment, and how Premier Medical Group can help.","robots":{"index":"index","follow":"follow","max-snippet":"max-snippet:-1","max-image-preview":"max-image-preview:large","max-video-preview":"max-video-preview:-1"},"canonical":"https:\/\/premiermedicalgrp.com\/es\/services\/eye\/ophthalmology\/cornea\/fuchs-dystrophy\/","og_locale":"es_MX","og_type":"article","og_title":"Fuch's Dystrophy - Premier Medical Group - Eye, Cornea, Disease, Rare","og_description":"Click to view the video and find out more about Fuchs Dystrophy. Find out about the treatment, and how Premier Medical Group can help.","og_url":"https:\/\/premiermedicalgrp.com\/es\/services\/eye\/ophthalmology\/cornea\/fuchs-dystrophy\/","og_site_name":"Premier Medical Group | Eye &amp; ENT Specialists","article_modified_time":"2019-09-04T19:03:20+00:00","schema":{"@context":"https:\/\/schema.org","@graph":[{"@type":"WebPage","@id":"https:\/\/premiermedicalgrp.com\/services\/eye\/ophthalmology\/cornea\/fuchs-dystrophy\/","url":"https:\/\/premiermedicalgrp.com\/services\/eye\/ophthalmology\/cornea\/fuchs-dystrophy\/","name":"Fuch's Dystrophy - Premier Medical Group - Eye, Cornea, Disease, Rare","isPartOf":{"@id":"https:\/\/pmg2024.wpenginepowered.com\/#website"},"datePublished":"2014-06-06T18:40:55+00:00","dateModified":"2019-09-04T19:03:20+00:00","description":"Click to view the video and find out more about Fuchs Dystrophy. Find out about the treatment, and how Premier Medical Group can help.","breadcrumb":{"@id":"https:\/\/premiermedicalgrp.com\/services\/eye\/ophthalmology\/cornea\/fuchs-dystrophy\/#breadcrumb"},"inLanguage":"es","potentialAction":[{"@type":"ReadAction","target":["https:\/\/premiermedicalgrp.com\/services\/eye\/ophthalmology\/cornea\/fuchs-dystrophy\/"]}]},{"@type":"BreadcrumbList","@id":"https:\/\/premiermedicalgrp.com\/services\/eye\/ophthalmology\/cornea\/fuchs-dystrophy\/#breadcrumb","itemListElement":[{"@type":"ListItem","position":1,"name":"Home","item":"https:\/\/premiermedicalgrp.com\/"},{"@type":"ListItem","position":2,"name":"Our Services","item":"https:\/\/premiermedicalgrp.com\/services\/"},{"@type":"ListItem","position":3,"name":"Eye Services","item":"https:\/\/premiermedicalgrp.com\/services\/eye\/"},{"@type":"ListItem","position":4,"name":"Ophthalmology","item":"https:\/\/premiermedicalgrp.com\/services\/eye\/ophthalmology\/"},{"@type":"ListItem","position":5,"name":"Cornea","item":"https:\/\/premiermedicalgrp.com\/services\/eye\/ophthalmology\/cornea\/"},{"@type":"ListItem","position":6,"name":"Fuch&#8217;s Dystrophy"}]},{"@type":"WebSite","@id":"https:\/\/pmg2024.wpenginepowered.com\/#website","url":"https:\/\/pmg2024.wpenginepowered.com\/","name":"Premier Medical Group | Especialistas en otorrinolaringolog\u00eda y oftalmolog\u00eda","description":"Premier Medical Group | Especialistas en otorrinolaringolog\u00eda y oftalmolog\u00eda","potentialAction":[{"@type":"SearchAction","target":{"@type":"EntryPoint","urlTemplate":"https:\/\/pmg2024.wpenginepowered.com\/?s={search_term_string}"},"query-input":{"@type":"PropertyValueSpecification","valueRequired":true,"valueName":"search_term_string"}}],"inLanguage":"es"}]}},"_links":{"self":[{"href":"https:\/\/premiermedicalgrp.com\/es\/wp-json\/wp\/v2\/pages\/1761","targetHints":{"allow":["GET"]}}],"collection":[{"href":"https:\/\/premiermedicalgrp.com\/es\/wp-json\/wp\/v2\/pages"}],"about":[{"href":"https:\/\/premiermedicalgrp.com\/es\/wp-json\/wp\/v2\/types\/page"}],"author":[{"embeddable":true,"href":"https:\/\/premiermedicalgrp.com\/es\/wp-json\/wp\/v2\/users\/1"}],"replies":[{"embeddable":true,"href":"https:\/\/premiermedicalgrp.com\/es\/wp-json\/wp\/v2\/comments?post=1761"}],"version-history":[{"count":0,"href":"https:\/\/premiermedicalgrp.com\/es\/wp-json\/wp\/v2\/pages\/1761\/revisions"}],"up":[{"embeddable":true,"href":"https:\/\/premiermedicalgrp.com\/es\/wp-json\/wp\/v2\/pages\/1510"}],"wp:attachment":[{"href":"https:\/\/premiermedicalgrp.com\/es\/wp-json\/wp\/v2\/media?parent=1761"}],"curies":[{"name":"wp","href":"https:\/\/api.w.org\/{rel}","templated":true}]}}