{"id":179,"date":"2013-12-30T17:40:30","date_gmt":"2013-12-30T17:40:30","guid":{"rendered":"\/?page_id=179"},"modified":"2026-04-15T16:57:49","modified_gmt":"2026-04-15T21:57:49","slug":"otorhinolaryngology","status":"publish","type":"page","link":"https:\/\/premiermedicalgrp.com\/es\/services\/ent\/otorhinolaryngology\/","title":{"rendered":"Otorrinolaringolog\u00eda"},"content":{"rendered":"<p>&nbsp;<\/p>\n<div class=\"rgg-container\" data-rgg-id=\"1\">    <div class=\"rgg-imagegrid captions-title captions-effect-none\" data-rgg-id=\"1\">\n                    <a href=\"https:\/\/premiermedicalgrp.com\/wp-content\/uploads\/2020\/08\/KB00005wBKG2-650x910.jpg\" data-rel=\"rgg\" rel=\"rgg\" title=\"Doctor Kent L. Burton\" class=\"rgg-disabled size-medium rgg-img\" data-src=\"https:\/\/premiermedicalgrp.com\/wp-content\/uploads\/2020\/08\/KB00005wBKG2-214x300.jpg\" data-ratio=\"0.713333333333\" data-height=\"300\" data-width=\"214\" aria-label=\"Dr. Kent L. Burton, MD, retrato\">\n                            <\/a>\n                    <a href=\"https:\/\/premiermedicalgrp.com\/wp-content\/uploads\/2013\/12\/PRM-2020-Kimberly-A-Elliott-1.jpg\" data-rel=\"rgg\" rel=\"rgg\" title=\"Dra. Kimberly Elliott\" class=\"rgg-disabled size-medium rgg-img\" data-src=\"https:\/\/premiermedicalgrp.com\/wp-content\/uploads\/2013\/12\/PRM-2020-Kimberly-A-Elliott-1-214x300.jpg\" data-ratio=\"0.713333333333\" data-height=\"300\" data-width=\"214\" aria-label=\"Kimberly Elliott, MD, retrato\">\n                            <\/a>\n                    <a href=\"https:\/\/premiermedicalgrp.com\/wp-content\/uploads\/2013\/12\/PRM-2020-J-Mark-Harrison.jpg\" data-rel=\"rgg\" rel=\"rgg\" title=\"\" class=\"rgg-disabled size-medium rgg-img\" data-src=\"https:\/\/premiermedicalgrp.com\/wp-content\/uploads\/2013\/12\/PRM-2020-J-Mark-Harrison-214x300.jpg\" data-ratio=\"0.713333333333\" data-height=\"300\" data-width=\"214\" aria-label=\"Mark Harrison, MD, retrato\">\n                            <\/a>\n                    <a href=\"https:\/\/premiermedicalgrp.com\/wp-content\/uploads\/2024\/06\/Johnson-Web-copy-e1721408374677.jpg\" data-rel=\"rgg\" rel=\"rgg\" title=\"\" class=\"rgg-disabled size-medium rgg-img\" data-src=\"https:\/\/premiermedicalgrp.com\/wp-content\/uploads\/2024\/06\/Johnson-Web-copy-e1721408374677-211x300.jpg\" data-ratio=\"0.703333333333\" data-height=\"300\" data-width=\"211\" aria-label=\"Dr. Jake Johnson\">\n                            <\/a>\n                    <a href=\"https:\/\/premiermedicalgrp.com\/wp-content\/uploads\/2013\/12\/PRM-2020-Michael-Rhodes-Lee-1.jpg\" data-rel=\"rgg\" rel=\"rgg\" title=\"\" class=\"rgg-disabled size-medium rgg-img\" data-src=\"https:\/\/premiermedicalgrp.com\/wp-content\/uploads\/2013\/12\/PRM-2020-Michael-Rhodes-Lee-1-214x300.jpg\" data-ratio=\"0.713333333333\" data-height=\"300\" data-width=\"214\" aria-label=\"Retrato del doctor Michael Rhodes Lee\">\n                            <\/a>\n                    <a href=\"https:\/\/premiermedicalgrp.com\/wp-content\/uploads\/2014\/03\/PRM-2020-Andrea-B-McMurphy.jpg\" data-rel=\"rgg\" rel=\"rgg\" title=\"\" class=\"rgg-disabled size-medium rgg-img\" data-src=\"https:\/\/premiermedicalgrp.com\/wp-content\/uploads\/2014\/03\/PRM-2020-Andrea-B-McMurphy-214x300.jpg\" data-ratio=\"0.713333333333\" data-height=\"300\" data-width=\"214\" aria-label=\"Foto de rostro de la Dra. Andrea B. McMurphy\">\n                            <\/a>\n                    <a href=\"https:\/\/premiermedicalgrp.com\/wp-content\/uploads\/2013\/12\/PRM-2020-Alfred-M-Neumann-Jr.jpg\" data-rel=\"rgg\" rel=\"rgg\" title=\"Dr. Alfred Neumann Jr.\" class=\"rgg-disabled size-medium rgg-img\" data-src=\"https:\/\/premiermedicalgrp.com\/wp-content\/uploads\/2013\/12\/PRM-2020-Alfred-M-Neumann-Jr-214x300.jpg\" data-ratio=\"0.713333333333\" data-height=\"300\" data-width=\"214\" aria-label=\"Retrato del doctor Alfred Neumann Jr.\">\n                            <\/a>\n                    <a href=\"https:\/\/premiermedicalgrp.com\/wp-content\/uploads\/2026\/03\/Omara-Headshot-400x560-1.webp\" data-rel=\"rgg\" rel=\"rgg\" title=\"\" class=\"rgg-disabled size-medium rgg-img\" data-src=\"https:\/\/premiermedicalgrp.com\/wp-content\/uploads\/2026\/03\/Omara-Headshot-400x560-1-214x300.webp\" data-ratio=\"0.713333333333\" data-height=\"300\" data-width=\"214\" aria-label=\"William E. O\u2019Mara, MD\">\n                            <\/a>\n                    <a href=\"https:\/\/premiermedicalgrp.com\/wp-content\/uploads\/2025\/08\/PRM-25-07-New-Doctor-Oglesby.webp\" data-rel=\"rgg\" rel=\"rgg\" title=\"\" class=\"rgg-disabled size-medium rgg-img\" data-src=\"https:\/\/premiermedicalgrp.com\/wp-content\/uploads\/2025\/08\/PRM-25-07-New-Doctor-Oglesby-214x300.webp\" data-ratio=\"0.713333333333\" data-height=\"300\" data-width=\"214\" aria-label=\"Kacie Oglesby, MD\">\n                            <\/a>\n                    <a href=\"https:\/\/premiermedicalgrp.com\/wp-content\/uploads\/2023\/01\/Jessica-E.-Southwood-MD-1-scaled-e1674067752478-650x906.jpg\" data-rel=\"rgg\" rel=\"rgg\" title=\"\" class=\"rgg-disabled size-medium rgg-img\" data-src=\"https:\/\/premiermedicalgrp.com\/wp-content\/uploads\/2023\/01\/Jessica-E.-Southwood-MD-1-scaled-e1674067752478-215x300.jpg\" data-ratio=\"0.716666666667\" data-height=\"300\" data-width=\"215\" aria-label=\"Dra. Jessica E. Southwood\">\n                            <\/a>\n                    <a href=\"https:\/\/premiermedicalgrp.com\/wp-content\/uploads\/2013\/12\/PRM-2020-James-R-Spires-Jr-1.jpg\" data-rel=\"rgg\" rel=\"rgg\" title=\"\" class=\"rgg-disabled size-medium rgg-img\" data-src=\"https:\/\/premiermedicalgrp.com\/wp-content\/uploads\/2013\/12\/PRM-2020-James-R-Spires-Jr-1-214x300.jpg\" data-ratio=\"0.713333333333\" data-height=\"300\" data-width=\"214\" aria-label=\"Retrato del doctor James R. Spires Jr.\">\n                            <\/a>\n                    <a href=\"https:\/\/premiermedicalgrp.com\/wp-content\/uploads\/2016\/07\/PRM-2020-Brian-P-Sullivan.jpg\" data-rel=\"rgg\" rel=\"rgg\" title=\"\" class=\"rgg-disabled size-medium rgg-img\" data-src=\"https:\/\/premiermedicalgrp.com\/wp-content\/uploads\/2016\/07\/PRM-2020-Brian-P-Sullivan-214x300.jpg\" data-ratio=\"0.713333333333\" data-height=\"300\" data-width=\"214\" aria-label=\"Retrato del Dr. Brian P. Sullivan\">\n                            <\/a>\n                    <a href=\"https:\/\/premiermedicalgrp.com\/wp-content\/uploads\/2013\/12\/PRM-2020-Ron-Swain-Jr.jpg\" data-rel=\"rgg\" rel=\"rgg\" title=\"\" class=\"rgg-disabled size-medium rgg-img\" data-src=\"https:\/\/premiermedicalgrp.com\/wp-content\/uploads\/2013\/12\/PRM-2020-Ron-Swain-Jr-214x300.jpg\" data-ratio=\"0.713333333333\" data-height=\"300\" data-width=\"214\" aria-label=\"Retrato del doctor Ron Swain Jr.\">\n                            <\/a>\n                    <a href=\"https:\/\/premiermedicalgrp.com\/wp-content\/uploads\/2025\/07\/PRM-25-07-New-Doctor-Ads-copy.webp\" data-rel=\"rgg\" rel=\"rgg\" title=\"\" class=\"rgg-disabled size-medium rgg-img\" data-src=\"https:\/\/premiermedicalgrp.com\/wp-content\/uploads\/2025\/07\/PRM-25-07-New-Doctor-Ads-copy-214x300.webp\" data-ratio=\"0.713333333333\" data-height=\"300\" data-width=\"214\" aria-label=\"Christopher Weeks, MD\">\n                            <\/a>\n            <\/div>\n<\/div>\n<p><span style=\"color: #000000;\">Los otorrinolaring\u00f3logos, tambi\u00e9n conocidos como otorrinolaring\u00f3logos, son m\u00e9dicos capacitados en el tratamiento y manejo m\u00e9dico y quir\u00fargico de pacientes con enfermedades y trastornos del o\u00eddo, la nariz, la garganta y las estructuras relacionadas de la cabeza y el cuello.<\/span><\/p>\n<p><span style=\"color: #000000;\">Com\u00fanmente conocidos como otorrinolaring\u00f3logos, sus habilidades especiales incluyen el diagn\u00f3stico y tratamiento de enfermedades de los senos nasales, la laringe (caja de la voz), cavidad oral, faringe superior (boca y garganta) y el cuello y la cara.<\/span><\/p>\n<p><span style=\"color: #000000;\">Los m\u00e9dicos de Premier Medical practican otorrinolaringolog\u00eda general tanto en ni\u00f1os como en adultos, y tratan trastornos espec\u00edficos como las alergias. Los trastornos del sue\u00f1o, como los ronquidos, pueden ser un signo de una afecci\u00f3n m\u00e9dica subyacente m\u00e1s grave. Los otorrinolaring\u00f3logos tambi\u00e9n realizan cirug\u00edas en los senos nasales, la cabeza y el cuello, los conductos nasales y procedimientos cosm\u00e9ticos faciales.<\/span><\/p>\n<p><span style=\"color: #000000;\">Si un paciente sufre de p\u00e9rdida auditiva, ser\u00e1 derivado al personal profesional de audi\u00f3logos certificados de Premier Medical que ofrecen un espectro completo de servicios de audiolog\u00eda para adultos y pedi\u00e1tricos.<\/span><\/p>\n<h3>Los servicios de otorrinolaringolog\u00eda incluyen:<\/h3>\n<ul>\n<li><a href=\"https:\/\/premiermedicalgrp.com\/es\/services\/ent\/otorhinolaryngology\/nose\/\">Nariz<\/a><\/li>\n<li><a href=\"https:\/\/premiermedicalgrp.com\/es\/services\/ent\/otorhinolaryngology\/throat\/\">Garganta<\/a><\/li>\n<li><a href=\"https:\/\/premiermedicalgrp.com\/es\/services\/ent\/otorhinolaryngology\/head-neck-cancer\/\">C\u00e1ncer de cabeza y cuello<\/a><\/li>\n<li><a href=\"https:\/\/premiermedicalgrp.com\/es\/services\/ent\/otorhinolaryngology\/allergies\/\">Alergias<\/a><\/li>\n<li><a href=\"https:\/\/premiermedicalgrp.com\/es\/services\/ent\/otorhinolaryngology\/sinus-disease\/\">Enfermedad de los senos nasales<\/a><\/li>\n<li><a href=\"https:\/\/premiermedicalgrp.com\/es\/services\/ent\/otorhinolaryngology\/sleep-disorder\/\">Trastornos del sue\u00f1o<\/a><\/li>\n<\/ul>\n<h3>M\u00e9dicos Otorrinolaring\u00f3logos:<\/h3>\n<ul>\n<li style=\"list-style-type: none;\">\n<ul>\n<li><a href=\"https:\/\/premiermedicalgrp.com\/es\/physicians\/kent-l-burton-md\/\">Doctor Kent L. Burton<\/a><\/li>\n<li><a href=\"https:\/\/premiermedicalgrp.com\/es\/physicians\/kimberly-elliott-md\/\">Dra. Kimberly A. Elliott<\/a><\/li>\n<li><a href=\"https:\/\/premiermedicalgrp.com\/es\/physicians\/b-jake-johnson-md\/\">Dr. B. Jake Johnson<\/a><\/li>\n<li><a href=\"https:\/\/premiermedicalgrp.com\/es\/physicians\/mark-harrison-md\/\">Dr. J. Mark Harrison<\/a><\/li>\n<li><a href=\"https:\/\/premiermedicalgrp.com\/es\/physicians\/michael-lee-md\/\">Dr. Michael Rhodes Lee<\/a><\/li>\n<li><a href=\"https:\/\/premiermedicalgrp.com\/es\/physicians\/andrea-mcmurphy-md-facs\/\">Dra. Andrea B. McMurphy<\/a><\/li>\n<li><a href=\"https:\/\/premiermedicalgrp.com\/es\/physicians\/alfred-neumann-md\/\">Dr. Alfred M. Neumann, Jr.<\/a><\/li>\n<li><a href=\"https:\/\/premiermedicalgrp.com\/es\/physicians\/kacie-r-oglesby-md\/\">Dra. Kacie R. Oglesby<\/a><\/li>\n<li><a href=\"https:\/\/premiermedicalgrp.com\/es\/physicians\/william-e-omara-md\/\">William E. O&#8217;Mara, MD<\/a><\/li>\n<li><a href=\"https:\/\/premiermedicalgrp.com\/es\/physicians\/james-spires-md\/\">Dr. James R. Spires, Jr.<\/a><\/li>\n<li><a href=\"https:\/\/premiermedicalgrp.com\/es\/physicians\/brian-p-sullivan-md\/\">Dr. Brian P. Sullivan<\/a><\/li>\n<li><a title=\"Ron Swain, Jr., doctor en medicina, FACS, FARS\" href=\"http:\/\/premiermedicalgrp.com\/es\/physicians\/ron-swain-md\/\">Dr. Ron Swain, Jr.<\/a><\/li>\n<li><a href=\"https:\/\/premiermedicalgrp.com\/es\/physicians\/christopher-g-weeks-md\/\">Christopher G. Weeks, MD<\/a><\/li>\n<\/ul>\n<\/li>\n<\/ul>\n<p>&nbsp;<\/p>","protected":false},"excerpt":{"rendered":"<p>&nbsp; Otolaryngologists also known as Otorhinolaryngologists are physicians trained in the medical and surgical management and treatment of patients with diseases and disorders of the ear, nose, throat, and related structures of the head and neck. Commonly known as ENTs, their special skills include diagnosing and managing diseases of the sinuses, larynx (voice box), oral [&hellip;]<\/p>\n","protected":false},"author":1,"featured_media":0,"parent":105,"menu_order":81,"comment_status":"closed","ping_status":"closed","template":"","meta":{"_acf_changed":false,"footnotes":""},"class_list":["post-179","page","type-page","status-publish","hentry"],"acf":[],"yoast_head":"<!-- This site is optimized with the Yoast SEO plugin v27.4 - https:\/\/yoast.com\/product\/yoast-seo-wordpress\/ -->\n<title>Otorhinolaryngology Care | Premier Medical Group<\/title>\n<meta name=\"description\" content=\"Premier Medical Group are leaders in the study of ear, nose, and throat conditions. Contact us and see what our ENT doctors in Mobile AL can do for you!\" \/>\n<meta name=\"robots\" content=\"index, follow, max-snippet:-1, max-image-preview:large, max-video-preview:-1\" \/>\n<link rel=\"canonical\" href=\"https:\/\/premiermedicalgrp.com\/es\/services\/ent\/otorhinolaryngology\/\" \/>\n<meta property=\"og:locale\" content=\"es_MX\" \/>\n<meta property=\"og:type\" content=\"article\" \/>\n<meta property=\"og:title\" content=\"Otorhinolaryngology Care | Premier Medical Group\" \/>\n<meta property=\"og:description\" content=\"Premier Medical Group are leaders in the study of ear, nose, and throat conditions. Contact us and see what our ENT doctors in Mobile AL can do for you!\" \/>\n<meta property=\"og:url\" content=\"https:\/\/premiermedicalgrp.com\/es\/services\/ent\/otorhinolaryngology\/\" \/>\n<meta property=\"og:site_name\" content=\"Premier Medical Group | Eye &amp; ENT Specialists\" \/>\n<meta property=\"article:modified_time\" content=\"2026-04-15T21:57:49+00:00\" \/>\n<meta property=\"og:image\" content=\"https:\/\/premiermedicalgrp.com\/wp-content\/uploads\/2020\/08\/KB00005wBKG2-214x300.jpg\" \/>\n<meta name=\"twitter:label1\" content=\"Est. reading time\" \/>\n\t<meta name=\"twitter:data1\" content=\"1 minuto\" \/>\n<script type=\"application\/ld+json\" class=\"yoast-schema-graph\">{\"@context\":\"https:\\\/\\\/schema.org\",\"@graph\":[{\"@type\":\"WebPage\",\"@id\":\"https:\\\/\\\/premiermedicalgrp.com\\\/services\\\/ent\\\/otorhinolaryngology\\\/\",\"url\":\"https:\\\/\\\/premiermedicalgrp.com\\\/services\\\/ent\\\/otorhinolaryngology\\\/\",\"name\":\"Otorhinolaryngology Care | Premier Medical Group\",\"isPartOf\":{\"@id\":\"https:\\\/\\\/pmg2024.wpenginepowered.com\\\/#website\"},\"datePublished\":\"2013-12-30T17:40:30+00:00\",\"dateModified\":\"2026-04-15T21:57:49+00:00\",\"description\":\"Premier Medical Group are leaders in the study of ear, nose, and throat conditions. Contact us and see what our ENT doctors in Mobile AL can do for you!\",\"breadcrumb\":{\"@id\":\"https:\\\/\\\/premiermedicalgrp.com\\\/services\\\/ent\\\/otorhinolaryngology\\\/#breadcrumb\"},\"inLanguage\":\"es\",\"potentialAction\":[{\"@type\":\"ReadAction\",\"target\":[\"https:\\\/\\\/premiermedicalgrp.com\\\/services\\\/ent\\\/otorhinolaryngology\\\/\"]}]},{\"@type\":\"BreadcrumbList\",\"@id\":\"https:\\\/\\\/premiermedicalgrp.com\\\/services\\\/ent\\\/otorhinolaryngology\\\/#breadcrumb\",\"itemListElement\":[{\"@type\":\"ListItem\",\"position\":1,\"name\":\"Home\",\"item\":\"https:\\\/\\\/premiermedicalgrp.com\\\/\"},{\"@type\":\"ListItem\",\"position\":2,\"name\":\"Our Services\",\"item\":\"https:\\\/\\\/premiermedicalgrp.com\\\/services\\\/\"},{\"@type\":\"ListItem\",\"position\":3,\"name\":\"ENT Services\",\"item\":\"https:\\\/\\\/premiermedicalgrp.com\\\/services\\\/ent\\\/\"},{\"@type\":\"ListItem\",\"position\":4,\"name\":\"Otolaryngology\"}]},{\"@type\":\"WebSite\",\"@id\":\"https:\\\/\\\/pmg2024.wpenginepowered.com\\\/#website\",\"url\":\"https:\\\/\\\/pmg2024.wpenginepowered.com\\\/\",\"name\":\"Premier Medical Group | Eye &amp; ENT Specialists\",\"description\":\"Premier Medical Group | Eye &amp; ENT Specialists\",\"potentialAction\":[{\"@type\":\"SearchAction\",\"target\":{\"@type\":\"EntryPoint\",\"urlTemplate\":\"https:\\\/\\\/pmg2024.wpenginepowered.com\\\/?s={search_term_string}\"},\"query-input\":{\"@type\":\"PropertyValueSpecification\",\"valueRequired\":true,\"valueName\":\"search_term_string\"}}],\"inLanguage\":\"es\"}]}<\/script>\n<!-- \/ Yoast SEO plugin. -->","yoast_head_json":{"title":"Otorhinolaryngology Care | Premier Medical Group","description":"Premier Medical Group are leaders in the study of ear, nose, and throat conditions. Contact us and see what our ENT doctors in Mobile AL can do for you!","robots":{"index":"index","follow":"follow","max-snippet":"max-snippet:-1","max-image-preview":"max-image-preview:large","max-video-preview":"max-video-preview:-1"},"canonical":"https:\/\/premiermedicalgrp.com\/es\/services\/ent\/otorhinolaryngology\/","og_locale":"es_MX","og_type":"article","og_title":"Otorhinolaryngology Care | Premier Medical Group","og_description":"Premier Medical Group are leaders in the study of ear, nose, and throat conditions. Contact us and see what our ENT doctors in Mobile AL can do for you!","og_url":"https:\/\/premiermedicalgrp.com\/es\/services\/ent\/otorhinolaryngology\/","og_site_name":"Premier Medical Group | Eye &amp; ENT Specialists","article_modified_time":"2026-04-15T21:57:49+00:00","og_image":[{"url":"https:\/\/premiermedicalgrp.com\/wp-content\/uploads\/2020\/08\/KB00005wBKG2-214x300.jpg","type":"","width":"","height":""}],"twitter_misc":{"Est. reading time":"1 minuto"},"schema":{"@context":"https:\/\/schema.org","@graph":[{"@type":"WebPage","@id":"https:\/\/premiermedicalgrp.com\/services\/ent\/otorhinolaryngology\/","url":"https:\/\/premiermedicalgrp.com\/services\/ent\/otorhinolaryngology\/","name":"Otorhinolaryngology Care | Premier Medical Group","isPartOf":{"@id":"https:\/\/pmg2024.wpenginepowered.com\/#website"},"datePublished":"2013-12-30T17:40:30+00:00","dateModified":"2026-04-15T21:57:49+00:00","description":"Premier Medical Group are leaders in the study of ear, nose, and throat conditions. Contact us and see what our ENT doctors in Mobile AL can do for you!","breadcrumb":{"@id":"https:\/\/premiermedicalgrp.com\/services\/ent\/otorhinolaryngology\/#breadcrumb"},"inLanguage":"es","potentialAction":[{"@type":"ReadAction","target":["https:\/\/premiermedicalgrp.com\/services\/ent\/otorhinolaryngology\/"]}]},{"@type":"BreadcrumbList","@id":"https:\/\/premiermedicalgrp.com\/services\/ent\/otorhinolaryngology\/#breadcrumb","itemListElement":[{"@type":"ListItem","position":1,"name":"Home","item":"https:\/\/premiermedicalgrp.com\/"},{"@type":"ListItem","position":2,"name":"Our Services","item":"https:\/\/premiermedicalgrp.com\/services\/"},{"@type":"ListItem","position":3,"name":"ENT Services","item":"https:\/\/premiermedicalgrp.com\/services\/ent\/"},{"@type":"ListItem","position":4,"name":"Otolaryngology"}]},{"@type":"WebSite","@id":"https:\/\/pmg2024.wpenginepowered.com\/#website","url":"https:\/\/pmg2024.wpenginepowered.com\/","name":"Premier Medical Group | Especialistas en otorrinolaringolog\u00eda y oftalmolog\u00eda","description":"Premier Medical Group | Especialistas en otorrinolaringolog\u00eda y oftalmolog\u00eda","potentialAction":[{"@type":"SearchAction","target":{"@type":"EntryPoint","urlTemplate":"https:\/\/pmg2024.wpenginepowered.com\/?s={search_term_string}"},"query-input":{"@type":"PropertyValueSpecification","valueRequired":true,"valueName":"search_term_string"}}],"inLanguage":"es"}]}},"_links":{"self":[{"href":"https:\/\/premiermedicalgrp.com\/es\/wp-json\/wp\/v2\/pages\/179","targetHints":{"allow":["GET"]}}],"collection":[{"href":"https:\/\/premiermedicalgrp.com\/es\/wp-json\/wp\/v2\/pages"}],"about":[{"href":"https:\/\/premiermedicalgrp.com\/es\/wp-json\/wp\/v2\/types\/page"}],"author":[{"embeddable":true,"href":"https:\/\/premiermedicalgrp.com\/es\/wp-json\/wp\/v2\/users\/1"}],"replies":[{"embeddable":true,"href":"https:\/\/premiermedicalgrp.com\/es\/wp-json\/wp\/v2\/comments?post=179"}],"version-history":[{"count":0,"href":"https:\/\/premiermedicalgrp.com\/es\/wp-json\/wp\/v2\/pages\/179\/revisions"}],"up":[{"embeddable":true,"href":"https:\/\/premiermedicalgrp.com\/es\/wp-json\/wp\/v2\/pages\/105"}],"wp:attachment":[{"href":"https:\/\/premiermedicalgrp.com\/es\/wp-json\/wp\/v2\/media?parent=179"}],"curies":[{"name":"wp","href":"https:\/\/api.w.org\/{rel}","templated":true}]}}