{"id":186,"date":"2013-12-30T17:42:24","date_gmt":"2013-12-30T17:42:24","guid":{"rendered":"\/?page_id=186"},"modified":"2014-06-26T10:55:34","modified_gmt":"2014-06-26T15:55:34","slug":"throat","status":"publish","type":"page","link":"https:\/\/premiermedicalgrp.com\/es\/services\/ent\/otorhinolaryngology\/throat\/","title":{"rendered":"Garganta"},"content":{"rendered":"<p><span style=\"color: #000000;\">Los otorrinolaring\u00f3logos tratan las enfermedades de la garganta, incluida la laringe y el tracto aerodigestivo superior o es\u00f3fago, as\u00ed como los trastornos de la voz y de la degluci\u00f3n.<\/span><\/p>\n<p><span style=\"color: #000000;\">Los trastornos de la garganta pueden ser una simple molestia o una gran pesadilla. La amigdalitis, los trastornos de la voz e incluso la ronquera interfieren en nuestra capacidad de comunicarnos. Muchas de estas afecciones se pueden mejorar o corregir con la atenci\u00f3n de un m\u00e9dico otorrinolaring\u00f3logo en Premier Medical.<\/span><\/p>\n<p><span style=\"color: #000000;\">La enfermedad por reflujo gastroesof\u00e1gico (ERGE) se produce cuando el \u00e1cido del est\u00f3mago regresa al es\u00f3fago. Los otorrinolaring\u00f3logos tienen una amplia experiencia con las herramientas que se utilizan para diagnosticar la ERGE y se especializan en su tratamiento.<\/span><\/p>\n<p><span style=\"color: #000000;\">Los problemas comunes que afectan la voz son la laringitis aguda y cr\u00f3nica, par\u00e1lisis de las cuerdas vocales, \u201cn\u00f3dulos\u201d y lesiones benignas.<\/span><\/p>\n<p><span style=\"color: #000000;\">Los c\u00e1nceres de garganta incluyen el c\u00e1ncer lar\u00edngeo y el c\u00e1ncer hipofar\u00edngeo, neoplasias malignas que comienzan en la parte inferior de la garganta y afectan la laringe y la faringe.<\/span><\/p>","protected":false},"excerpt":{"rendered":"<p>Otolaryngologists manage the diseases of the throat, including the larynx (voice box) and the upper aero-digestive tract or esophagus, and voice and swallowing disorders. Disorders of the throat can be a mere nuisance or a major ordeal. Tonsillitis, voice disorders, and even hoarseness all interfere with our ability to communicate. Many of these conditions can [&hellip;]<\/p>\n","protected":false},"author":1,"featured_media":0,"parent":179,"menu_order":84,"comment_status":"closed","ping_status":"closed","template":"","meta":{"_acf_changed":false,"footnotes":""},"class_list":["post-186","page","type-page","status-publish","hentry"],"acf":[],"yoast_head":"<!-- This site is optimized with the Yoast SEO plugin v27.5 - https:\/\/yoast.com\/product\/yoast-seo-wordpress\/ -->\n<title>Throat - Premier Medical Group - Otolaryngologists, Voice, Swallowing<\/title>\n<meta name=\"description\" content=\"Find out what Premier Medical Group&#039;s Otolaryngologists can do for you. Dealing with throat cancers, the voice box, swallowing disorders esophagus and more.\" \/>\n<meta name=\"robots\" content=\"index, follow, max-snippet:-1, max-image-preview:large, max-video-preview:-1\" \/>\n<link rel=\"canonical\" href=\"https:\/\/premiermedicalgrp.com\/es\/services\/ent\/otorhinolaryngology\/throat\/\" \/>\n<meta property=\"og:locale\" content=\"es_MX\" \/>\n<meta property=\"og:type\" content=\"article\" \/>\n<meta property=\"og:title\" content=\"Throat - Premier Medical Group - Otolaryngologists, Voice, Swallowing\" \/>\n<meta property=\"og:description\" content=\"Find out what Premier Medical Group&#039;s Otolaryngologists can do for you. Dealing with throat cancers, the voice box, swallowing disorders esophagus and more.\" \/>\n<meta property=\"og:url\" content=\"https:\/\/premiermedicalgrp.com\/es\/services\/ent\/otorhinolaryngology\/throat\/\" \/>\n<meta property=\"og:site_name\" content=\"Premier Medical Group | Eye &amp; ENT Specialists\" \/>\n<meta property=\"article:modified_time\" content=\"2014-06-26T15:55:34+00:00\" \/>\n<meta name=\"twitter:label1\" content=\"Est. reading time\" \/>\n\t<meta name=\"twitter:data1\" content=\"1 minuto\" \/>\n<script type=\"application\/ld+json\" class=\"yoast-schema-graph\">{\"@context\":\"https:\\\/\\\/schema.org\",\"@graph\":[{\"@type\":\"WebPage\",\"@id\":\"https:\\\/\\\/premiermedicalgrp.com\\\/services\\\/ent\\\/otorhinolaryngology\\\/throat\\\/\",\"url\":\"https:\\\/\\\/premiermedicalgrp.com\\\/services\\\/ent\\\/otorhinolaryngology\\\/throat\\\/\",\"name\":\"Throat - Premier Medical Group - Otolaryngologists, Voice, Swallowing\",\"isPartOf\":{\"@id\":\"https:\\\/\\\/pmg2024.wpenginepowered.com\\\/#website\"},\"datePublished\":\"2013-12-30T17:42:24+00:00\",\"dateModified\":\"2014-06-26T15:55:34+00:00\",\"description\":\"Find out what Premier Medical Group's Otolaryngologists can do for you. Dealing with throat cancers, the voice box, swallowing disorders esophagus and more.\",\"breadcrumb\":{\"@id\":\"https:\\\/\\\/premiermedicalgrp.com\\\/services\\\/ent\\\/otorhinolaryngology\\\/throat\\\/#breadcrumb\"},\"inLanguage\":\"es\",\"potentialAction\":[{\"@type\":\"ReadAction\",\"target\":[\"https:\\\/\\\/premiermedicalgrp.com\\\/services\\\/ent\\\/otorhinolaryngology\\\/throat\\\/\"]}]},{\"@type\":\"BreadcrumbList\",\"@id\":\"https:\\\/\\\/premiermedicalgrp.com\\\/services\\\/ent\\\/otorhinolaryngology\\\/throat\\\/#breadcrumb\",\"itemListElement\":[{\"@type\":\"ListItem\",\"position\":1,\"name\":\"Home\",\"item\":\"https:\\\/\\\/premiermedicalgrp.com\\\/\"},{\"@type\":\"ListItem\",\"position\":2,\"name\":\"Our Services\",\"item\":\"https:\\\/\\\/premiermedicalgrp.com\\\/services\\\/\"},{\"@type\":\"ListItem\",\"position\":3,\"name\":\"ENT Services\",\"item\":\"https:\\\/\\\/premiermedicalgrp.com\\\/services\\\/ent\\\/\"},{\"@type\":\"ListItem\",\"position\":4,\"name\":\"Otolaryngology\",\"item\":\"https:\\\/\\\/premiermedicalgrp.com\\\/services\\\/ent\\\/otorhinolaryngology\\\/\"},{\"@type\":\"ListItem\",\"position\":5,\"name\":\"Throat\"}]},{\"@type\":\"WebSite\",\"@id\":\"https:\\\/\\\/pmg2024.wpenginepowered.com\\\/#website\",\"url\":\"https:\\\/\\\/pmg2024.wpenginepowered.com\\\/\",\"name\":\"Premier Medical Group | Eye &amp; ENT Specialists\",\"description\":\"Premier Medical Group | Eye &amp; ENT Specialists\",\"potentialAction\":[{\"@type\":\"SearchAction\",\"target\":{\"@type\":\"EntryPoint\",\"urlTemplate\":\"https:\\\/\\\/pmg2024.wpenginepowered.com\\\/?s={search_term_string}\"},\"query-input\":{\"@type\":\"PropertyValueSpecification\",\"valueRequired\":true,\"valueName\":\"search_term_string\"}}],\"inLanguage\":\"es\"}]}<\/script>\n<!-- \/ Yoast SEO plugin. -->","yoast_head_json":{"title":"Throat - Premier Medical Group - Otolaryngologists, Voice, Swallowing","description":"Find out what Premier Medical Group's Otolaryngologists can do for you. Dealing with throat cancers, the voice box, swallowing disorders esophagus and more.","robots":{"index":"index","follow":"follow","max-snippet":"max-snippet:-1","max-image-preview":"max-image-preview:large","max-video-preview":"max-video-preview:-1"},"canonical":"https:\/\/premiermedicalgrp.com\/es\/services\/ent\/otorhinolaryngology\/throat\/","og_locale":"es_MX","og_type":"article","og_title":"Throat - Premier Medical Group - Otolaryngologists, Voice, Swallowing","og_description":"Find out what Premier Medical Group's Otolaryngologists can do for you. Dealing with throat cancers, the voice box, swallowing disorders esophagus and more.","og_url":"https:\/\/premiermedicalgrp.com\/es\/services\/ent\/otorhinolaryngology\/throat\/","og_site_name":"Premier Medical Group | Eye &amp; ENT Specialists","article_modified_time":"2014-06-26T15:55:34+00:00","twitter_misc":{"Est. reading time":"1 minuto"},"schema":{"@context":"https:\/\/schema.org","@graph":[{"@type":"WebPage","@id":"https:\/\/premiermedicalgrp.com\/services\/ent\/otorhinolaryngology\/throat\/","url":"https:\/\/premiermedicalgrp.com\/services\/ent\/otorhinolaryngology\/throat\/","name":"Throat - Premier Medical Group - Otolaryngologists, Voice, Swallowing","isPartOf":{"@id":"https:\/\/pmg2024.wpenginepowered.com\/#website"},"datePublished":"2013-12-30T17:42:24+00:00","dateModified":"2014-06-26T15:55:34+00:00","description":"Find out what Premier Medical Group's Otolaryngologists can do for you. Dealing with throat cancers, the voice box, swallowing disorders esophagus and more.","breadcrumb":{"@id":"https:\/\/premiermedicalgrp.com\/services\/ent\/otorhinolaryngology\/throat\/#breadcrumb"},"inLanguage":"es","potentialAction":[{"@type":"ReadAction","target":["https:\/\/premiermedicalgrp.com\/services\/ent\/otorhinolaryngology\/throat\/"]}]},{"@type":"BreadcrumbList","@id":"https:\/\/premiermedicalgrp.com\/services\/ent\/otorhinolaryngology\/throat\/#breadcrumb","itemListElement":[{"@type":"ListItem","position":1,"name":"Home","item":"https:\/\/premiermedicalgrp.com\/"},{"@type":"ListItem","position":2,"name":"Our Services","item":"https:\/\/premiermedicalgrp.com\/services\/"},{"@type":"ListItem","position":3,"name":"ENT Services","item":"https:\/\/premiermedicalgrp.com\/services\/ent\/"},{"@type":"ListItem","position":4,"name":"Otolaryngology","item":"https:\/\/premiermedicalgrp.com\/services\/ent\/otorhinolaryngology\/"},{"@type":"ListItem","position":5,"name":"Throat"}]},{"@type":"WebSite","@id":"https:\/\/pmg2024.wpenginepowered.com\/#website","url":"https:\/\/pmg2024.wpenginepowered.com\/","name":"Premier Medical Group | Especialistas en otorrinolaringolog\u00eda y oftalmolog\u00eda","description":"Premier Medical Group | Especialistas en otorrinolaringolog\u00eda y oftalmolog\u00eda","potentialAction":[{"@type":"SearchAction","target":{"@type":"EntryPoint","urlTemplate":"https:\/\/pmg2024.wpenginepowered.com\/?s={search_term_string}"},"query-input":{"@type":"PropertyValueSpecification","valueRequired":true,"valueName":"search_term_string"}}],"inLanguage":"es"}]}},"_links":{"self":[{"href":"https:\/\/premiermedicalgrp.com\/es\/wp-json\/wp\/v2\/pages\/186","targetHints":{"allow":["GET"]}}],"collection":[{"href":"https:\/\/premiermedicalgrp.com\/es\/wp-json\/wp\/v2\/pages"}],"about":[{"href":"https:\/\/premiermedicalgrp.com\/es\/wp-json\/wp\/v2\/types\/page"}],"author":[{"embeddable":true,"href":"https:\/\/premiermedicalgrp.com\/es\/wp-json\/wp\/v2\/users\/1"}],"replies":[{"embeddable":true,"href":"https:\/\/premiermedicalgrp.com\/es\/wp-json\/wp\/v2\/comments?post=186"}],"version-history":[{"count":0,"href":"https:\/\/premiermedicalgrp.com\/es\/wp-json\/wp\/v2\/pages\/186\/revisions"}],"up":[{"embeddable":true,"href":"https:\/\/premiermedicalgrp.com\/es\/wp-json\/wp\/v2\/pages\/179"}],"wp:attachment":[{"href":"https:\/\/premiermedicalgrp.com\/es\/wp-json\/wp\/v2\/media?parent=186"}],"curies":[{"name":"wp","href":"https:\/\/api.w.org\/{rel}","templated":true}]}}