{"id":192,"date":"2013-12-30T17:43:29","date_gmt":"2013-12-30T17:43:29","guid":{"rendered":"\/?page_id=192"},"modified":"2021-06-22T13:12:28","modified_gmt":"2021-06-22T18:12:28","slug":"audiology","status":"publish","type":"page","link":"https:\/\/premiermedicalgrp.com\/es\/services\/ent\/audiology\/","title":{"rendered":"Audiolog\u00eda"},"content":{"rendered":"<h2><strong>\u00a1CONSULTE NUESTRO EXAMEN AUDITIVO EN L\u00cdNEA!<\/strong><\/h2>\n<h2><a href=\"https:\/\/www.shoeboxonline.com\/hearingaidsmobile\/?refSource=entwebsite\">https:\/\/www.shoeboxonline.com\/hearingaidsmobile\/?refSource=entwebsite<\/a><\/h2>\n<p><span style=\"color: #000000;\">La p\u00e9rdida de audici\u00f3n es el tercer problema de salud m\u00e1s com\u00fan en los Estados Unidos. Nuestro personal de audiolog\u00eda certificado del Centro de Audiolog\u00eda y Aud\u00edfonos de Premier Medical utiliza las \u00faltimas tecnolog\u00edas disponibles para detectar y tratar la p\u00e9rdida de audici\u00f3n y trabaja en estrecha colaboraci\u00f3n con los m\u00e9dicos de Premier Medical para brindarle la mejor atenci\u00f3n posible y atender todas sus necesidades auditivas.<\/span><\/p>\n<p><span style=\"color: #000000;\">Nuestro equipo quiere que usted escuche con mayor claridad, ya sea que su condici\u00f3n est\u00e9 relacionada con la edad o sea de naturaleza m\u00e9dica. Premier Medical se dedica a utilizar el tratamiento m\u00e9dico m\u00e1s reciente y tambi\u00e9n se especializa en tecnolog\u00eda de aud\u00edfonos de \u00faltima generaci\u00f3n. Esta pr\u00e1ctica establecida de audi\u00f3logos certificados tiene un t\u00edtulo de maestr\u00eda o doctorado de una universidad acreditada con una experiencia de hasta 38 a\u00f1os. El equipo de profesionales y el personal de apoyo capacitado est\u00e1n aqu\u00ed para brindarle un enfoque integral para sus necesidades de atenci\u00f3n de la salud auditiva. Nuestra misi\u00f3n es brindarle una mejor audici\u00f3n a trav\u00e9s de tecnolog\u00eda innovadora para que pueda volver al mundo de la audici\u00f3n.<\/span><\/p>\n<p><span style=\"color: #000000;\">Un m\u00e9dico otorrinolaring\u00f3logo (o\u00eddo, nariz y garganta) puede solicitar una combinaci\u00f3n de pruebas para identificar el origen de su mareo.<\/span><\/p>\n<p><span style=\"color: #000000;\">(VNG o ENG) \u2013 VNG significa videonistagmograf\u00eda y ENG significa electronistagmograf\u00eda. Estos procedimientos registran los movimientos oculares (nistagmo) mediante t\u00e9cnicas de registro espec\u00edficas. El prop\u00f3sito de registrarlos es comprender mejor partes de la v\u00eda del equilibrio, incluida la funci\u00f3n del o\u00eddo interno.<\/span><\/p>\n<p><span style=\"color: #000000;\">La prueba de equilibrio es un procedimiento sencillo e indoloro. La primera parte consiste en seguir una luz roja que se mueve por una barra luminosa. En la segunda parte, le movemos en distintas posiciones. En la tercera, le introducimos aire fr\u00edo o caliente o agua en el o\u00eddo.<\/span><\/p>\n<p><span style=\"color: #000000;\">ABR \u2013 La prueba ABR (Respuesta auditiva del tronco encef\u00e1lico) es un procedimiento que se utiliza para comprobar el funcionamiento del nervio auditivo. Se colocar\u00e1n electrodos en los o\u00eddos y en la frente y se realizar\u00e1n trazados a medida que se introduce el sonido en los o\u00eddos.<\/span><\/p>\n<p><span style=\"color: #000000;\">ECochG: la prueba ECochG busca un desequilibrio de l\u00edquidos en el o\u00eddo interno. Se colocar\u00e1n electrodos en los canales auditivos externos y en la frente y se registrar\u00e1n los trazos a medida que se introduce el sonido en los o\u00eddos.<\/span><\/p>\n<p><span style=\"color: #000000;\">VEMP: la prueba de potencial miog\u00e9nico evocado vestibular (VEMP, por sus siglas en ingl\u00e9s) registra una respuesta del o\u00eddo cuando se le presenta un sonido al mismo tiempo que se tensa el cuello. Esta prueba ayuda a identificar la participaci\u00f3n de una parte espec\u00edfica de la v\u00eda del equilibrio.<\/span><\/p>\n<p><a title=\"Acerca de la Audiolog\u00eda\" href=\"http:\/\/premiermedicalgrp.com\/es\/services\/ent\/audiology\/audiology\/\" target=\"_blank\" rel=\"noopener noreferrer\">M\u00e1s informaci\u00f3n<\/a><\/p>","protected":false},"excerpt":{"rendered":"<p>CHECK OUT OUR ONLINE HEARING SCREENER! https:\/\/www.shoeboxonline.com\/hearingaidsmobile\/?refSource=entwebsite Hearing loss is the third most common health problem in the United States. Our certified audiology staff with Premier Medical&#8217;s Audiology and Hearing Aid Center utilizes the latest technologies available to detect and treat hearing loss and work closely with Premier Medical physicians to give you the best [&hellip;]<\/p>\n","protected":false},"author":1,"featured_media":0,"parent":105,"menu_order":90,"comment_status":"closed","ping_status":"closed","template":"","meta":{"_acf_changed":false,"footnotes":""},"class_list":["post-192","page","type-page","status-publish","hentry"],"acf":[],"yoast_head":"<!-- This site is optimized with the Yoast SEO plugin v27.3 - https:\/\/yoast.com\/product\/yoast-seo-wordpress\/ -->\n<title>Audiology in Mobile AL | Premier Medical<\/title>\n<meta name=\"description\" content=\"If you&#039;re seeking experts in audiology in Mobile AL, come see what Premier Medical Group can do for you. Contact our audiology specialists today!\" \/>\n<meta name=\"robots\" content=\"index, follow, max-snippet:-1, max-image-preview:large, max-video-preview:-1\" \/>\n<link rel=\"canonical\" href=\"https:\/\/premiermedicalgrp.com\/es\/services\/ent\/audiology\/\" \/>\n<meta property=\"og:locale\" content=\"es_MX\" \/>\n<meta property=\"og:type\" content=\"article\" \/>\n<meta property=\"og:title\" content=\"Audiology in Mobile AL | Premier Medical\" \/>\n<meta property=\"og:description\" content=\"If you&#039;re seeking experts in audiology in Mobile AL, come see what Premier Medical Group can do for you. Contact our audiology specialists today!\" \/>\n<meta property=\"og:url\" content=\"https:\/\/premiermedicalgrp.com\/es\/services\/ent\/audiology\/\" \/>\n<meta property=\"og:site_name\" content=\"Premier Medical Group | Eye &amp; ENT Specialists\" \/>\n<meta property=\"article:modified_time\" content=\"2021-06-22T18:12:28+00:00\" \/>\n<meta name=\"twitter:label1\" content=\"Est. reading time\" \/>\n\t<meta name=\"twitter:data1\" content=\"2 minutos\" \/>\n<script type=\"application\/ld+json\" class=\"yoast-schema-graph\">{\"@context\":\"https:\\\/\\\/schema.org\",\"@graph\":[{\"@type\":\"WebPage\",\"@id\":\"https:\\\/\\\/premiermedicalgrp.com\\\/services\\\/ent\\\/audiology\\\/\",\"url\":\"https:\\\/\\\/premiermedicalgrp.com\\\/services\\\/ent\\\/audiology\\\/\",\"name\":\"Audiology in Mobile AL | Premier Medical\",\"isPartOf\":{\"@id\":\"https:\\\/\\\/pmg2024.wpenginepowered.com\\\/#website\"},\"datePublished\":\"2013-12-30T17:43:29+00:00\",\"dateModified\":\"2021-06-22T18:12:28+00:00\",\"description\":\"If you're seeking experts in audiology in Mobile AL, come see what Premier Medical Group can do for you. Contact our audiology specialists today!\",\"breadcrumb\":{\"@id\":\"https:\\\/\\\/premiermedicalgrp.com\\\/services\\\/ent\\\/audiology\\\/#breadcrumb\"},\"inLanguage\":\"es\",\"potentialAction\":[{\"@type\":\"ReadAction\",\"target\":[\"https:\\\/\\\/premiermedicalgrp.com\\\/services\\\/ent\\\/audiology\\\/\"]}]},{\"@type\":\"BreadcrumbList\",\"@id\":\"https:\\\/\\\/premiermedicalgrp.com\\\/services\\\/ent\\\/audiology\\\/#breadcrumb\",\"itemListElement\":[{\"@type\":\"ListItem\",\"position\":1,\"name\":\"Home\",\"item\":\"https:\\\/\\\/premiermedicalgrp.com\\\/\"},{\"@type\":\"ListItem\",\"position\":2,\"name\":\"Our Services\",\"item\":\"https:\\\/\\\/premiermedicalgrp.com\\\/services\\\/\"},{\"@type\":\"ListItem\",\"position\":3,\"name\":\"ENT Services\",\"item\":\"https:\\\/\\\/premiermedicalgrp.com\\\/services\\\/ent\\\/\"},{\"@type\":\"ListItem\",\"position\":4,\"name\":\"Audiology\"}]},{\"@type\":\"WebSite\",\"@id\":\"https:\\\/\\\/pmg2024.wpenginepowered.com\\\/#website\",\"url\":\"https:\\\/\\\/pmg2024.wpenginepowered.com\\\/\",\"name\":\"Premier Medical Group | Eye &amp; ENT Specialists\",\"description\":\"Premier Medical Group | Eye &amp; ENT Specialists\",\"potentialAction\":[{\"@type\":\"SearchAction\",\"target\":{\"@type\":\"EntryPoint\",\"urlTemplate\":\"https:\\\/\\\/pmg2024.wpenginepowered.com\\\/?s={search_term_string}\"},\"query-input\":{\"@type\":\"PropertyValueSpecification\",\"valueRequired\":true,\"valueName\":\"search_term_string\"}}],\"inLanguage\":\"es\"}]}<\/script>\n<!-- \/ Yoast SEO plugin. -->","yoast_head_json":{"title":"Audiology in Mobile AL | Premier Medical","description":"If you're seeking experts in audiology in Mobile AL, come see what Premier Medical Group can do for you. Contact our audiology specialists today!","robots":{"index":"index","follow":"follow","max-snippet":"max-snippet:-1","max-image-preview":"max-image-preview:large","max-video-preview":"max-video-preview:-1"},"canonical":"https:\/\/premiermedicalgrp.com\/es\/services\/ent\/audiology\/","og_locale":"es_MX","og_type":"article","og_title":"Audiology in Mobile AL | Premier Medical","og_description":"If you're seeking experts in audiology in Mobile AL, come see what Premier Medical Group can do for you. Contact our audiology specialists today!","og_url":"https:\/\/premiermedicalgrp.com\/es\/services\/ent\/audiology\/","og_site_name":"Premier Medical Group | Eye &amp; ENT Specialists","article_modified_time":"2021-06-22T18:12:28+00:00","twitter_misc":{"Est. reading time":"2 minutos"},"schema":{"@context":"https:\/\/schema.org","@graph":[{"@type":"WebPage","@id":"https:\/\/premiermedicalgrp.com\/services\/ent\/audiology\/","url":"https:\/\/premiermedicalgrp.com\/services\/ent\/audiology\/","name":"Audiology in Mobile AL | Premier Medical","isPartOf":{"@id":"https:\/\/pmg2024.wpenginepowered.com\/#website"},"datePublished":"2013-12-30T17:43:29+00:00","dateModified":"2021-06-22T18:12:28+00:00","description":"If you're seeking experts in audiology in Mobile AL, come see what Premier Medical Group can do for you. Contact our audiology specialists today!","breadcrumb":{"@id":"https:\/\/premiermedicalgrp.com\/services\/ent\/audiology\/#breadcrumb"},"inLanguage":"es","potentialAction":[{"@type":"ReadAction","target":["https:\/\/premiermedicalgrp.com\/services\/ent\/audiology\/"]}]},{"@type":"BreadcrumbList","@id":"https:\/\/premiermedicalgrp.com\/services\/ent\/audiology\/#breadcrumb","itemListElement":[{"@type":"ListItem","position":1,"name":"Home","item":"https:\/\/premiermedicalgrp.com\/"},{"@type":"ListItem","position":2,"name":"Our Services","item":"https:\/\/premiermedicalgrp.com\/services\/"},{"@type":"ListItem","position":3,"name":"ENT Services","item":"https:\/\/premiermedicalgrp.com\/services\/ent\/"},{"@type":"ListItem","position":4,"name":"Audiology"}]},{"@type":"WebSite","@id":"https:\/\/pmg2024.wpenginepowered.com\/#website","url":"https:\/\/pmg2024.wpenginepowered.com\/","name":"Premier Medical Group | Especialistas en otorrinolaringolog\u00eda y oftalmolog\u00eda","description":"Premier Medical Group | Especialistas en otorrinolaringolog\u00eda y oftalmolog\u00eda","potentialAction":[{"@type":"SearchAction","target":{"@type":"EntryPoint","urlTemplate":"https:\/\/pmg2024.wpenginepowered.com\/?s={search_term_string}"},"query-input":{"@type":"PropertyValueSpecification","valueRequired":true,"valueName":"search_term_string"}}],"inLanguage":"es"}]}},"_links":{"self":[{"href":"https:\/\/premiermedicalgrp.com\/es\/wp-json\/wp\/v2\/pages\/192","targetHints":{"allow":["GET"]}}],"collection":[{"href":"https:\/\/premiermedicalgrp.com\/es\/wp-json\/wp\/v2\/pages"}],"about":[{"href":"https:\/\/premiermedicalgrp.com\/es\/wp-json\/wp\/v2\/types\/page"}],"author":[{"embeddable":true,"href":"https:\/\/premiermedicalgrp.com\/es\/wp-json\/wp\/v2\/users\/1"}],"replies":[{"embeddable":true,"href":"https:\/\/premiermedicalgrp.com\/es\/wp-json\/wp\/v2\/comments?post=192"}],"version-history":[{"count":0,"href":"https:\/\/premiermedicalgrp.com\/es\/wp-json\/wp\/v2\/pages\/192\/revisions"}],"up":[{"embeddable":true,"href":"https:\/\/premiermedicalgrp.com\/es\/wp-json\/wp\/v2\/pages\/105"}],"wp:attachment":[{"href":"https:\/\/premiermedicalgrp.com\/es\/wp-json\/wp\/v2\/media?parent=192"}],"curies":[{"name":"wp","href":"https:\/\/api.w.org\/{rel}","templated":true}]}}