{"id":194,"date":"2013-12-30T17:43:56","date_gmt":"2013-12-30T17:43:56","guid":{"rendered":"\/?page_id=194"},"modified":"2020-08-31T09:18:41","modified_gmt":"2020-08-31T14:18:41","slug":"allergies","status":"publish","type":"page","link":"https:\/\/premiermedicalgrp.com\/es\/services\/ent\/allergies\/","title":{"rendered":"Alergias"},"content":{"rendered":"<p><span style=\"color: #000000;\">Seg\u00fan la Fundaci\u00f3n Estadounidense para el Asma y la Alergia, se estima que 50 millones de estadounidenses sufren de alergias.<b> <\/b>Los s\u00edntomas pueden ser relativamente leves, como el picor y el lagrimeo en los ojos que acompa\u00f1an la llegada de la primavera. Los signos m\u00e1s graves pueden incluir urticaria, n\u00e1useas y v\u00f3mitos, y anafilaxia, una reacci\u00f3n al\u00e9rgica potencialmente mortal.<\/span><\/p>\n<p><span style=\"color: #000000;\">Diagnosticar y tratar correctamente sus alergias es tarea de los alergistas de Premier Medical. Se especializan en afecciones como asma, fiebre del heno, infecciones sinusales, alergias oculares, alergias alimentarias, reacciones al\u00e9rgicas a picaduras de insectos, alergias cut\u00e1neas y problemas del sistema inmunol\u00f3gico que pueden causar infecciones frecuentes.<\/span><\/p>\n<p><span style=\"color: #000000;\">Premier Medical ofrece las pruebas y tratamientos m\u00e1s modernos para pacientes con alergias. Las pruebas cut\u00e1neas tradicionales implican colocar peque\u00f1as cantidades de sustancias debajo de la piel, ya sea mediante un pinchazo o una inyecci\u00f3n, y luego observar la piel para detectar una reacci\u00f3n similar a la urticaria.<\/span><\/p>\n<p><span style=\"color: #000000;\">Los an\u00e1lisis de sangre ofrecen una alternativa r\u00e1pida, segura y precisa. Este procedimiento se realiza en el consultorio y utiliza una sola muestra de sangre para identificar el origen de los s\u00edntomas de la alergia entre cientos de causas posibles.<\/span><\/p>\n<p><span style=\"color: #000000;\">Se pueden realizar pruebas de alergias a adultos y ni\u00f1os de cualquier edad. Cada plan de tratamiento de alergias es individualizado, en funci\u00f3n de los s\u00edntomas y del impacto que las alergias tienen en la vida diaria. Pida una cita hoy mismo y comience a ver una mejora en su calidad de vida.<\/span><\/p>","protected":false},"excerpt":{"rendered":"<p>According to the Asthma and Allergy Foundation of America, an estimated 50\u00a0million Americans suffer from allergies. Symptoms can be relatively mild, like the itchy, watery eyes that accompany the arrival of spring. More severe signs can include hives, nausea and vomiting, and anaphylaxis, a life-threatening allergic reaction. Correctly diagnosing and treating your allergies is the [&hellip;]<\/p>\n","protected":false},"author":1,"featured_media":0,"parent":105,"menu_order":95,"comment_status":"closed","ping_status":"closed","template":"","meta":{"_acf_changed":false,"footnotes":""},"class_list":["post-194","page","type-page","status-publish","hentry"],"acf":[],"yoast_head":"<!-- This site is optimized with the Yoast SEO plugin v27.3 - https:\/\/yoast.com\/product\/yoast-seo-wordpress\/ -->\n<title>Allergy Care | Premier Medical Group<\/title>\n<meta name=\"description\" content=\"Premier Medical Group is dedicated to helping you get the best Mobile AL allergy treatment available so you can avoid allergens. Ask about our allergy treatments today!\" \/>\n<meta name=\"robots\" content=\"index, follow, max-snippet:-1, max-image-preview:large, max-video-preview:-1\" \/>\n<link rel=\"canonical\" href=\"https:\/\/premiermedicalgrp.com\/es\/services\/ent\/allergies\/\" \/>\n<meta property=\"og:locale\" content=\"es_MX\" \/>\n<meta property=\"og:type\" content=\"article\" \/>\n<meta property=\"og:title\" content=\"Allergy Care | Premier Medical Group\" \/>\n<meta property=\"og:description\" content=\"Premier Medical Group is dedicated to helping you get the best Mobile AL allergy treatment available so you can avoid allergens. Ask about our allergy treatments today!\" \/>\n<meta property=\"og:url\" content=\"https:\/\/premiermedicalgrp.com\/es\/services\/ent\/allergies\/\" \/>\n<meta property=\"og:site_name\" content=\"Premier Medical Group | Eye &amp; ENT Specialists\" \/>\n<meta property=\"article:modified_time\" content=\"2020-08-31T14:18:41+00:00\" \/>\n<meta name=\"twitter:label1\" content=\"Est. reading time\" \/>\n\t<meta name=\"twitter:data1\" content=\"1 minuto\" \/>\n<script type=\"application\/ld+json\" class=\"yoast-schema-graph\">{\"@context\":\"https:\\\/\\\/schema.org\",\"@graph\":[{\"@type\":\"WebPage\",\"@id\":\"https:\\\/\\\/premiermedicalgrp.com\\\/services\\\/ent\\\/allergies\\\/\",\"url\":\"https:\\\/\\\/premiermedicalgrp.com\\\/services\\\/ent\\\/allergies\\\/\",\"name\":\"Allergy Care | Premier Medical Group\",\"isPartOf\":{\"@id\":\"https:\\\/\\\/pmg2024.wpenginepowered.com\\\/#website\"},\"datePublished\":\"2013-12-30T17:43:56+00:00\",\"dateModified\":\"2020-08-31T14:18:41+00:00\",\"description\":\"Premier Medical Group is dedicated to helping you get the best Mobile AL allergy treatment available so you can avoid allergens. Ask about our allergy treatments today!\",\"breadcrumb\":{\"@id\":\"https:\\\/\\\/premiermedicalgrp.com\\\/services\\\/ent\\\/allergies\\\/#breadcrumb\"},\"inLanguage\":\"es\",\"potentialAction\":[{\"@type\":\"ReadAction\",\"target\":[\"https:\\\/\\\/premiermedicalgrp.com\\\/services\\\/ent\\\/allergies\\\/\"]}]},{\"@type\":\"BreadcrumbList\",\"@id\":\"https:\\\/\\\/premiermedicalgrp.com\\\/services\\\/ent\\\/allergies\\\/#breadcrumb\",\"itemListElement\":[{\"@type\":\"ListItem\",\"position\":1,\"name\":\"Home\",\"item\":\"https:\\\/\\\/premiermedicalgrp.com\\\/\"},{\"@type\":\"ListItem\",\"position\":2,\"name\":\"Our Services\",\"item\":\"https:\\\/\\\/premiermedicalgrp.com\\\/services\\\/\"},{\"@type\":\"ListItem\",\"position\":3,\"name\":\"ENT Services\",\"item\":\"https:\\\/\\\/premiermedicalgrp.com\\\/services\\\/ent\\\/\"},{\"@type\":\"ListItem\",\"position\":4,\"name\":\"Allergies\"}]},{\"@type\":\"WebSite\",\"@id\":\"https:\\\/\\\/pmg2024.wpenginepowered.com\\\/#website\",\"url\":\"https:\\\/\\\/pmg2024.wpenginepowered.com\\\/\",\"name\":\"Premier Medical Group | Eye &amp; ENT Specialists\",\"description\":\"Premier Medical Group | Eye &amp; ENT Specialists\",\"potentialAction\":[{\"@type\":\"SearchAction\",\"target\":{\"@type\":\"EntryPoint\",\"urlTemplate\":\"https:\\\/\\\/pmg2024.wpenginepowered.com\\\/?s={search_term_string}\"},\"query-input\":{\"@type\":\"PropertyValueSpecification\",\"valueRequired\":true,\"valueName\":\"search_term_string\"}}],\"inLanguage\":\"es\"}]}<\/script>\n<!-- \/ Yoast SEO plugin. -->","yoast_head_json":{"title":"Allergy Care | Premier Medical Group","description":"Premier Medical Group is dedicated to helping you get the best Mobile AL allergy treatment available so you can avoid allergens. Ask about our allergy treatments today!","robots":{"index":"index","follow":"follow","max-snippet":"max-snippet:-1","max-image-preview":"max-image-preview:large","max-video-preview":"max-video-preview:-1"},"canonical":"https:\/\/premiermedicalgrp.com\/es\/services\/ent\/allergies\/","og_locale":"es_MX","og_type":"article","og_title":"Allergy Care | Premier Medical Group","og_description":"Premier Medical Group is dedicated to helping you get the best Mobile AL allergy treatment available so you can avoid allergens. Ask about our allergy treatments today!","og_url":"https:\/\/premiermedicalgrp.com\/es\/services\/ent\/allergies\/","og_site_name":"Premier Medical Group | Eye &amp; ENT Specialists","article_modified_time":"2020-08-31T14:18:41+00:00","twitter_misc":{"Est. reading time":"1 minuto"},"schema":{"@context":"https:\/\/schema.org","@graph":[{"@type":"WebPage","@id":"https:\/\/premiermedicalgrp.com\/services\/ent\/allergies\/","url":"https:\/\/premiermedicalgrp.com\/services\/ent\/allergies\/","name":"Allergy Care | Premier Medical Group","isPartOf":{"@id":"https:\/\/pmg2024.wpenginepowered.com\/#website"},"datePublished":"2013-12-30T17:43:56+00:00","dateModified":"2020-08-31T14:18:41+00:00","description":"Premier Medical Group is dedicated to helping you get the best Mobile AL allergy treatment available so you can avoid allergens. Ask about our allergy treatments today!","breadcrumb":{"@id":"https:\/\/premiermedicalgrp.com\/services\/ent\/allergies\/#breadcrumb"},"inLanguage":"es","potentialAction":[{"@type":"ReadAction","target":["https:\/\/premiermedicalgrp.com\/services\/ent\/allergies\/"]}]},{"@type":"BreadcrumbList","@id":"https:\/\/premiermedicalgrp.com\/services\/ent\/allergies\/#breadcrumb","itemListElement":[{"@type":"ListItem","position":1,"name":"Home","item":"https:\/\/premiermedicalgrp.com\/"},{"@type":"ListItem","position":2,"name":"Our Services","item":"https:\/\/premiermedicalgrp.com\/services\/"},{"@type":"ListItem","position":3,"name":"ENT Services","item":"https:\/\/premiermedicalgrp.com\/services\/ent\/"},{"@type":"ListItem","position":4,"name":"Allergies"}]},{"@type":"WebSite","@id":"https:\/\/pmg2024.wpenginepowered.com\/#website","url":"https:\/\/pmg2024.wpenginepowered.com\/","name":"Premier Medical Group | Especialistas en otorrinolaringolog\u00eda y oftalmolog\u00eda","description":"Premier Medical Group | Especialistas en otorrinolaringolog\u00eda y oftalmolog\u00eda","potentialAction":[{"@type":"SearchAction","target":{"@type":"EntryPoint","urlTemplate":"https:\/\/pmg2024.wpenginepowered.com\/?s={search_term_string}"},"query-input":{"@type":"PropertyValueSpecification","valueRequired":true,"valueName":"search_term_string"}}],"inLanguage":"es"}]}},"_links":{"self":[{"href":"https:\/\/premiermedicalgrp.com\/es\/wp-json\/wp\/v2\/pages\/194","targetHints":{"allow":["GET"]}}],"collection":[{"href":"https:\/\/premiermedicalgrp.com\/es\/wp-json\/wp\/v2\/pages"}],"about":[{"href":"https:\/\/premiermedicalgrp.com\/es\/wp-json\/wp\/v2\/types\/page"}],"author":[{"embeddable":true,"href":"https:\/\/premiermedicalgrp.com\/es\/wp-json\/wp\/v2\/users\/1"}],"replies":[{"embeddable":true,"href":"https:\/\/premiermedicalgrp.com\/es\/wp-json\/wp\/v2\/comments?post=194"}],"version-history":[{"count":0,"href":"https:\/\/premiermedicalgrp.com\/es\/wp-json\/wp\/v2\/pages\/194\/revisions"}],"up":[{"embeddable":true,"href":"https:\/\/premiermedicalgrp.com\/es\/wp-json\/wp\/v2\/pages\/105"}],"wp:attachment":[{"href":"https:\/\/premiermedicalgrp.com\/es\/wp-json\/wp\/v2\/media?parent=194"}],"curies":[{"name":"wp","href":"https:\/\/api.w.org\/{rel}","templated":true}]}}