{"id":1958,"date":"2014-07-25T09:13:35","date_gmt":"2014-07-25T14:13:35","guid":{"rendered":"http:\/\/pmg2024.wpenginepowered.com\/?page_id=1958"},"modified":"2021-02-12T16:33:36","modified_gmt":"2021-02-12T22:33:36","slug":"advanced-technology","status":"publish","type":"page","link":"https:\/\/premiermedicalgrp.com\/es\/services\/eye\/optometry\/advanced-technology\/","title":{"rendered":"Tecnolog\u00eda avanzada"},"content":{"rendered":"<h3><span style=\"color: #000000;\">Mapeo corneal<\/span><\/h3>\n<p><img loading=\"lazy\" decoding=\"async\" class=\"attachment-80x60 alignnone\" src=\"http:\/\/premiermedicalgrp.com\/wp-content\/uploads\/2014\/07\/rotated2-150x150.png\" alt=\"Corneal Mapping Device\" width=\"181\" height=\"181\" \/><\/p>\n<p><span style=\"color: #000000;\">La topograf\u00eda corneal, tambi\u00e9n conocida como fotoqueratoscopia o videoqueratograf\u00eda, es una t\u00e9cnica de diagn\u00f3stico por im\u00e1genes no invasiva que utilizamos para mapear la curvatura de la superficie de la c\u00f3rnea, la estructura externa del ojo. La c\u00f3rnea es normalmente responsable de alrededor del 70% del poder refractivo del ojo, su topograf\u00eda es importante para determinar la calidad de la visi\u00f3n. Este procedimiento ahora puede ayudar en el diagn\u00f3stico y tratamiento de una serie de afecciones en la planificaci\u00f3n de la cirug\u00eda refractiva como LASIK y la evaluaci\u00f3n de sus resultados o en la evaluaci\u00f3n del ajuste de lentes de contacto.<\/span><\/p>\n<p><span style=\"color: #000000;\">La topograf\u00eda corneal, un desarrollo de la queratoscopia, ampl\u00eda el rango de medici\u00f3n de los cuatro puntos separados por unos pocos mil\u00edmetros que ofrece la queratometr\u00eda a una cuadr\u00edcula de miles de puntos que cubre toda la c\u00f3rnea. Este procedimiento se realiza en cuesti\u00f3n de segundos y es indoloro.<\/span><\/p>\n<p><span style=\"color: #000000;\">Informaci\u00f3n proporcionada por EyeGlass Guide<\/span><\/p>\n<h3><span style=\"color: #000000;\">Im\u00e1genes digitales de retina y exploraciones OCT<\/span><\/h3>\n<p><span style=\"color: #000000;\">En Premier Medical utilizamos tecnolog\u00eda de im\u00e1genes digitales de \u00faltima generaci\u00f3n para acceder a los ojos. Muchas enfermedades oculares, si se detectan a una edad temprana, se pueden tratar con \u00e9xito sin p\u00e9rdida de visi\u00f3n. Las im\u00e1genes de su retina se almacenar\u00e1n electr\u00f3nicamente. Esto nos permite tener un registro permanente de la condici\u00f3n y el estado de su retina. Esto tambi\u00e9n nos permite detectar y medir cualquier cambio en su retina a medida que se diagnostican enfermedades oculares, como el glaucoma, la retinopat\u00eda diab\u00e9tica y la degeneraci\u00f3n macular, detectando cambios a lo largo de un per\u00edodo de tiempo.<\/span><\/p>\n<p><span style=\"color: #000000;\">Las ventajas de la imagen digital incluyen:<\/span><\/p>\n<p><span style=\"color: #000000;\">Seguro, r\u00e1pido, no invasivo e indoloro.<\/span><\/p>\n<p><span style=\"color: #000000;\">Muestra im\u00e1genes detalladas de la retina y la subsuperficie de los ojos.<\/span><\/p>\n<p><span style=\"color: #000000;\">Proporciona im\u00e1genes instant\u00e1neas y directas de la estructura y la forma del tejido ocular.<\/span><\/p>\n<p><span style=\"color: #000000;\">La resoluci\u00f3n de la imagen es de alt\u00edsima calidad.<\/span><\/p>\n<p><span style=\"color: #000000;\">Utiliza luz infrarroja cercana segura para la vista<\/span><\/p>\n<p><span style=\"color: #000000;\">No se requiere preparaci\u00f3n del paciente<\/span><\/p>\n<h3><span style=\"color: #000000;\">Im\u00e1genes digitales de retina<\/span><\/h3>\n<p><span style=\"color: #000000;\">Este proceso permite que el oftalm\u00f3logo eval\u00fae la retina y la salud de la parte posterior del ojo. Es fundamental conocer la salud de la retina, el nervio \u00f3ptico y otras estructuras de la retina. La c\u00e1mara digital toma una fotograf\u00eda de alta resoluci\u00f3n de la retina. La fotograf\u00eda muestra la salud de los ojos y se utiliza para hacer un seguimiento de los cambios que se produzcan en los ojos para futuros ex\u00e1menes oculares.<\/span><\/p>\n<h3><span style=\"color: #000000;\">Tomograf\u00eda de coherencia \u00f3ptica (OCT)<\/span><\/h3>\n<p><img loading=\"lazy\" decoding=\"async\" class=\"attachment-medium alignnone\" src=\"http:\/\/premiermedicalgrp.com\/wp-content\/uploads\/2014\/07\/oct-225x300.png\" alt=\"Optical Coherence Tomography\" width=\"178\" height=\"237\" \/><\/p>\n<p><span style=\"color: #000000;\">La tomograf\u00eda de coherencia \u00f3ptica (conocida como tomograf\u00eda de coherencia \u00f3ptica) es el \u00faltimo avance en tecnolog\u00eda de diagn\u00f3stico por imagen. Al igual que la ecograf\u00eda, esta t\u00e9cnica de diagn\u00f3stico emplea luz en lugar de ondas sonoras para obtener una imagen de mayor resoluci\u00f3n de las capas estructurales de la parte posterior del ojo. De manera similar a una tomograf\u00eda computarizada del ojo, se utiliza un l\u00e1ser de escaneo para analizar las capas de la retina y el nervio \u00f3ptico en busca de signos de enfermedades oculares. Funciona utilizando luz sin radiaci\u00f3n y es esencial para el diagn\u00f3stico temprano del glaucoma, la degeneraci\u00f3n macular y la enfermedad retiniana diab\u00e9tica. Con la tomograf\u00eda de coherencia \u00f3ptica, nuestros m\u00e9dicos reciben im\u00e1genes transversales de la retina codificadas por colores. Las im\u00e1genes detalladas est\u00e1n revolucionando la detecci\u00f3n temprana y el tratamiento de afecciones oculares como la degeneraci\u00f3n macular h\u00fameda y seca relacionada con la edad, el glaucoma, el desprendimiento de retina y la retinopat\u00eda diab\u00e9tica. La tomograf\u00eda de coherencia \u00f3ptica es una prueba no invasiva e indolora que dura aproximadamente 10 minutos.<\/span><\/p>\n<h3><span style=\"color: #000000;\">Prueba del campo visual\u00a0<\/span><\/h3>\n<h4><span style=\"color: #000000;\"><a href=\"http:\/\/premiermedicalgrp.com\/wp-content\/uploads\/2014\/07\/visual-field.jpg\"><img loading=\"lazy\" decoding=\"async\" class=\"alignnone wp-image-2033\" src=\"http:\/\/premiermedicalgrp.com\/wp-content\/uploads\/2014\/07\/visual-field-150x150.jpg\" alt=\"Visual Field Testing\u00a0device\" width=\"172\" height=\"172\" \/><\/a><\/span><\/h4>\n<p><span style=\"color: #000000;\">Esta prueba mide la visi\u00f3n lateral que tiene. Es una prueba sencilla e indolora que no requiere el uso de gotas para los ojos. Se encienden luces y usted debe presionar un bot\u00f3n cada vez que vea la luz. La cabeza se mantiene quieta y la barbilla se apoya en un reposabarbillas. Las luces son brillantes o tenues en diferentes puntos de la prueba y algunos de los destellos son para ver si est\u00e1 concentrado. La prueba dura entre 15 y 45 minutos y cada ojo se examina por separado.<\/span><\/p>\n<h3><span style=\"color: #000000;\">Microscop\u00eda especular<\/span><\/h3>\n<p><img loading=\"lazy\" decoding=\"async\" class=\"attachment-80x60 alignnone\" src=\"http:\/\/premiermedicalgrp.com\/wp-content\/uploads\/2014\/07\/specular-150x150.png\" alt=\"Specular Microscopy Device\" width=\"162\" height=\"162\" \/><\/p>\n<p><span style=\"color: #000000;\">La c\u00f3rnea, la ventana frontal del ojo, tiene cinco capas. La capa interna se llama endotelio corneal. Esta capa mantiene la hidrataci\u00f3n de las otras capas internas actuando como un mecanismo de bombeo. Esto puede fallar y provocar una c\u00f3rnea opaca y una afecci\u00f3n llamada distrofia endotelial de Fuchs. Esta capa se puede reemplazar quir\u00fargicamente. Monitoreamos la salud del endotelio mediante un microscopio especular para determinar cu\u00e1ndo y si ser\u00e1 necesaria la cirug\u00eda. La calidad de la visi\u00f3n se ve muy afectada por la claridad de la c\u00f3rnea.<\/span><\/p>\n<p><span style=\"color: #000000;\">\u00a0<\/span><\/p>\n<p>&nbsp;<\/p>","protected":false},"excerpt":{"rendered":"<p>Corneal Mapping Corneal topography, also known as photokeratoscopy or videokeratography, is a non-invasive medical imaging technique we use\u00a0 for mapping the surface curvature of the cornea, the outer structure of the eye.\u00a0 The cornea is normally responsible for some 70% of the eye&#8217;s refractive power, its topography is important in determining the quality of vision.\u00a0 [&hellip;]<\/p>\n","protected":false},"author":1,"featured_media":0,"parent":111,"menu_order":67,"comment_status":"closed","ping_status":"closed","template":"","meta":{"_acf_changed":false,"footnotes":""},"class_list":["post-1958","page","type-page","status-publish","hentry"],"acf":[],"yoast_head":"<!-- This site is optimized with the Yoast SEO plugin v27.4 - https:\/\/yoast.com\/product\/yoast-seo-wordpress\/ -->\n<title>Advanced Technology - Premier Medical Group | Eye &amp; ENT Specialists<\/title>\n<meta name=\"robots\" content=\"index, follow, max-snippet:-1, max-image-preview:large, max-video-preview:-1\" \/>\n<link rel=\"canonical\" href=\"https:\/\/premiermedicalgrp.com\/es\/services\/eye\/optometry\/advanced-technology\/\" \/>\n<meta property=\"og:locale\" content=\"es_MX\" \/>\n<meta property=\"og:type\" content=\"article\" \/>\n<meta property=\"og:title\" content=\"Advanced Technology - Premier Medical Group | Eye &amp; ENT Specialists\" \/>\n<meta property=\"og:description\" content=\"Corneal Mapping Corneal topography, also known as photokeratoscopy or videokeratography, is a non-invasive medical imaging technique we use\u00a0 for mapping the surface curvature of the cornea, the outer structure of the eye.\u00a0 The cornea is normally responsible for some 70% of the eye&#8217;s refractive power, its topography is important in determining the quality of vision.\u00a0 [&hellip;]\" \/>\n<meta property=\"og:url\" content=\"https:\/\/premiermedicalgrp.com\/es\/services\/eye\/optometry\/advanced-technology\/\" \/>\n<meta property=\"og:site_name\" content=\"Premier Medical Group | Eye &amp; ENT Specialists\" \/>\n<meta property=\"article:modified_time\" content=\"2021-02-12T22:33:36+00:00\" \/>\n<meta property=\"og:image\" content=\"http:\/\/premiermedicalgrp.com\/wp-content\/uploads\/2014\/07\/rotated2-150x150.png\" \/>\n<meta name=\"twitter:label1\" content=\"Est. reading time\" \/>\n\t<meta name=\"twitter:data1\" content=\"3 minutos\" \/>\n<script type=\"application\/ld+json\" class=\"yoast-schema-graph\">{\"@context\":\"https:\\\/\\\/schema.org\",\"@graph\":[{\"@type\":\"WebPage\",\"@id\":\"https:\\\/\\\/premiermedicalgrp.com\\\/services\\\/eye\\\/optometry\\\/advanced-technology\\\/\",\"url\":\"https:\\\/\\\/premiermedicalgrp.com\\\/services\\\/eye\\\/optometry\\\/advanced-technology\\\/\",\"name\":\"Advanced Technology - Premier Medical Group | Eye &amp; ENT Specialists\",\"isPartOf\":{\"@id\":\"https:\\\/\\\/pmg2024.wpenginepowered.com\\\/#website\"},\"primaryImageOfPage\":{\"@id\":\"https:\\\/\\\/premiermedicalgrp.com\\\/services\\\/eye\\\/optometry\\\/advanced-technology\\\/#primaryimage\"},\"image\":{\"@id\":\"https:\\\/\\\/premiermedicalgrp.com\\\/services\\\/eye\\\/optometry\\\/advanced-technology\\\/#primaryimage\"},\"thumbnailUrl\":\"http:\\\/\\\/premiermedicalgrp.com\\\/wp-content\\\/uploads\\\/2014\\\/07\\\/rotated2-150x150.png\",\"datePublished\":\"2014-07-25T14:13:35+00:00\",\"dateModified\":\"2021-02-12T22:33:36+00:00\",\"breadcrumb\":{\"@id\":\"https:\\\/\\\/premiermedicalgrp.com\\\/services\\\/eye\\\/optometry\\\/advanced-technology\\\/#breadcrumb\"},\"inLanguage\":\"es\",\"potentialAction\":[{\"@type\":\"ReadAction\",\"target\":[\"https:\\\/\\\/premiermedicalgrp.com\\\/services\\\/eye\\\/optometry\\\/advanced-technology\\\/\"]}]},{\"@type\":\"ImageObject\",\"inLanguage\":\"es\",\"@id\":\"https:\\\/\\\/premiermedicalgrp.com\\\/services\\\/eye\\\/optometry\\\/advanced-technology\\\/#primaryimage\",\"url\":\"http:\\\/\\\/premiermedicalgrp.com\\\/wp-content\\\/uploads\\\/2014\\\/07\\\/rotated2-150x150.png\",\"contentUrl\":\"http:\\\/\\\/premiermedicalgrp.com\\\/wp-content\\\/uploads\\\/2014\\\/07\\\/rotated2-150x150.png\"},{\"@type\":\"BreadcrumbList\",\"@id\":\"https:\\\/\\\/premiermedicalgrp.com\\\/services\\\/eye\\\/optometry\\\/advanced-technology\\\/#breadcrumb\",\"itemListElement\":[{\"@type\":\"ListItem\",\"position\":1,\"name\":\"Home\",\"item\":\"https:\\\/\\\/premiermedicalgrp.com\\\/\"},{\"@type\":\"ListItem\",\"position\":2,\"name\":\"Our Services\",\"item\":\"https:\\\/\\\/premiermedicalgrp.com\\\/services\\\/\"},{\"@type\":\"ListItem\",\"position\":3,\"name\":\"Eye Services\",\"item\":\"https:\\\/\\\/premiermedicalgrp.com\\\/services\\\/eye\\\/\"},{\"@type\":\"ListItem\",\"position\":4,\"name\":\"Optometry\",\"item\":\"https:\\\/\\\/premiermedicalgrp.com\\\/services\\\/eye\\\/optometry\\\/\"},{\"@type\":\"ListItem\",\"position\":5,\"name\":\"Advanced Technology\"}]},{\"@type\":\"WebSite\",\"@id\":\"https:\\\/\\\/pmg2024.wpenginepowered.com\\\/#website\",\"url\":\"https:\\\/\\\/pmg2024.wpenginepowered.com\\\/\",\"name\":\"Premier Medical Group | Eye &amp; ENT Specialists\",\"description\":\"Premier Medical Group | Eye &amp; ENT Specialists\",\"potentialAction\":[{\"@type\":\"SearchAction\",\"target\":{\"@type\":\"EntryPoint\",\"urlTemplate\":\"https:\\\/\\\/pmg2024.wpenginepowered.com\\\/?s={search_term_string}\"},\"query-input\":{\"@type\":\"PropertyValueSpecification\",\"valueRequired\":true,\"valueName\":\"search_term_string\"}}],\"inLanguage\":\"es\"}]}<\/script>\n<!-- \/ Yoast SEO plugin. -->","yoast_head_json":{"title":"Advanced Technology - Premier Medical Group | Eye &amp; ENT Specialists","robots":{"index":"index","follow":"follow","max-snippet":"max-snippet:-1","max-image-preview":"max-image-preview:large","max-video-preview":"max-video-preview:-1"},"canonical":"https:\/\/premiermedicalgrp.com\/es\/services\/eye\/optometry\/advanced-technology\/","og_locale":"es_MX","og_type":"article","og_title":"Advanced Technology - Premier Medical Group | Eye &amp; ENT Specialists","og_description":"Corneal Mapping Corneal topography, also known as photokeratoscopy or videokeratography, is a non-invasive medical imaging technique we use\u00a0 for mapping the surface curvature of the cornea, the outer structure of the eye.\u00a0 The cornea is normally responsible for some 70% of the eye&#8217;s refractive power, its topography is important in determining the quality of vision.\u00a0 [&hellip;]","og_url":"https:\/\/premiermedicalgrp.com\/es\/services\/eye\/optometry\/advanced-technology\/","og_site_name":"Premier Medical Group | Eye &amp; ENT Specialists","article_modified_time":"2021-02-12T22:33:36+00:00","og_image":[{"url":"http:\/\/premiermedicalgrp.com\/wp-content\/uploads\/2014\/07\/rotated2-150x150.png","type":"","width":"","height":""}],"twitter_misc":{"Est. reading time":"3 minutos"},"schema":{"@context":"https:\/\/schema.org","@graph":[{"@type":"WebPage","@id":"https:\/\/premiermedicalgrp.com\/services\/eye\/optometry\/advanced-technology\/","url":"https:\/\/premiermedicalgrp.com\/services\/eye\/optometry\/advanced-technology\/","name":"Advanced Technology - Premier Medical Group | Eye &amp; ENT Specialists","isPartOf":{"@id":"https:\/\/pmg2024.wpenginepowered.com\/#website"},"primaryImageOfPage":{"@id":"https:\/\/premiermedicalgrp.com\/services\/eye\/optometry\/advanced-technology\/#primaryimage"},"image":{"@id":"https:\/\/premiermedicalgrp.com\/services\/eye\/optometry\/advanced-technology\/#primaryimage"},"thumbnailUrl":"http:\/\/premiermedicalgrp.com\/wp-content\/uploads\/2014\/07\/rotated2-150x150.png","datePublished":"2014-07-25T14:13:35+00:00","dateModified":"2021-02-12T22:33:36+00:00","breadcrumb":{"@id":"https:\/\/premiermedicalgrp.com\/services\/eye\/optometry\/advanced-technology\/#breadcrumb"},"inLanguage":"es","potentialAction":[{"@type":"ReadAction","target":["https:\/\/premiermedicalgrp.com\/services\/eye\/optometry\/advanced-technology\/"]}]},{"@type":"ImageObject","inLanguage":"es","@id":"https:\/\/premiermedicalgrp.com\/services\/eye\/optometry\/advanced-technology\/#primaryimage","url":"http:\/\/premiermedicalgrp.com\/wp-content\/uploads\/2014\/07\/rotated2-150x150.png","contentUrl":"http:\/\/premiermedicalgrp.com\/wp-content\/uploads\/2014\/07\/rotated2-150x150.png"},{"@type":"BreadcrumbList","@id":"https:\/\/premiermedicalgrp.com\/services\/eye\/optometry\/advanced-technology\/#breadcrumb","itemListElement":[{"@type":"ListItem","position":1,"name":"Home","item":"https:\/\/premiermedicalgrp.com\/"},{"@type":"ListItem","position":2,"name":"Our Services","item":"https:\/\/premiermedicalgrp.com\/services\/"},{"@type":"ListItem","position":3,"name":"Eye Services","item":"https:\/\/premiermedicalgrp.com\/services\/eye\/"},{"@type":"ListItem","position":4,"name":"Optometry","item":"https:\/\/premiermedicalgrp.com\/services\/eye\/optometry\/"},{"@type":"ListItem","position":5,"name":"Advanced Technology"}]},{"@type":"WebSite","@id":"https:\/\/pmg2024.wpenginepowered.com\/#website","url":"https:\/\/pmg2024.wpenginepowered.com\/","name":"Premier Medical Group | Especialistas en otorrinolaringolog\u00eda y oftalmolog\u00eda","description":"Premier Medical Group | Especialistas en otorrinolaringolog\u00eda y oftalmolog\u00eda","potentialAction":[{"@type":"SearchAction","target":{"@type":"EntryPoint","urlTemplate":"https:\/\/pmg2024.wpenginepowered.com\/?s={search_term_string}"},"query-input":{"@type":"PropertyValueSpecification","valueRequired":true,"valueName":"search_term_string"}}],"inLanguage":"es"}]}},"_links":{"self":[{"href":"https:\/\/premiermedicalgrp.com\/es\/wp-json\/wp\/v2\/pages\/1958","targetHints":{"allow":["GET"]}}],"collection":[{"href":"https:\/\/premiermedicalgrp.com\/es\/wp-json\/wp\/v2\/pages"}],"about":[{"href":"https:\/\/premiermedicalgrp.com\/es\/wp-json\/wp\/v2\/types\/page"}],"author":[{"embeddable":true,"href":"https:\/\/premiermedicalgrp.com\/es\/wp-json\/wp\/v2\/users\/1"}],"replies":[{"embeddable":true,"href":"https:\/\/premiermedicalgrp.com\/es\/wp-json\/wp\/v2\/comments?post=1958"}],"version-history":[{"count":0,"href":"https:\/\/premiermedicalgrp.com\/es\/wp-json\/wp\/v2\/pages\/1958\/revisions"}],"up":[{"embeddable":true,"href":"https:\/\/premiermedicalgrp.com\/es\/wp-json\/wp\/v2\/pages\/111"}],"wp:attachment":[{"href":"https:\/\/premiermedicalgrp.com\/es\/wp-json\/wp\/v2\/media?parent=1958"}],"curies":[{"name":"wp","href":"https:\/\/api.w.org\/{rel}","templated":true}]}}