{"id":196,"date":"2013-12-30T17:44:22","date_gmt":"2013-12-30T17:44:22","guid":{"rendered":"\/?page_id=196"},"modified":"2023-01-18T12:53:20","modified_gmt":"2023-01-18T18:53:20","slug":"sinus-disease","status":"publish","type":"page","link":"https:\/\/premiermedicalgrp.com\/es\/services\/ent\/otorhinolaryngology\/sinus-disease\/","title":{"rendered":"Enfermedad de los senos nasales"},"content":{"rendered":"<p>&nbsp;<\/p>\n<div class=\"rgg-container\" data-rgg-id=\"1\">    <div class=\"rgg-imagegrid captions-title captions-effect-none\" data-rgg-id=\"1\">\n                    <a href=\"https:\/\/premiermedicalgrp.com\/wp-content\/uploads\/2013\/12\/PRM-2020-Kimberly-A-Elliott-1.jpg\" data-rel=\"rgg\" rel=\"rgg\" title=\"Dra. Kimberly Elliott\" class=\"rgg-disabled size-medium rgg-img\" data-src=\"https:\/\/premiermedicalgrp.com\/wp-content\/uploads\/2013\/12\/PRM-2020-Kimberly-A-Elliott-1-214x300.jpg\" data-ratio=\"0.713333333333\" data-height=\"300\" data-width=\"214\" aria-label=\"Kimberly Elliott, MD, retrato\">\n                            <\/a>\n                    <a href=\"https:\/\/premiermedicalgrp.com\/wp-content\/uploads\/2013\/12\/PRM-2020-J-Mark-Harrison.jpg\" data-rel=\"rgg\" rel=\"rgg\" title=\"\" class=\"rgg-disabled size-medium rgg-img\" data-src=\"https:\/\/premiermedicalgrp.com\/wp-content\/uploads\/2013\/12\/PRM-2020-J-Mark-Harrison-214x300.jpg\" data-ratio=\"0.713333333333\" data-height=\"300\" data-width=\"214\" aria-label=\"Mark Harrison, MD, retrato\">\n                            <\/a>\n                    <a href=\"https:\/\/premiermedicalgrp.com\/wp-content\/uploads\/2013\/12\/PRM-2020-Michael-Rhodes-Lee-1.jpg\" data-rel=\"rgg\" rel=\"rgg\" title=\"\" class=\"rgg-disabled size-medium rgg-img\" data-src=\"https:\/\/premiermedicalgrp.com\/wp-content\/uploads\/2013\/12\/PRM-2020-Michael-Rhodes-Lee-1-214x300.jpg\" data-ratio=\"0.713333333333\" data-height=\"300\" data-width=\"214\" aria-label=\"Retrato del doctor Michael Rhodes Lee\">\n                            <\/a>\n                    <a href=\"https:\/\/premiermedicalgrp.com\/wp-content\/uploads\/2014\/03\/PRM-2020-Andrea-B-McMurphy.jpg\" data-rel=\"rgg\" rel=\"rgg\" title=\"\" class=\"rgg-disabled size-medium rgg-img\" data-src=\"https:\/\/premiermedicalgrp.com\/wp-content\/uploads\/2014\/03\/PRM-2020-Andrea-B-McMurphy-214x300.jpg\" data-ratio=\"0.713333333333\" data-height=\"300\" data-width=\"214\" aria-label=\"Foto de rostro de la Dra. Andrea B. McMurphy\">\n                            <\/a>\n                    <a href=\"https:\/\/premiermedicalgrp.com\/wp-content\/uploads\/2013\/12\/PRM-2020-Alfred-M-Neumann.jpg\" data-rel=\"rgg\" rel=\"rgg\" title=\"\" class=\"rgg-disabled size-medium rgg-img\" data-src=\"https:\/\/premiermedicalgrp.com\/wp-content\/uploads\/2013\/12\/PRM-2020-Alfred-M-Neumann-214x300.jpg\" data-ratio=\"0.713333333333\" data-height=\"300\" data-width=\"214\" aria-label=\"Retrato del doctor Alfred Neumann Jr.\">\n                            <\/a>\n                    <a href=\"https:\/\/premiermedicalgrp.com\/wp-content\/uploads\/2023\/01\/Jessica-E.-Southwood-MD-2-scaled-e1674067994898-650x797.jpg\" data-rel=\"rgg\" rel=\"rgg\" title=\"\" class=\"rgg-disabled size-medium rgg-img\" data-src=\"https:\/\/premiermedicalgrp.com\/wp-content\/uploads\/2023\/01\/Jessica-E.-Southwood-MD-2-scaled-e1674067994898-245x300.jpg\" data-ratio=\"0.816666666667\" data-height=\"300\" data-width=\"245\" aria-label=\"Dra. Jessica E. Southwood\">\n                            <\/a>\n                    <a href=\"https:\/\/premiermedicalgrp.com\/wp-content\/uploads\/2013\/12\/PRM-2020-James-R-Spires-Jr-1.jpg\" data-rel=\"rgg\" rel=\"rgg\" title=\"\" class=\"rgg-disabled size-medium rgg-img\" data-src=\"https:\/\/premiermedicalgrp.com\/wp-content\/uploads\/2013\/12\/PRM-2020-James-R-Spires-Jr-1-214x300.jpg\" data-ratio=\"0.713333333333\" data-height=\"300\" data-width=\"214\" aria-label=\"Retrato del doctor James R. Spires Jr.\">\n                            <\/a>\n                    <a href=\"https:\/\/premiermedicalgrp.com\/wp-content\/uploads\/2013\/12\/PRM-2020-Ron-Swain-Jr.jpg\" data-rel=\"rgg\" rel=\"rgg\" title=\"\" class=\"rgg-disabled size-medium rgg-img\" data-src=\"https:\/\/premiermedicalgrp.com\/wp-content\/uploads\/2013\/12\/PRM-2020-Ron-Swain-Jr-214x300.jpg\" data-ratio=\"0.713333333333\" data-height=\"300\" data-width=\"214\" aria-label=\"Retrato del doctor Ron Swain Jr.\">\n                            <\/a>\n                    <a href=\"https:\/\/premiermedicalgrp.com\/wp-content\/uploads\/2013\/12\/PRM-2020-John-S-Wilson-1.jpg\" data-rel=\"rgg\" rel=\"rgg\" title=\"\" class=\"rgg-disabled size-medium rgg-img\" data-src=\"https:\/\/premiermedicalgrp.com\/wp-content\/uploads\/2013\/12\/PRM-2020-John-S-Wilson-1-214x300.jpg\" data-ratio=\"0.713333333333\" data-height=\"300\" data-width=\"214\" aria-label=\"Foto de rostro del Dr. John S. Wilson\">\n                            <\/a>\n            <\/div>\n<\/div>\n<p><span style=\"color: #000000;\">La sinusitis, o inflamaci\u00f3n de los senos paranasales, es uno de los problemas de salud m\u00e1s comunes en Estados Unidos. En 2011, los Centros para el Control y la Prevenci\u00f3n de Enfermedades informaron que casi 30 millones de adultos hab\u00edan sido diagnosticados con esta enfermedad.<\/span><\/p>\n<p><span style=\"color: #000000;\">En la sinusitis, las cavidades de los senos nasales se inflaman e impiden el drenaje normal de la mucosidad, lo que provoca la acumulaci\u00f3n de mucosidad y presi\u00f3n. Esto produce s\u00edntomas familiares como dolor facial punzante o dolores de cabeza, dificultad para respirar y dormir, mal aliento y n\u00e1useas.<\/span><\/p>\n<p><span style=\"color: #000000;\">La sinusitis que dura m\u00e1s de 12 semanas se conoce como sinusitis cr\u00f3nica. Los pacientes cr\u00f3nicos deben buscar ayuda de un especialista, como los otorrinolaring\u00f3logos de Premier Medical. Mediante una variedad de pruebas, diagnosticar\u00e1n la causa de la afecci\u00f3n. Puede tratarse de p\u00f3lipos, hongos, restos mucosos engrosados en los senos nasales, obstrucci\u00f3n anat\u00f3mica por un tabique nasal desviado u otros problemas.<\/span><\/p>\n<p><span style=\"color: #000000;\">El tratamiento de la sinusitis cr\u00f3nica puede incluir medicamentos, aerosoles nasales con esteroides, inyecciones contra las alergias, antibi\u00f3ticos o esteroides orales para aliviar los s\u00edntomas. La cirug\u00eda tambi\u00e9n es una opci\u00f3n para algunas afecciones.<\/span><\/p>\n<p><span style=\"color: #000000;\">En la cirug\u00eda endosc\u00f3pica de los senos nasales, se utiliza un endoscopio, una c\u00e1mara delgada con una luz en el extremo, junto con herramientas quir\u00fargicas para limpiar los senos nasales bloqueados y restablecer el drenaje normal.<\/span><\/p>\n<p><span style=\"color: #000000;\">La t\u00e9cnica menos invasiva de sinuplastia con bal\u00f3n utiliza un cat\u00e9ter con bal\u00f3n peque\u00f1o y flexible para abrir los conductos sinusales bloqueados y ayudar a restablecer el drenaje y la funci\u00f3n normales de los senos nasales.<\/span><\/p>\n<h3>M\u00e9dicos que realizan sinuplastia con bal\u00f3n<\/h3>\n<ul>\n<li><a href=\"https:\/\/premiermedicalgrp.com\/es\/physicians\/kimberly-elliott-md\/\">Dra. Kimberly A. Elliott<\/a><\/li>\n<li><a href=\"https:\/\/premiermedicalgrp.com\/es\/physicians\/mark-harrison-md\/\">Dr. J. Mark Harrison<\/a><\/li>\n<li><a href=\"https:\/\/premiermedicalgrp.com\/es\/physicians\/michael-lee-md\/\">Dr. Michael Rhodes Lee<\/a><\/li>\n<li><a href=\"https:\/\/premiermedicalgrp.com\/es\/physicians\/andrea-mcmurphy-md-facs\/\">Dra. Andrea B. McMurphy, FACS<\/a><\/li>\n<li><a href=\"https:\/\/premiermedicalgrp.com\/es\/physicians\/alfred-neumann-md\/\">Dr. Alfred M. Neumann, Jr.<\/a><\/li>\n<li><a href=\"https:\/\/premiermedicalgrp.com\/es\/physicians\/james-spires-md\/\">Dr. James R. Spires<\/a><\/li>\n<li><a title=\"Ron Swain, Jr., doctor en medicina, FACS, FARS\" href=\"http:\/\/premiermedicalgrp.com\/es\/physicians\/ron-swain-md\/\">Dr. Ron Swain, Jr.<\/a><\/li>\n<li><a href=\"\">Dr. John S. Wilson<\/a><\/li>\n<\/ul>","protected":false},"excerpt":{"rendered":"<p>&nbsp; Sinusitis, or inflammation of the sinuses, is one of the most common health problems in America. \u00a0 In 2011, the Centers for Disease Control and Prevention reported that nearly 30 million adults were diagnosed with the disease. In sinusitis, the cavities of the sinuses become inflamed and prevent normal mucus drainage, causing mucus and [&hellip;]<\/p>\n","protected":false},"author":1,"featured_media":0,"parent":179,"menu_order":87,"comment_status":"closed","ping_status":"closed","template":"","meta":{"_acf_changed":false,"footnotes":""},"class_list":["post-196","page","type-page","status-publish","hentry"],"acf":[],"yoast_head":"<!-- This site is optimized with the Yoast SEO plugin v27.3 - https:\/\/yoast.com\/product\/yoast-seo-wordpress\/ -->\n<title>Sinus Disease - Premier Medical Group - Nose, Sinusitus, Inflammation<\/title>\n<meta name=\"description\" content=\"Click and learn about sinusitis, or inflammation of the sinuses. Find out how Premier Medical Group can diagnose and treats the disease.\" \/>\n<meta name=\"robots\" content=\"index, follow, max-snippet:-1, max-image-preview:large, max-video-preview:-1\" \/>\n<link rel=\"canonical\" href=\"https:\/\/premiermedicalgrp.com\/es\/services\/ent\/otorhinolaryngology\/sinus-disease\/\" \/>\n<meta property=\"og:locale\" content=\"es_MX\" \/>\n<meta property=\"og:type\" content=\"article\" \/>\n<meta property=\"og:title\" content=\"Sinus Disease - Premier Medical Group - Nose, Sinusitus, Inflammation\" \/>\n<meta property=\"og:description\" content=\"Click and learn about sinusitis, or inflammation of the sinuses. Find out how Premier Medical Group can diagnose and treats the disease.\" \/>\n<meta property=\"og:url\" content=\"https:\/\/premiermedicalgrp.com\/es\/services\/ent\/otorhinolaryngology\/sinus-disease\/\" \/>\n<meta property=\"og:site_name\" content=\"Premier Medical Group | Eye &amp; ENT Specialists\" \/>\n<meta property=\"article:modified_time\" content=\"2023-01-18T18:53:20+00:00\" \/>\n<meta property=\"og:image\" content=\"https:\/\/premiermedicalgrp.com\/wp-content\/uploads\/2013\/12\/PRM-2020-Kimberly-A-Elliott-1-214x300.jpg\" \/>\n<meta name=\"twitter:label1\" content=\"Est. reading time\" \/>\n\t<meta name=\"twitter:data1\" content=\"2 minutos\" \/>\n<script type=\"application\/ld+json\" class=\"yoast-schema-graph\">{\"@context\":\"https:\\\/\\\/schema.org\",\"@graph\":[{\"@type\":\"WebPage\",\"@id\":\"https:\\\/\\\/premiermedicalgrp.com\\\/services\\\/ent\\\/otorhinolaryngology\\\/sinus-disease\\\/\",\"url\":\"https:\\\/\\\/premiermedicalgrp.com\\\/services\\\/ent\\\/otorhinolaryngology\\\/sinus-disease\\\/\",\"name\":\"Sinus Disease - Premier Medical Group - Nose, Sinusitus, Inflammation\",\"isPartOf\":{\"@id\":\"https:\\\/\\\/pmg2024.wpenginepowered.com\\\/#website\"},\"datePublished\":\"2013-12-30T17:44:22+00:00\",\"dateModified\":\"2023-01-18T18:53:20+00:00\",\"description\":\"Click and learn about sinusitis, or inflammation of the sinuses. Find out how Premier Medical Group can diagnose and treats the disease.\",\"breadcrumb\":{\"@id\":\"https:\\\/\\\/premiermedicalgrp.com\\\/services\\\/ent\\\/otorhinolaryngology\\\/sinus-disease\\\/#breadcrumb\"},\"inLanguage\":\"es\",\"potentialAction\":[{\"@type\":\"ReadAction\",\"target\":[\"https:\\\/\\\/premiermedicalgrp.com\\\/services\\\/ent\\\/otorhinolaryngology\\\/sinus-disease\\\/\"]}]},{\"@type\":\"BreadcrumbList\",\"@id\":\"https:\\\/\\\/premiermedicalgrp.com\\\/services\\\/ent\\\/otorhinolaryngology\\\/sinus-disease\\\/#breadcrumb\",\"itemListElement\":[{\"@type\":\"ListItem\",\"position\":1,\"name\":\"Home\",\"item\":\"https:\\\/\\\/premiermedicalgrp.com\\\/\"},{\"@type\":\"ListItem\",\"position\":2,\"name\":\"Our Services\",\"item\":\"https:\\\/\\\/premiermedicalgrp.com\\\/services\\\/\"},{\"@type\":\"ListItem\",\"position\":3,\"name\":\"ENT Services\",\"item\":\"https:\\\/\\\/premiermedicalgrp.com\\\/services\\\/ent\\\/\"},{\"@type\":\"ListItem\",\"position\":4,\"name\":\"Otolaryngology\",\"item\":\"https:\\\/\\\/premiermedicalgrp.com\\\/services\\\/ent\\\/otorhinolaryngology\\\/\"},{\"@type\":\"ListItem\",\"position\":5,\"name\":\"Sinus Disease\"}]},{\"@type\":\"WebSite\",\"@id\":\"https:\\\/\\\/pmg2024.wpenginepowered.com\\\/#website\",\"url\":\"https:\\\/\\\/pmg2024.wpenginepowered.com\\\/\",\"name\":\"Premier Medical Group | Eye &amp; ENT Specialists\",\"description\":\"Premier Medical Group | Eye &amp; ENT Specialists\",\"potentialAction\":[{\"@type\":\"SearchAction\",\"target\":{\"@type\":\"EntryPoint\",\"urlTemplate\":\"https:\\\/\\\/pmg2024.wpenginepowered.com\\\/?s={search_term_string}\"},\"query-input\":{\"@type\":\"PropertyValueSpecification\",\"valueRequired\":true,\"valueName\":\"search_term_string\"}}],\"inLanguage\":\"es\"}]}<\/script>\n<!-- \/ Yoast SEO plugin. -->","yoast_head_json":{"title":"Sinus Disease - Premier Medical Group - Nose, Sinusitus, Inflammation","description":"Click and learn about sinusitis, or inflammation of the sinuses. Find out how Premier Medical Group can diagnose and treats the disease.","robots":{"index":"index","follow":"follow","max-snippet":"max-snippet:-1","max-image-preview":"max-image-preview:large","max-video-preview":"max-video-preview:-1"},"canonical":"https:\/\/premiermedicalgrp.com\/es\/services\/ent\/otorhinolaryngology\/sinus-disease\/","og_locale":"es_MX","og_type":"article","og_title":"Sinus Disease - Premier Medical Group - Nose, Sinusitus, Inflammation","og_description":"Click and learn about sinusitis, or inflammation of the sinuses. Find out how Premier Medical Group can diagnose and treats the disease.","og_url":"https:\/\/premiermedicalgrp.com\/es\/services\/ent\/otorhinolaryngology\/sinus-disease\/","og_site_name":"Premier Medical Group | Eye &amp; ENT Specialists","article_modified_time":"2023-01-18T18:53:20+00:00","og_image":[{"url":"https:\/\/premiermedicalgrp.com\/wp-content\/uploads\/2013\/12\/PRM-2020-Kimberly-A-Elliott-1-214x300.jpg","type":"","width":"","height":""}],"twitter_misc":{"Est. reading time":"2 minutos"},"schema":{"@context":"https:\/\/schema.org","@graph":[{"@type":"WebPage","@id":"https:\/\/premiermedicalgrp.com\/services\/ent\/otorhinolaryngology\/sinus-disease\/","url":"https:\/\/premiermedicalgrp.com\/services\/ent\/otorhinolaryngology\/sinus-disease\/","name":"Sinus Disease - Premier Medical Group - Nose, Sinusitus, Inflammation","isPartOf":{"@id":"https:\/\/pmg2024.wpenginepowered.com\/#website"},"datePublished":"2013-12-30T17:44:22+00:00","dateModified":"2023-01-18T18:53:20+00:00","description":"Click and learn about sinusitis, or inflammation of the sinuses. Find out how Premier Medical Group can diagnose and treats the disease.","breadcrumb":{"@id":"https:\/\/premiermedicalgrp.com\/services\/ent\/otorhinolaryngology\/sinus-disease\/#breadcrumb"},"inLanguage":"es","potentialAction":[{"@type":"ReadAction","target":["https:\/\/premiermedicalgrp.com\/services\/ent\/otorhinolaryngology\/sinus-disease\/"]}]},{"@type":"BreadcrumbList","@id":"https:\/\/premiermedicalgrp.com\/services\/ent\/otorhinolaryngology\/sinus-disease\/#breadcrumb","itemListElement":[{"@type":"ListItem","position":1,"name":"Home","item":"https:\/\/premiermedicalgrp.com\/"},{"@type":"ListItem","position":2,"name":"Our Services","item":"https:\/\/premiermedicalgrp.com\/services\/"},{"@type":"ListItem","position":3,"name":"ENT Services","item":"https:\/\/premiermedicalgrp.com\/services\/ent\/"},{"@type":"ListItem","position":4,"name":"Otolaryngology","item":"https:\/\/premiermedicalgrp.com\/services\/ent\/otorhinolaryngology\/"},{"@type":"ListItem","position":5,"name":"Sinus Disease"}]},{"@type":"WebSite","@id":"https:\/\/pmg2024.wpenginepowered.com\/#website","url":"https:\/\/pmg2024.wpenginepowered.com\/","name":"Premier Medical Group | Especialistas en otorrinolaringolog\u00eda y oftalmolog\u00eda","description":"Premier Medical Group | Especialistas en otorrinolaringolog\u00eda y oftalmolog\u00eda","potentialAction":[{"@type":"SearchAction","target":{"@type":"EntryPoint","urlTemplate":"https:\/\/pmg2024.wpenginepowered.com\/?s={search_term_string}"},"query-input":{"@type":"PropertyValueSpecification","valueRequired":true,"valueName":"search_term_string"}}],"inLanguage":"es"}]}},"_links":{"self":[{"href":"https:\/\/premiermedicalgrp.com\/es\/wp-json\/wp\/v2\/pages\/196","targetHints":{"allow":["GET"]}}],"collection":[{"href":"https:\/\/premiermedicalgrp.com\/es\/wp-json\/wp\/v2\/pages"}],"about":[{"href":"https:\/\/premiermedicalgrp.com\/es\/wp-json\/wp\/v2\/types\/page"}],"author":[{"embeddable":true,"href":"https:\/\/premiermedicalgrp.com\/es\/wp-json\/wp\/v2\/users\/1"}],"replies":[{"embeddable":true,"href":"https:\/\/premiermedicalgrp.com\/es\/wp-json\/wp\/v2\/comments?post=196"}],"version-history":[{"count":0,"href":"https:\/\/premiermedicalgrp.com\/es\/wp-json\/wp\/v2\/pages\/196\/revisions"}],"up":[{"embeddable":true,"href":"https:\/\/premiermedicalgrp.com\/es\/wp-json\/wp\/v2\/pages\/179"}],"wp:attachment":[{"href":"https:\/\/premiermedicalgrp.com\/es\/wp-json\/wp\/v2\/media?parent=196"}],"curies":[{"name":"wp","href":"https:\/\/api.w.org\/{rel}","templated":true}]}}