{"id":1968,"date":"2014-07-25T11:07:18","date_gmt":"2014-07-25T16:07:18","guid":{"rendered":"http:\/\/pmg2024.wpenginepowered.com\/?page_id=1968"},"modified":"2021-02-12T16:36:00","modified_gmt":"2021-02-12T22:36:00","slug":"corneal-shaping","status":"publish","type":"page","link":"https:\/\/premiermedicalgrp.com\/es\/services\/eye\/optometry\/corneal-shaping\/","title":{"rendered":"Modelado de la c\u00f3rnea"},"content":{"rendered":"<h4><\/h4>\n<div class=\"rgg-container\" data-rgg-id=\"1\">    <div class=\"rgg-imagegrid captions-title captions-effect-none\" data-rgg-id=\"1\">\n                    <a href=\"https:\/\/premiermedicalgrp.com\/wp-content\/uploads\/2013\/12\/PRM-2020-Gregory-R-Jackson.jpg\" data-rel=\"rgg\" rel=\"rgg\" title=\"Gregory R. Jackson, oste\u00f3pata\" class=\"rgg-disabled size-medium rgg-img\" data-src=\"https:\/\/premiermedicalgrp.com\/wp-content\/uploads\/2013\/12\/PRM-2020-Gregory-R-Jackson-214x300.jpg\" data-ratio=\"0.713333333333\" data-height=\"300\" data-width=\"214\" aria-label=\"Gregory R. Jackson, OD, retrato\">\n                            <\/a>\n                    <a href=\"https:\/\/premiermedicalgrp.com\/wp-content\/uploads\/2013\/12\/PRM-2020-Ben-F-King-IV.jpg\" data-rel=\"rgg\" rel=\"rgg\" title=\"Ben F. King IV, OD\" class=\"rgg-disabled size-medium rgg-img\" data-src=\"https:\/\/premiermedicalgrp.com\/wp-content\/uploads\/2013\/12\/PRM-2020-Ben-F-King-IV-214x300.jpg\" data-ratio=\"0.713333333333\" data-height=\"300\" data-width=\"214\" aria-label=\"Ben F. King IV, retrato de OD\">\n                            <\/a>\n            <\/div>\n<\/div>\n<p>&nbsp;<\/p>\n<h3><span style=\"color: #000000;\">Dormir...Forma...Ver...<\/span><\/h3>\n<p><span style=\"color: #000000;\">Las lentes de contacto para el modelado de la c\u00f3rnea, el t\u00e9rmino moderno para la ortoqueratolog\u00eda, se insertan antes de acostarse y se usan durante la noche mientras usted duerme. Durante la noche, las lentes para el modelado de la c\u00f3rnea permiten un cambio de nivel de micrones en la superficie frontal de su ojo (la c\u00f3rnea) utilizando la din\u00e1mica de fluidos de la pel\u00edcula lagrimal junto con la lente de contacto para corregir su visi\u00f3n.<\/span><\/p>\n<p><span style=\"color: #000000;\">Como resultado de esta din\u00e1mica del l\u00edquido lagrimal en el epitelio corneal mientras duermes, puedes ver muy bien sin anteojos ni lentes de contacto durante el d\u00eda siguiente, en la mayor\u00eda de los casos. Se requieren de seis a ocho horas de uso de lentes de contacto mientras duermes para obtener mejores resultados.<\/span><\/p>\n<h3><span style=\"color: #000000;\">\u00bfQui\u00e9n es candidato para el modelado corneal?<\/span><\/h3>\n<p><span style=\"color: #000000;\">Ni\u00f1os y adultos (de 8 a 60 a\u00f1os) que dependen de anteojos o lentes de contacto<\/span><\/p>\n<p><span style=\"color: #000000;\">Pacientes que desean corregir su visi\u00f3n sin el uso de lentes de contacto o anteojos tradicionales que se usan durante el d\u00eda.<\/span><\/p>\n<p><span style=\"color: #000000;\">Pacientes que buscan una alternativa a la cirug\u00eda LASIK debido a la edad o la falta de cualificaci\u00f3n<\/span><\/p>\n<p><span style=\"color: #000000;\">Pacientes que tienen dificultades para usar lentes de contacto tradicionales durante el d\u00eda debido a ojos secos o alergias.<\/span><\/p>\n<h3><span style=\"color: #000000;\">\u00bfQu\u00e9 resultados se pueden esperar del modelado corneal?<\/span><\/h3>\n<p><span style=\"color: #000000;\">El objetivo es corregir su visi\u00f3n para que no necesite anteojos ni lentes de contacto durante el d\u00eda. En un ensayo de la FDA, m\u00e1s del 65% de los pacientes lograron una agudeza visual de 20\/20 despu\u00e9s de usar los lentes durante la noche durante un per\u00edodo de tiempo. M\u00e1s del 90% pudieron ver 20\/40 o mejor.<\/span><\/p>\n<h3><span style=\"color: #000000;\">\u00bfCu\u00e1nto tiempo dura el modelado de la c\u00f3rnea?<\/span><\/h3>\n<p><span style=\"color: #000000;\">Notar\u00e1 una cierta mejora en su visi\u00f3n despu\u00e9s de uno o dos d\u00edas de usar lentes de contacto durante la noche. En el caso de correcciones menores, la correcci\u00f3n completa puede demorar menos de una semana. En el caso de correcciones mayores, pueden pasar varias semanas o m\u00e1s hasta que se experimente el efecto completo. Durante este tiempo, su visi\u00f3n no ser\u00e1 tan clara como lo era con anteojos o lentes de contacto, y es probable que note algunos reflejos y halos alrededor de las luces. Es posible que necesite un par de anteojos temporales para ciertas tareas, como conducir de noche, hasta que su visi\u00f3n est\u00e9 completamente corregida con los lentes Corneal Shaping.<\/span><\/p>\n<h3><span style=\"color: #000000;\">\u00bfEs c\u00f3modo el modelado corneal?<\/span><\/h3>\n<p><span style=\"color: #000000;\">Dado que las lentes Corneal Shaping se usan durante el sue\u00f1o, la comodidad y la percepci\u00f3n de la lente no suelen ser un problema. Corneal Shaping funciona mediante la din\u00e1mica de fluidos en la c\u00f3rnea, no mediante la presi\u00f3n de la lente Corneal Shaping en s\u00ed. Siempre hay una capa de fluido entre la lente y la c\u00f3rnea mientras duermes.<\/span><\/p>\n<h3><span style=\"color: #000000;\">\u00bfPuedo realizarme una cirug\u00eda LASIK despu\u00e9s del modelado de la c\u00f3rnea?<\/span><\/h3>\n<p><span style=\"color: #000000;\">S\u00ed, tenemos pacientes que se han sometido a cirug\u00eda LASIK en los primeros a\u00f1os de la edad adulta despu\u00e9s de haber usado lentes Corneal Shaping durante muchos a\u00f1os. Debido a que estos lentes especiales remodelan temporalmente la c\u00f3rnea, debe dejar de usarlos durante un per\u00edodo de tiempo para que sus ojos puedan volver a su forma original y estabilizarse. Aseg\u00farese de informar a su cirujano LASIK que ha usado lentes Corneal Shaping, para que pueda aconsejarle cu\u00e1nto tiempo debe esperar antes de someterse a la cirug\u00eda.<\/span><\/p>\n<p>&nbsp;<\/p>\n<h4>M\u00e9dicos que moldean la c\u00f3rnea<\/h4>\n<ul>\n<li><a href=\"https:\/\/premiermedicalgrp.com\/es\/physicians\/gregory-jackson-od\/\">Gregory R. Jackson, oste\u00f3pata<\/a><\/li>\n<li><a href=\"https:\/\/premiermedicalgrp.com\/es\/physicians\/ben-king-od\/\">Ben F. King, IV, OD<\/a><\/li>\n<\/ul>","protected":false},"excerpt":{"rendered":"<p>&nbsp; Sleep&#8230;.Shape&#8230;.See&#8230;.. Contact lenses for Corneal Shaping, the modern term for orthokeratology, are inserted at bedtime and worn overnight while you sleep.\u00a0 Through the night, the Corneal Shaping lenses allow micron level change to the front surface of your eye (the cornea) using fluid dynamics of the tear film along with the contact lens to [&hellip;]<\/p>\n","protected":false},"author":1,"featured_media":0,"parent":111,"menu_order":69,"comment_status":"closed","ping_status":"closed","template":"","meta":{"_acf_changed":false,"footnotes":""},"class_list":["post-1968","page","type-page","status-publish","hentry"],"acf":[],"yoast_head":"<!-- This site is optimized with the Yoast SEO plugin v27.3 - https:\/\/yoast.com\/product\/yoast-seo-wordpress\/ -->\n<title>Corneal Shaping - Premier Medical Group | Eye &amp; ENT Specialists<\/title>\n<meta name=\"robots\" content=\"index, follow, max-snippet:-1, max-image-preview:large, max-video-preview:-1\" \/>\n<link rel=\"canonical\" href=\"https:\/\/premiermedicalgrp.com\/es\/services\/eye\/optometry\/corneal-shaping\/\" \/>\n<meta property=\"og:locale\" content=\"es_MX\" \/>\n<meta property=\"og:type\" content=\"article\" \/>\n<meta property=\"og:title\" content=\"Corneal Shaping - Premier Medical Group | Eye &amp; ENT Specialists\" \/>\n<meta property=\"og:description\" content=\"&nbsp; Sleep&#8230;.Shape&#8230;.See&#8230;.. Contact lenses for Corneal Shaping, the modern term for orthokeratology, are inserted at bedtime and worn overnight while you sleep.\u00a0 Through the night, the Corneal Shaping lenses allow micron level change to the front surface of your eye (the cornea) using fluid dynamics of the tear film along with the contact lens to [&hellip;]\" \/>\n<meta property=\"og:url\" content=\"https:\/\/premiermedicalgrp.com\/es\/services\/eye\/optometry\/corneal-shaping\/\" \/>\n<meta property=\"og:site_name\" content=\"Premier Medical Group | Eye &amp; ENT Specialists\" \/>\n<meta property=\"article:modified_time\" content=\"2021-02-12T22:36:00+00:00\" \/>\n<meta property=\"og:image\" content=\"https:\/\/premiermedicalgrp.com\/wp-content\/uploads\/2013\/12\/PRM-2020-Gregory-R-Jackson-214x300.jpg\" \/>\n<meta name=\"twitter:label1\" content=\"Est. reading time\" \/>\n\t<meta name=\"twitter:data1\" content=\"2 minutos\" \/>\n<script type=\"application\/ld+json\" class=\"yoast-schema-graph\">{\"@context\":\"https:\\\/\\\/schema.org\",\"@graph\":[{\"@type\":\"WebPage\",\"@id\":\"https:\\\/\\\/premiermedicalgrp.com\\\/services\\\/eye\\\/optometry\\\/corneal-shaping\\\/\",\"url\":\"https:\\\/\\\/premiermedicalgrp.com\\\/services\\\/eye\\\/optometry\\\/corneal-shaping\\\/\",\"name\":\"Corneal Shaping - Premier Medical Group | Eye &amp; ENT Specialists\",\"isPartOf\":{\"@id\":\"https:\\\/\\\/pmg2024.wpenginepowered.com\\\/#website\"},\"datePublished\":\"2014-07-25T16:07:18+00:00\",\"dateModified\":\"2021-02-12T22:36:00+00:00\",\"breadcrumb\":{\"@id\":\"https:\\\/\\\/premiermedicalgrp.com\\\/services\\\/eye\\\/optometry\\\/corneal-shaping\\\/#breadcrumb\"},\"inLanguage\":\"es\",\"potentialAction\":[{\"@type\":\"ReadAction\",\"target\":[\"https:\\\/\\\/premiermedicalgrp.com\\\/services\\\/eye\\\/optometry\\\/corneal-shaping\\\/\"]}]},{\"@type\":\"BreadcrumbList\",\"@id\":\"https:\\\/\\\/premiermedicalgrp.com\\\/services\\\/eye\\\/optometry\\\/corneal-shaping\\\/#breadcrumb\",\"itemListElement\":[{\"@type\":\"ListItem\",\"position\":1,\"name\":\"Home\",\"item\":\"https:\\\/\\\/premiermedicalgrp.com\\\/\"},{\"@type\":\"ListItem\",\"position\":2,\"name\":\"Our Services\",\"item\":\"https:\\\/\\\/premiermedicalgrp.com\\\/services\\\/\"},{\"@type\":\"ListItem\",\"position\":3,\"name\":\"Eye Services\",\"item\":\"https:\\\/\\\/premiermedicalgrp.com\\\/services\\\/eye\\\/\"},{\"@type\":\"ListItem\",\"position\":4,\"name\":\"Optometry\",\"item\":\"https:\\\/\\\/premiermedicalgrp.com\\\/services\\\/eye\\\/optometry\\\/\"},{\"@type\":\"ListItem\",\"position\":5,\"name\":\"Corneal Shaping\"}]},{\"@type\":\"WebSite\",\"@id\":\"https:\\\/\\\/pmg2024.wpenginepowered.com\\\/#website\",\"url\":\"https:\\\/\\\/pmg2024.wpenginepowered.com\\\/\",\"name\":\"Premier Medical Group | Eye &amp; ENT Specialists\",\"description\":\"Premier Medical Group | Eye &amp; ENT Specialists\",\"potentialAction\":[{\"@type\":\"SearchAction\",\"target\":{\"@type\":\"EntryPoint\",\"urlTemplate\":\"https:\\\/\\\/pmg2024.wpenginepowered.com\\\/?s={search_term_string}\"},\"query-input\":{\"@type\":\"PropertyValueSpecification\",\"valueRequired\":true,\"valueName\":\"search_term_string\"}}],\"inLanguage\":\"es\"}]}<\/script>\n<!-- \/ Yoast SEO plugin. -->","yoast_head_json":{"title":"Corneal Shaping - Premier Medical Group | Eye &amp; ENT Specialists","robots":{"index":"index","follow":"follow","max-snippet":"max-snippet:-1","max-image-preview":"max-image-preview:large","max-video-preview":"max-video-preview:-1"},"canonical":"https:\/\/premiermedicalgrp.com\/es\/services\/eye\/optometry\/corneal-shaping\/","og_locale":"es_MX","og_type":"article","og_title":"Corneal Shaping - Premier Medical Group | Eye &amp; ENT Specialists","og_description":"&nbsp; Sleep&#8230;.Shape&#8230;.See&#8230;.. Contact lenses for Corneal Shaping, the modern term for orthokeratology, are inserted at bedtime and worn overnight while you sleep.\u00a0 Through the night, the Corneal Shaping lenses allow micron level change to the front surface of your eye (the cornea) using fluid dynamics of the tear film along with the contact lens to [&hellip;]","og_url":"https:\/\/premiermedicalgrp.com\/es\/services\/eye\/optometry\/corneal-shaping\/","og_site_name":"Premier Medical Group | Eye &amp; ENT Specialists","article_modified_time":"2021-02-12T22:36:00+00:00","og_image":[{"url":"https:\/\/premiermedicalgrp.com\/wp-content\/uploads\/2013\/12\/PRM-2020-Gregory-R-Jackson-214x300.jpg","type":"","width":"","height":""}],"twitter_misc":{"Est. reading time":"2 minutos"},"schema":{"@context":"https:\/\/schema.org","@graph":[{"@type":"WebPage","@id":"https:\/\/premiermedicalgrp.com\/services\/eye\/optometry\/corneal-shaping\/","url":"https:\/\/premiermedicalgrp.com\/services\/eye\/optometry\/corneal-shaping\/","name":"Corneal Shaping - Premier Medical Group | Eye &amp; ENT Specialists","isPartOf":{"@id":"https:\/\/pmg2024.wpenginepowered.com\/#website"},"datePublished":"2014-07-25T16:07:18+00:00","dateModified":"2021-02-12T22:36:00+00:00","breadcrumb":{"@id":"https:\/\/premiermedicalgrp.com\/services\/eye\/optometry\/corneal-shaping\/#breadcrumb"},"inLanguage":"es","potentialAction":[{"@type":"ReadAction","target":["https:\/\/premiermedicalgrp.com\/services\/eye\/optometry\/corneal-shaping\/"]}]},{"@type":"BreadcrumbList","@id":"https:\/\/premiermedicalgrp.com\/services\/eye\/optometry\/corneal-shaping\/#breadcrumb","itemListElement":[{"@type":"ListItem","position":1,"name":"Home","item":"https:\/\/premiermedicalgrp.com\/"},{"@type":"ListItem","position":2,"name":"Our Services","item":"https:\/\/premiermedicalgrp.com\/services\/"},{"@type":"ListItem","position":3,"name":"Eye Services","item":"https:\/\/premiermedicalgrp.com\/services\/eye\/"},{"@type":"ListItem","position":4,"name":"Optometry","item":"https:\/\/premiermedicalgrp.com\/services\/eye\/optometry\/"},{"@type":"ListItem","position":5,"name":"Corneal Shaping"}]},{"@type":"WebSite","@id":"https:\/\/pmg2024.wpenginepowered.com\/#website","url":"https:\/\/pmg2024.wpenginepowered.com\/","name":"Premier Medical Group | Especialistas en otorrinolaringolog\u00eda y oftalmolog\u00eda","description":"Premier Medical Group | Especialistas en otorrinolaringolog\u00eda y oftalmolog\u00eda","potentialAction":[{"@type":"SearchAction","target":{"@type":"EntryPoint","urlTemplate":"https:\/\/pmg2024.wpenginepowered.com\/?s={search_term_string}"},"query-input":{"@type":"PropertyValueSpecification","valueRequired":true,"valueName":"search_term_string"}}],"inLanguage":"es"}]}},"_links":{"self":[{"href":"https:\/\/premiermedicalgrp.com\/es\/wp-json\/wp\/v2\/pages\/1968","targetHints":{"allow":["GET"]}}],"collection":[{"href":"https:\/\/premiermedicalgrp.com\/es\/wp-json\/wp\/v2\/pages"}],"about":[{"href":"https:\/\/premiermedicalgrp.com\/es\/wp-json\/wp\/v2\/types\/page"}],"author":[{"embeddable":true,"href":"https:\/\/premiermedicalgrp.com\/es\/wp-json\/wp\/v2\/users\/1"}],"replies":[{"embeddable":true,"href":"https:\/\/premiermedicalgrp.com\/es\/wp-json\/wp\/v2\/comments?post=1968"}],"version-history":[{"count":0,"href":"https:\/\/premiermedicalgrp.com\/es\/wp-json\/wp\/v2\/pages\/1968\/revisions"}],"up":[{"embeddable":true,"href":"https:\/\/premiermedicalgrp.com\/es\/wp-json\/wp\/v2\/pages\/111"}],"wp:attachment":[{"href":"https:\/\/premiermedicalgrp.com\/es\/wp-json\/wp\/v2\/media?parent=1968"}],"curies":[{"name":"wp","href":"https:\/\/api.w.org\/{rel}","templated":true}]}}