{"id":201,"date":"2013-12-30T17:45:54","date_gmt":"2013-12-30T17:45:54","guid":{"rendered":"\/?page_id=201"},"modified":"2021-02-12T16:51:26","modified_gmt":"2021-02-12T22:51:26","slug":"audiology","status":"publish","type":"page","link":"https:\/\/premiermedicalgrp.com\/es\/services\/ent\/audiology\/audiology\/","title":{"rendered":"Acerca de la Audiolog\u00eda"},"content":{"rendered":"<p><span style=\"color: #000000;\">La audiolog\u00eda es el estudio de los trastornos auditivos mediante la identificaci\u00f3n y medici\u00f3n de la p\u00e9rdida auditiva, as\u00ed como la rehabilitaci\u00f3n de las personas con deficiencias auditivas. La especialidad tambi\u00e9n abarca los trastornos del equilibrio, que con frecuencia son causados por problemas en el o\u00eddo interno.<\/span><\/p>\n<p><span style=\"color: #000000;\">El personal de audiolog\u00eda certificado del Premier Medical Audiology and Hearing Aid Center se especializa en diagnosticar, tratar y controlar a personas con p\u00e9rdida auditiva y problemas de equilibrio utilizando las \u00faltimas tecnolog\u00edas disponibles.<\/span><\/p>\n<p><span style=\"color: #000000;\">Si bien la p\u00e9rdida de audici\u00f3n es m\u00e1s com\u00fan entre los adultos mayores de 65 a\u00f1os, los problemas auditivos pueden ocurrir a cualquier edad. Nuestros audi\u00f3logos determinan el tratamiento adecuado para el paciente combinando una historia cl\u00ednica completa con una variedad de evaluaciones especializadas de la audici\u00f3n y el equilibrio.<\/span><\/p>\n<p><span style=\"color: #000000;\">La mayor\u00eda de las personas con problemas auditivos pueden beneficiarse del uso de aud\u00edfonos. Los audi\u00f3logos son los m\u00e1s calificados y los que tienen m\u00e1s conocimientos sobre los distintos estilos y marcas de aud\u00edfonos disponibles. En algunos casos, se pueden recomendar otras opciones de rehabilitaci\u00f3n auditiva (por ejemplo, implante coclear BAHA).<\/span><\/p>\n<p><span style=\"color: #000000;\">La p\u00e9rdida de audici\u00f3n se debe a problemas m\u00e9dicos aproximadamente el 101% de las veces. Los audi\u00f3logos est\u00e1n capacitados para reconocer estos problemas m\u00e9dicos y derivar a los pacientes a los m\u00e9dicos cuando el problema de audici\u00f3n o equilibrio requiere una evaluaci\u00f3n o tratamiento m\u00e9dico o quir\u00fargico.<\/span><\/p>\n<p><span style=\"color: #000000;\">La p\u00e9rdida de audici\u00f3n es una condici\u00f3n m\u00e9dica y debe evaluarse en profundidad como tal. Nuestro objetivo como otorrinolaring\u00f3logos y audi\u00f3logos que trabajan juntos es brindarle las mejores opciones m\u00e9dicas y de rehabilitaci\u00f3n para lograr una mejor audici\u00f3n.<\/span><\/p>\n<h3>Impactos sociales y fisiol\u00f3gicos de la p\u00e9rdida auditiva<\/h3>\n<p><span style=\"color: #000000;\">Las investigaciones sobre personas con p\u00e9rdida auditiva y sus seres queridos han demostrado que los aud\u00edfonos desempe\u00f1an un papel importante en el bienestar social, emocional, psicol\u00f3gico y f\u00edsico de una persona. Estudios recientes han descubierto que las personas que padecen Alzheimer o demencia pueden beneficiarse de los aud\u00edfonos a trav\u00e9s de la estimulaci\u00f3n auditiva.<\/span><\/p>\n<p><span style=\"color: #000000;\">M\u00e1s espec\u00edficamente, se ha demostrado que el tratamiento de la p\u00e9rdida auditiva mejora*<\/span><\/p>\n<ul>\n<li><span style=\"color: #000000;\">La comunicaci\u00f3n en las relaciones<\/span><\/li>\n<li><span style=\"color: #000000;\">Mejoras en las relaciones familiares<\/span><\/li>\n<li><span style=\"color: #000000;\">Facilidad en la comunicaci\u00f3n<\/span><\/li>\n<li><span style=\"color: #000000;\">Poder adquisitivo<\/span><\/li>\n<li><span style=\"color: #000000;\">Sensaci\u00f3n de control sobre tu vida<\/span><\/li>\n<li><span style=\"color: #000000;\">Participaci\u00f3n social<\/span><\/li>\n<li><span style=\"color: #000000;\">Percepci\u00f3n del funcionamiento mental<\/span><\/li>\n<li><span style=\"color: #000000;\">Estabilidad emocional<\/span><\/li>\n<\/ul>\n<p><span style=\"color: #000000;\">Si consideramos todos los beneficios que aporta una mejor audici\u00f3n, nos daremos cuenta de que los aud\u00edfonos tienen un gran potencial para cambiar positivamente nuestra vida. *Fuente: www.betterhearing.org<\/span><\/p>\n<h3>Programe su evaluaci\u00f3n auditiva integral<\/h3>\n<p><span style=\"color: #000000;\">Si su revisi\u00f3n de audici\u00f3n indic\u00f3 que tiene p\u00e9rdida auditiva, se recomienda que solicite una cita con un audi\u00f3logo en Premier Medical Audiology and Hearing Aid Center para una evaluaci\u00f3n auditiva completa. Nuestro personal profesional de audi\u00f3logos lo ayudar\u00e1 a decidir si un aud\u00edfono es adecuado para usted. Si est\u00e1 interesado en descubrir c\u00f3mo un aud\u00edfono puede mejorar su calidad de vida, comun\u00edquese con nosotros para programar una demostraci\u00f3n gratuita de aud\u00edfonos y accesorios Bluetooth de \u00faltima generaci\u00f3n.<\/span><\/p>\n<p>&nbsp;<\/p>","protected":false},"excerpt":{"rendered":"<p>Audiology is the study of hearing disorders through the identification and measurement of hearing loss, as well as the rehabilitation of persons with hearing impairments. The specialty also encompasses balance disorders, which are frequently caused by problems with the inner ear. The certified audiology staff at Premier Medical Audiology and Hearing Aid Center specialize in [&hellip;]<\/p>\n","protected":false},"author":1,"featured_media":0,"parent":192,"menu_order":91,"comment_status":"closed","ping_status":"closed","template":"","meta":{"_acf_changed":false,"footnotes":""},"class_list":["post-201","page","type-page","status-publish","hentry"],"acf":[],"yoast_head":"<!-- This site is optimized with the Yoast SEO plugin v27.5 - https:\/\/yoast.com\/product\/yoast-seo-wordpress\/ -->\n<title>About Audiology Care | Premier Medical Group<\/title>\n<meta name=\"description\" content=\"If you think you seek treatment for hearing disorders in Mobile AL, then come see what Premier Medical Group&#039;s ENT specialists can do for you! Contact us today!\" \/>\n<meta name=\"robots\" content=\"index, follow, max-snippet:-1, max-image-preview:large, max-video-preview:-1\" \/>\n<link rel=\"canonical\" href=\"https:\/\/premiermedicalgrp.com\/es\/services\/ent\/audiology\/audiology\/\" \/>\n<meta property=\"og:locale\" content=\"es_MX\" \/>\n<meta property=\"og:type\" content=\"article\" \/>\n<meta property=\"og:title\" content=\"About Audiology Care | Premier Medical Group\" \/>\n<meta property=\"og:description\" content=\"If you think you seek treatment for hearing disorders in Mobile AL, then come see what Premier Medical Group&#039;s ENT specialists can do for you! Contact us today!\" \/>\n<meta property=\"og:url\" content=\"https:\/\/premiermedicalgrp.com\/es\/services\/ent\/audiology\/audiology\/\" \/>\n<meta property=\"og:site_name\" content=\"Premier Medical Group | Eye &amp; ENT Specialists\" \/>\n<meta property=\"article:modified_time\" content=\"2021-02-12T22:51:26+00:00\" \/>\n<meta name=\"twitter:label1\" content=\"Est. reading time\" \/>\n\t<meta name=\"twitter:data1\" content=\"2 minutos\" \/>\n<script type=\"application\/ld+json\" class=\"yoast-schema-graph\">{\"@context\":\"https:\\\/\\\/schema.org\",\"@graph\":[{\"@type\":\"WebPage\",\"@id\":\"https:\\\/\\\/premiermedicalgrp.com\\\/services\\\/ent\\\/audiology\\\/audiology\\\/\",\"url\":\"https:\\\/\\\/premiermedicalgrp.com\\\/services\\\/ent\\\/audiology\\\/audiology\\\/\",\"name\":\"About Audiology Care | Premier Medical Group\",\"isPartOf\":{\"@id\":\"https:\\\/\\\/pmg2024.wpenginepowered.com\\\/#website\"},\"datePublished\":\"2013-12-30T17:45:54+00:00\",\"dateModified\":\"2021-02-12T22:51:26+00:00\",\"description\":\"If you think you seek treatment for hearing disorders in Mobile AL, then come see what Premier Medical Group's ENT specialists can do for you! Contact us today!\",\"breadcrumb\":{\"@id\":\"https:\\\/\\\/premiermedicalgrp.com\\\/services\\\/ent\\\/audiology\\\/audiology\\\/#breadcrumb\"},\"inLanguage\":\"es\",\"potentialAction\":[{\"@type\":\"ReadAction\",\"target\":[\"https:\\\/\\\/premiermedicalgrp.com\\\/services\\\/ent\\\/audiology\\\/audiology\\\/\"]}]},{\"@type\":\"BreadcrumbList\",\"@id\":\"https:\\\/\\\/premiermedicalgrp.com\\\/services\\\/ent\\\/audiology\\\/audiology\\\/#breadcrumb\",\"itemListElement\":[{\"@type\":\"ListItem\",\"position\":1,\"name\":\"Home\",\"item\":\"https:\\\/\\\/premiermedicalgrp.com\\\/\"},{\"@type\":\"ListItem\",\"position\":2,\"name\":\"Our Services\",\"item\":\"https:\\\/\\\/premiermedicalgrp.com\\\/services\\\/\"},{\"@type\":\"ListItem\",\"position\":3,\"name\":\"ENT Services\",\"item\":\"https:\\\/\\\/premiermedicalgrp.com\\\/services\\\/ent\\\/\"},{\"@type\":\"ListItem\",\"position\":4,\"name\":\"Audiology\",\"item\":\"https:\\\/\\\/premiermedicalgrp.com\\\/services\\\/ent\\\/audiology\\\/\"},{\"@type\":\"ListItem\",\"position\":5,\"name\":\"About Audiology\"}]},{\"@type\":\"WebSite\",\"@id\":\"https:\\\/\\\/pmg2024.wpenginepowered.com\\\/#website\",\"url\":\"https:\\\/\\\/pmg2024.wpenginepowered.com\\\/\",\"name\":\"Premier Medical Group | Eye &amp; ENT Specialists\",\"description\":\"Premier Medical Group | Eye &amp; ENT Specialists\",\"potentialAction\":[{\"@type\":\"SearchAction\",\"target\":{\"@type\":\"EntryPoint\",\"urlTemplate\":\"https:\\\/\\\/pmg2024.wpenginepowered.com\\\/?s={search_term_string}\"},\"query-input\":{\"@type\":\"PropertyValueSpecification\",\"valueRequired\":true,\"valueName\":\"search_term_string\"}}],\"inLanguage\":\"es\"}]}<\/script>\n<!-- \/ Yoast SEO plugin. -->","yoast_head_json":{"title":"About Audiology Care | Premier Medical Group","description":"If you think you seek treatment for hearing disorders in Mobile AL, then come see what Premier Medical Group's ENT specialists can do for you! Contact us today!","robots":{"index":"index","follow":"follow","max-snippet":"max-snippet:-1","max-image-preview":"max-image-preview:large","max-video-preview":"max-video-preview:-1"},"canonical":"https:\/\/premiermedicalgrp.com\/es\/services\/ent\/audiology\/audiology\/","og_locale":"es_MX","og_type":"article","og_title":"About Audiology Care | Premier Medical Group","og_description":"If you think you seek treatment for hearing disorders in Mobile AL, then come see what Premier Medical Group's ENT specialists can do for you! Contact us today!","og_url":"https:\/\/premiermedicalgrp.com\/es\/services\/ent\/audiology\/audiology\/","og_site_name":"Premier Medical Group | Eye &amp; ENT Specialists","article_modified_time":"2021-02-12T22:51:26+00:00","twitter_misc":{"Est. reading time":"2 minutos"},"schema":{"@context":"https:\/\/schema.org","@graph":[{"@type":"WebPage","@id":"https:\/\/premiermedicalgrp.com\/services\/ent\/audiology\/audiology\/","url":"https:\/\/premiermedicalgrp.com\/services\/ent\/audiology\/audiology\/","name":"About Audiology Care | Premier Medical Group","isPartOf":{"@id":"https:\/\/pmg2024.wpenginepowered.com\/#website"},"datePublished":"2013-12-30T17:45:54+00:00","dateModified":"2021-02-12T22:51:26+00:00","description":"If you think you seek treatment for hearing disorders in Mobile AL, then come see what Premier Medical Group's ENT specialists can do for you! Contact us today!","breadcrumb":{"@id":"https:\/\/premiermedicalgrp.com\/services\/ent\/audiology\/audiology\/#breadcrumb"},"inLanguage":"es","potentialAction":[{"@type":"ReadAction","target":["https:\/\/premiermedicalgrp.com\/services\/ent\/audiology\/audiology\/"]}]},{"@type":"BreadcrumbList","@id":"https:\/\/premiermedicalgrp.com\/services\/ent\/audiology\/audiology\/#breadcrumb","itemListElement":[{"@type":"ListItem","position":1,"name":"Home","item":"https:\/\/premiermedicalgrp.com\/"},{"@type":"ListItem","position":2,"name":"Our Services","item":"https:\/\/premiermedicalgrp.com\/services\/"},{"@type":"ListItem","position":3,"name":"ENT Services","item":"https:\/\/premiermedicalgrp.com\/services\/ent\/"},{"@type":"ListItem","position":4,"name":"Audiology","item":"https:\/\/premiermedicalgrp.com\/services\/ent\/audiology\/"},{"@type":"ListItem","position":5,"name":"About Audiology"}]},{"@type":"WebSite","@id":"https:\/\/pmg2024.wpenginepowered.com\/#website","url":"https:\/\/pmg2024.wpenginepowered.com\/","name":"Premier Medical Group | Especialistas en otorrinolaringolog\u00eda y oftalmolog\u00eda","description":"Premier Medical Group | Especialistas en otorrinolaringolog\u00eda y oftalmolog\u00eda","potentialAction":[{"@type":"SearchAction","target":{"@type":"EntryPoint","urlTemplate":"https:\/\/pmg2024.wpenginepowered.com\/?s={search_term_string}"},"query-input":{"@type":"PropertyValueSpecification","valueRequired":true,"valueName":"search_term_string"}}],"inLanguage":"es"}]}},"_links":{"self":[{"href":"https:\/\/premiermedicalgrp.com\/es\/wp-json\/wp\/v2\/pages\/201","targetHints":{"allow":["GET"]}}],"collection":[{"href":"https:\/\/premiermedicalgrp.com\/es\/wp-json\/wp\/v2\/pages"}],"about":[{"href":"https:\/\/premiermedicalgrp.com\/es\/wp-json\/wp\/v2\/types\/page"}],"author":[{"embeddable":true,"href":"https:\/\/premiermedicalgrp.com\/es\/wp-json\/wp\/v2\/users\/1"}],"replies":[{"embeddable":true,"href":"https:\/\/premiermedicalgrp.com\/es\/wp-json\/wp\/v2\/comments?post=201"}],"version-history":[{"count":0,"href":"https:\/\/premiermedicalgrp.com\/es\/wp-json\/wp\/v2\/pages\/201\/revisions"}],"up":[{"embeddable":true,"href":"https:\/\/premiermedicalgrp.com\/es\/wp-json\/wp\/v2\/pages\/192"}],"wp:attachment":[{"href":"https:\/\/premiermedicalgrp.com\/es\/wp-json\/wp\/v2\/media?parent=201"}],"curies":[{"name":"wp","href":"https:\/\/api.w.org\/{rel}","templated":true}]}}