{"id":205,"date":"2013-12-30T17:46:33","date_gmt":"2013-12-30T17:46:33","guid":{"rendered":"\/?page_id=205"},"modified":"2025-05-29T14:45:57","modified_gmt":"2025-05-29T19:45:57","slug":"locations","status":"publish","type":"page","link":"https:\/\/premiermedicalgrp.com\/es\/services\/ent\/audiology\/locations\/","title":{"rendered":"Ubicaciones de Audiolog\u00eda"},"content":{"rendered":"<p><a href=\"#east\">Calle Dauphin Este<\/a><br \/>\n<a href=\"#west\">Calle Dauphin Oeste<\/a><br \/>\n<a href=\"#daphne\">Dafne<\/a><br \/>\n<a href=\"#providence\">Providencia<\/a><\/p>\n<h3 id=\"east\">Ubicaci\u00f3n de Dauphin Street East<\/h3>\n<p>Calle delf\u00edn 2880<br \/>\nM\u00f3vil, Alabama<br \/>\nTel\u00e9fono: 251.470.8874<br \/>\nHorario: Lunes a viernes de 9 a 5<\/p>\n<p><a href=\"https:\/\/goo.gl\/maps\/1XFTu\" target=\"_blank\" rel=\"noopener noreferrer\"><iframe loading=\"lazy\" style=\"border: 0;\" src=\"https:\/\/www.google.com\/maps\/embed?pb=!1m14!1m8!1m3!1d3431.032228473861!2d-88.1110848!3d30.6893693!3m2!1i1024!2i768!4f13.1!3m3!1m2!1s0x889a4d8d180c01bd%3A0xcfb8dd91d59731e4!2sPremier%20Medical%20Group%20East!5e0!3m2!1sen!2sus!4v1567614309898!5m2!1sen!2sus\" width=\"745\" height=\"400\" frameborder=\"0\" allowfullscreen=\"allowfullscreen\" data-mce-fragment=\"1\"><\/iframe><\/a><br \/>\n<a href=\"https:\/\/goo.gl\/maps\/1XFTu\" target=\"_blank\" rel=\"noopener noreferrer\">Ver en Google Maps<\/a><\/p>\n<h4>M\u00e9dicos de Audiolog\u00eda en la Ubicaci\u00f3n Este<\/h4>\n<ul>\n<li><a href=\"https:\/\/premiermedicalgrp.com\/es\/audiology-staff\/paige-crump-au-d-ccc-a-faaa\/\">Paige Crump, Au.D., CCC-A, FAAA<\/a><\/li>\n<li><a href=\"https:\/\/premiermedicalgrp.com\/es\/audiology-staff\/rebecca-laurence-aud-ccc-a\/\">Rebecca Laurence, AuD., CCC-A<\/a><\/li>\n<li><a href=\"https:\/\/premiermedicalgrp.com\/es\/audiology-staff\/lauren-okeefe-au-d\/\">Lauren O&#039;Keefe, Doctora en Autolog\u00eda.<\/a><\/li>\n<li><a href=\"https:\/\/premiermedicalgrp.com\/es\/?post_type=audiology-staff&amp;p=961\">Elizabeth Pickett, Doctora en Aut\u00f3ctona, CCC-A<\/a><\/li>\n<li><a href=\"https:\/\/premiermedicalgrp.com\/es\/audiology-staff\/nicole-b-riis-aud-faaa-ccc-a-cnim\/\">Nicole B. Riis, Au.D., FAAA, CCC-A, CNIM<\/a><\/li>\n<\/ul>\n<hr \/>\n<h3 id=\"west\">Ubicaci\u00f3n de Dauphin Street West<\/h3>\n<p>Calle delf\u00edn 3701<br \/>\nM\u00f3vil, Alabama<br \/>\nTel\u00e9fono: 251.341.3228<br \/>\nHorario: Lunes a viernes de 9 a 5<\/p>\n<p><iframe loading=\"lazy\" style=\"border: 0;\" src=\"https:\/\/www.google.com\/maps\/embed?pb=!1m18!1m12!1m3!1d3431.130378123432!2d-88.13238118486964!3d30.686607581653206!2m3!1f0!2f0!3f0!3m2!1i1024!2i768!4f13.1!3m3!1m2!1s0x889a4d778d5b9a5f%3A0xb1dd08706812e4f7!2sPremier%20Medical%20Group%20West!5e0!3m2!1sen!2sus!4v1567613972466!5m2!1sen!2sus\" width=\"745\" height=\"400\" frameborder=\"0\" allowfullscreen=\"allowfullscreen\" data-mce-fragment=\"1\"><\/iframe><\/p>\n<p><a href=\"https:\/\/goo.gl\/maps\/LNuOf\" target=\"_blank\" rel=\"noopener noreferrer\">Ver direcci\u00f3n en Google Maps<\/a><\/p>\n<h4>M\u00e9dicos de Audiolog\u00eda en la ubicaci\u00f3n Oeste<\/h4>\n<ul>\n<li><a href=\"https:\/\/premiermedicalgrp.com\/es\/audiology-staff\/pam-graves\/\">Pam Graves, licenciada en Ciencias, FAAA<\/a><\/li>\n<li><a href=\"https:\/\/premiermedicalgrp.com\/es\/audiology-staff\/lillie-clair-hoven-au-d\/\">Lillie Clair Hoven, Au.D.<\/a><\/li>\n<li><a href=\"https:\/\/premiermedicalgrp.com\/es\/audiology-staff\/caroline-raley-au-d\/\">Caroline Raley, Au.D.<\/a><\/li>\n<li><a href=\"https:\/\/premiermedicalgrp.com\/es\/audiology-staff\/wilder-m-roberts-au-d-ccc-a\/\">Dr. Wilder M. Roberts, CCC-A<\/a><\/li>\n<li><a href=\"http:\/\/premiermedicalgrp.com\/es\/audiology-staff\/anna-zarzour-au-d-ccc\/\">Anna Zarzour, Au.D, CCC-A<\/a><\/li>\n<\/ul>\n<hr \/>\n<h3 id=\"daphne\">Ubicaci\u00f3n de Daphne<\/h3>\n<p>1302 Carretera estadounidense 98<br \/>\nDaphne, Alabama<br \/>\nTel\u00e9fono: 251.210.1938<br \/>\nHorario: Lunes a viernes de 9 a 5<\/p>\n<p><iframe loading=\"lazy\" style=\"border: 0;\" src=\"https:\/\/www.google.com\/maps\/embed?pb=!1m18!1m12!1m3!1d3434.3277303620534!2d-87.89957688460699!3d30.596517981684887!2m3!1f0!2f0!3f0!3m2!1i1024!2i768!4f13.1!3m3!1m2!1s0x889a41ef00729e17%3A0x79587b614e287ce1!2sPremier%20Medical%20Group%3A%20Daphne!5e0!3m2!1sen!2sus!4v1567625525422!5m2!1sen!2sus\" width=\"745\" height=\"400\" frameborder=\"0\" allowfullscreen=\"allowfullscreen\"><\/iframe><\/p>\n<p><a href=\"https:\/\/goo.gl\/maps\/M4mQqnuwJTbdCexa9\" target=\"_blank\" rel=\"noopener noreferrer\">Ver en Google Maps<\/a><\/p>\n<h4>M\u00e9dicos de audiolog\u00eda en la sede de Daphne<\/h4>\n<ul>\n<li><a href=\"https:\/\/premiermedicalgrp.com\/es\/audiology-staff\/elizabeth-hearn\/\">Elizabeth Hearn, Doctora en Letras, CCC-A<\/a><\/li>\n<li><a href=\"https:\/\/premiermedicalgrp.com\/es\/?post_type=audiology-staff&amp;p=961\">Elizabeth Pickett, Doctora en Aut\u00f3ctona, CCC-A<\/a><\/li>\n<li><a href=\"https:\/\/premiermedicalgrp.com\/es\/audiology-staff\/andrea-thompson-au-d-ccc-a\/\">Andrea Thompson, Doctora en Aut\u00f3ctona, CCC-A<\/a><\/li>\n<\/ul>\n<hr \/>\n<h3 id=\"providence\">Ubicaci\u00f3n de Providencia<\/h3>\n<p>610 Providence Park Drive,<br \/>\nEdificio 2, Suite 203<br \/>\nM\u00f3vil, Alabama<br \/>\nTel\u00e9fono: 251.633.2667<br \/>\nHorario: Lunes a viernes de 9 a 5<\/p>\n<p><iframe loading=\"lazy\" style=\"border: 0;\" src=\"https:\/\/www.google.com\/maps\/embed?pb=!1m14!1m8!1m3!1d3431.4037005059!2d-88.2021739!3d30.6789157!3m2!1i1024!2i768!4f13.1!3m3!1m2!1s0x889bb28b7c9bf72f%3A0xeeb12d1d49a12f8a!2sPremier%20Medical%20Group!5e0!3m2!1sen!2sus!4v1567614436338!5m2!1sen!2sus\" width=\"745\" height=\"400\" frameborder=\"0\" allowfullscreen=\"allowfullscreen\"><\/iframe><\/p>\n<p><a href=\"https:\/\/goo.gl\/maps\/mxyjS\" target=\"_blank\" rel=\"noopener noreferrer\">Ver en Google Maps<\/a><\/p>\n<h4>M\u00e9dicos de audiolog\u00eda en la sede de Providence<\/h4>\n<ul>\n<li><a href=\"https:\/\/premiermedicalgrp.com\/es\/audiology-staff\/emily-gibbs-au-d-ccc-a\/\">Emily Gibbs, doctora en derecho, CCC-A<\/a><\/li>\n<li><a href=\"https:\/\/premiermedicalgrp.com\/es\/audiology-staff\/deanna-lowe\/\">DeAnna K. Lowe, M\u00e1ster en Ciencias, CCC-A<\/a><\/li>\n<li><a href=\"https:\/\/premiermedicalgrp.com\/es\/?post_type=audiology-staff&amp;p=961\">Elizabeth Pickett, Doctora en Aut\u00f3ctona, CCC-A<\/a><\/li>\n<\/ul>","protected":false},"excerpt":{"rendered":"<p>Dauphin Street East Dauphin Street West Daphne Providence Dauphin Street East Location 2880 Dauphin Street Mobile, AL Tel: 251.470.8874 Hours: Mon-Fri 9-5 View in Google Maps Audiology Doctors at the East Location Paige Crump, Au.D., CCC-A, FAAA Rebecca Laurence, AuD., CCC-A Lauren O\u2019Keefe, Au.D. Elizabeth Pickett, Au.D., CCC-A Nicole B. Riis, Au.D., FAAA, CCC-A, CNIM [&hellip;]<\/p>\n","protected":false},"author":1,"featured_media":0,"parent":192,"menu_order":94,"comment_status":"closed","ping_status":"closed","template":"","meta":{"_acf_changed":false,"footnotes":""},"class_list":["post-205","page","type-page","status-publish","hentry"],"acf":[],"yoast_head":"<!-- This site is optimized with the Yoast SEO plugin v27.4 - https:\/\/yoast.com\/product\/yoast-seo-wordpress\/ -->\n<title>Locations - Premier Medical Group<\/title>\n<meta name=\"description\" content=\"Audiology: West Location 3701 Dauphin Street Mobile, AL Tel: 251.341.3228 Hours: Mon-Fri 9-5 View Address in Google Maps Audiology Doctors at the West Loca ...\" \/>\n<meta name=\"robots\" content=\"index, follow, max-snippet:-1, max-image-preview:large, max-video-preview:-1\" \/>\n<link rel=\"canonical\" href=\"https:\/\/premiermedicalgrp.com\/es\/services\/ent\/audiology\/locations\/\" \/>\n<meta property=\"og:locale\" content=\"es_MX\" \/>\n<meta property=\"og:type\" content=\"article\" \/>\n<meta property=\"og:title\" content=\"Locations - Premier Medical Group\" \/>\n<meta property=\"og:description\" content=\"Audiology: West Location 3701 Dauphin Street Mobile, AL Tel: 251.341.3228 Hours: Mon-Fri 9-5 View Address in Google Maps Audiology Doctors at the West Loca ...\" \/>\n<meta property=\"og:url\" content=\"https:\/\/premiermedicalgrp.com\/es\/services\/ent\/audiology\/locations\/\" \/>\n<meta property=\"og:site_name\" content=\"Premier Medical Group | Eye &amp; ENT Specialists\" \/>\n<meta property=\"article:modified_time\" content=\"2025-05-29T19:45:57+00:00\" \/>\n<meta name=\"twitter:label1\" content=\"Est. reading time\" \/>\n\t<meta name=\"twitter:data1\" content=\"1 minuto\" \/>\n<script type=\"application\/ld+json\" class=\"yoast-schema-graph\">{\"@context\":\"https:\\\/\\\/schema.org\",\"@graph\":[{\"@type\":\"WebPage\",\"@id\":\"https:\\\/\\\/premiermedicalgrp.com\\\/services\\\/ent\\\/audiology\\\/locations\\\/\",\"url\":\"https:\\\/\\\/premiermedicalgrp.com\\\/services\\\/ent\\\/audiology\\\/locations\\\/\",\"name\":\"Locations - Premier Medical Group\",\"isPartOf\":{\"@id\":\"https:\\\/\\\/pmg2024.wpenginepowered.com\\\/#website\"},\"datePublished\":\"2013-12-30T17:46:33+00:00\",\"dateModified\":\"2025-05-29T19:45:57+00:00\",\"description\":\"Audiology: West Location 3701 Dauphin Street Mobile, AL Tel: 251.341.3228 Hours: Mon-Fri 9-5 View Address in Google Maps Audiology Doctors at the West Loca ...\",\"breadcrumb\":{\"@id\":\"https:\\\/\\\/premiermedicalgrp.com\\\/services\\\/ent\\\/audiology\\\/locations\\\/#breadcrumb\"},\"inLanguage\":\"es\",\"potentialAction\":[{\"@type\":\"ReadAction\",\"target\":[\"https:\\\/\\\/premiermedicalgrp.com\\\/services\\\/ent\\\/audiology\\\/locations\\\/\"]}]},{\"@type\":\"BreadcrumbList\",\"@id\":\"https:\\\/\\\/premiermedicalgrp.com\\\/services\\\/ent\\\/audiology\\\/locations\\\/#breadcrumb\",\"itemListElement\":[{\"@type\":\"ListItem\",\"position\":1,\"name\":\"Home\",\"item\":\"https:\\\/\\\/premiermedicalgrp.com\\\/\"},{\"@type\":\"ListItem\",\"position\":2,\"name\":\"Our Services\",\"item\":\"https:\\\/\\\/premiermedicalgrp.com\\\/services\\\/\"},{\"@type\":\"ListItem\",\"position\":3,\"name\":\"ENT Services\",\"item\":\"https:\\\/\\\/premiermedicalgrp.com\\\/services\\\/ent\\\/\"},{\"@type\":\"ListItem\",\"position\":4,\"name\":\"Audiology\",\"item\":\"https:\\\/\\\/premiermedicalgrp.com\\\/services\\\/ent\\\/audiology\\\/\"},{\"@type\":\"ListItem\",\"position\":5,\"name\":\"Audiology Locations\"}]},{\"@type\":\"WebSite\",\"@id\":\"https:\\\/\\\/pmg2024.wpenginepowered.com\\\/#website\",\"url\":\"https:\\\/\\\/pmg2024.wpenginepowered.com\\\/\",\"name\":\"Premier Medical Group | Eye &amp; ENT Specialists\",\"description\":\"Premier Medical Group | Eye &amp; ENT Specialists\",\"potentialAction\":[{\"@type\":\"SearchAction\",\"target\":{\"@type\":\"EntryPoint\",\"urlTemplate\":\"https:\\\/\\\/pmg2024.wpenginepowered.com\\\/?s={search_term_string}\"},\"query-input\":{\"@type\":\"PropertyValueSpecification\",\"valueRequired\":true,\"valueName\":\"search_term_string\"}}],\"inLanguage\":\"es\"}]}<\/script>\n<!-- \/ Yoast SEO plugin. -->","yoast_head_json":{"title":"Locations - Premier Medical Group","description":"Audiology: West Location 3701 Dauphin Street Mobile, AL Tel: 251.341.3228 Hours: Mon-Fri 9-5 View Address in Google Maps Audiology Doctors at the West Loca ...","robots":{"index":"index","follow":"follow","max-snippet":"max-snippet:-1","max-image-preview":"max-image-preview:large","max-video-preview":"max-video-preview:-1"},"canonical":"https:\/\/premiermedicalgrp.com\/es\/services\/ent\/audiology\/locations\/","og_locale":"es_MX","og_type":"article","og_title":"Locations - Premier Medical Group","og_description":"Audiology: West Location 3701 Dauphin Street Mobile, AL Tel: 251.341.3228 Hours: Mon-Fri 9-5 View Address in Google Maps Audiology Doctors at the West Loca ...","og_url":"https:\/\/premiermedicalgrp.com\/es\/services\/ent\/audiology\/locations\/","og_site_name":"Premier Medical Group | Eye &amp; ENT Specialists","article_modified_time":"2025-05-29T19:45:57+00:00","twitter_misc":{"Est. reading time":"1 minuto"},"schema":{"@context":"https:\/\/schema.org","@graph":[{"@type":"WebPage","@id":"https:\/\/premiermedicalgrp.com\/services\/ent\/audiology\/locations\/","url":"https:\/\/premiermedicalgrp.com\/services\/ent\/audiology\/locations\/","name":"Locations - Premier Medical Group","isPartOf":{"@id":"https:\/\/pmg2024.wpenginepowered.com\/#website"},"datePublished":"2013-12-30T17:46:33+00:00","dateModified":"2025-05-29T19:45:57+00:00","description":"Audiology: West Location 3701 Dauphin Street Mobile, AL Tel: 251.341.3228 Hours: Mon-Fri 9-5 View Address in Google Maps Audiology Doctors at the West Loca ...","breadcrumb":{"@id":"https:\/\/premiermedicalgrp.com\/services\/ent\/audiology\/locations\/#breadcrumb"},"inLanguage":"es","potentialAction":[{"@type":"ReadAction","target":["https:\/\/premiermedicalgrp.com\/services\/ent\/audiology\/locations\/"]}]},{"@type":"BreadcrumbList","@id":"https:\/\/premiermedicalgrp.com\/services\/ent\/audiology\/locations\/#breadcrumb","itemListElement":[{"@type":"ListItem","position":1,"name":"Home","item":"https:\/\/premiermedicalgrp.com\/"},{"@type":"ListItem","position":2,"name":"Our Services","item":"https:\/\/premiermedicalgrp.com\/services\/"},{"@type":"ListItem","position":3,"name":"ENT Services","item":"https:\/\/premiermedicalgrp.com\/services\/ent\/"},{"@type":"ListItem","position":4,"name":"Audiology","item":"https:\/\/premiermedicalgrp.com\/services\/ent\/audiology\/"},{"@type":"ListItem","position":5,"name":"Audiology Locations"}]},{"@type":"WebSite","@id":"https:\/\/pmg2024.wpenginepowered.com\/#website","url":"https:\/\/pmg2024.wpenginepowered.com\/","name":"Premier Medical Group | Especialistas en otorrinolaringolog\u00eda y oftalmolog\u00eda","description":"Premier Medical Group | Especialistas en otorrinolaringolog\u00eda y oftalmolog\u00eda","potentialAction":[{"@type":"SearchAction","target":{"@type":"EntryPoint","urlTemplate":"https:\/\/pmg2024.wpenginepowered.com\/?s={search_term_string}"},"query-input":{"@type":"PropertyValueSpecification","valueRequired":true,"valueName":"search_term_string"}}],"inLanguage":"es"}]}},"_links":{"self":[{"href":"https:\/\/premiermedicalgrp.com\/es\/wp-json\/wp\/v2\/pages\/205","targetHints":{"allow":["GET"]}}],"collection":[{"href":"https:\/\/premiermedicalgrp.com\/es\/wp-json\/wp\/v2\/pages"}],"about":[{"href":"https:\/\/premiermedicalgrp.com\/es\/wp-json\/wp\/v2\/types\/page"}],"author":[{"embeddable":true,"href":"https:\/\/premiermedicalgrp.com\/es\/wp-json\/wp\/v2\/users\/1"}],"replies":[{"embeddable":true,"href":"https:\/\/premiermedicalgrp.com\/es\/wp-json\/wp\/v2\/comments?post=205"}],"version-history":[{"count":0,"href":"https:\/\/premiermedicalgrp.com\/es\/wp-json\/wp\/v2\/pages\/205\/revisions"}],"up":[{"embeddable":true,"href":"https:\/\/premiermedicalgrp.com\/es\/wp-json\/wp\/v2\/pages\/192"}],"wp:attachment":[{"href":"https:\/\/premiermedicalgrp.com\/es\/wp-json\/wp\/v2\/media?parent=205"}],"curies":[{"name":"wp","href":"https:\/\/api.w.org\/{rel}","templated":true}]}}