{"id":223,"date":"2013-12-30T17:52:56","date_gmt":"2013-12-30T17:52:56","guid":{"rendered":"\/?page_id=223"},"modified":"2015-05-14T16:52:04","modified_gmt":"2015-05-14T21:52:04","slug":"skin-test","status":"publish","type":"page","link":"https:\/\/premiermedicalgrp.com\/es\/services\/ent\/allergies\/skin-test\/","title":{"rendered":"Prueba de piel"},"content":{"rendered":"<p><var style=\"width: 100%;\" data-presentation=\"1bd26181-459d-4738-4404-423249cd4dae\"><a style=\"display: none;\" href=\"\/\/showecho.com\/theater\/1bd26181-459d-4738-4404-423249cd4dae\">Ver video<\/a><\/var><script src=\"\/\/showecho.com\/whitelabel\/embed_js\"><\/script><\/p>\n<p><span style=\"color: #000000;\">El tratamiento de las alergias comienza con el diagn\u00f3stico del al\u00e9rgeno. Existen dos tipos principales de pruebas de alergia: pruebas cut\u00e1neas y an\u00e1lisis de sangre. Cada una tiene sus propias ventajas y desventajas, pero ambas pueden ser muy \u00fatiles para orientar el tratamiento de sus alergias.<\/span><\/p>\n<p><span style=\"line-height: 1.5em; color: #000000;\">Las pruebas cut\u00e1neas tradicionales implican colocar peque\u00f1as cantidades de sustancias debajo de la piel, ya sea mediante un pinchazo o una inyecci\u00f3n, y luego observar la piel para detectar signos de reacci\u00f3n. Las pruebas cut\u00e1neas se pueden utilizar en personas de todas las edades, incluidos los beb\u00e9s.\u00a0<\/span><\/p>\n<p><span style=\"color: #000000;\">Las pruebas cut\u00e1neas de alergia se utilizan ampliamente para ayudar a diagnosticar afecciones al\u00e9rgicas, entre ellas:<\/span><\/p>\n<ul>\n<li><span style=\"color: #000000;\">Fiebre del heno<\/span><\/li>\n<li><span style=\"color: #000000;\">Asma al\u00e9rgica<\/span><\/li>\n<li><span style=\"color: #000000;\">Dermatitis (eczema)<\/span><\/li>\n<li><span style=\"color: #000000;\">Alergias alimentarias<\/span><\/li>\n<li><span style=\"color: #000000;\">Alergia a la penicilina<\/span><\/li>\n<li><span style=\"color: #000000;\">Alergia al veneno de abeja<\/span><\/li>\n<li><span style=\"color: #000000;\">Alergia al l\u00e1tex<\/span><\/li>\n<\/ul>\n<p><span style=\"color: #000000;\">Una sesi\u00f3n de prueba completa puede durar un poco m\u00e1s de una hora, pero los resultados se conocen de inmediato. Una vez que se observa una reacci\u00f3n, su m\u00e9dico de Premier Medical puede ayudarlo con el tratamiento adecuado para aliviar sus alergias.<\/span><\/p>\n<p>&nbsp;<\/p>","protected":false},"excerpt":{"rendered":"<p>View Video Treatment of allergies starts with diagnosing the allergen. There are two main types of allergy testing: skin testing and blood tests. Each has its own advantages and drawbacks, but both can be very helpful in guiding the treatment of your allergies. Traditional skin testing involves placing small amounts of substances under the skin, [&hellip;]<\/p>\n","protected":false},"author":1,"featured_media":0,"parent":194,"menu_order":97,"comment_status":"closed","ping_status":"closed","template":"","meta":{"_acf_changed":false,"footnotes":""},"class_list":["post-223","page","type-page","status-publish","hentry"],"acf":[],"yoast_head":"<!-- This site is optimized with the Yoast SEO plugin v27.3 - https:\/\/yoast.com\/product\/yoast-seo-wordpress\/ -->\n<title>Allergy Skin Testing | Premier Medical Group<\/title>\n<meta name=\"description\" content=\"Premier Medical Group can conduct an allergy skin test to determine what allergies affect you most severely. If you seek allergy treatment in Mobile AL, call today!\" \/>\n<meta name=\"robots\" content=\"index, follow, max-snippet:-1, max-image-preview:large, max-video-preview:-1\" \/>\n<link rel=\"canonical\" href=\"https:\/\/premiermedicalgrp.com\/es\/services\/ent\/allergies\/skin-test\/\" \/>\n<meta property=\"og:locale\" content=\"es_MX\" \/>\n<meta property=\"og:type\" content=\"article\" \/>\n<meta property=\"og:title\" content=\"Allergy Skin Testing | Premier Medical Group\" \/>\n<meta property=\"og:description\" content=\"Premier Medical Group can conduct an allergy skin test to determine what allergies affect you most severely. If you seek allergy treatment in Mobile AL, call today!\" \/>\n<meta property=\"og:url\" content=\"https:\/\/premiermedicalgrp.com\/es\/services\/ent\/allergies\/skin-test\/\" \/>\n<meta property=\"og:site_name\" content=\"Premier Medical Group | Eye &amp; ENT Specialists\" \/>\n<meta property=\"article:modified_time\" content=\"2015-05-14T21:52:04+00:00\" \/>\n<meta name=\"twitter:label1\" content=\"Est. reading time\" \/>\n\t<meta name=\"twitter:data1\" content=\"1 minuto\" \/>\n<script type=\"application\/ld+json\" class=\"yoast-schema-graph\">{\"@context\":\"https:\\\/\\\/schema.org\",\"@graph\":[{\"@type\":\"WebPage\",\"@id\":\"https:\\\/\\\/premiermedicalgrp.com\\\/services\\\/ent\\\/allergies\\\/skin-test\\\/\",\"url\":\"https:\\\/\\\/premiermedicalgrp.com\\\/services\\\/ent\\\/allergies\\\/skin-test\\\/\",\"name\":\"Allergy Skin Testing | Premier Medical Group\",\"isPartOf\":{\"@id\":\"https:\\\/\\\/pmg2024.wpenginepowered.com\\\/#website\"},\"datePublished\":\"2013-12-30T17:52:56+00:00\",\"dateModified\":\"2015-05-14T21:52:04+00:00\",\"description\":\"Premier Medical Group can conduct an allergy skin test to determine what allergies affect you most severely. If you seek allergy treatment in Mobile AL, call today!\",\"breadcrumb\":{\"@id\":\"https:\\\/\\\/premiermedicalgrp.com\\\/services\\\/ent\\\/allergies\\\/skin-test\\\/#breadcrumb\"},\"inLanguage\":\"es\",\"potentialAction\":[{\"@type\":\"ReadAction\",\"target\":[\"https:\\\/\\\/premiermedicalgrp.com\\\/services\\\/ent\\\/allergies\\\/skin-test\\\/\"]}]},{\"@type\":\"BreadcrumbList\",\"@id\":\"https:\\\/\\\/premiermedicalgrp.com\\\/services\\\/ent\\\/allergies\\\/skin-test\\\/#breadcrumb\",\"itemListElement\":[{\"@type\":\"ListItem\",\"position\":1,\"name\":\"Home\",\"item\":\"https:\\\/\\\/premiermedicalgrp.com\\\/\"},{\"@type\":\"ListItem\",\"position\":2,\"name\":\"Our Services\",\"item\":\"https:\\\/\\\/premiermedicalgrp.com\\\/services\\\/\"},{\"@type\":\"ListItem\",\"position\":3,\"name\":\"ENT Services\",\"item\":\"https:\\\/\\\/premiermedicalgrp.com\\\/services\\\/ent\\\/\"},{\"@type\":\"ListItem\",\"position\":4,\"name\":\"Allergies\",\"item\":\"https:\\\/\\\/premiermedicalgrp.com\\\/services\\\/ent\\\/allergies\\\/\"},{\"@type\":\"ListItem\",\"position\":5,\"name\":\"Skin Test\"}]},{\"@type\":\"WebSite\",\"@id\":\"https:\\\/\\\/pmg2024.wpenginepowered.com\\\/#website\",\"url\":\"https:\\\/\\\/pmg2024.wpenginepowered.com\\\/\",\"name\":\"Premier Medical Group | Eye &amp; ENT Specialists\",\"description\":\"Premier Medical Group | Eye &amp; ENT Specialists\",\"potentialAction\":[{\"@type\":\"SearchAction\",\"target\":{\"@type\":\"EntryPoint\",\"urlTemplate\":\"https:\\\/\\\/pmg2024.wpenginepowered.com\\\/?s={search_term_string}\"},\"query-input\":{\"@type\":\"PropertyValueSpecification\",\"valueRequired\":true,\"valueName\":\"search_term_string\"}}],\"inLanguage\":\"es\"}]}<\/script>\n<!-- \/ Yoast SEO plugin. -->","yoast_head_json":{"title":"Allergy Skin Testing | Premier Medical Group","description":"Premier Medical Group can conduct an allergy skin test to determine what allergies affect you most severely. If you seek allergy treatment in Mobile AL, call today!","robots":{"index":"index","follow":"follow","max-snippet":"max-snippet:-1","max-image-preview":"max-image-preview:large","max-video-preview":"max-video-preview:-1"},"canonical":"https:\/\/premiermedicalgrp.com\/es\/services\/ent\/allergies\/skin-test\/","og_locale":"es_MX","og_type":"article","og_title":"Allergy Skin Testing | Premier Medical Group","og_description":"Premier Medical Group can conduct an allergy skin test to determine what allergies affect you most severely. If you seek allergy treatment in Mobile AL, call today!","og_url":"https:\/\/premiermedicalgrp.com\/es\/services\/ent\/allergies\/skin-test\/","og_site_name":"Premier Medical Group | Eye &amp; ENT Specialists","article_modified_time":"2015-05-14T21:52:04+00:00","twitter_misc":{"Est. reading time":"1 minuto"},"schema":{"@context":"https:\/\/schema.org","@graph":[{"@type":"WebPage","@id":"https:\/\/premiermedicalgrp.com\/services\/ent\/allergies\/skin-test\/","url":"https:\/\/premiermedicalgrp.com\/services\/ent\/allergies\/skin-test\/","name":"Allergy Skin Testing | Premier Medical Group","isPartOf":{"@id":"https:\/\/pmg2024.wpenginepowered.com\/#website"},"datePublished":"2013-12-30T17:52:56+00:00","dateModified":"2015-05-14T21:52:04+00:00","description":"Premier Medical Group can conduct an allergy skin test to determine what allergies affect you most severely. If you seek allergy treatment in Mobile AL, call today!","breadcrumb":{"@id":"https:\/\/premiermedicalgrp.com\/services\/ent\/allergies\/skin-test\/#breadcrumb"},"inLanguage":"es","potentialAction":[{"@type":"ReadAction","target":["https:\/\/premiermedicalgrp.com\/services\/ent\/allergies\/skin-test\/"]}]},{"@type":"BreadcrumbList","@id":"https:\/\/premiermedicalgrp.com\/services\/ent\/allergies\/skin-test\/#breadcrumb","itemListElement":[{"@type":"ListItem","position":1,"name":"Home","item":"https:\/\/premiermedicalgrp.com\/"},{"@type":"ListItem","position":2,"name":"Our Services","item":"https:\/\/premiermedicalgrp.com\/services\/"},{"@type":"ListItem","position":3,"name":"ENT Services","item":"https:\/\/premiermedicalgrp.com\/services\/ent\/"},{"@type":"ListItem","position":4,"name":"Allergies","item":"https:\/\/premiermedicalgrp.com\/services\/ent\/allergies\/"},{"@type":"ListItem","position":5,"name":"Skin Test"}]},{"@type":"WebSite","@id":"https:\/\/pmg2024.wpenginepowered.com\/#website","url":"https:\/\/pmg2024.wpenginepowered.com\/","name":"Premier Medical Group | Especialistas en otorrinolaringolog\u00eda y oftalmolog\u00eda","description":"Premier Medical Group | Especialistas en otorrinolaringolog\u00eda y oftalmolog\u00eda","potentialAction":[{"@type":"SearchAction","target":{"@type":"EntryPoint","urlTemplate":"https:\/\/pmg2024.wpenginepowered.com\/?s={search_term_string}"},"query-input":{"@type":"PropertyValueSpecification","valueRequired":true,"valueName":"search_term_string"}}],"inLanguage":"es"}]}},"_links":{"self":[{"href":"https:\/\/premiermedicalgrp.com\/es\/wp-json\/wp\/v2\/pages\/223","targetHints":{"allow":["GET"]}}],"collection":[{"href":"https:\/\/premiermedicalgrp.com\/es\/wp-json\/wp\/v2\/pages"}],"about":[{"href":"https:\/\/premiermedicalgrp.com\/es\/wp-json\/wp\/v2\/types\/page"}],"author":[{"embeddable":true,"href":"https:\/\/premiermedicalgrp.com\/es\/wp-json\/wp\/v2\/users\/1"}],"replies":[{"embeddable":true,"href":"https:\/\/premiermedicalgrp.com\/es\/wp-json\/wp\/v2\/comments?post=223"}],"version-history":[{"count":0,"href":"https:\/\/premiermedicalgrp.com\/es\/wp-json\/wp\/v2\/pages\/223\/revisions"}],"up":[{"embeddable":true,"href":"https:\/\/premiermedicalgrp.com\/es\/wp-json\/wp\/v2\/pages\/194"}],"wp:attachment":[{"href":"https:\/\/premiermedicalgrp.com\/es\/wp-json\/wp\/v2\/media?parent=223"}],"curies":[{"name":"wp","href":"https:\/\/api.w.org\/{rel}","templated":true}]}}